{"id":1034,"date":"2024-09-04T15:51:06","date_gmt":"2024-09-04T07:51:06","guid":{"rendered":"https:\/\/ruiqigo.com\/?post_type=product&#038;p=1034"},"modified":"2025-09-03T15:21:47","modified_gmt":"2025-09-03T07:21:47","slug":"alkaline-mouthwash","status":"publish","type":"product","link":"https:\/\/www.ruiqigo.com\/sv\/product\/alkaline-mouthwash","title":{"rendered":"Alkaliskt munvatten"},"content":{"rendered":"<h2 class=\"wp-block-heading\">TOPP 5 f\u00f6rdelar med Alkaline Mouthwash<\/h2>\n\n\n\n<p>Alkaliskt munvatten hj\u00e4lper oss att reng\u00f6ra omr\u00e5den som v\u00e5ra tandborstar och tandtr\u00e5d inte n\u00e5r, s\u00e5 det \u00e4r ocks\u00e5 en viktig del f\u00f6r att h\u00e5lla tandk\u00f6ttet friskt. H\u00e4r \u00e4r 5 viktiga f\u00f6rdelar med v\u00e5rt alkaliska munvatten:<\/p>\n\n\n\n<h3 class=\"wp-block-heading\">TOPP 1: Uppr\u00e4tth\u00e5ll syra-basbalansen i munnen<\/h3>\n\n\n\n<p>Insidan av den m\u00e4nskliga munnen \u00e4r vanligtvis en sur milj\u00f6, och den sura milj\u00f6n \u00e4r ocks\u00e5 en av orsakerna till bakterietillv\u00e4xt och plackbildning.<\/p>\n\n\n\n<p>De vanligaste varum\u00e4rkena f\u00f6r munvatten p\u00e5 marknaden \u00e4r surt munvatten, surt munvatten har en stark bakteried\u00f6dande f\u00f6rm\u00e5ga, men det \u00e4r mer stimulerande n\u00e4r det anv\u00e4nds, inte l\u00e4mpligt f\u00f6r de flesta att anv\u00e4nda, och l\u00e5ngvarig frekvent anv\u00e4ndning kan ocks\u00e5 f\u00f6rst\u00f6ra syra-basbalansen i munnen, f\u00f6rv\u00e4rra erosionen av tandemaljen, vilket orsakar munsjukdomar. J\u00e4mf\u00f6rt med traditionella munvatten \u00e4r det alkaliska munvatten vi utvecklat mer fokuserat p\u00e5 att balansera oralt pH, skonsamt och icke-irriterande, och \u00e4r mer l\u00e4mpligt f\u00f6r de flesta grupper f\u00f6r att skydda v\u00e5r munh\u00e4lsa.<\/p>\n\n\n\n<h3 class=\"wp-block-heading\">TOPP 2: Lindra oral k\u00e4nslighet<\/h3>\n\n\n\n<p>Fluor \u00e4r ett effektivt \u00e4mne f\u00f6r att f\u00f6rebygga karies. Den kan penetrera tandytan och kombineras med mineralerna i tanden f\u00f6r att bilda en skyddande film f\u00f6r att f\u00f6rb\u00e4ttra tandens anti-kariesf\u00f6rm\u00e5ga. Denna skyddsfilm kan f\u00f6rhindra yttre irritation och p\u00e5 s\u00e5 s\u00e4tt lindra symtomen p\u00e5 tandk\u00e4nslighet och kan ytterligare f\u00f6rb\u00e4ttra t\u00e4ndernas \u00f6mhet och svaghet. Dessutom kan alkaliskt munvatten ocks\u00e5 h\u00e4mma tillv\u00e4xten av skadliga bakterier, minska bildningen av tandplack och uppn\u00e5 effektiv f\u00f6rebyggande och hj\u00e4lpbehandling.<\/p>\n\n\n\n<h3 class=\"wp-block-heading\">TOPP 3: Frisk andedr\u00e4kt<\/h3>\n\n\n\n<p>V\u00e5rt team tillsatte mynta och andra uppfriskande ingredienser f\u00f6r att f\u00f6rb\u00e4ttra d\u00e5lig andedr\u00e4kt. Dessa ingredienser tar snabbt bort lukt fr\u00e5n munnen och l\u00e4mnar en fr\u00e4sch k\u00e4nsla. Inte nog med det, de \u00e5terfuktande ingredienserna i v\u00e5rt alkaliska munvatten kan ocks\u00e5 \u00e5terfukta munslemhinnan och lindra symtomen p\u00e5 muntorrhet och d\u00e4rmed minska f\u00f6rekomsten av d\u00e5lig andedr\u00e4kt. J\u00e4mf\u00f6rt med vanligt munvatten har den alkaliska milj\u00f6n en bakteriostatisk effekt p\u00e5 m\u00e5nga bakterier, kan balansera floran och reng\u00f6ra munnen, s\u00e5 dess uppfriskande effekt kommer att vara mer best\u00e5ende, vilket hj\u00e4lper till att h\u00e5lla munnen fr\u00e4sch och bekv\u00e4m under l\u00e5ng tid.<\/p>\n\n\n\n<p>Som en del av den dagliga munv\u00e5rden t\u00e4cker alkaliskt munvatten tandk\u00f6ttet b\u00e4ttre \u00e4n tandborstar och tandtr\u00e5d f\u00f6r att ta bort matrester och bakterier, och v\u00e5r f\u00f6rpackning \u00e4r designad f\u00f6r att vara l\u00e4tt att b\u00e4ra, s\u00e5 jag tror att v\u00e5rt alkaliska munvatten \u00e4r ett p\u00e5litligt val f\u00f6r dig, s\u00e4rskilt de som lider av d\u00e5lig andedr\u00e4kt.<\/p>\n\n\n\n<h3 class=\"wp-block-heading\">TOPP 4: Fr\u00e4mjar oral reparation och l\u00e4kning<\/h3>\n\n\n\n<p>Natriumbikarbonat, som en av ingredienserna i alkaliskt munvatten, kan neutralisera de sura \u00e4mnena p\u00e5 ytan av s\u00e5r, och d\u00e4rigenom minska irritationen av munslemhinnan, uppn\u00e5 antibakteriella och antiinflammatoriska effekter, vilket kan lindra sm\u00e4rta och fr\u00e4mja l\u00e4kning. Dessutom kan munvatten penetrera alla h\u00f6rn och vr\u00e5r av munnen, och kan p\u00e5 djupet reng\u00f6ra sm\u00e5 smuts som matrester f\u00f6r att uppr\u00e4tth\u00e5lla en h\u00e4lsosam och ren munmilj\u00f6, vilket ocks\u00e5 hj\u00e4lper till att minska bakterietillv\u00e4xt och skapa en bra milj\u00f6 f\u00f6r l\u00e4kning av muns\u00e5r. Vi har \u00e4ven lagt till n\u00e5gra ingredienser som fr\u00e4mjar reparation av munslemhinnan, vilket inte bara fr\u00e4mjar l\u00e4kning av s\u00e5rytan utan ocks\u00e5 f\u00f6rb\u00e4ttrar barri\u00e4rfunktionen och minskar risken f\u00f6r muns\u00e5r. Men n\u00e4r du anv\u00e4nder det, rekommenderas det att anv\u00e4nda det korrekt enligt instruktionerna, och undvika att ta f\u00f6r mycket eller f\u00f6r ofta, f\u00f6r att \u00e5terh\u00e4mta dig mer effektivt.<\/p>\n\n\n\n<h3 class=\"wp-block-heading\">TOPP 5: Fr\u00e4mja munh\u00e4lsa<\/h3>\n\n\n\n<p>I den dagliga v\u00e5rdprocessen anv\u00e4nder vi i allm\u00e4nhet tandborstar och tandtr\u00e5d f\u00f6r att reng\u00f6ra munnen efter m\u00e5ltider, och den extra reng\u00f6ringen av munvatten kan g\u00e5 djupt in i de omr\u00e5den som inte kan reng\u00f6ras f\u00f6r att s\u00e4kerst\u00e4lla en omfattande reng\u00f6ring av munnen, och alkaliskt munvatten kan effektivt d\u00f6da bakterier och h\u00e4mma bakterier, och bilda en skyddande film av bakterien, f\u00f6rst\u00e4rka bakterietillv\u00e4xten, f\u00f6rhindra munnen. sjukdomar. Inte bara det, utan vi l\u00e4gger till mintfaktorn som ocks\u00e5 kan fr\u00e4scha upp andedr\u00e4kten, som anv\u00e4nds f\u00f6r datingkontor och andra tillf\u00e4llen, vi utvecklade ett alkaliskt munvatten som \u00e4r l\u00e4tt att b\u00e4ra och bekv\u00e4mt f\u00f6r dig att anv\u00e4nda. Jag hoppas att du kan utveckla goda munv\u00e5rdsvanor och fr\u00e4mja din munh\u00e4lsa.<\/p>\n\n\n\n<h2 class=\"wp-block-heading\">N\u00e5gra f\u00f6rslag p\u00e5 anv\u00e4ndning<\/h2>\n\n\n\n<p>Korrekt anv\u00e4ndning av munvatten \u00e4r mycket viktigt f\u00f6r v\u00e5r munh\u00e4lsa, h\u00e4r \u00e4r n\u00e5gra riktlinjer f\u00f6r anv\u00e4ndning:<\/p>\n\n\n\n<p>1. Anv\u00e4nd alkaliskt munvatten efter morgon- och kv\u00e4llstv\u00e4tt f\u00f6r att hj\u00e4lpa till att reng\u00f6ra t\u00e4nderna; Den kan ocks\u00e5 anv\u00e4ndas efter m\u00e5ltider f\u00f6r att neutralisera de sura \u00e4mnen som matrester medf\u00f6r och bibeh\u00e5lla syra-basbalansen i munnen.<\/p>\n\n\n\n<p>2. Ta r\u00e4tt m\u00e4ngd munvatten och h\u00e4ll det i munnen enligt instruktionerna. Vissa produkter kan beh\u00f6va sp\u00e4das ut.<\/p>\n\n\n\n<p>3. Gurgla f\u00f6rsiktigt 5 g\u00e5nger vardera fr\u00e5n v\u00e4nster till h\u00f6ger, var uppm\u00e4rksam p\u00e5 de \u00f6vre och nedre t\u00e4nderna, tungsidan och l\u00e4ppsidan, och \u00e5terv\u00e4nd till sist till tungan f\u00f6r att gurgla fram och tillbaka, och spotta ut munsk\u00f6ljet efter gurgling, hela processen \u00e4r cirka 30 sekunder till 1 minut, f\u00f6r att s\u00e4kerst\u00e4lla att munvatten helt ber\u00f6r munvatten.<\/p>\n\n\n\n<p>4. Drick eller \u00e4t inte p\u00e5 en halvtimme efter gurgling f\u00f6r att bibeh\u00e5lla effekten av munvatten.<\/p>\n\n\n\n<p>5. Frekvensen av anv\u00e4ndning av munvatten beror p\u00e5 individens orala tillst\u00e5nd. Om det uppst\u00e5r obehag under gurglingsprocessen, sluta anv\u00e4nda det omedelbart och kontakta en l\u00e4kare.<\/p>\n\n\n\n<h2 class=\"wp-block-heading\">Slutsats<\/h2>\n\n\n\n<p>Alkaliskt munvatten spelar en viktig hj\u00e4lproll i v\u00e5rden av munh\u00e4lsan, och korrekt anv\u00e4ndning av alkaliskt munvatten kan effektivt skydda munh\u00e4lsan. Var dock uppm\u00e4rksam p\u00e5 att f\u00f6lja produktens instruktioner och l\u00e4kares rekommendationer vid anv\u00e4ndning, du kan regelbundet g\u00f6ra en muntlig unders\u00f6kning vid behov, och uppm\u00e4rksamma en h\u00e4lsosam kost och god vila och vila i det dagliga livet, f\u00f6r att b\u00e4ttre f\u00f6rebygga munsjukdomar.<\/p>\n\n\n\n<p><\/p>","protected":false},"excerpt":{"rendered":"TOP 5 benefits of Alkaline Mouthwash Alkaline mouthwash helps us clean areas that our toothbrushes and floss fail to reach, so it&#8217;s also an important part of keeping your gums healthy. Here are 5 key benefits of our alkaline mouthwash: TOP 1: Maintain acid-base balance in the mouth The inside of the human mouth is [&hellip;]","protected":false},"featured_media":1035,"menu_order":0,"template":"","meta":[],"product-tag":[201,206,207,208,211,212,216],"products":[72],"class_list":["post-1034","product","type-product","status-publish","has-post-thumbnail","hentry","product-tag-mouthwash-manufacturer","product-tag-mouthwash-companies","product-tag-mouthwash-factory","product-tag-mouthwash-suppliers","product-tag-alkaline-mouthwash-manufacturer","product-tag-mouthwash-contract-manufacturer","product-tag-private-label-mouthwash-manufacturers","products-mouthwash"],"acf":[],"_links":{"self":[{"href":"https:\/\/www.ruiqigo.com\/sv\/wp-json\/wp\/v2\/product\/1034","targetHints":{"allow":["GET"]}}],"collection":[{"href":"https:\/\/www.ruiqigo.com\/sv\/wp-json\/wp\/v2\/product"}],"about":[{"href":"https:\/\/www.ruiqigo.com\/sv\/wp-json\/wp\/v2\/types\/product"}],"version-history":[{"count":0,"href":"https:\/\/www.ruiqigo.com\/sv\/wp-json\/wp\/v2\/product\/1034\/revisions"}],"wp:featuredmedia":[{"embeddable":true,"href":"https:\/\/www.ruiqigo.com\/sv\/wp-json\/wp\/v2\/media\/1035"}],"wp:attachment":[{"href":"https:\/\/www.ruiqigo.com\/sv\/wp-json\/wp\/v2\/media?parent=1034"}],"wp:term":[{"taxonomy":"product-tag","embeddable":true,"href":"https:\/\/www.ruiqigo.com\/sv\/wp-json\/wp\/v2\/product-tag?post=1034"},{"taxonomy":"products","embeddable":true,"href":"https:\/\/www.ruiqigo.com\/sv\/wp-json\/wp\/v2\/products?post=1034"}],"curies":[{"name":"wp","href":"https:\/\/api.w.org\/{rel}","templated":true}]}}