{"id":1042,"date":"2024-09-06T14:56:39","date_gmt":"2024-09-06T06:56:39","guid":{"rendered":"https:\/\/ruiqigo.com\/?post_type=product&#038;p=1042"},"modified":"2025-09-03T15:21:38","modified_gmt":"2025-09-03T07:21:38","slug":"propolis-mouthwash","status":"publish","type":"product","link":"https:\/\/www.ruiqigo.com\/sv\/product\/propolis-mouthwash","title":{"rendered":"Propolis munvatten"},"content":{"rendered":"<h2 class=\"wp-block-heading\">Recept p\u00e5 munsk\u00f6lj med propolis<\/h2>\n\n\n\n<p><strong>1. Propolis: <\/strong>Som en viktig ingrediens i propolismunsk\u00f6lj \u00e4r propolis ett naturligt extrakt med antibakteriella och antiinflammatoriska effekter, vilket kan fr\u00e4mja v\u00e4vnadsregenerering och munh\u00e4lsa.<\/p>\n\n\n\n<p><strong>2. Xylitol: <\/strong>Det kan fr\u00e4mja salivsekretion och minska sura \u00e4mnen, vilket minskar tanderosion<\/p>\n\n\n\n<p><strong>3. Mynta: <\/strong>Den har en fr\u00e4sch och s\u00f6t arom, vilket kan f\u00f6rb\u00e4ttra smaken av munsk\u00f6lj och uppn\u00e5 effekten av frisk andedr\u00e4kt.<\/p>\n\n\n\n<p><strong>4. Glycerin:<\/strong> Det hj\u00e4lper till att h\u00e5lla munnen fuktig och lindra situationen med muntorrhet<\/p>\n\n\n\n<h2 class=\"wp-block-heading\">Funktioner av propolis munsk\u00f6lj<\/h2>\n\n\n\n<h3 class=\"wp-block-heading\">1. Naturliga ingredienser<\/h3>\n\n\n\n<p>Huvudingrediensen \u00e4r propolis, och propolis \u00e4r ett naturligt \u00e4mne med en m\u00e4ngd olika aktiva ingredienser<\/p>\n\n\n\n<h3 class=\"wp-block-heading\">2. Antibakteriell och antiinflammatorisk<\/h3>\n\n\n\n<p>De aktiva ingredienserna i propolis kan h\u00e4mma och eliminera skadliga bakterier i munnen och minska inflammation i munnen.<\/p>\n\n\n\n<h3 class=\"wp-block-heading\">3. Mild och icke-irriterande<\/h3>\n\n\n\n<p>V\u00e5rt munsk\u00f6ljmedel tills\u00e4tter inte alkohol och andra irriterande ingredienser, och \u00e4r mer skonsamt och bekv\u00e4mt, l\u00e4mpligt f\u00f6r de flesta.<\/p>\n\n\n\n<h3 class=\"wp-block-heading\">4. Bekv\u00e4m och b\u00e4rbar<\/h3>\n\n\n\n<p>Munsk\u00f6lj \u00e4r enkelt att anv\u00e4nda, det \u00e4r inte n\u00f6dv\u00e4ndigt att v\u00e4lja tillf\u00e4lle, och v\u00e5r f\u00f6rpackningsdesign kan enkelt b\u00e4ras med och anv\u00e4ndas n\u00e4r som helst.<\/p>\n\n\n\n<h2 class=\"wp-block-heading\">N\u00e5gra effektiviteter&nbsp;<\/h2>\n\n\n\n<h3 class=\"wp-block-heading\">1. Antiinflammatorisk och sm\u00e4rtlindring<\/h3>\n\n\n\n<p>De aktiva ingredienserna i propolis munsk\u00f6lj har en stark antibakteriell f\u00f6rm\u00e5ga, vilket kan h\u00e4mma bakterietillv\u00e4xt och minska bakteriens skada p\u00e5 munslemhinnan, vilket minskar inflammation. Propolis har en naturlig sm\u00e4rtstillande effekt, kan verka p\u00e5 insidan av munnen och lindra symtom p\u00e5 muns\u00e5r och svullet tandk\u00f6tt.<\/p>\n\n\n\n<h3 class=\"wp-block-heading\">2. F\u00f6rebyggande av orala sjukdomar<\/h3>\n\n\n\n<p>M\u00e4nniskokroppens munmilj\u00f6 \u00e4r normalt sur, och bakterierna forts\u00e4tter att v\u00e4xa och f\u00f6r\u00f6ka sig i den sura milj\u00f6n, vilket resulterar i kronisk inflammation s\u00e5som parodontit, vilket utg\u00f6r ett allvarligt hot mot v\u00e5ra t\u00e4nder och tandk\u00f6tts h\u00e4lsa. V\u00e5r propolismunsk\u00f6lj kan neutralisera pH-v\u00e4rdet i munnen, h\u00e4mma bakterietillv\u00e4xten i munnen och skapa en relativt h\u00e4lsosam munmilj\u00f6. L\u00e5ngvarig anv\u00e4ndning kan f\u00f6rhindra parodontit, karies och andra orala sjukdomar.<\/p>\n\n\n\n<h3 class=\"wp-block-heading\">3. F\u00f6rb\u00e4ttra oral immunitet<\/h3>\n\n\n\n<p>Propolis munsk\u00f6lj f\u00f6rhindrar ytterligare f\u00f6rs\u00e4mring av inflammation genom antiinflammatoriska effekter, minskar risken f\u00f6r oral infektion och reglerar immunsvaret i munnen, vilket skyddar munh\u00e4lsan. F\u00f6r det andra kan de aktiva substanserna i propolis munsk\u00f6lj st\u00e4rka kroppens immunitet och indirekt verka p\u00e5 insidan av munnen f\u00f6r att \u00f6ka oral motst\u00e5ndskraft mot patogener. Inte bara det, de antioxidanta ingredienserna vi har tillsatt kan rensa fria radikaler i munnen, minska skadorna fr\u00e5n fria radikaler p\u00e5 munslemhinnan och bidra till att st\u00e4rka immuniteten.<\/p>\n\n\n\n<h3 class=\"wp-block-heading\">4. Frisk andedr\u00e4kt<\/h3>\n\n\n\n<p>Orsakerna till d\u00e5lig andedr\u00e4kt \u00e4r indelade i fysiologiska och patologiska. Patologiska syftar p\u00e5 orala sjukdomar, s\u00e5som tandk\u00f6ttsinflammation, parodontit etc. Dessa sjukdomar orsakar d\u00e5lig lukt, det vill s\u00e4ga d\u00e5lig andedr\u00e4kt. Medan fysiologiska syftar p\u00e5 d\u00e5lig andedr\u00e4kt orsakad av matrester och vissa d\u00e5liga matvanor, \u00e4r fysiologiska kortare \u00e4n patologiska. Det \u00e4r d\u00e4rf\u00f6r v\u00e5rt propolismunsk\u00f6lj \u00e4r berikat med ingredienser som mynta, vilket tar bort lukter fr\u00e5n munnen, h\u00e5ller andedr\u00e4kten fr\u00e4sch och har en l\u00e5ngvarig arom, samt undviker social obekv\u00e4mlighet efter m\u00e5ltider. L\u00e5ngvarig anv\u00e4ndning kan ocks\u00e5 hj\u00e4lpa till vid behandling av patologisk d\u00e5lig andedr\u00e4kt.<\/p>\n\n\n\n<h3 class=\"wp-block-heading\">5. Fr\u00e4mja v\u00e4vnadsl\u00e4kning<\/h3>\n\n\n\n<p>Propolis har antiinflammatoriska och sm\u00e4rtstillande effekter, vilket ocks\u00e5 hj\u00e4lper till att minska skador orsakade av inflammation och p\u00e5skynda v\u00e4vnadsreparation. Dessutom kan de aktiva ingredienserna i propolis munsk\u00f6lj penetrera de skadade v\u00e4vnaderna, stimulera cellproliferation och differentiering och fr\u00e4mja reparationen av munslemhinnan. Samtidigt har propolis ocks\u00e5 en sammandragande effekt, vilket kan minska s\u00e5ret och h\u00e5lla s\u00e5ret torrt och rent, vilket ger en bra milj\u00f6 f\u00f6r att p\u00e5skynda v\u00e4vnadsreparationen. Detta \u00e4r utan tvekan ett viktigt hj\u00e4lpmedel f\u00f6r reng\u00f6ring av patienter med oral inflammation, s\u00e5som munh\u00e5leinflammation.<\/p>\n\n\n\n<h2 class=\"wp-block-heading\">Bruksanvisning<\/h2>\n\n\n\n<p>Det finns instruktioner bifogade till v\u00e5ra produkter. Det rekommenderas att anv\u00e4nda dem enligt instruktionerna. Skaka v\u00e4l f\u00f6re anv\u00e4ndning s\u00e5 att det inre materialet blandas j\u00e4mnt.&nbsp;<\/p>\n\n\n\n<h3 class=\"wp-block-heading\">Steg 1: <\/h3>\n\n\n\n<p>Du beh\u00f6ver ta en ordentlig m\u00e4ngd munsk\u00f6lj, v\u00e5r flaskkapsyl har en g\u00e4nga p\u00e5 insidan, som kan anv\u00e4ndas som m\u00e4tverktyg, cirka 10-15 ml;\u00a0<\/p>\n\n\n\n<h3 class=\"wp-block-heading\">Steg 2:<\/h3>\n\n\n\n<p>H\u00e4ll sedan munsk\u00f6ljet i munnen och gurgla m\u00e5nga g\u00e5nger fr\u00e5n v\u00e4nster till h\u00f6ger och sedan fram\u00e5t. L\u00e5t slutligen munsk\u00f6ljet komma in p\u00e5 tungan. Se till att munsk\u00f6ljet t\u00e4cker alla h\u00f6rn och springor inuti munnen. Gurglingstiden \u00e4r vanligtvis 30 sekunder till 1 minut.<\/p>\n\n\n\n<h3 class=\"wp-block-heading\">Steg 3:<\/h3>\n\n\n\n<p>Slutligen, spotta ut munsk\u00f6ljet och var noga med att inte sv\u00e4lja det. Vi rekommenderar att du inte dricker vatten eller \u00e4ter inom en halvtimme efter gurgling, f\u00f6r att b\u00e4ttre bilda en skyddande hinna och bibeh\u00e5lla en frisk andedr\u00e4kt.\u00a0<\/p>\n\n\n\n<p>Anv\u00e4ndningsfrekvensen f\u00f6r munsk\u00f6lj varierar fr\u00e5n person till person. Det kan vanligtvis anv\u00e4ndas efter tandborstning eller efter m\u00e5ltider. Om du upplever obehag under anv\u00e4ndning, sluta anv\u00e4nda det omedelbart och kontakta din l\u00e4kare. V\u00e5rt munsk\u00f6lj \u00e4r l\u00e4tt att b\u00e4ra med sig och kan f\u00f6rvaras hemma eller p\u00e5 spr\u00e5ng, men det b\u00f6r f\u00f6rvaras svalt och torrt.<\/p>\n\n\n\n<h2 class=\"wp-block-heading\">Till\u00e4mplig population<\/h2>\n\n\n\n<p>V\u00e5rt propolismunsk\u00f6ljmedel \u00e4r s\u00e4kert, skonsamt och irriterande, och \u00e4r ett viktigt hj\u00e4lpmedel f\u00f6r de flesta, s\u00e4rskilt de som lider av inflammation i munnen, samt d\u00e5lig andedr\u00e4kt p\u00e5 grund av r\u00f6kning, att inte reng\u00f6ra munnen under l\u00e5ng tid och d\u00e5liga matvanor. Samtidigt \u00e4r v\u00e5r f\u00f6rpackningsdesign ocks\u00e5 l\u00e4mplig att b\u00e4ra med sig n\u00e4r som helst, vilket underl\u00e4ttar aff\u00e4rsresor, resor, dejting och andra sociala tillf\u00e4llen, f\u00f6r att snabbt f\u00e5 en fr\u00e4sch andedr\u00e4kt och \u00f6ka sj\u00e4lvf\u00f6rtroendet. Gravida kvinnor, propolisallergiker, ammande barn och andra specialgrupper beh\u00f6ver dock fortfarande anv\u00e4nda det under l\u00e4karv\u00e5rd.<\/p>\n\n\n\n<h2 class=\"wp-block-heading\">Slutsats<\/h2>\n\n\n\n<p>Munv\u00e5rd \u00e4r en l\u00e5ngsiktig process, vi b\u00f6r kombinera en m\u00e4ngd olika s\u00e4tt att reng\u00f6ra munnen, s\u00e5som tandborstar, tandtr\u00e5d, munsk\u00f6lj etc., f\u00f6r att ta hand om v\u00e5r munh\u00e4lsa. Som ett av hj\u00e4lpmedlen f\u00f6r munv\u00e5rd tills\u00e4tter v\u00e5rt propolismunsk\u00f6lj ren naturlig propolis och andra ingredienser baserade p\u00e5 vanligt munsk\u00f6lj och har ocks\u00e5 en god antibakteriell och antiinflammatorisk effekt under f\u00f6ruts\u00e4ttning av mild och icke-irriterande, djupg\u00e5ende reng\u00f6ring, vilket aktivt f\u00f6rebygger orala sjukdomar, st\u00e4rker oral immunitet och uppfriskar andedr\u00e4kten. Det har inte bara en m\u00e4ngd olika f\u00f6rdelar utan fungerar ocks\u00e5 f\u00f6r de flesta och \u00e4r ett p\u00e5litligt val.<\/p>\n\n\n\n<p><\/p>","protected":false},"excerpt":{"rendered":"Recipe for Propolis Mouthwash 1. Propolis: As an important ingredient in propolis mouthwash, propolis is a natural extract with antibacterial and anti-inflammatory effects, which can promote tissue regeneration and oral health 2. Xylitol: It can promote saliva secretion, and reduce acidic substances, thereby reducing tooth erosion 3. Mint: It has a fresh and sweet aroma, [&hellip;]","protected":false},"featured_media":1043,"menu_order":0,"template":"","meta":[],"product-tag":[201,206,207,208,212,213,216],"products":[72],"class_list":["post-1042","product","type-product","status-publish","has-post-thumbnail","hentry","product-tag-mouthwash-manufacturer","product-tag-mouthwash-companies","product-tag-mouthwash-factory","product-tag-mouthwash-suppliers","product-tag-mouthwash-contract-manufacturer","product-tag-antiseptic-mouthwashes-manufacturer","product-tag-private-label-mouthwash-manufacturers","products-mouthwash"],"acf":[],"_links":{"self":[{"href":"https:\/\/www.ruiqigo.com\/sv\/wp-json\/wp\/v2\/product\/1042","targetHints":{"allow":["GET"]}}],"collection":[{"href":"https:\/\/www.ruiqigo.com\/sv\/wp-json\/wp\/v2\/product"}],"about":[{"href":"https:\/\/www.ruiqigo.com\/sv\/wp-json\/wp\/v2\/types\/product"}],"version-history":[{"count":0,"href":"https:\/\/www.ruiqigo.com\/sv\/wp-json\/wp\/v2\/product\/1042\/revisions"}],"wp:featuredmedia":[{"embeddable":true,"href":"https:\/\/www.ruiqigo.com\/sv\/wp-json\/wp\/v2\/media\/1043"}],"wp:attachment":[{"href":"https:\/\/www.ruiqigo.com\/sv\/wp-json\/wp\/v2\/media?parent=1042"}],"wp:term":[{"taxonomy":"product-tag","embeddable":true,"href":"https:\/\/www.ruiqigo.com\/sv\/wp-json\/wp\/v2\/product-tag?post=1042"},{"taxonomy":"products","embeddable":true,"href":"https:\/\/www.ruiqigo.com\/sv\/wp-json\/wp\/v2\/products?post=1042"}],"curies":[{"name":"wp","href":"https:\/\/api.w.org\/{rel}","templated":true}]}}