{"id":1074,"date":"2024-09-14T16:01:50","date_gmt":"2024-09-14T08:01:50","guid":{"rendered":"https:\/\/ruiqigo.com\/?post_type=product&#038;p=1074"},"modified":"2024-11-14T17:28:10","modified_gmt":"2024-11-14T09:28:10","slug":"rosemary-essential-oil","status":"publish","type":"product","link":"https:\/\/www.ruiqigo.com\/sv\/product\/rosemary-essential-oil","title":{"rendered":"Rosmarin eterisk olja"},"content":{"rendered":"<h2 class=\"wp-block-heading\">Vanliga formler f\u00f6r tillverkning av eterisk olja av rosmarin<\/h2>\n\n\n\n<p>I produktionsprocessen av rosmarin eterisk olja kontrollerar vi strikt varje steg f\u00f6r att s\u00e4kerst\u00e4lla koncentrationen av aktiva ingredienser och doft, och har professionella parfym\u00f6rer som v\u00e4gleder formeln, bland vilka det finns tre huvudingredienser som var och en spelar en viktig roll f\u00f6r att skydda h\u00e5rets h\u00e4lsa:<\/p>\n\n\n\n<p>1. Rosmarin: Rosmarin \u00e4r rik p\u00e5 antioxidanter, som kan penetrera h\u00e5rets lager, reparera skadat h\u00e5r och g\u00f6ra h\u00e5ret friskare och glansigare. Dessutom kan de aktiva substanserna i rosmarin ocks\u00e5 stimulera blodcirkulationen i h\u00e5rbotten och ge tillr\u00e4ckligt med n\u00e4rings\u00e4mnen till h\u00e5rs\u00e4ckarna, vilket fr\u00e4mjar h\u00e5rv\u00e4xten. Dessutom har rosmarin vissa antibakteriella effekter, vilket kan minska mj\u00e4ll och h\u00e5rbotteninflammation.<\/p>\n\n\n\n<p>2. Pepparmynta: Pepparmynta har en starkt lugnande effekt och kan snabbt penetrera h\u00e5rbotten, vilket ger en lugnande och avslappnad k\u00e4nsla, hj\u00e4lper till att minska h\u00e5rbottenkl\u00e5da och bibeh\u00e5ller en fr\u00e4sch k\u00e4nsla. Samtidigt kan dess fr\u00e4scha arom ocks\u00e5 fr\u00e4scha upp sinnet, s\u00e5 att du snabbt kan slappna av. Dessutom kan eterisk pepparmintolja ocks\u00e5 reng\u00f6ra h\u00e5rbotten p\u00e5 djupet, ta bort \u00f6verfl\u00f6dig olja och smuts och reglera oljebalansen.<\/p>\n\n\n\n<p>3. Lavendel: Lavendel har en lugnande effekt, vilket bidrar till att lindra sp\u00e4nningar, f\u00f6rb\u00e4ttra s\u00f6mnkvaliteten och v\u00e5rda h\u00e5rets h\u00e4lsa. Samtidigt har den ocks\u00e5 en viss reparationseffekt, som kan reparera skadat h\u00e5r, sl\u00e4ta h\u00e5r och g\u00f6ra h\u00e5ret mer sl\u00e4tt och glansigt.<\/p>\n\n\n\n<h2 class=\"wp-block-heading\">Drag<\/h2>\n\n\n\n<p>1. Naturliga ingredienser, rena och naturliga: Eterisk olja av rosmarin \u00e4r en produkt med h\u00f6g renhet som extraheras med destillationsteknik, och en m\u00e4ngd naturliga ingredienser \u00e4r noggrant utplacerade f\u00f6r att beh\u00e5lla n\u00e4rings\u00e4mnena inuti, inga f\u00f6roreningar, du kan vara s\u00e4ker p\u00e5 att anv\u00e4nda.<\/p>\n\n\n\n<p>2. Flera effekter, omfattande v\u00e5rd: Dessa naturliga ingredienser har olika effekt, i alla aspekter av v\u00e5rden av h\u00e5rets h\u00e4lsa, fr\u00e4mjar h\u00e5rets naturliga tillv\u00e4xt och g\u00f6r h\u00e5ret starkare och ljusare.<\/p>\n\n\n\n<p>3. L\u00e4tt att absorbera, inte fet: V\u00e5ra noggrant p\u00e5st\u00e5dda eteriska oljor kan snabbt penetrera h\u00e5rbotten, absorbera och spela en roll, utan en fet k\u00e4nsla.<\/p>\n\n\n\n<p>4. Frisk doft, lugnande och avslappnande: Mintans fr\u00e4sch\u00f6r och den unika doften av rosmarin kan hj\u00e4lpa till att lugna hum\u00f6ret, slappna av i kropp och sj\u00e4l och lindra stress.<\/p>\n\n\n\n<h2 class=\"wp-block-heading\">F\u00f6rdelarna med rosmarin eterisk olja<\/h2>\n\n\n\n<p>1. V\u00e5rda h\u00e5ret: Eterisk olja av rosmarin kan penetrera h\u00e5rlagren, ge h\u00e5ret den n\u00f6dv\u00e4ndiga fukten och n\u00e4ringen och ge n\u00e4ring till h\u00e5rbotten. L\u00e5ngvarig anv\u00e4ndning kan g\u00f6ra h\u00e5ret mer smidigt, starkt och glansigt.<\/p>\n\n\n\n<p>2. Anti-mj\u00e4ll och anti-kl\u00e5da: V\u00e5ra eteriska oljor har en stark antibakteriell och antiinflammatorisk effekt, vilket kan minska h\u00e5rbottenkl\u00e5da, och minska mj\u00e4ll genom att bek\u00e4mpa bakterier och inflammationer i h\u00e5rbotten. Samtidigt kan eterisk olja fr\u00e5n rosmarin lugna h\u00e5rbotten, vilket g\u00f6r h\u00e5rbotten mer bekv\u00e4m och h\u00e4lsosam tillv\u00e4xt.<\/p>\n\n\n\n<p>3. Oljeborttagning och oljekontroll: pepparmyntsingrediensen i eterisk olja kan reng\u00f6ra h\u00e5rbotten, ta bort olja och smuts, h\u00e5lla h\u00e5ret fr\u00e4scht och insistera p\u00e5 att anv\u00e4nda det f\u00f6r att uppn\u00e5 effekten av oljeborttagning och oljekontroll.<\/p>\n\n\n\n<p>4. Fr\u00e4mja tillv\u00e4xt: Rosmarin eterisk olja \u00e4r rik p\u00e5 antioxidanter, som kan bek\u00e4mpa fria radikaler f\u00f6r att fr\u00e4mja h\u00e4lsosam h\u00e5rv\u00e4xt, och det kan stimulera h\u00e5rbottens blodcirkulation och ge mer syre och n\u00e4rings\u00e4mnen till h\u00e5rs\u00e4ckarna, vilket bidrar till att fr\u00e4mja h\u00e5rv\u00e4xt.<\/p>\n\n\n\n<p>5. Lindra \u00e5ngest: Lavendelingredienser hj\u00e4lper till att lugna och f\u00e5 en antidepressiv effekt, kan lindra oroligt hum\u00f6r, eliminera distraktioner, l\u00e5ta m\u00e4nniskor slappna av och lugna ner sig snabbt och bidrar till att f\u00f6rb\u00e4ttra psykisk sjukdomsk\u00e4nsla. Samtidigt kan den unika aromen av rosmarin fr\u00e4scha upp sinnet och hj\u00e4lpa till att f\u00f6rb\u00e4ttra minnet och koncentrationen.<\/p>\n\n\n\n<p>6. Sm\u00e4rtlindring: Rosmarins antiinflammatoriska egenskaper kan minska f\u00f6rekomsten av v\u00e4vnadsinflammation, vilket kan lindra sm\u00e4rtan och svullnaden som orsakas av artrit, eksem och andra sjukdomar. S\u00e5 eterisk olja fr\u00e5n rosmarin kan hj\u00e4lpa till att behandla denna typ av sjukdom.<\/p>\n\n\n\n<p>7. Bra matsm\u00e4ltning: Rosmarin kan fr\u00e4mja produktionen av galla, vilket i sin tur f\u00f6rb\u00e4ttrar matsm\u00e4ltningssystemet och stimulerar aptiten. S\u00e5 att anv\u00e4nda eterisk rosmarinolja kan hj\u00e4lpa till att lindra symtom som magbesv\u00e4r och matsm\u00e4ltningsbesv\u00e4r.<\/p>\n\n\n\n<h2 class=\"wp-block-heading\">Hur man anv\u00e4nder rosmarin eterisk olja p\u00e5 h\u00e5ret?<\/h2>\n\n\n\n<p>Som en professionell tillverkare av eterisk rosmarinolja, g\u00f6r den h\u00f6gre koncentrationen av eterisk rosmarinolja som anv\u00e4nds, det rekommenderas att blanda med andra basoljor f\u00f6r att sp\u00e4da ut den eteriska oljan f\u00f6r att inte irritera h\u00e5rbotten. Du kan v\u00e4lja en basolja som du gillar och sedan blanda den i f\u00f6rh\u00e5llandet 1:100, s\u00e5 att koncentrationen inte \u00f6verstiger 3%. Som en innovativ tillverkare av eterisk rosmarinolja kommer vi i produktionsprocessen att markera relevanta anv\u00e4ndnings- och anv\u00e4ndningsanvisningar p\u00e5 produktf\u00f6rpackningen, v\u00e4nligen l\u00e4s noggrant f\u00f6re anv\u00e4ndning.<\/p>\n\n\n\n<p>1. Innan schamponering: Innan schamponering, kamma h\u00e5ret. Du kan h\u00e4lla den f\u00f6rberedda eteriska oljan i handflatan f\u00f6r att gnugga och v\u00e4rma, massera sedan f\u00f6rsiktigt in i h\u00e5rbotten och massera med fingret och buken i cirka 5 minuter. L\u00e5t st\u00e5 i 30 minuter efter massage och tv\u00e4tta h\u00e5ret. Denna process hj\u00e4lper till att f\u00f6rb\u00e4ttra blodcirkulationen, slappna av i h\u00e5rbotten och fr\u00e4mja h\u00e5rv\u00e4xt.<\/p>\n\n\n\n<p>2. Schampo: Du kan tills\u00e4tta n\u00e5gra droppar eterisk rosmarinolja i schampot, blanda v\u00e4l och tv\u00e4tta h\u00e5ret enligt de vanliga schampostegen, om h\u00e5ret \u00e4r fett eller l\u00e5ngt kan du reng\u00f6ra det flera g\u00e5nger. Detta s\u00e4kerst\u00e4ller renhet, men hj\u00e4lper ocks\u00e5 till att h\u00e5lla h\u00e5ret fr\u00e4scht, kontrollera oljebalansen och stimulera h\u00e5rv\u00e4xten.<\/p>\n\n\n\n<p>3. Efter schamponering: Efter schamponering, blanda rosmarin eterisk olja och balsam enligt f\u00f6rh\u00e5llandet, och applicera sedan j\u00e4mnt i \u00e4ndarna av h\u00e5ret, s\u00e4rskilt d\u00e4r det \u00e4r l\u00e4tt att torka och dela, massera f\u00f6rsiktigt tills det absorberas och reng\u00f6r sedan med varmt vatten. Denna process kommer att g\u00f6ra h\u00e5ret mer silkeslent och gl\u00e4nsande. L\u00e5ngvarig anv\u00e4ndning bidrar till att ge h\u00e5ret n\u00e4ring, s\u00e5 att h\u00e5ret f\u00e5r tillr\u00e4ckligt med fukt, inte l\u00e4ngre \u00e4r torrt och blir starkare och friskare.<\/p>\n\n\n\n<h2 class=\"wp-block-heading\">F\u00f6rsiktighet<\/h2>\n\n\n\n<p>1. N\u00e4r du sp\u00e4der, se till att den valda basoljan \u00e4r ren och l\u00e4mplig f\u00f6r din hudtyp.<\/p>\n\n\n\n<p>2. Ett allergitest rekommenderas innan rosmarin eterisk olja.<\/p>\n\n\n\n<p>3. Om obehag uppst\u00e5r under anv\u00e4ndning ska den omedelbart stoppas och reng\u00f6ras med vatten.<\/p>\n\n\n\n<p>4. Gravida kvinnor och barn \u00e4r mer k\u00e4nsliga f\u00f6r eteriska oljor och b\u00f6r anv\u00e4ndas med f\u00f6rsiktighet.<\/p>\n\n\n\n<p>5. Rosmarin eterisk olja b\u00f6r f\u00f6rvaras p\u00e5 en sval, torr plats borta fr\u00e5n direkt solljus.<\/p>\n\n\n\n<p>6. \u00d6verdriven anv\u00e4ndning kan orsaka biverkningar, s\u00e5 \u00f6verdriven applicering och frekvent anv\u00e4ndning b\u00f6r undvikas vid anv\u00e4ndning.<\/p>\n\n\n\n<h2 class=\"wp-block-heading\">Slutsats<\/h2>\n\n\n\n<p>Eterisk olja av rosmarin med dess egenskaper n\u00e4rande h\u00e5r, fr\u00e4mjar tillv\u00e4xt och lindrar sm\u00e4rta och \u00e5ngest anv\u00e4nds i stor utstr\u00e4ckning hos personer med olika h\u00e5r- och h\u00e5rbottentillst\u00e5nd, men det b\u00f6r noteras att gravida kvinnor och barn och personer med k\u00e4nslig hud b\u00f6r konsultera en l\u00e4kare f\u00f6r r\u00e5d. Som en professionell tillverkare av eterisk rosmarinolja produceras v\u00e5r eterisk rosmarinolja i strikt \u00f6verensst\u00e4mmelse med produktionsprocessen, genom lager av kvalitetstester f\u00f6r att s\u00e4kerst\u00e4lla produktens s\u00e4kerhet och stabilitet, och har erh\u00e5llit n\u00e5gra internationella s\u00e4kerhetscertifieringar och \u00e4r en p\u00e5litlig produkt.<\/p>\n\n\n\n<p><\/p>","protected":false},"excerpt":{"rendered":"Rosemary Essential Oil Manufacturing Common Formulas In the production process of rosemary essential oil, we strictly control every step to ensure the concentration of active ingredients and fragrance, and have professional perfumers to guide the formula, among which there are three main ingredients each plays an important role in protecting the health of hair: 1. [&hellip;]","protected":false},"featured_media":1075,"menu_order":0,"template":"","meta":[],"product-tag":[],"products":[49,53],"class_list":["post-1074","product","type-product","status-publish","has-post-thumbnail","hentry","products-hair-care","products-essential-oil"],"acf":[],"_links":{"self":[{"href":"https:\/\/www.ruiqigo.com\/sv\/wp-json\/wp\/v2\/product\/1074","targetHints":{"allow":["GET"]}}],"collection":[{"href":"https:\/\/www.ruiqigo.com\/sv\/wp-json\/wp\/v2\/product"}],"about":[{"href":"https:\/\/www.ruiqigo.com\/sv\/wp-json\/wp\/v2\/types\/product"}],"version-history":[{"count":0,"href":"https:\/\/www.ruiqigo.com\/sv\/wp-json\/wp\/v2\/product\/1074\/revisions"}],"wp:featuredmedia":[{"embeddable":true,"href":"https:\/\/www.ruiqigo.com\/sv\/wp-json\/wp\/v2\/media\/1075"}],"wp:attachment":[{"href":"https:\/\/www.ruiqigo.com\/sv\/wp-json\/wp\/v2\/media?parent=1074"}],"wp:term":[{"taxonomy":"product-tag","embeddable":true,"href":"https:\/\/www.ruiqigo.com\/sv\/wp-json\/wp\/v2\/product-tag?post=1074"},{"taxonomy":"products","embeddable":true,"href":"https:\/\/www.ruiqigo.com\/sv\/wp-json\/wp\/v2\/products?post=1074"}],"curies":[{"name":"wp","href":"https:\/\/api.w.org\/{rel}","templated":true}]}}