{"id":1080,"date":"2024-09-14T14:55:04","date_gmt":"2024-09-14T06:55:04","guid":{"rendered":"https:\/\/ruiqigo.com\/?post_type=product&#038;p=1080"},"modified":"2024-11-14T22:16:48","modified_gmt":"2024-11-14T14:16:48","slug":"batana-oil","status":"publish","type":"product","link":"https:\/\/www.ruiqigo.com\/sv\/product\/batana-oil","title":{"rendered":"Batana olja\u00a0"},"content":{"rendered":"<h2 class=\"wp-block-heading\">Hur man formulerar en h\u00e5rv\u00e5rdslinje med Batana Oil<\/h2>\n\n\n\n<p>Som en ledande Batana Oil-tillverkare har Batanaolja en betydande effekt p\u00e5 h\u00e5rv\u00e5rd tack vare dess nyckeln\u00e4rings\u00e4mnen, som ger n\u00e4ring till h\u00e5ret, f\u00f6rb\u00e4ttrar h\u00e5rets seghet, f\u00f6rdr\u00f6jer \u00e5ldrandet och v\u00e5rdar ditt h\u00e5rs h\u00e4lsa.<\/p>\n\n\n\n<p>Fettsyror: Fettsyror kan ge djup n\u00e4ring till h\u00e5ret, vilket g\u00f6r h\u00e5ret mer h\u00e4lsosamt och glansigt. Dessutom kan fettsyror ocks\u00e5 f\u00f6rb\u00e4ttra h\u00e5rets elasticitet och seghet och minska brott.<\/p>\n\n\n\n<p>Vitamin E: Vitamin E \u00e4r en naturlig antioxidant, det har en viss reparationseffekt, kan f\u00f6rb\u00e4ttra skadat h\u00e5r och minskar skadan av kluvet h\u00e5r och brott. Inte bara det, vitamin E kan ocks\u00e5 fr\u00e4mja blodcirkulationen till h\u00e5rbotten, ge mer n\u00e4rings\u00e4mnen till h\u00e5ret och fr\u00e4mja tillv\u00e4xt.<\/p>\n\n\n\n<p>Antioxidanter: Antioxidanter kan bek\u00e4mpa fria radikaler f\u00f6r att bromsa oxidationsprocessen av h\u00e5r och h\u00e5rbotten, hj\u00e4lpa till att bromsa h\u00e5rets \u00e5ldrandeprocess och skydda h\u00e5ret fr\u00e5n UV-str\u00e5lar, vilket g\u00f6r h\u00e5ret ljusare och friskare.<\/p>\n\n\n\n<h2 class=\"wp-block-heading\">Drag<\/h2>\n\n\n\n<p>1. Naturlig och f\u00f6roreningsfri: V\u00e5r Batana eterisk olja extraheras utan att tills\u00e4tta andra kemiska komponenter under produktionsprocessen, ingredienserna \u00e4r rena, inneh\u00e5ller inga irriterande ingredienser och kan anv\u00e4ndas s\u00e4kert.<\/p>\n\n\n\n<p>2. Enkel absorption: J\u00e4mf\u00f6rt med vanliga eteriska oljor f\u00f6r h\u00e5rv\u00e5rd kan v\u00e5ra Batana eteriska oljor penetrera och absorberas snabbare och b\u00e4ttre, och kommer inte att vara feta, s\u00e5 upplevelsen blir bekv\u00e4mare och kan anv\u00e4ndas med andra produkter, inte tunga.<\/p>\n\n\n\n<p>3. Hel hud: Batanaoljans n\u00e4rande, \u00e5terfuktande och l\u00e4ttabsorberande egenskaper visar ocks\u00e5 att den \u00e4r l\u00e4mplig f\u00f6r en m\u00e4ngd olika h\u00e5rtyper. Det kan inte bara starkt \u00e5terfukta torrt h\u00e5r och uppn\u00e5 den fuktgivande effekten, utan ocks\u00e5 balansera uts\u00f6ndringen av olja och minska den feta k\u00e4nslan av fett h\u00e5r. Naturligtvis, f\u00f6r blandat h\u00e5r, kan det f\u00f6rb\u00e4ttra h\u00e5rets allm\u00e4nna h\u00e4lsa och \u00e4r ett v\u00e4rt att k\u00f6pa alternativ.<\/p>\n\n\n\n<h2 class=\"wp-block-heading\">F\u00f6rdelarna med Batana Oil<\/h2>\n\n\n\n<p>1. Djupt n\u00e4rande och \u00e5terfuktande: Batana eterisk olja kan g\u00e5 djupt in i h\u00e5rbotten, mjuka upp och lugna h\u00e5rbotten och ge en n\u00e4rande och \u00e5terfuktande effekt f\u00f6r h\u00e5ret. Detta \u00e4r en eterisk olja f\u00f6r bra h\u00e5rv\u00e5rd f\u00f6r personer med torrt och skadat h\u00e5r, som kan f\u00f6rb\u00e4ttra deras h\u00e5rkvalitet och bli av med besv\u00e4ret med torrt h\u00e5r.<\/p>\n\n\n\n<p>2. Naturlig glans: Batanaolja kan inte bara j\u00e4mna ut h\u00e5ret utan ocks\u00e5 \u00e5terst\u00e4lla h\u00e5rets glans. G\u00f6r h\u00e5ret sl\u00e4tare och f\u00f6rb\u00e4ttrar det \u00f6vergripande utseendet.<\/p>\n\n\n\n<p>3. Reparationsskador: Antioxidant\u00e4mnena i Batanaolja kan p\u00e5 djupet reparera skadat h\u00e5r och d\u00e4rigenom minska h\u00e5rsplittring och brott. Skadan som orsakas av frekvent strykning och f\u00e4rgning och den allvarliga bifurkationen kan ocks\u00e5 vara den r\u00e4tta medicinen, l\u00e5ngvarig vidh\u00e4ftning kan f\u00f6rst\u00e4rka h\u00e5rets seghet s\u00e5 att h\u00e5ret blir friskare och inte l\u00e4tt att dela och bryta.<\/p>\n\n\n\n<p>4. Fr\u00e4mja tillv\u00e4xt: Som en precisionstillverkare bidrar en frisk h\u00e5rbotten till h\u00e5rv\u00e4xt, och n\u00e4rings\u00e4mnena fr\u00e5n Batana eterisk olja kan fr\u00e4mja h\u00e5rbottens h\u00e4lsa och ge en bra tillv\u00e4xtmilj\u00f6 f\u00f6r h\u00e5rs\u00e4ckar. Att massera in Batanaolja i h\u00e5rbotten stimulerar blodcirkulationen och fr\u00e4mjar h\u00e5rets allm\u00e4nna h\u00e4lsa, vilket minskar h\u00e5ravfall och h\u00e5rbrott, samtidigt som det hj\u00e4lper h\u00e5ret att v\u00e4xa naturligt.<\/p>\n\n\n\n<p>5. Lugnande hud: F\u00f6rutom h\u00e5rv\u00e5rd kan Batana \u00e4ven anv\u00e4ndas i andra aspekter, som att f\u00f6rb\u00e4ttra oj\u00e4mn hudton, ge en \u00e5terfuktande effekt f\u00f6r huden, bromsa hudens \u00e5ldrande, och andra effekter, l\u00e5ngtidsanv\u00e4ndning, kommer du att hitta f\u00f6r\u00e4ndringar i huden.<\/p>\n\n\n\n<h2 class=\"wp-block-heading\">Hur man anv\u00e4nder Batanaolja p\u00e5 h\u00e5r?<\/h2>\n\n\n\n<p>Som en professionell Batana Oil-tillverkare finns h\u00e4r m\u00e5nga s\u00e4tt att anv\u00e4nda Batana-olja, och du kan v\u00e4lja en eller flera som \u00e4r b\u00e4st f\u00f6r dig baserat p\u00e5 din h\u00e5rtyp:<\/p>\n\n\n\n<p>1. Innan schampo: Ta en l\u00e4mplig m\u00e4ngd eterisk olja och gnugga in den i handflatan f\u00f6r att v\u00e4rma, massera in den heta eteriska oljan i h\u00e5rbotten och h\u00e5ret, speciellt den torra och skadade delen, och fixa sedan h\u00e5ret med en duschm\u00f6ssa eller plastfolie, och v\u00e4nta i en halvtimme innan du tv\u00e4ttar eller n\u00e4sta morgon. Denna process hj\u00e4lper Batana eterisk olja att tr\u00e4nga djupare in i h\u00e5rstr\u00e5na, emulgera oljor och smuts och ger n\u00e4ring \u00e5t h\u00e5rbotten.<\/p>\n\n\n\n<p>2. Under schamponering: Du kan massera in en liten m\u00e4ngd eterisk olja i h\u00e5rbotten och h\u00e5ret under schamponering. Du kan ocks\u00e5 blanda den med schampo eller balsam. Att t\u00e4cka hela h\u00e5rbotten med eterisk olja och f\u00f6rsiktigt massera den i 3-5 minuter kan reng\u00f6ra och slappna av i h\u00e5rbotten, fr\u00e4mja blodcirkulationen och p\u00e5 s\u00e5 s\u00e4tt stimulera h\u00e5rs\u00e4ckarna. Efter massagen, sk\u00f6lj av med vatten. Denna process hj\u00e4lper den eteriska oljan att ge h\u00e5ret b\u00e4ttre n\u00e4ring och g\u00f6ra det sl\u00e4tare och glansigare.<\/p>\n\n\n\n<p>3. Efter schamponering, efter att ha tv\u00e4ttat h\u00e5ret, torka av vattnet med en handduk och h\u00e5ll det i ett l\u00e4tt v\u00e5tt tillst\u00e5nd; Ta sedan en l\u00e4mplig m\u00e4ngd eterisk olja, gnugga och v\u00e4rm och applicera den p\u00e5 h\u00e5ret, speciellt d\u00e4r h\u00e5rtopparna \u00e4r l\u00e4tta att dela; Efter applicering, l\u00e5t h\u00e5ret lufttorka eller f\u00f6na med en h\u00e5rtork, se till att det inte blir f\u00f6r varmt. P\u00e5 s\u00e5 s\u00e4tt kommer ditt h\u00e5r att \u00e5terfuktas och skyddas.<\/p>\n\n\n\n<h2 class=\"wp-block-heading\">F\u00f6rsiktighet<\/h2>\n\n\n\n<p>1. F\u00f6r f\u00f6rsta g\u00e5ngen rekommenderas att g\u00f6ra ett hudtest f\u00f6r att f\u00f6rebygga allergier<\/p>\n\n\n\n<p>2. Det rekommenderas att barn anv\u00e4nder under uppsikt av sina f\u00f6r\u00e4ldrar<\/p>\n\n\n\n<p>3. Vid kontakt med \u00f6gonen under anv\u00e4ndning, sk\u00f6lj omedelbart med rent vatten<\/p>\n\n\n\n<p>4. F\u00f6rvara p\u00e5 en sval och torr plats, borta fr\u00e5n direkt solljus<\/p>\n\n\n\n<p>5. Anv\u00e4ndningsfrekvensen f\u00f6r fint h\u00e5r b\u00f6r inte vara f\u00f6r h\u00f6g<\/p>\n\n\n\n<h2 class=\"wp-block-heading\">Slutsats<\/h2>\n\n\n\n<p>Batana eterisk olja \u00e4r m\u00e5ngsidig, skonsam och icke-irriterande f\u00f6r ett brett spektrum av h\u00e5rtyper. Effektiva l\u00f6sningar f\u00f6r torra, kluvna toppar, h\u00e5ravfall etc. spelar en viktig roll i v\u00e5r h\u00e5rv\u00e5rd. Som en utm\u00e4rkt Batana Oil-tillverkare har vi urval av lager f\u00f6r att s\u00e4kerst\u00e4lla h\u00f6g kvalitet och naturliga r\u00e5varor och genom en rad tillverkningsprocesser \u00e4r Batana eterisk olja ocks\u00e5 en p\u00e5litlig produkt.<\/p>\n\n\n\n<p><\/p>","protected":false},"excerpt":{"rendered":"How To Formulate A Batana Oil Hair Care Line As a leading Batana Oil manufacturer, Batana oil has a significant effect on hair care thanks to its key nutrients, which nourish hair, enhance hair toughness, delay aging, and care for your hair health. Fatty acids: Fatty acids can deeply nourish hair, making hair more healthy [&hellip;]","protected":false},"featured_media":1081,"menu_order":0,"template":"","meta":[],"product-tag":[],"products":[49,53],"class_list":["post-1080","product","type-product","status-publish","has-post-thumbnail","hentry","products-hair-care","products-essential-oil"],"acf":[],"_links":{"self":[{"href":"https:\/\/www.ruiqigo.com\/sv\/wp-json\/wp\/v2\/product\/1080","targetHints":{"allow":["GET"]}}],"collection":[{"href":"https:\/\/www.ruiqigo.com\/sv\/wp-json\/wp\/v2\/product"}],"about":[{"href":"https:\/\/www.ruiqigo.com\/sv\/wp-json\/wp\/v2\/types\/product"}],"version-history":[{"count":0,"href":"https:\/\/www.ruiqigo.com\/sv\/wp-json\/wp\/v2\/product\/1080\/revisions"}],"wp:featuredmedia":[{"embeddable":true,"href":"https:\/\/www.ruiqigo.com\/sv\/wp-json\/wp\/v2\/media\/1081"}],"wp:attachment":[{"href":"https:\/\/www.ruiqigo.com\/sv\/wp-json\/wp\/v2\/media?parent=1080"}],"wp:term":[{"taxonomy":"product-tag","embeddable":true,"href":"https:\/\/www.ruiqigo.com\/sv\/wp-json\/wp\/v2\/product-tag?post=1080"},{"taxonomy":"products","embeddable":true,"href":"https:\/\/www.ruiqigo.com\/sv\/wp-json\/wp\/v2\/products?post=1080"}],"curies":[{"name":"wp","href":"https:\/\/api.w.org\/{rel}","templated":true}]}}