{"id":1121,"date":"2024-09-20T17:27:59","date_gmt":"2024-09-20T09:27:59","guid":{"rendered":"https:\/\/ruiqigo.com\/?post_type=product&#038;p=1121"},"modified":"2024-11-14T17:27:54","modified_gmt":"2024-11-14T09:27:54","slug":"pumpkin-seed-oil","status":"publish","type":"product","link":"https:\/\/www.ruiqigo.com\/sv\/product\/pumpkin-seed-oil","title":{"rendered":"Pumpafr\u00f6olja\u00a0\u00a0"},"content":{"rendered":"<h2 class=\"wp-block-heading\">Vanliga formler f\u00f6r tillverkning av pumpafr\u00f6olja<\/h2>\n\n\n\n<p>Vi l\u00e4gger stor vikt vid kvaliteten p\u00e5 pumpafr\u00f6olja, s\u00e5 varje produktionsprocess \u00e4r strikt kontrollerad. F\u00f6rst och fr\u00e4mst kommer vi att v\u00e4lja h\u00f6gkvalitativa, f\u00f6roreningsfria pumpafr\u00f6n som r\u00e5material och anv\u00e4nda kallpressningsteknik f\u00f6r att extrahera dem som kan s\u00e4kerst\u00e4lla n\u00e4rings\u00e4mnenas integritet och aktivitet. Som en p\u00e5litlig tillverkare av pumpafr\u00f6olja, i formeln f\u00f6r pumpafr\u00f6olja, \u00e4r pumpafr\u00f6n k\u00e4rningrediensen och blandas i proportion med andra antioxidanter. F\u00f6ljande \u00e4r huvudformuleringarna f\u00f6r v\u00e5ra produkter:<\/p>\n\n\n\n<p>1. Pumpafr\u00f6n: De olika fettsyrorna i pumpafr\u00f6n har antiinflammatoriska egenskaper, vilket kan f\u00f6rb\u00e4ttra skadat h\u00e5r. N\u00e4rings\u00e4mnena i den kan ocks\u00e5 fr\u00e4mja h\u00e5rets h\u00e4lsa och tillv\u00e4xt.<\/p>\n\n\n\n<p>2. Vitamin E: Vitamin E \u00e4r en kraftfull antioxidant som bek\u00e4mpar fria radikaler i h\u00e5rbotten och d\u00e4rigenom f\u00f6rsenar \u00e5ldrandet och skyddar cellerna fr\u00e5n skador.<\/p>\n\n\n\n<h2 class=\"wp-block-heading\">F\u00f6rdelarna med pumpafr\u00f6olja<\/h2>\n\n\n\n<p>1. Ge h\u00e5ret n\u00e4ring: Pumpafr\u00f6olja kan ge rik n\u00e4ring f\u00f6r h\u00e5ret och f\u00f6rb\u00e4ttra torrt h\u00e5r, gult och andra problem.<\/p>\n\n\n\n<p>2. Reparera skador: Vitamin E och andra antioxidanter i pumpafr\u00f6olja bek\u00e4mpar fria radikaler, och kan \u00e4ven bek\u00e4mpa mj\u00e4llrelaterade symtom och h\u00e5rbotteninfektioner, djup reparation och f\u00f6rb\u00e4ttra h\u00e5rkvaliteten.<\/p>\n\n\n\n<p>3. Fuktl\u00e5svatten: V\u00e5r produkt \u00e4r en olja av medelh\u00f6g kvalitet, l\u00e4mplig f\u00f6r applicering i h\u00e5rbotten, kan ordentligt l\u00e5sa vatten och f\u00f6rb\u00e4ttra h\u00e5rsplittring, trasiga och andra problem.<\/p>\n\n\n\n<p>4. F\u00f6rb\u00e4ttra h\u00e5ravfall: N\u00e4r kroppens DHT (dihydrotestosteron) \u00e4r \u00f6verdrivet kommer det att leda till h\u00e5ravfallsproblem, och pumpafr\u00f6olja kan minska produktionen av DHT och d\u00e4rigenom skydda h\u00e5rs\u00e4ckarnas h\u00e4lsa och minska h\u00e5ravfallet.<\/p>\n\n\n\n<p>5. Fr\u00e4mja tillv\u00e4xt: Vissa komponenter i pumpafr\u00f6olja kan fr\u00e4mja blodcirkulationen, ge mer n\u00e4rings\u00e4mnen och syre till h\u00e5rs\u00e4ckarna och hj\u00e4lpa h\u00e5ret att v\u00e4xa naturligt.<\/p>\n\n\n\n<p>6. F\u00f6rb\u00e4ttra huden: Pumpafr\u00f6olja har inte bara en anm\u00e4rkningsv\u00e4rd effekt p\u00e5 h\u00e5rv\u00e5rd, utan \u00e4r ocks\u00e5 en naturlig hudv\u00e5rdsprodukt, som kan vara antioxidant, anti-aging, n\u00e4rande och \u00e5terfuktande, och kan f\u00f6rb\u00e4ttra hudens kvalitet och g\u00f6ra din hud friskare vid l\u00e5ngvarig anv\u00e4ndning.<\/p>\n\n\n\n<h2 class=\"wp-block-heading\">Hur man anv\u00e4nder pumpafr\u00f6olja f\u00f6r h\u00e5rv\u00e4xt?<\/h2>\n\n\n\n<p>Som en p\u00e5litlig tillverkare av pumpafr\u00f6olja v\u00e4ljer vi noggrant ut h\u00f6gkvalitativa pumpafr\u00f6n, och varje produktionsprocess kontrolleras av professionella tekniker f\u00f6r att s\u00e4kerst\u00e4lla deras renhet och s\u00e4kerhet. Det finns m\u00e5nga s\u00e4tt att anv\u00e4nda pumpafr\u00f6olja i h\u00e5rv\u00e5rd, du kan v\u00e4lja en l\u00e4mplig f\u00f6r dig enligt den faktiska beg\u00e4ran, och l\u00e5ngvarig anv\u00e4ndning, och jag tror att ditt h\u00e5r kommer att bli friskare, tjockare och gl\u00e4nsande. F\u00f6ljande \u00e4r flera anv\u00e4ndningsmetoder som kan h\u00e4nvisas till:<\/p>\n\n\n\n<p>1. Innan schamponering: Innan schamponering, kamma h\u00e5ret och applicera v\u00e5r produkt i handflatan f\u00f6r att v\u00e4rma upp. Applicera sedan j\u00e4mnt p\u00e5 h\u00e5rbotten och h\u00e5ret, du kan f\u00f6rsiktigt massera med fingermagen i 3-5 minuter och v\u00e4nta i 10 minuter f\u00f6r att fr\u00e4mja absorptionen; Tv\u00e4tta h\u00e5ret sist och se till att du reng\u00f6r det ordentligt n\u00e4r du tv\u00e4ttar det.<\/p>\n\n\n\n<p>2. Schampo: I schampoprocessen kan du droppa tv\u00e5 droppar pumpafr\u00f6olja i schampo eller balsam, enligt den normala schampoprocessen kan du l\u00e4gga mer tid p\u00e5 att massera h\u00e5rbotten med fingret och buken f\u00f6r att fr\u00e4mja blodcirkulationen och upptaget av eterisk olja. Sk\u00f6lj med varmt vatten f\u00f6r att s\u00e4kerst\u00e4lla att inga rester.<\/p>\n\n\n\n<p>3. Efter att du har tv\u00e4ttat h\u00e5ret: Efter att du har tv\u00e4ttat h\u00e5ret, torka vattnet med en handduk f\u00f6r att h\u00e5lla h\u00e5ret i ett halvtorrt tillst\u00e5nd; Ta sedan en liten m\u00e4ngd pumpafr\u00f6olja, gnugga och v\u00e4rm, och applicera j\u00e4mnt p\u00e5 h\u00e5rspetsen till slutet av h\u00e5ret, s\u00e4rskilt de torra, skadade delarna, var noga med att inte applicera i h\u00e5rbotten, f\u00f6r att undvika fett h\u00e5r; Efter applicering kan du torka med en h\u00e5rtork vid l\u00e5g temperatur eller lufttorka.<\/p>\n\n\n\n<h2 class=\"wp-block-heading\">F\u00f6rsiktighet<\/h2>\n\n\n\n<p>1. Ett allergitest b\u00f6r utf\u00f6ras vid f\u00f6rsta anv\u00e4ndningen f\u00f6r att s\u00e4kerst\u00e4lla att det inte finns n\u00e5gon allergisk reaktion f\u00f6re anv\u00e4ndning.<\/p>\n\n\n\n<p>2. Patienter med erytems\u00e5r eller mycket feta h\u00e5rr\u00f6tter rekommenderas att anv\u00e4nda under ledning av en l\u00e4kare.<\/p>\n\n\n\n<p>3. Pumpafr\u00f6olja \u00e4r l\u00e4mplig f\u00f6r de flesta m\u00e4nniskor, s\u00e4rskilt de med skadat h\u00e5r, skalligt h\u00e5r, torrt h\u00e5r och s\u00e5 vidare<\/p>\n\n\n\n<p>4. V\u00e5r produkt \u00e4r l\u00e4mplig f\u00f6r alla situationer, oavsett om den anv\u00e4nds f\u00f6re, under och efter h\u00e5rtv\u00e4tt eller daglig v\u00e5rd.<\/p>\n\n\n\n<p>5, n\u00e4r det anv\u00e4nds f\u00f6r att kontrollera m\u00e4ngden, f\u00f6r att undvika \u00f6verdriven h\u00e5r fet och sv\u00e5r att reng\u00f6ra.<\/p>\n\n\n\n<p>6. Om hudrodnad, kl\u00e5da i h\u00e5rbotten och andra symtom uppst\u00e5r under anv\u00e4ndning, sluta anv\u00e4nda omedelbart och reng\u00f6r med vatten.<\/p>\n\n\n\n<p>7. Denna produkt b\u00f6r f\u00f6rvaras p\u00e5 en sval, torr plats borta fr\u00e5n direkt solljus.<\/p>\n\n\n\n<h2 class=\"wp-block-heading\">Slutsats<\/h2>\n\n\n\n<p>Om du letar efter en helt naturlig, icke-skadlig eterisk olja f\u00f6r h\u00e5rv\u00e5rd, d\u00e5 \u00e4r v\u00e5r pumpafr\u00f6olja det b\u00e4sta valet. Vi l\u00e4gger stor vikt vid produktkvalitet och s\u00e4kerhet. I hela produktionsprocessen \u00e4r kvalitetskontroll, milj\u00f6skydd och energibesparing v\u00e5ra prioriteringar. Fr\u00e5n r\u00e5varuscreening till bearbetning och f\u00f6rpackning finns det olika kvalitetstester, inklusive sensoriska indikatorer, funktionella indikatorer, hudirritationstester, etc., f\u00f6r att s\u00e4kerst\u00e4lla stabiliteten och s\u00e4kerheten hos eteriska oljor. Som en effektiv tillverkare av pumpafr\u00f6olja verifieras produkterna samtidigt av professionella testinstitutioner fr\u00e5n tredje part f\u00f6r att uppfylla relevanta standarder. Jag hoppas att det kan ge dig en bra h\u00e5rv\u00e5rdsupplevelse, och jag tror att under din ih\u00e5llande anv\u00e4ndning kommer ditt h\u00e5r s\u00e4kert att f\u00e5 betydande f\u00f6r\u00e4ndringar.<\/p>","protected":false},"excerpt":{"rendered":"Pumpkin Seed Oil Manufacturing Common Formulas We attach great importance to the quality of pumpkin seed oil, so every process of production is strictly controlled. First of all, we will select high-quality, pollution-free pumpkin seeds as raw materials, and use cold-pressing technology to extract them which can ensure the integrity and activity of nutrients. As [&hellip;]","protected":false},"featured_media":1122,"menu_order":0,"template":"","meta":[],"product-tag":[],"products":[53],"class_list":["post-1121","product","type-product","status-publish","has-post-thumbnail","hentry","products-essential-oil"],"acf":[],"_links":{"self":[{"href":"https:\/\/www.ruiqigo.com\/sv\/wp-json\/wp\/v2\/product\/1121","targetHints":{"allow":["GET"]}}],"collection":[{"href":"https:\/\/www.ruiqigo.com\/sv\/wp-json\/wp\/v2\/product"}],"about":[{"href":"https:\/\/www.ruiqigo.com\/sv\/wp-json\/wp\/v2\/types\/product"}],"version-history":[{"count":0,"href":"https:\/\/www.ruiqigo.com\/sv\/wp-json\/wp\/v2\/product\/1121\/revisions"}],"wp:featuredmedia":[{"embeddable":true,"href":"https:\/\/www.ruiqigo.com\/sv\/wp-json\/wp\/v2\/media\/1122"}],"wp:attachment":[{"href":"https:\/\/www.ruiqigo.com\/sv\/wp-json\/wp\/v2\/media?parent=1121"}],"wp:term":[{"taxonomy":"product-tag","embeddable":true,"href":"https:\/\/www.ruiqigo.com\/sv\/wp-json\/wp\/v2\/product-tag?post=1121"},{"taxonomy":"products","embeddable":true,"href":"https:\/\/www.ruiqigo.com\/sv\/wp-json\/wp\/v2\/products?post=1121"}],"curies":[{"name":"wp","href":"https:\/\/api.w.org\/{rel}","templated":true}]}}