{"id":1186,"date":"2024-09-29T15:38:44","date_gmt":"2024-09-29T07:38:44","guid":{"rendered":"https:\/\/ruiqigo.com\/?post_type=product&#038;p=1186"},"modified":"2024-10-28T15:43:09","modified_gmt":"2024-10-28T07:43:09","slug":"peppermint-body-wash","status":"publish","type":"product","link":"https:\/\/www.ruiqigo.com\/sv\/product\/peppermint-body-wash","title":{"rendered":"Pepparmint Body Wash"},"content":{"rendered":"<h2 class=\"wp-block-heading\">Vanliga formler f\u00f6r tillverkning av pumpafr\u00f6olja<\/h2>\n\n\n\n<p>Vi l\u00e4gger stor vikt vid kvaliteten p\u00e5 mintduschgelprodukter, vi v\u00e4ljer inte bara noggrant ut r\u00e5varor utan kontrollerar ocks\u00e5 strikt varje process. En m\u00e4ngd olika v\u00e4xtextrakt l\u00e4ggs till produktbearbetningen, utan n\u00e5gra konserveringsmedel, huvudformeln \u00e4r:<\/p>\n\n\n\n<p>1. Pepparmynta eterisk olja: Pepparmint eterisk olja \u00e4r k\u00e4rningrediensen i denna produkt, som inneh\u00e5ller mycket mentol och mentolketon. Dessa tv\u00e5 aktiva substanser kan appliceras p\u00e5 huden f\u00f6r att skapa en sval k\u00e4nsla, vilket hj\u00e4lper till att lindra kl\u00e5da och irritation. De \u00e4r ocks\u00e5 naturliga konserveringsmedel, med antibakteriella och antiinflammatoriska effekter, som kan minska det inflammatoriska svaret p\u00e5 hudytan och d\u00e4rigenom f\u00f6rebygga sjukdomar som dermatit och eksem. Dessutom kan doften av pepparmynta stimulera nervsystemet, vilket bidrar till att f\u00f6rb\u00e4ttra tr\u00f6ttheten och f\u00f6rb\u00e4ttra koncentrationen.<\/p>\n\n\n\n<p>2. Fuktgivande medel: Vanliga fuktgivande medel inkluderar glycerin, propylenglykol och andra ingredienser, som kan bilda en skyddande film p\u00e5 hudytan, l\u00e5sa fast vatten, s\u00e5 att huden b\u00e4ttre kan absorbera vatten, och bli mer sl\u00e4t och genomskinlig.<\/p>\n\n\n\n<p>3. Ytaktiva \u00e4mnen: Dessa ingredienser \u00e4r ocks\u00e5 en av k\u00e4rningredienserna, som p\u00e5 djupet kan reng\u00f6ra smutsen och oljan p\u00e5 hudytan, vilket g\u00f6r huden fr\u00e4sch och ren. Samtidigt kan de ocks\u00e5 f\u00e5 duschgelen att producera t\u00e4tt skum, minska friktionskontakten, vara skonsam och l\u00e4tt att sk\u00f6lja och f\u00f6rb\u00e4ttra badprocessen.<\/p>\n\n\n\n<p>4. Andra v\u00e4xtextrakt: Vi l\u00e4gger \u00e4ven till gr\u00f6nt te, t\u00e5ng och andra extrakt till duschgelen. Dessa naturliga ingredienser har antioxiderande, antiinflammatoriska och lugnande egenskaper, som ytterligare kan \u00e5terfukta huden och f\u00f6rb\u00e4ttra hudtillst\u00e5ndet. Samtidigt kommer de inte att irritera huden, vilket ger dig en bekv\u00e4m badupplevelse.<\/p>\n\n\n\n<h2 class=\"wp-block-heading\">F\u00f6rdelarna med pumpafr\u00f6olja<\/h2>\n\n\n\n<p>I produktionsprocessen av pepparmynta body wash har vi professionella parfym\u00f6rer noggrant f\u00f6rberedda f\u00f6r att s\u00e4kerst\u00e4lla att produkten kan spela maximal effekt under milda och bekv\u00e4ma f\u00f6rh\u00e5llanden. H\u00e4r \u00e4r n\u00e5gra av de viktigaste f\u00f6rdelarna:<\/p>\n\n\n\n<p>1. Uppfriskande och bekv\u00e4m: Pepparmynta har en kylande och svalkande effekt, s\u00e5 huden kommer att k\u00e4nnas sval n\u00e4r du anv\u00e4nder pepparmynta duschgel, och kommer att h\u00e5lla en tid.<\/p>\n\n\n\n<p>2. Lindra stress och muskel\u00f6mhet: Svalkan av mentol kan stimulera nerv\u00e4ndar och fr\u00e4mja blodcirkulationen, och d\u00e4rigenom lindra muskelsp\u00e4nningar och slappna av i kropp och sj\u00e4l, samtidigt som den anpassar hum\u00f6ret och lindrar stress.<\/p>\n\n\n\n<p>3. Sm\u00e4rta och kl\u00e5da: De aktiva ingredienserna i pepparmynta kroppstv\u00e4tt kan h\u00e4mma tillv\u00e4xten och reproduktionen av bakterier, uppn\u00e5 antibakteriella och antiinflammatoriska effekter och d\u00e4rigenom minska symtomen p\u00e5 hudinflammation orsakad av rodnad, sm\u00e4rta, kl\u00e5da och s\u00e5 vidare, och fr\u00e4mja l\u00e4kning. Det f\u00f6rebygger ocks\u00e5 hudinflammation och akne ytterligare.<\/p>\n\n\n\n<p>4. Balansolja: Pepparmint kroppstv\u00e4tt kan reng\u00f6ra porerna p\u00e5 djupet och ta bort olja och smuts fr\u00e5n huden. Samtidigt renar den och konvergerar porerna, s\u00e5 att huden kan uppr\u00e4tth\u00e5lla ett tillst\u00e5nd av vatten- och oljebalans, f\u00f6r att uppn\u00e5 effekten av balanserande olja.<\/p>\n\n\n\n<p>5. Uppstramande huden: Pepparmynta har anti-aging egenskaper, medan andra ingredienser i duschgel\u00e9n som vitamin B3 kan fr\u00e4mja syntesen av kollagen och cellernas \u00e4mnesoms\u00e4ttning, och d\u00e4rigenom f\u00f6rb\u00e4ttra hudens avslappnade tillst\u00e5nd, ytterligare l\u00e5sa vatten, och g\u00f6ra huden stramare och sl\u00e4tare. L\u00e5ngvarig anv\u00e4ndning av v\u00e5ra produkter kan hj\u00e4lpa till att strama upp huden och f\u00f6rb\u00e4ttra hudens glans och elasticitet.<\/p>\n\n\n\n<h2 class=\"wp-block-heading\">Hur man anv\u00e4nder pumpafr\u00f6olja f\u00f6r h\u00e5rv\u00e4xt?<\/h2>\n\n\n\n<p>Den pepparmynta duschgel\u00e9n som framst\u00e4lls av v\u00e5r fabrik \u00e4r mild och icke-irriterande och kan producera ett rikt skum, som kan reng\u00f6ra huden p\u00e5 djupet och ge dig en bra badk\u00e4nsla. Vi markerar ocks\u00e5 noggrant anv\u00e4ndningsmetoden f\u00f6r duschgel p\u00e5 f\u00f6rpackningen, och hoppas att du kan l\u00e4sa den noggrant innan du anv\u00e4nder den.<\/p>\n\n\n\n<p>1. Bl\u00f6t f\u00f6rst kroppen med varmt vatten f\u00f6r att b\u00e4ttre spela reng\u00f6ringseffekten av duschgel;<\/p>\n\n\n\n<p>2. Ta en l\u00e4mplig m\u00e4ngd pepparmynta kroppstv\u00e4tt med handflatan eller badbollen f\u00f6r att skapa ett skum, applicera sedan skummet p\u00e5 kroppen, s\u00e4rskilt de delar som \u00e4r l\u00e4tta att svettas och l\u00e4mna smuts, och massera f\u00f6rsiktigt;<\/p>\n\n\n\n<p>3. Sk\u00f6lj av med varmt vatten efter massagen, se till att det inte finns n\u00e5got skum kvar och torka kroppen med en badhandduk<\/p>\n\n\n\n<h2 class=\"wp-block-heading\">F\u00f6rsiktighet<\/h2>\n\n\n\n<p>1. Det rekommenderas att g\u00f6ra ett allergitest innan du anv\u00e4nder den f\u00f6r f\u00f6rsta g\u00e5ngen. V\u00e4nligen sluta anv\u00e4nda det om du k\u00e4nner dig obekv\u00e4m;<\/p>\n\n\n\n<p>2. Ta en l\u00e4mplig m\u00e4ngd duschgel enligt individuell hudtyp, inte \u00f6verdriven, annars kommer det att orsaka torrhet;<\/p>\n\n\n\n<p>3. Undvik att vidr\u00f6ra \u00f6gon, mun och andra k\u00e4nsliga delar, om kontakt, sk\u00f6lj omedelbart med vatten;<\/p>\n\n\n\n<p>4. Gravida kvinnor b\u00f6r anv\u00e4nda det under ledning av en l\u00e4kare f\u00f6r att undvika biverkningar;<\/p>\n\n\n\n<p>5. Mint body wash b\u00f6r placeras p\u00e5 en sval och torr plats, undvik direkt solljus och h\u00f6gtemperaturmilj\u00f6er;<\/p>\n\n\n\n<p>6. Denna produkt \u00e4r l\u00e4mplig f\u00f6r de flesta m\u00e4nniskor, speciellt de som vill \u00e4gna sig \u00e5t svalt och torrt;<\/p>\n\n\n\n<p>7. Denna produkt \u00e4r l\u00e4mplig f\u00f6r alla scen, s\u00e4rskilt p\u00e5 sommaren och efter sport f\u00f6r att slappna av i kropp och sj\u00e4l;<\/p>\n\n\n\n<h2 class=\"wp-block-heading\">Slutsats<\/h2>\n\n\n\n<p>Om du vill driva h\u00f6gkvalitativ, differentierad mintduschgelproduktionslinje, \u00e4r v\u00e5r fabrik ditt b\u00e4sta val. V\u00e5rt urval av h\u00f6gkvalitativa r\u00e5varor fr\u00e5n hela v\u00e4rlden s\u00e4kerst\u00e4ller s\u00e4kerheten f\u00f6r v\u00e5ra produkter, och den unika formeln som lagts till \u00e4r det perfekta valet f\u00f6r fler anv\u00e4ndare som letar efter en uppfriskande upplevelse. Samtidigt har v\u00e5r fabrik ett komplett supply chain-system och en effektiv produktionsprocess, som kan m\u00f6ta h\u00f6gkvalitativ produktion i stora kvantiteter. Vi erbjuder \u00e4ven ett komplett utbud av skr\u00e4ddarsydda tj\u00e4nster f\u00f6r att m\u00f6ta dina individuella behov. Om du fortfarande vill veta mer om produktinformationen f\u00f6r pepparmynta body wash, v\u00e4nligen kontakta oss s\u00e5 snart som m\u00f6jligt.<\/p>","protected":false},"excerpt":{"rendered":"Pumpkin Seed Oil Manufacturing Common Formulas We attach great importance to the quality of mint shower gel products, not only carefully selecting raw materials but also strictly controlling each process. A variety of plant extracts are added to the product processing, without any preservatives, the main formula is: 1. Peppermint essential oil: Peppermint essential oil [&hellip;]","protected":false},"featured_media":1187,"menu_order":0,"template":"","meta":[],"product-tag":[],"products":[57],"class_list":["post-1186","product","type-product","status-publish","has-post-thumbnail","hentry","products-body-wash"],"acf":[],"_links":{"self":[{"href":"https:\/\/www.ruiqigo.com\/sv\/wp-json\/wp\/v2\/product\/1186","targetHints":{"allow":["GET"]}}],"collection":[{"href":"https:\/\/www.ruiqigo.com\/sv\/wp-json\/wp\/v2\/product"}],"about":[{"href":"https:\/\/www.ruiqigo.com\/sv\/wp-json\/wp\/v2\/types\/product"}],"version-history":[{"count":0,"href":"https:\/\/www.ruiqigo.com\/sv\/wp-json\/wp\/v2\/product\/1186\/revisions"}],"wp:featuredmedia":[{"embeddable":true,"href":"https:\/\/www.ruiqigo.com\/sv\/wp-json\/wp\/v2\/media\/1187"}],"wp:attachment":[{"href":"https:\/\/www.ruiqigo.com\/sv\/wp-json\/wp\/v2\/media?parent=1186"}],"wp:term":[{"taxonomy":"product-tag","embeddable":true,"href":"https:\/\/www.ruiqigo.com\/sv\/wp-json\/wp\/v2\/product-tag?post=1186"},{"taxonomy":"products","embeddable":true,"href":"https:\/\/www.ruiqigo.com\/sv\/wp-json\/wp\/v2\/products?post=1186"}],"curies":[{"name":"wp","href":"https:\/\/api.w.org\/{rel}","templated":true}]}}