{"id":1309,"date":"2024-10-18T14:12:00","date_gmt":"2024-10-18T06:12:00","guid":{"rendered":"https:\/\/ruiqigo.com\/?post_type=product&#038;p=1309"},"modified":"2025-06-17T16:45:49","modified_gmt":"2025-06-17T08:45:49","slug":"lavender-body-wash","status":"publish","type":"product","link":"https:\/\/www.ruiqigo.com\/sv\/product\/lavender-body-wash","title":{"rendered":"Kroppstv\u00e4tt av lavendel"},"content":{"rendered":"<h2 class=\"wp-block-heading\">Tillverkning av lavendel duschtv\u00e5l Vanliga formler<\/h2>\n\n\n\n<p>Vi l\u00e4gger stor vikt vid produktionsprocessen f\u00f6r lavendelduschkr\u00e4m, inte bara genom att noggrant utforma flera formler, utan ocks\u00e5 genom att ta h\u00e4nsyn till behoven hos olika hudtyper, s\u00e5 att produkten blir mer m\u00e5ngsidig.<\/p>\n\n\n\n<p>Lavendelolja: Huvudingrediensen i duschtv\u00e5l. Lavendeldoften kan lugna kropp och sj\u00e4l och ge dig en avkopplande och behaglig badupplevelse. Dessutom har lavendelolja \u00e4ven vitare egenskaper, reparerar skadade celler och andra effekter, kan f\u00f6ryngra huden och g\u00f6ra den mjukare och mer delikat.<\/p>\n\n\n\n<p>Tensider: Tensider kan inte bara producera ett rikt skum, f\u00f6rb\u00e4ttra duschtv\u00e5lens reng\u00f6ringskraft och effektivt avl\u00e4gsna ytsmuts och olja, utan ocks\u00e5 bilda en skyddande film p\u00e5 hudytan f\u00f6r att f\u00f6rhindra hudirritation.<\/p>\n\n\n\n<p>Kokosolja: Fettsyrorna i kokosolja har goda \u00e5terfuktande egenskaper, vilka kan binda vatten och f\u00f6rb\u00e4ttra torr, grov hud och andra problem. Samtidigt \u00e4r kokosolja skonsammare, kan minska hudbesv\u00e4r, reparera huden och \u00e4r mer l\u00e4mplig f\u00f6r k\u00e4nsliga muskler.<\/p>\n\n\n\n<h2 class=\"wp-block-heading\">F\u00f6rdelarna med lavendel duschtv\u00e5l<\/h2>\n\n\n\n<p>Som professionell lavendeltillverkare utf\u00f6r vi relevanta kvalitetstester p\u00e5 alla aspekter av r\u00e5varorna som anv\u00e4nds i den f\u00e4rdiga produktf\u00f6rpackningen f\u00f6r att s\u00e4kerst\u00e4lla kvalitetss\u00e4kerhet. Samtidigt forts\u00e4tter vi att f\u00f6rnya och forska, och kombinerar en m\u00e4ngd olika f\u00f6rdelar f\u00f6r att m\u00f6ta dina hudv\u00e5rdsbehov. H\u00e4r \u00e4r n\u00e5gra av de viktigaste f\u00f6rdelarna:<\/p>\n\n\n\n<p>1. Lugnande och avslappnande: Lavendelns unika doft kan lindra sp\u00e4nningar och stress. N\u00e4r du anv\u00e4nder duschkr\u00e4m skapar aromen en avslappnad och behaglig atmosf\u00e4r som kan slappna av kropp och sj\u00e4l, minska stress och tr\u00f6tthet.<\/p>\n\n\n\n<p>2. Justera balansen mellan vatten och olja: Lavendelduschkr\u00e4m kan justera oljebalansen, minska den feta k\u00e4nslan och h\u00e5lla huden fr\u00e4sch.<\/p>\n\n\n\n<p>3. \u00c5terfuktande och \u00e5terfuktande: V\u00e5ra tillsatta \u00e5terfuktande ingredienser kan ordentligt binda fukt, \u00e5terfukta huden, h\u00e5lla huden \u00e5terfuktad och len samt f\u00f6rhindra uttorkning.<\/p>\n\n\n\n<p>4. Antibakteriell och antiinflammatorisk: Lavendelolja har antibakteriella och antiinflammatoriska effekter, vilket kan minska hudinflammation och f\u00f6rebygga infektion.<\/p>\n\n\n\n<p>5. Vitg\u00f6rande och ljusa fl\u00e4ckar: V\u00e5ra produkter har effekten av vitg\u00f6rande och ljusa fl\u00e4ckar, vilket bidrar till att minska hudens m\u00f6rkhet och g\u00f6ra huden mer transparent.<\/p>\n\n\n\n<p>6. F\u00f6rb\u00e4ttra s\u00f6mnen: Lavendelns doft kan inte bara lugna och slappna av utan ocks\u00e5 f\u00f6rb\u00e4ttra s\u00f6mnkvaliteten, l\u00e4mplig f\u00f6r personer med s\u00f6mnl\u00f6shet och dr\u00f6mmar.<\/p>\n\n\n\n<h2 class=\"wp-block-heading\">Hur man anv\u00e4nder lavendel duschtv\u00e5l f\u00f6r kroppsv\u00e5rd?<\/h2>\n\n\n\n<p>Vi har gjort m\u00e5nga blandningar under produktionsprocessen f\u00f6r att skapa denna fylliga skummande och milda duschtv\u00e5l, utformad f\u00f6r att f\u00f6rb\u00e4ttra din badupplevelse. Daglig anv\u00e4ndning \u00e4r uppdelad i ett bad och ett badkar, du kan v\u00e4lja ett bad utifr\u00e5n din hobby.<\/p>\n\n\n\n<p>1. Duscha: Fukta f\u00f6rst kroppen med varmt vatten, h\u00e4ll sedan l\u00e4mplig m\u00e4ngd duschtv\u00e5l i handflatan eller svampen, gnugga f\u00f6rsiktigt skummet och applicera j\u00e4mnt \u00f6ver hela kroppen. Du kan utf\u00f6ra l\u00e4mplig massage, reng\u00f6ra porerna ytterligare och lindra kropp och sj\u00e4l, sk\u00f6lj slutligen hela kroppens skum med vatten.<\/p>\n\n\n\n<p>2. Bad: De som gillar att bada kan h\u00e4lla en l\u00e4mplig m\u00e4ngd duschtv\u00e5l i badet och r\u00f6ra om j\u00e4mnt, s\u00e5 att det bildas ett fylligt skum och samtidigt avger en doft av lavendel, vilket skapar en behaglig milj\u00f6. Om det finns omr\u00e5den som beh\u00f6ver s\u00e4rskild v\u00e5rd kan du tills\u00e4tta en l\u00e4mplig m\u00e4ngd duschtv\u00e5l och massera djupt f\u00f6r att f\u00f6rb\u00e4ttra hudens tillst\u00e5nd.<\/p>\n\n\n\n<p>3. Efter anv\u00e4ndning: Efter anv\u00e4ndning kan duschkr\u00e4men kombineras med andra hudv\u00e5rdsprodukter, s\u00e5som bodylotion, f\u00f6r att fr\u00e4mja vattenabsorption och ytterligare \u00e5terfukta huden.<\/p>\n\n\n\n<h2 class=\"wp-block-heading\">F\u00f6rsiktighet<\/h2>\n\n\n\n<p>1. Ett allergitest b\u00f6r utf\u00f6ras innan du anv\u00e4nder duschkr\u00e4men f\u00f6r f\u00f6rsta g\u00e5ngen. Om allergiska symtom uppst\u00e5r, sluta anv\u00e4nda den omedelbart och kontakta l\u00e4kare.<\/p>\n\n\n\n<p>2. Undvik kontakt med \u00f6gonen. Vid kontakt med \u00f6gonen, sk\u00f6lj omedelbart med vatten och s\u00f6k l\u00e4karv\u00e5rd s\u00e5 snart som m\u00f6jligt.<\/p>\n\n\n\n<p>3. N\u00e4r du anv\u00e4nder lavendelduschkr\u00e4m tillsammans med andra produkter, se till att deras ingredienser inte st\u00e5r i konflikt med varandra eller orsakar biverkningar.<\/p>\n\n\n\n<p>4. F\u00f6lj principen om l\u00e4mplig m\u00e4ngd, f\u00f6r mycket duschtv\u00e5l leder till f\u00f6r mycket skum och blir sv\u00e5r att reng\u00f6ra.<\/p>\n\n\n\n<p>5. V\u00e5ra produkter m\u00e5ste f\u00f6rvaras svalt och torrt, borta fr\u00e5n direkt solljus och h\u00f6ga temperaturer.<\/p>\n\n\n\n<p>6. \u00c4ven om lavendelduschkr\u00e4m har en lugnande effekt p\u00e5 huden rekommenderas det inte att anv\u00e4nda den m\u00e5nga g\u00e5nger om dagen, och \u00f6verdriven reng\u00f6ring kan skada hudbarri\u00e4ren.<\/p>\n\n\n\n<h2 class=\"wp-block-heading\">Slutsats<\/h2>\n\n\n\n<p>Vi anv\u00e4nder moderna produktionslinjer och automationsutrustning f\u00f6r att s\u00e4kerst\u00e4lla att produktionsprocessen f\u00f6r lavendelduschkr\u00e4m \u00e4r effektiv, noggrann och milj\u00f6v\u00e4nlig samtidigt som vi s\u00e4kerst\u00e4ller produkthygien och s\u00e4kerhet. Dessutom har vi genomf\u00f6rt anv\u00e4ndarunders\u00f6kningar och vet att dina hudbehov och preferenser \u00e4r olika. D\u00e4rf\u00f6r erbjuder vi personligt anpassade tj\u00e4nster, och v\u00e5rt FoU-team kommer noggrant att v\u00e4lja den mest l\u00e4mpliga lavendelduschkr\u00e4men f\u00f6r just din produkt enligt dina krav. Under denna tid kommer vi ocks\u00e5 att g\u00f6ra \u00e4ndringar baserat p\u00e5 din feedback f\u00f6r att uppn\u00e5 den effekt du \u00f6nskar. Vi inbjuder dig varmt att konsultera v\u00e5ra produkter, vi kommer ocks\u00e5 att ge professionella svar och detaljerad information.<\/p>","protected":false},"excerpt":{"rendered":"Lavender Body Wash Manufacturing Common Formulas We attach great importance to the production process of lavender body wash, not only carefully designing multiple formulas, but also considering the needs of different skin types, so that the product is more versatile. Lavender essential oil: The main ingredient of body wash, lavender scent can soothe the body [&hellip;]","protected":false},"featured_media":1310,"menu_order":0,"template":"","meta":[],"product-tag":[],"products":[57],"class_list":["post-1309","product","type-product","status-publish","has-post-thumbnail","hentry","products-body-wash"],"acf":[],"_links":{"self":[{"href":"https:\/\/www.ruiqigo.com\/sv\/wp-json\/wp\/v2\/product\/1309","targetHints":{"allow":["GET"]}}],"collection":[{"href":"https:\/\/www.ruiqigo.com\/sv\/wp-json\/wp\/v2\/product"}],"about":[{"href":"https:\/\/www.ruiqigo.com\/sv\/wp-json\/wp\/v2\/types\/product"}],"version-history":[{"count":0,"href":"https:\/\/www.ruiqigo.com\/sv\/wp-json\/wp\/v2\/product\/1309\/revisions"}],"wp:featuredmedia":[{"embeddable":true,"href":"https:\/\/www.ruiqigo.com\/sv\/wp-json\/wp\/v2\/media\/1310"}],"wp:attachment":[{"href":"https:\/\/www.ruiqigo.com\/sv\/wp-json\/wp\/v2\/media?parent=1309"}],"wp:term":[{"taxonomy":"product-tag","embeddable":true,"href":"https:\/\/www.ruiqigo.com\/sv\/wp-json\/wp\/v2\/product-tag?post=1309"},{"taxonomy":"products","embeddable":true,"href":"https:\/\/www.ruiqigo.com\/sv\/wp-json\/wp\/v2\/products?post=1309"}],"curies":[{"name":"wp","href":"https:\/\/api.w.org\/{rel}","templated":true}]}}