{"id":1342,"date":"2024-10-24T18:01:05","date_gmt":"2024-10-24T10:01:05","guid":{"rendered":"https:\/\/ruiqigo.com\/?post_type=product&#038;p=1342"},"modified":"2024-10-28T15:45:52","modified_gmt":"2024-10-28T07:45:52","slug":"exfoliating-body-wash","status":"publish","type":"product","link":"https:\/\/www.ruiqigo.com\/sv\/product\/exfoliating-body-wash","title":{"rendered":"Exfolierande kroppstv\u00e4tt"},"content":{"rendered":"<h2 class=\"wp-block-heading\">Exfoliating Body Wash Tillverkar vanliga formler<\/h2>\n\n\n\n<p>I processen att g\u00f6ra denna exfolierande kroppstv\u00e4tt blandar vi vetenskapligt en m\u00e4ngd mycket effektiva ingredienser och kontrollerar strikt varje steg i produktionen f\u00f6r att s\u00e4kerst\u00e4lla produktens s\u00e4kerhet och effektivitet. H\u00e4r \u00e4r huvudingredienserna:<\/p>\n\n\n\n<p>1. Exfolierande partiklar: Vi extraherar n\u00e5gra naturliga exfolierande partiklar av jadebambu och mineralsalter och anpassar dem efter en viss proportion, vilket f\u00f6rsiktigt kan ta bort det \u00e5ldrande keratinet p\u00e5 huden, och de naturliga v\u00e4xtingredienserna kan ocks\u00e5 ge huden n\u00e4ring.<\/p>\n\n\n\n<p>2. Salicylsyra: Denna sura substans kan penetrera huden och hj\u00e4lpa till att l\u00f6sa upp och ta bort djupt keratin utan att \u00f6verirritera huden. Samtidigt fr\u00e4mja hudcellsregenerering, ih\u00e5llande anv\u00e4ndning kommer att g\u00f6ra huden sl\u00e4tare.<\/p>\n\n\n\n<p>3. Niacinamid: niacinamid kan hj\u00e4lpa huden att l\u00e5sa in vatten och f\u00f6rb\u00e4ttra hudens fuktgivande f\u00f6rm\u00e5ga; Och det kan ocks\u00e5 minska melaninavs\u00e4ttningen, f\u00f6r att uppn\u00e5 en viss blekningseffekt; Samtidigt har nikotinamid antioxidanteffekt och f\u00f6rdr\u00f6jer hudens \u00e5ldrande.<\/p>\n\n\n\n<p>4. Ytaktiva \u00e4mnen: Dessa ingredienser har god reng\u00f6ringsf\u00f6rm\u00e5ga, kan ta bort smuts och olja p\u00e5 hudens yta och h\u00e5lla huden fr\u00e4sch.<\/p>\n\n\n\n<p>5. Aromaterapi: Den kan tillf\u00f6ra en behaglig arom till duschgel\u00e9n, f\u00f6rb\u00e4ttra badupplevelsen och lugna kropp och sj\u00e4l.<\/p>\n\n\n\n<h2 class=\"wp-block-heading\">Funktionerna av exfolierande kroppstv\u00e4tt<\/h2>\n\n\n\n<p>Scrubs inneh\u00e5ller vanligtvis stora partiklar, kr\u00e4ver en kraftig massage av huden vid applicering och har ingen reng\u00f6rande funktion. S\u00e5 som en tillverkare fokuserad p\u00e5 personliga v\u00e5rdprodukter har vi utvecklat en exfolierande kroppstv\u00e4tt baserad p\u00e5 dessa nackdelar som skonsamt exfolierar, reng\u00f6r porerna p\u00e5 djupet och \u00e5terfuktar huden. De viktigaste effekterna \u00e4r f\u00f6ljande:<\/p>\n\n\n\n<p>1. Djupreng\u00f6ring: Exfolierande kroppstv\u00e4tt kan reng\u00f6ra porerna p\u00e5 djupet, minska ansamling av smuts och olja, hj\u00e4lpa till att f\u00f6rebygga akne, g\u00f6ra porerna mer fria och h\u00e5lla huden fr\u00e4sch och ren.<\/p>\n\n\n\n<p>2. Ta bort d\u00f6d hud: V\u00e5ra produkter inneh\u00e5ller exfolierande partiklar, som effektivt kan ta bort d\u00f6da hudceller och \u00e5ldrande nagelband p\u00e5 hudytan. L\u00e5ngvarig anv\u00e4ndning bidrar till att f\u00f6rb\u00e4ttra oj\u00e4mn hudton och g\u00f6ra huden sl\u00e4tare och k\u00e4nsligare.<\/p>\n\n\n\n<p>3. Lugnande och avslappnande: Denna exfolierande kroppstv\u00e4tt inneh\u00e5ller naturliga v\u00e4xtextrakt som \u00e5terfuktar och lugnar huden samtidigt som den exfolierar, hj\u00e4lper till att slappna av kroppen och sinnet och lindra tr\u00f6tthet.<\/p>\n\n\n\n<p>4. Ljusare hudton: Exfolieringsprocessen kan fr\u00e4mja \u00e4mnesoms\u00e4ttningen, minska hudens fina linjer och huden kan b\u00e4ttre absorbera n\u00e4rings\u00e4mnen. Ih\u00e5llande anv\u00e4ndning kan g\u00f6ra hudtonen ljusare och huden blir fastare och mer elastisk.<\/p>\n\n\n\n<h2 class=\"wp-block-heading\">Hur man anv\u00e4nder exfolierande kroppstv\u00e4tt f\u00f6r kroppsv\u00e5rd?<\/h2>\n\n\n\n<p>Korrekt anv\u00e4ndning av exfolierande kroppstv\u00e4tt kan hj\u00e4lpa dig att effektivt ta bort \u00e5ldrande peeling fr\u00e5n hudens yta och reng\u00f6ra dina porer p\u00e5 djupet. Vi v\u00e4ljer noggrant ut h\u00f6gkvalitativa r\u00e5varor och blandar dem genom att v\u00e4rma dem i proportion. Samtidigt testar vi de f\u00e4rdiga produkterna vad g\u00e4ller utseende, lukt, pH-v\u00e4rde etc. f\u00f6r att s\u00e4kerst\u00e4lla deras kvalitet och hygien.<\/p>\n\n\n\n<p>1. F\u00f6rberedelsefas: Bl\u00f6t kroppen med varmt vatten, speciellt de omr\u00e5den som beh\u00f6ver exfolieras, s\u00e5som armb\u00e5gar, kn\u00e4n m.m.<\/p>\n\n\n\n<p>2. Applicera massage: Applicera en l\u00e4mplig m\u00e4ngd exfolierande kroppstv\u00e4tt p\u00e5 handflatan eller skumn\u00e4tet, l\u00f6ddra och applicera j\u00e4mnt p\u00e5 hela kroppen, speciellt omr\u00e5det med en tjock nagelband. Massera f\u00f6rsiktigt med h\u00e4nderna, undvik \u00f6verdriven kraft, massagetiden \u00e4r i allm\u00e4nhet 3-5 minuter, f\u00f6r de delar av det tjocka hornlagret kan st\u00e4rkas massage, denna process kan reng\u00f6ra huden p\u00e5 djupet och ta bort det \u00e5ldrande keratinet.<\/p>\n\n\n\n<p>3. Sk\u00f6lj och \u00e5terfukta: Sk\u00f6lj av skummet med vatten och torka med en handduk f\u00f6r att se till att det inte finns n\u00e5gon kroppstv\u00e4tt kvar. Exfolierande kroppstv\u00e4tt kan hj\u00e4lpa till att \u00f6ppna porerna b\u00e4ttre, s\u00e5 applicera en fuktgivande bodylotion direkt efter tv\u00e4tt f\u00f6r att fr\u00e4mja absorption, l\u00e5sa in fukt och h\u00e5lla huden \u00e5terfuktad och sl\u00e4t.<\/p>\n\n\n\n<h2 class=\"wp-block-heading\">F\u00f6rsiktighet<\/h2>\n\n\n\n<p>1. Utf\u00f6r ett anafylaxitest f\u00f6re anv\u00e4ndning. Om en allergisk reaktion uppst\u00e5r, sluta anv\u00e4nda den omedelbart och kontakta en l\u00e4kare.<\/p>\n\n\n\n<p>2. Anv\u00e4ndningsfrekvensen f\u00f6r exfolierande duschgel rekommenderas 1-2 g\u00e5nger i veckan, b\u00f6r inte \u00f6veranv\u00e4ndas, annars blir huden torr och sk\u00f6r;<\/p>\n\n\n\n<p>3. Undvik att anv\u00e4nda p\u00e5 k\u00e4nsliga delar som ansikte, hals och privata delar f\u00f6r att undvika hudirritation;<\/p>\n\n\n\n<p>4. Vid anv\u00e4ndning b\u00f6r vattentemperaturen kontrolleras mellan 35-40 grader f\u00f6r att undvika f\u00f6r h\u00f6g vattentemperatur som kommer att f\u00f6rst\u00f6ra nagelbandet;<\/p>\n\n\n\n<p>5. Exfolierande duschgel kan anv\u00e4ndas med fuktgivande bodylotion, det rekommenderas att kontrollera ingredienserna f\u00f6re anv\u00e4ndning f\u00f6r att undvika att orsaka obehag;<\/p>\n\n\n\n<p>6. V\u00e5r kroppstv\u00e4tt rekommenderas att f\u00f6rvaras p\u00e5 en torr och sval plats, borta fr\u00e5n direkt solljus och h\u00f6ga temperaturer.<\/p>\n\n\n\n<h2 class=\"wp-block-heading\">Slutsats<\/h2>\n\n\n\n<p>Vi \u00e4r utrustade med avancerad produktionsutrustning och processer, oavsett om det \u00e4r val av r\u00e5material eller fyllning av f\u00e4rdiga produkter, vi kontrollerar strikt kvaliteten p\u00e5 exfolierande kroppstv\u00e4tt, f\u00f6r att s\u00e4kerst\u00e4lla att alla produkter \u00e4r i linje med ISO9001 kvalitetsledningssystemcertifiering och relevanta nationella s\u00e4kerhetsstandarder testning. Naturligtvis har vi en stark f\u00f6rs\u00f6rjningskedja, som kan s\u00e4kerst\u00e4lla slutf\u00f6randet av storskaliga best\u00e4llningar. Samtidigt tillhandah\u00e5ller vi ett komplett utbud av skr\u00e4ddarsydda tj\u00e4nster, vi kommer att skapa en speciell exfolierande kroppstv\u00e4tt f\u00f6r dig enligt dina krav, oavsett om det \u00e4r formel eller f\u00f6rpackning kommer vi att g\u00f6ra v\u00e5rt b\u00e4sta f\u00f6r att uppn\u00e5 den effekt du vill ha. Om du vill veta mer om v\u00e5r produktion, v\u00e4nligen kontakta oss omg\u00e5ende.<\/p>","protected":false},"excerpt":{"rendered":"Exfoliating Body Wash Manufacturing Common Formulas In the process of making this exfoliating body wash, we scientifically mix a variety of highly effective ingredients and strictly control every step of production to ensure the safety and effectiveness of the product. Here are the main ingredients: 1. Exfoliating particles: We extract some natural exfoliating particles of [&hellip;]","protected":false},"featured_media":1343,"menu_order":0,"template":"","meta":[],"product-tag":[],"products":[57],"class_list":["post-1342","product","type-product","status-publish","has-post-thumbnail","hentry","products-body-wash"],"acf":[],"_links":{"self":[{"href":"https:\/\/www.ruiqigo.com\/sv\/wp-json\/wp\/v2\/product\/1342","targetHints":{"allow":["GET"]}}],"collection":[{"href":"https:\/\/www.ruiqigo.com\/sv\/wp-json\/wp\/v2\/product"}],"about":[{"href":"https:\/\/www.ruiqigo.com\/sv\/wp-json\/wp\/v2\/types\/product"}],"version-history":[{"count":0,"href":"https:\/\/www.ruiqigo.com\/sv\/wp-json\/wp\/v2\/product\/1342\/revisions"}],"wp:featuredmedia":[{"embeddable":true,"href":"https:\/\/www.ruiqigo.com\/sv\/wp-json\/wp\/v2\/media\/1343"}],"wp:attachment":[{"href":"https:\/\/www.ruiqigo.com\/sv\/wp-json\/wp\/v2\/media?parent=1342"}],"wp:term":[{"taxonomy":"product-tag","embeddable":true,"href":"https:\/\/www.ruiqigo.com\/sv\/wp-json\/wp\/v2\/product-tag?post=1342"},{"taxonomy":"products","embeddable":true,"href":"https:\/\/www.ruiqigo.com\/sv\/wp-json\/wp\/v2\/products?post=1342"}],"curies":[{"name":"wp","href":"https:\/\/api.w.org\/{rel}","templated":true}]}}