{"id":1652,"date":"2024-11-08T16:53:12","date_gmt":"2024-11-08T08:53:12","guid":{"rendered":"https:\/\/ruiqigo.com\/?post_type=product&#038;p=1652"},"modified":"2025-09-03T15:21:29","modified_gmt":"2025-09-03T07:21:29","slug":"antiseptic-mouthwash","status":"publish","type":"product","link":"https:\/\/www.ruiqigo.com\/sv\/product\/antiseptic-mouthwash","title":{"rendered":"Antiseptisk munsk\u00f6lj"},"content":{"rendered":"<h2 class=\"wp-block-heading\">Tillverkning av antiseptiska munvatten Vanliga formler<\/h2>\n\n\n\n<p>Vi accepterar de ink\u00f6pta r\u00e5varorna, v\u00e4ger noggrant de accepterade materialen och tills\u00e4tter dem till blandningsprocessen enligt f\u00f6reskriven ordning. Genom vetenskaplig och rimlig formeldesign och strikt kvalitetskontroll kan vi producera s\u00e4kert och p\u00e5litligt bakteried\u00f6dande munsk\u00f6ljmedel som m\u00f6ter dina behov f\u00f6r munh\u00e4lsa. Flera av dessa ingredienser spelar en viktig roll f\u00f6r att fr\u00e4mja munh\u00e4lsan.<\/p>\n\n\n\n<p><strong>1. Salviaolja: <\/strong>Salviaolja har kraftfulla antibakteriella och antioxidativa egenskaper som effektivt d\u00f6dar bakterier som orsakar karies, f\u00f6rebygger och f\u00f6rb\u00e4ttrar orala sjukdomar och minskar \u00e4ven bildandet av plack. Dessutom kan den lindra oral inflammation, s\u00e5som muns\u00e5r, tandk\u00f6ttsinflammation och andra symtom.<\/p>\n\n\n\n<p><strong>2. Citronskalolja: <\/strong>Citronskalolja \u00e4r rik p\u00e5 antioxidanter, som kan skydda munceller fr\u00e5n skador och fr\u00e4mja reparation och regenerering av munslemhinnan. Den har ocks\u00e5 en stark h\u00e4mmande effekt som kan d\u00f6da bakterier och virus i munnen, medan v\u00e5rt munsk\u00f6ljmedel \u00e4r skonsammare och mindre irriterande f\u00f6r munslemhinnan. Dessutom har citronskalolja en fr\u00e4sch citronarom, som kan neutralisera lukter i munnen och h\u00e5lla munnen fr\u00e4sch och naturlig.<\/p>\n\n\n\n<p><strong>3. D\u00f6dahavssalt: <\/strong>D\u00f6dahavssalt inneh\u00e5ller en m\u00e4ngd olika mineraler och sp\u00e5r\u00e4mnen, som inte bara effektivt kan f\u00f6rst\u00f6ra bakteriernas livsmilj\u00f6 s\u00e5 att bakterier d\u00f6r av uttorkning, utan ocks\u00e5 tv\u00e4tta bort matrester och smuts p\u00e5 t\u00e4ndernas yta, vilket minskar produktionen av plack. Det ger ocks\u00e5 n\u00e4ring till munnen och fr\u00e4mjar munh\u00e4lsan. D\u00f6dahavssalt har en skonsam reng\u00f6rande och antiinflammatorisk effekt, vilket hj\u00e4lper till att lindra sm\u00e4rta vid inflammation s\u00e5som muns\u00e5r.<\/p>\n\n\n\n<p><strong>4. Natriumfluorid: <\/strong>Natriumfluorid har inte bara en antibakteriell effekt utan fr\u00e4mjar \u00e4ven remineraliseringen av t\u00e4nder och \u00f6kar t\u00e4ndernas h\u00e5rdhet, vilket f\u00f6rhindrar bildandet av karies.<\/p>\n\n\n\n<p><strong>5. Glycerin: <\/strong>Glycerin, som fuktighetskr\u00e4m, kan bibeh\u00e5lla munsk\u00f6ljets fuktighet och f\u00f6rhindra muntorrhet.<\/p>\n\n\n\n<p><strong>6. Klorhexidin: <\/strong>Det \u00e4r ett vanligt antibakteriellt medel som effektivt kan d\u00f6da bakterier i munnen och skydda tandh\u00e4lsan.<\/p>\n\n\n\n<h2 class=\"wp-block-heading\">Funktionerna hos antiseptisk munsk\u00f6lj<\/h2>\n\n\n\n<p>Antibakteriella munsk\u00f6ljmedel f\u00f6rebygger sjukdomar i munnen genom att minska antalet bakterier och t\u00e4cka specifika organismer. V\u00e5rt nyutvecklade bakteried\u00f6dande munsk\u00f6ljmedel kan d\u00f6da de flesta eller specifika typer av bakterier f\u00f6r att fr\u00e4mja l\u00e4kning och \u00e5terh\u00e4mtning i munnen och \u00e4r mer l\u00e4mpligt f\u00f6r personer med orala problem som inflammation. Dess huvudsakliga effekter \u00e4r:<\/p>\n\n\n\n<p><strong>1. Eliminering av bakterier: <\/strong>De antibakteriella komponenterna i bakteried\u00f6dande munsk\u00f6lj kan effektivt d\u00f6da bakterier i munnen, minska tillv\u00e4xten av plack och bakterier, f\u00f6rhindra uppkomsten av orala sjukdomar och ytterligare uppr\u00e4tth\u00e5lla munh\u00e4lsan. Samtidigt kan gurgling ocks\u00e5 ta bort matrester och smuts p\u00e5 t\u00e4nderna f\u00f6r att uppn\u00e5 en stark reng\u00f6ringseffekt.<\/p>\n\n\n\n<p><strong>2. F\u00f6rb\u00e4ttra d\u00e5lig andedr\u00e4kt: <\/strong>Vi bevarar doften av citronskalolja i maximal utstr\u00e4ckning, vilket kan neutralisera lukten i munnen, fr\u00e4scha upp andedr\u00e4kten och f\u00f6rb\u00e4ttra d\u00e5lig andedr\u00e4kt och personlig image vid l\u00e5ngvarig anv\u00e4ndning.<\/p>\n\n\n\n<p><strong>3. F\u00f6rhindra karies: <\/strong>Detta antiseptiska munsk\u00f6ljmedel ger n\u00e4rings\u00e4mnen som munnen beh\u00f6ver och st\u00e4rker tandemaljen, genom att bilda en skyddande film p\u00e5 t\u00e4ndernas yta f\u00f6r att ytterligare f\u00f6rhindra karies och karies.<\/p>\n\n\n\n<p><strong>4. Lindra obehag i munnen: <\/strong>Vid muns\u00e5r, tandk\u00f6ttsinflammation och annan inflammation i munnen spelar antiseptisk munsk\u00f6lj ocks\u00e5 en viktig roll. De antiinflammatoriska och lugnande ingredienserna i den kan lindra obehag och sm\u00e4rta orsakad av inflammation i munnen och fr\u00e4mja \u00e5terh\u00e4mtning av sjukdomar i munnen.<\/p>\n\n\n\n<p><strong>5. F\u00f6rb\u00e4ttra oral immunitet: <\/strong>F\u00f6rdelningen av nyttiga bakterier och skadliga bakterier i munnen kan bakteried\u00f6dande munsk\u00f6lj minska skadliga bakterier i munh\u00e5lan samtidigt som balansen mellan andra bakterier bibeh\u00e5lls, f\u00f6r att kontinuerligt f\u00f6rb\u00e4ttra oral immunitet och minska f\u00f6rekomsten av orala sjukdomar.<\/p>\n\n\n\n<p><strong>6. Lindra muntorrhet: <\/strong>De \u00e5terfuktande ingredienserna i munsk\u00f6lj kan h\u00e5lla munnen fuktig, lindra symtom p\u00e5 muntorrhet och f\u00f6rb\u00e4ttra problem som d\u00e5lig andedr\u00e4kt.<\/p>\n\n\n\n<h2 class=\"wp-block-heading\">Hur man anv\u00e4nder antiseptisk munsk\u00f6lj?<\/h2>\n\n\n\n<p>Som professionell tillverkare av antiseptiska munvatten f\u00f6ljer vi strikt branschens relevanta kvalitetsstandarder. Fr\u00e5n r\u00e5materialgranskning till f\u00e4rdig produktf\u00f6rpackning har vi motsvarande kvalitetstester f\u00f6r att s\u00e4kerst\u00e4lla varje produkts s\u00e4kerhet och effektivitet. Vi kommer ocks\u00e5 att beskriva dess bruksanvisning i detalj.<\/p>\n\n\n\n<p><strong>1. Ta m\u00e4ngden: <\/strong>Ta f\u00f6rst l\u00e4mplig m\u00e4ngd antiseptisk munsk\u00f6lj (10~20 ml). V\u00e5r flasklock har en skala som kan hj\u00e4lpa dig att ta den exakta m\u00e4ngden.<\/p>\n\n\n\n<p><strong>2. Gurgla: <\/strong>Munsk\u00f6ljet sitter i munnen och har full kontakt med insidan av munnen och t\u00e4cker alla delar av munnen s\u00e5 l\u00e5ngt som m\u00f6jligt f\u00f6r att avl\u00e4gsna bakterier och matrester fr\u00e5n munnen.<\/p>\n\n\n\n<p><strong>3. Tid: <\/strong>Hela gurglingstiden kontrolleras mellan 30 sekunder och 1 minut f\u00f6r att s\u00e4kerst\u00e4lla att munsk\u00f6ljet fullt ut kan spela sin bakteried\u00f6dande roll.<\/p>\n\n\n\n<p><strong>4. Spotta ut: <\/strong>Spotta ut munsk\u00f6ljet efter att du gurglat, undvik att sv\u00e4lja, sk\u00f6lj inte med vatten tv\u00e5 g\u00e5nger.<\/p>\n\n\n\n<h2 class=\"wp-block-heading\">F\u00f6rsiktighet<\/h2>\n\n\n\n<p>1. Det rekommenderas att anv\u00e4nda produkten enligt anvisningarna f\u00f6r att undvika att den sv\u00e4ljs och att \u00f6veranv\u00e4ndningen f\u00f6rst\u00f6rs, vilket kan leda till orala problem.<\/p>\n\n\n\n<p>2. Det rekommenderas att anv\u00e4nda efter varje m\u00e5ltid eller f\u00f6re n\u00f6dsituationer, med en dos p\u00e5 10~20 ml varje g\u00e5ng, undvik frekvent anv\u00e4ndning.<\/p>\n\n\n\n<p>3. Det rekommenderas att regelbundet byta olika typer av antiseptiskt munsk\u00f6ljmedel f\u00f6r att undvika l\u00e4kemedelsresistens.<\/p>\n\n\n\n<p>4. Om en allergisk reaktion eller obehag uppst\u00e5r under anv\u00e4ndning, sluta anv\u00e4nda produkten omedelbart och kontakta l\u00e4kare.<\/p>\n\n\n\n<p>5. Gravida kvinnor, barn och andra specialgrupper b\u00f6r anv\u00e4ndas under l\u00e4karnas ledning.<\/p>\n\n\n\n<p>6. Munsk\u00f6lj \u00e4r endast en hj\u00e4lpande funktion i munv\u00e5rden, det rekommenderas att forts\u00e4tta borsta t\u00e4nderna och anv\u00e4nda tandtr\u00e5d morgon och kv\u00e4ll.<\/p>\n\n\n\n<h2 class=\"wp-block-heading\">Slutsats<\/h2>\n\n\n\n<p>Med djup branscherfarenhet och avancerad produktionsteknik \u00e4r v\u00e5r fabrik engagerad i att f\u00f6rse dig med h\u00f6gkvalitativa, storskaliga och m\u00e5ngsidiga kundanpassade tj\u00e4nster. V\u00e5r munsk\u00f6ljformula kommer att skr\u00e4ddarsys efter dina specifika behov f\u00f6r att hj\u00e4lpa dig att f\u00f6rb\u00e4ttra din varum\u00e4rkesimage. <\/p>\n\n\n\n<p>Samtidigt kontrollerar vi \u00e4ven strikt produkternas kvalitet, i produktionsprocessen med ett flerkanaligt kvalitetsinspektionssystem f\u00f6r att s\u00e4kerst\u00e4lla att v\u00e5ra produkter uppfyller relevanta branschstandarder b\u00e5de hemma och utomlands s\u00e5 att du kan vara s\u00e4ker p\u00e5 anv\u00e4ndningen. <\/p>\n\n\n\n<p>Om du ocks\u00e5 vill sticka ut p\u00e5 munsk\u00f6ljmarknaden, v\u00e4nligen kontakta oss.<\/p>","protected":false},"excerpt":{"rendered":"Antiseptic Mouthwash Manufacturing Common Formulas We will accept the purchased raw materials, accurately weigh the accepted materials, and add them to the mixing process by the prescribed order. Through scientific and reasonable formula design and strict quality control, we can produce safe and reliable germicidal mouthwash to meet your needs for oral health. Several of [&hellip;]","protected":false},"featured_media":1653,"menu_order":0,"template":"","meta":[],"product-tag":[201,206,208,212,213,214,215,216],"products":[72],"class_list":["post-1652","product","type-product","status-publish","has-post-thumbnail","hentry","product-tag-mouthwash-manufacturer","product-tag-mouthwash-companies","product-tag-mouthwash-suppliers","product-tag-mouthwash-contract-manufacturer","product-tag-antiseptic-mouthwashes-manufacturer","product-tag-mouthwash-manufacturers-usa","product-tag-chlorhexidine-mouthwash-manufacturer","product-tag-private-label-mouthwash-manufacturers","products-mouthwash"],"acf":[],"_links":{"self":[{"href":"https:\/\/www.ruiqigo.com\/sv\/wp-json\/wp\/v2\/product\/1652","targetHints":{"allow":["GET"]}}],"collection":[{"href":"https:\/\/www.ruiqigo.com\/sv\/wp-json\/wp\/v2\/product"}],"about":[{"href":"https:\/\/www.ruiqigo.com\/sv\/wp-json\/wp\/v2\/types\/product"}],"version-history":[{"count":0,"href":"https:\/\/www.ruiqigo.com\/sv\/wp-json\/wp\/v2\/product\/1652\/revisions"}],"wp:featuredmedia":[{"embeddable":true,"href":"https:\/\/www.ruiqigo.com\/sv\/wp-json\/wp\/v2\/media\/1653"}],"wp:attachment":[{"href":"https:\/\/www.ruiqigo.com\/sv\/wp-json\/wp\/v2\/media?parent=1652"}],"wp:term":[{"taxonomy":"product-tag","embeddable":true,"href":"https:\/\/www.ruiqigo.com\/sv\/wp-json\/wp\/v2\/product-tag?post=1652"},{"taxonomy":"products","embeddable":true,"href":"https:\/\/www.ruiqigo.com\/sv\/wp-json\/wp\/v2\/products?post=1652"}],"curies":[{"name":"wp","href":"https:\/\/api.w.org\/{rel}","templated":true}]}}