{"id":1851,"date":"2024-11-20T15:18:41","date_gmt":"2024-11-20T07:18:41","guid":{"rendered":"https:\/\/ruiqigo.com\/?post_type=product&#038;p=1851"},"modified":"2024-11-21T16:13:50","modified_gmt":"2024-11-21T08:13:50","slug":"leave-in-conditioner","status":"publish","type":"product","link":"https:\/\/www.ruiqigo.com\/sv\/product\/leave-in-conditioner","title":{"rendered":"Leave-in balsam"},"content":{"rendered":"<h2 class=\"wp-block-heading\">Leave-in balsam som tillverkar vanliga formler<\/h2>\n\n\n\n<p>I produktionen av leave-in balsam anv\u00e4nder v\u00e5rt forsknings- och utvecklingsteam en m\u00e4ngd olika innovativa formuleringar f\u00f6r att m\u00f6ta dina olika smaker och behov. Som en professionell tillverkare av leave-in balsam \u00e4r v\u00e5rt urval av r\u00e5varor ocks\u00e5 mycket strikt, med naturliga och l\u00e4tta r\u00e5varor f\u00f6r att s\u00e4kerst\u00e4lla att varje flaska kan uppn\u00e5 h\u00f6g kvalitet. Huvudingredienserna \u00e4r:<\/p>\n\n\n\n<p>1. Naturlig v\u00e4xtessens: Den naturliga aromen av naturlig v\u00e4xtessens kan lugna h\u00e5rbotten och slappna av i kropp och sj\u00e4l samtidigt som den balanserar oljeuts\u00f6ndringen.<\/p>\n\n\n\n<p>2. Naturliga oljor: s\u00e5som arganolja, kan ge rik n\u00e4ring. Dessa naturliga oljor hj\u00e4lper till att reparera skadat h\u00e5r, g\u00e5r djupt in i h\u00e5ret, ger n\u00e4ring till r\u00f6tterna och g\u00f6r h\u00e5ret friskare och mer energiskt.<\/p>\n\n\n\n<p>3. Fuktgivande medel: glycerin och andra fuktgivande medel, kan komplettera vatten, varaktig \u00e5terfuktande, minska h\u00e5rbrott och friss, och g\u00f6ra h\u00e5ret mer elastiskt.<\/p>\n\n\n\n<p>4. Antioxidanter: Antioxidanter kan skydda h\u00e5ret fr\u00e5n skador p\u00e5 fria radikaler, f\u00f6rhindra att h\u00e5ret \u00e5ldras, torka och kluvna h\u00e5rtoppar och g\u00f6ra v\u00e5rt h\u00e5r starkare och friskare. Vanliga antioxidanter inkluderar vitamin E och tepolyfenoler.<\/p>\n\n\n\n<p>5. Silikonolja: Silikonolja kan ge en omedelbar j\u00e4mn effekt, minska brottet p\u00e5 h\u00e5rgaffelknuten under kamning och skydda v\u00e5rt h\u00e5r fr\u00e5n yttre skador.<\/p>\n\n\n\n<h2 class=\"wp-block-heading\">Funktionerna hos leave-in balsam<\/h2>\n\n\n\n<p>V\u00e5r leave-in balsam har inte bara en m\u00e4ngd olika formuleringar utan \u00e4r ocks\u00e5 l\u00e4tt att anv\u00e4nda, med flera funktioner, vilket kan visa sin unika konkurrenskraft p\u00e5 balsammarknaden. H\u00e4r \u00e4r dess huvudfunktioner:<\/p>\n\n\n\n<p>1. \u00c5terfuktande och \u00e5terfuktande: Den \u00e5terfuktande ingrediensen i leave-in balsam kan ge tillr\u00e4ckligt med fukt och n\u00e4ring till h\u00e5ret, djupt in i h\u00e5rstr\u00e5na och \u00e5terfuktar h\u00e5rr\u00f6tterna. Den l\u00e5ngvariga fuktgivande effekten hj\u00e4lper till att g\u00f6ra h\u00e5ret mjukare, sl\u00e4tare och gl\u00e4nsande.<\/p>\n\n\n\n<p>2. F\u00f6rb\u00e4ttra h\u00e5rkvaliteten: L\u00e5ngvarig anv\u00e4ndning av v\u00e5rt leave-in balsam kan bidra till att f\u00f6rb\u00e4ttra h\u00e5rkvaliteten, och de aktiva ingredienserna i v\u00e5ra produkter kan reparera skadade h\u00e5rfj\u00e4ll och d\u00e4rigenom \u00e5terst\u00e4lla h\u00e5ret och fr\u00e4mja en sund h\u00e5rv\u00e4xt.<\/p>\n\n\n\n<p>3. Styling: Vi anv\u00e4nder l\u00e4tta ingredienser som \u00e4r l\u00e4ttare och mindre stressande \u00e4n eteriska oljor f\u00f6r h\u00e5rv\u00e5rd. Efter anv\u00e4ndning kan den j\u00e4mna ut krusningen, eliminera besv\u00e4ret med bifurkation och knut, vara l\u00e4tt att ta hand om och skapa olika former.<\/p>\n\n\n\n<p>4. F\u00f6rhindra statisk elektricitet: V\u00e5r leave-in balsam har antistatiska egenskaper som minskar friktionen mellan h\u00e5ret f\u00f6r att minska laddningsackumulering och d\u00e4rmed f\u00f6rhindra statisk elektricitet, speciellt i torra milj\u00f6er.<\/p>\n\n\n\n<p>5. Uppfriskande oljekontroll: J\u00e4mf\u00f6rt med vanliga balsam \u00e4r v\u00e5ra leave-in balsam l\u00e4ttare och l\u00e4ttare. S\u00e5 f\u00f6r fett h\u00e5r kan det effektivt kontrollera olja och h\u00e5lla h\u00e5ret fr\u00e4scht och gl\u00e4nsande.<\/p>\n\n\n\n<p>6. Skyddsbarri\u00e4r: Antioxidanterna i leave-in balsam kommer att bilda en skyddande film som kan motst\u00e5 skador fr\u00e5n den yttre milj\u00f6n s\u00e5som varmluftstorkning och ultravioletta str\u00e5lar.<\/p>\n\n\n\n<h2 class=\"wp-block-heading\">Hur man anv\u00e4nder Leave-in balsam p\u00e5 h\u00e5ret?<\/h2>\n\n\n\n<p>Som en bekv\u00e4m h\u00e5rv\u00e5rdsprodukt \u00e4r v\u00e5rt leave-in balsam l\u00e4tt att anv\u00e4nda och passar f\u00f6r de flesta tillf\u00e4llen. Vi kan ocks\u00e5 designa l\u00e4mpliga f\u00f6rpackningar efter dina olika behov f\u00f6r scenen, s\u00e5som familj, resor och s\u00e5 vidare. Vi kommer ocks\u00e5 att markera anv\u00e4ndningen av den p\u00e5 f\u00f6rpackningen, jag hoppas att du kan l\u00e4sa den innan anv\u00e4ndning.<\/p>\n\n\n\n<p>1. Torka f\u00f6rsiktigt h\u00e5ret med en handduk efter reng\u00f6ring;<\/p>\n\n\n\n<p>2. Applicera en l\u00e4mplig m\u00e4ngd leave-in balsam p\u00e5 handflatan, och applicera det j\u00e4mnt i mitten till slutet av h\u00e5ret;<\/p>\n\n\n\n<p>3. Kamma h\u00e5ret med en h\u00e5rkam eller fingrarna.<\/p>\n\n\n\n<p>4. Torka med h\u00e5rtork eller lufttorka<\/p>\n\n\n\n<h2 class=\"wp-block-heading\">F\u00f6rsiktighet<\/h2>\n\n\n\n<p>1. Om du inte m\u00e5r bra innan du anv\u00e4nder det avancerade allergitestet f\u00f6r f\u00f6rsta g\u00e5ngen, sluta omedelbart att anv\u00e4nda det och kontakta en l\u00e4kare.<\/p>\n\n\n\n<p>2. Det rekommenderas att anv\u00e4nda det inte mer \u00e4n tv\u00e5 g\u00e5nger i veckan f\u00f6r att undvika \u00f6verskottsn\u00e4ring eller st\u00f6rningar i uts\u00f6ndringen av h\u00e5rbottenolja.<\/p>\n\n\n\n<p>3. Ta en m\u00e5ttlig m\u00e4ngd varje g\u00e5ng, beroende p\u00e5 din h\u00e5rl\u00e4ngd, f\u00f6r att undvika \u00f6verdrivet fett h\u00e5r.<\/p>\n\n\n\n<p>4. V\u00e4lj r\u00e4tt leave-in balsam f\u00f6r ditt h\u00e5r.<\/p>\n\n\n\n<p>5. Undvik kontakt med \u00f6gonen. Vid kontakt med \u00f6gonen, sk\u00f6lj omedelbart med vatten.<\/p>\n\n\n\n<p>6. Det rekommenderas att f\u00f6rvara p\u00e5 en sval och torr plats, undvik direkt solljus och exponering f\u00f6r h\u00f6g temperatur.<\/p>\n\n\n\n<h2 class=\"wp-block-heading\">Slutsats<\/h2>\n\n\n\n<p>Som en h\u00f6gkvalitativ tillverkare av leave-in balsam fokuserar vi p\u00e5 produktinnovation och differentiering, och utvecklar st\u00e4ndigt produkter f\u00f6r att passa olika h\u00e5rv\u00e5rdsbehov. I produktionen har v\u00e5rt forsknings- och utvecklingsteam noggrant utvalt och vetenskapligt matchat en m\u00e4ngd naturliga n\u00e4rande ingredienser, engagerade i att skapa effektiv h\u00e5rv\u00e5rd f\u00f6r dig, l\u00e4ttanv\u00e4nt leave-in h\u00e5rbalsam. <\/p>\n\n\n\n<p>Samtidigt erbjuder vi unika skr\u00e4ddarsydda tj\u00e4nster, diversifierad design bidrar till att \u00f6ka varum\u00e4rkets inflytande. Dessutom har vi satt upp en serie strikta kvalitetskontrollsystem f\u00f6r produktion av produkter, som syftar till att ge dig s\u00e4kra och effektiva produkter. <\/p>\n\n\n\n<p>Om du \u00e4r intresserad av v\u00e5rt leave-in balsam, v\u00e4nligen kontakta oss omedelbart.<\/p>","protected":false},"excerpt":{"rendered":"Leave-in Conditioner Manufacturing Common Formulas In the production of leave-in conditioners, our research and development team uses a variety of innovative formulations to meet your different tastes and needs. As a professional leave-in conditioner manufacturer, our selection of raw materials is also very strict, using natural and lightweight raw materials to ensure that every bottle [&hellip;]","protected":false},"featured_media":1852,"menu_order":0,"template":"","meta":[],"product-tag":[],"products":[52],"class_list":["post-1851","product","type-product","status-publish","has-post-thumbnail","hentry","products-conditioner"],"acf":[],"_links":{"self":[{"href":"https:\/\/www.ruiqigo.com\/sv\/wp-json\/wp\/v2\/product\/1851","targetHints":{"allow":["GET"]}}],"collection":[{"href":"https:\/\/www.ruiqigo.com\/sv\/wp-json\/wp\/v2\/product"}],"about":[{"href":"https:\/\/www.ruiqigo.com\/sv\/wp-json\/wp\/v2\/types\/product"}],"version-history":[{"count":0,"href":"https:\/\/www.ruiqigo.com\/sv\/wp-json\/wp\/v2\/product\/1851\/revisions"}],"wp:featuredmedia":[{"embeddable":true,"href":"https:\/\/www.ruiqigo.com\/sv\/wp-json\/wp\/v2\/media\/1852"}],"wp:attachment":[{"href":"https:\/\/www.ruiqigo.com\/sv\/wp-json\/wp\/v2\/media?parent=1851"}],"wp:term":[{"taxonomy":"product-tag","embeddable":true,"href":"https:\/\/www.ruiqigo.com\/sv\/wp-json\/wp\/v2\/product-tag?post=1851"},{"taxonomy":"products","embeddable":true,"href":"https:\/\/www.ruiqigo.com\/sv\/wp-json\/wp\/v2\/products?post=1851"}],"curies":[{"name":"wp","href":"https:\/\/api.w.org\/{rel}","templated":true}]}}