{"id":1909,"date":"2024-11-22T15:17:58","date_gmt":"2024-11-22T07:17:58","guid":{"rendered":"https:\/\/ruiqigo.com\/?post_type=product&#038;p=1909"},"modified":"2024-11-22T15:17:59","modified_gmt":"2024-11-22T07:17:59","slug":"hand-cream-for-dry-hands","status":"publish","type":"product","link":"https:\/\/www.ruiqigo.com\/sv\/product\/hand-cream-for-dry-hands","title":{"rendered":"Handkr\u00e4m f\u00f6r torra h\u00e4nder"},"content":{"rendered":"<h2 class=\"wp-block-heading\">Handkr\u00e4m f\u00f6r torra h\u00e4nder som tillverkar vanliga formler<\/h2>\n\n\n\n<p>F\u00f6r torra h\u00e4nder anv\u00e4nder v\u00e5rt forsknings- och utvecklingsteam en unik formula med ett urval av naturliga v\u00e4xtextrakt och fuktgivande ingredienser, som \u00e4r skonsamma mot huden och ger utm\u00e4rkta \u00e5terfuktande och reparerande effekter p\u00e5 h\u00e4nderna. L\u00e5t oss ta en titt p\u00e5 huvudrollen f\u00f6r dessa ingredienser:<\/p>\n\n\n\n<p>1. Eterisk lavendelolja: Eterisk lavendelolja har antibakteriella och antiinflammatoriska effekter, vilket kan minska inflammation och rodnad i handhuden och fr\u00e4mja reparation och regenerering av skadad hud. Samtidigt har den ocks\u00e5 en lugnande effekt, som bidrar till att slappna av i kropp och sj\u00e4l, lindra stress och ge dig en trevlig upplevelse.<\/p>\n\n\n\n<p>2. Glycerin: Glycerin har en starkt \u00e5terfuktande och vattenl\u00e5sande effekt, som kan bilda en skyddande hinna p\u00e5 huden, effektivt l\u00e5sa vatten, f\u00f6rhindra avdunstning och g\u00f6ra dina h\u00e4nder mer \u00e5terfuktade. Dessutom kan den ocks\u00e5 reglera hudbarri\u00e4ren, minska yttre skador och bidrar till att reparera den skadade hudbarri\u00e4ren.<\/p>\n\n\n\n<p>3. Hyaluronsyra: Det \u00e4r ocks\u00e5 en mycket effektiv fuktgivande ingrediens, och den ger ocks\u00e5 n\u00e4rings\u00e4mnen som effektivt kan reparera problem som orsakas av torrhet och skador. Samtidigt \u00e4r hyaluronsyra en viktig komponent f\u00f6r att st\u00f6dja hudens elasticitet, vilket kan hj\u00e4lpa handhuden att \u00e5terst\u00e4lla elasticiteten, lindra \u00e5ldrandet och strama upp.<\/p>\n\n\n\n<p>4. Sheasm\u00f6r: Sheasm\u00f6r har en betydande \u00e5terfuktande och n\u00e4rande effekt, som kan \u00e5terfukta och ge n\u00e4ring till epidermala celler under l\u00e5ng tid, och ytterligare lindra problemet med torr och str\u00e4v hud p\u00e5 h\u00e4nderna. Den har ocks\u00e5 antiinflammatoriska och UV-best\u00e4ndiga egenskaper, som kan lindra inflammation och obehag och fr\u00e4mja hudreparation och regenerering, samtidigt som den skyddar handens hud fr\u00e5n UV-skador och g\u00f6r huden friskare och fastare.<\/p>\n\n\n\n<p>5. Vitamin E: Vitamin E \u00e4r en stark antioxidant som kan motst\u00e5 fria radikaler p\u00e5 huden och f\u00f6rhindra att huden \u00e5ldras. Det har ocks\u00e5 en blekande effekt, vilket bidrar till att minska avlagringen av subkutant pigment och g\u00f6ra huden p\u00e5 handen ljusare. Samtidigt kan det p\u00e5skynda reparationen av stratum corneum, vilket kan hj\u00e4lpa till att \u00e5terh\u00e4mta skadad eller torr hud.<\/p>\n\n\n\n<h2 class=\"wp-block-heading\">Handkr\u00e4mens funktioner f\u00f6r torra h\u00e4nder<\/h2>\n\n\n\n<p>Som en professionell tillverkare av handkr\u00e4m har vi utformat motsvarande formel efter tillst\u00e5ndet p\u00e5 handens hud, i hopp om att m\u00f6ta olika preferenser och behov. Multifunktionella handkr\u00e4mer \u00e4r ocks\u00e5 en av v\u00e5ra konkurrensf\u00f6rdelar. V\u00e5ra handkr\u00e4mer passar de flesta och kan p\u00e5 djupet \u00e5terfukta, \u00e5terst\u00e4lla elasticiteten, reparera barri\u00e4rer och f\u00e5 din handhud att gl\u00f6da igen.<\/p>\n\n\n\n<p>1. F\u00f6rhindra torrhet och peeling: V\u00e5ra handkr\u00e4mer \u00e4r rika p\u00e5 \u00e5terfuktande faktorer och n\u00e4rande ingredienser som tr\u00e4nger djupt in i huden, ger fukt och n\u00e4rings\u00e4mnen och l\u00e5ser in fukt f\u00f6r varaktig \u00e5terfuktning. N\u00e4rande ingredienser reparerar skadad hud och fr\u00e4mjar l\u00e4kning och regenerering. L\u00e5ngvarig anv\u00e4ndning kommer att g\u00f6ra dina torra, grova, skalande h\u00e4nder \u00e5terfuktade och friska.<\/p>\n\n\n\n<p>2. F\u00f6rhindra \u00e5ldrande: Den antioxidantingrediens vi tillf\u00f6r, hyaluronsyra, kan effektivt fr\u00e4mja produktionen av kollagen s\u00e5 att din handhud blir mer fast och elastisk, och ytterligare uppn\u00e5 effekten av anti-aging.<\/p>\n\n\n\n<p>3. Stimulera nageltillv\u00e4xt: Handkr\u00e4mer fr\u00e4mjar nageltillv\u00e4xt genom att \u00e5terfukta huden runt nageln f\u00f6r att minska friktionen och motst\u00e5ndet som nageln kan st\u00f6ta p\u00e5 under tillv\u00e4xten, och ytterligare mjuka upp nagelbandet, vilket g\u00f6r huden runt nageln friskare.<\/p>\n\n\n\n<p>4. Lugnande: Doften av handkr\u00e4m har en lugnande effekt, som kan slappna av kropp och sj\u00e4l, lindra stress och ge dig en trevlig upplevelse.<\/p>\n\n\n\n<p>5. F\u00f6rb\u00e4ttra hudf\u00e4rg: Vi har ocks\u00e5 lagt till n\u00e5gra vitare ingredienser, som bidrar till att f\u00f6rb\u00e4ttra h\u00e4ndernas tr\u00e5kiga situation, l\u00e5ngvarig anv\u00e4ndning kan g\u00f6ra v\u00e5r handhud mer k\u00e4nslig och ljus.<\/p>\n\n\n\n<p>6. Skyddsbarri\u00e4r: N\u00e4r du applicerar v\u00e5r handkr\u00e4m kommer den att bilda en naturlig skyddsfilm, som bidrar till att blockera skadorna fr\u00e5n den yttre milj\u00f6n, s\u00e5som ultraviolett ljus, torr milj\u00f6 etc. s\u00e5 att du kan arbeta s\u00e4kert utomhus.<\/p>\n\n\n\n<h2 class=\"wp-block-heading\">Hur man anv\u00e4nder handkr\u00e4m f\u00f6r torra h\u00e4nder?<\/h2>\n\n\n\n<p>V\u00e5r speciella handkr\u00e4m f\u00f6r torra h\u00e4nder kan anv\u00e4ndas i m\u00e5nga situationer, som efter handtv\u00e4tt, kalla och torra \u00e5rstider, utomhusaktiviteter etc. Dess f\u00f6rpackning \u00e4r designad f\u00f6r att vara l\u00e4tt att b\u00e4ra och kan anv\u00e4ndas p\u00e5 beg\u00e4ran. F\u00f6r att s\u00e4kerst\u00e4lla kvaliteten och s\u00e4kerheten f\u00f6r v\u00e5ra produkter har vi olika kvalitetsledningssystem i hela produktionsprocessen f\u00f6r att testa utseende, prestanda och andra aspekter av handkr\u00e4m. S\u00e4ttet att anv\u00e4nda det \u00e4r ocks\u00e5 markerat p\u00e5 produktf\u00f6rpackningen.<\/p>\n\n\n\n<p>1. Reng\u00f6r h\u00e4nder: Reng\u00f6r h\u00e4nderna f\u00f6rst f\u00f6r att undvika smuts och andra rester som p\u00e5verkar handkr\u00e4mens handtv\u00e4ttseffekt.<\/p>\n\n\n\n<p>2. Applicera j\u00e4mnt: Ta en l\u00e4mplig m\u00e4ngd handkr\u00e4m (ca 1,5 cm i diameter) och applicera den p\u00e5 handflatan f\u00f6rst, och applicera den sedan p\u00e5 varandra med b\u00e5da h\u00e4nderna f\u00f6r att s\u00e4kerst\u00e4lla att varje h\u00f6rn \u00e4r t\u00e4ckt, speciellt tigerns mun, nagelkanten, mellan fingrarna och andra platser som l\u00e4tt kan f\u00f6rbises.<\/p>\n\n\n\n<p>3. Korrekt massage: Massera f\u00f6rsiktigt in handens hud med b\u00e5da h\u00e4nderna efter applicering f\u00f6r att fr\u00e4mja blodcirkulationen och absorptionen av handkr\u00e4m, speciellt fingertopparna och handflatorna.<\/p>\n\n\n\n<h2 class=\"wp-block-heading\">F\u00f6rsiktighet<\/h2>\n\n\n\n<p>1. Utf\u00f6r ett allergitest n\u00e4r du anv\u00e4nder den f\u00f6r f\u00f6rsta g\u00e5ngen. Om obehag uppst\u00e5r, sluta anv\u00e4nda omedelbart och kontakta en l\u00e4kare f\u00f6r r\u00e5d.<\/p>\n\n\n\n<p>2. V\u00e4lj olika handkr\u00e4mer efter s\u00e4song och din hudtyp.<\/p>\n\n\n\n<p>3. Undvik att tv\u00e4tta h\u00e4nderna ofta, vilket kan torka ut h\u00e4nderna.<\/p>\n\n\n\n<p>4. Undvik att applicera f\u00f6r tjock handkr\u00e4m. En f\u00f6r tjock handkr\u00e4m g\u00f6r att dina h\u00e4nder k\u00e4nns feta och obekv\u00e4ma.<\/p>\n\n\n\n<p>5. Det rekommenderas att f\u00f6rvara p\u00e5 en sval och torr plats och h\u00e5lla den f\u00f6rseglad f\u00f6r att undvika direkt solljus och milj\u00f6er med h\u00f6ga temperaturer.<\/p>\n\n\n\n<h2 class=\"wp-block-heading\">Slutsats<\/h2>\n\n\n\n<p>Som en tillverkare som \u00e4r dedikerad till att skapa h\u00f6gkvalitativ handkr\u00e4m f\u00f6r torra h\u00e4nder, \u00e4r vi utrustade med avancerad produktionsutrustning och automatiserade produktionslinjer, etablerade ett bra kvalitetsledningssystem och har ocks\u00e5 ett professionellt FoU-team och ett stabilt f\u00f6rs\u00f6rjningskedjasystem. D\u00e4rf\u00f6r, oavsett om det \u00e4r en stor order eller en liten order, kan vi effektivt slutf\u00f6ra kvaliteten. Inte nog med det, vi har ocks\u00e5 en unik anpassningstj\u00e4nst som kommer att skr\u00e4ddarsys efter dina behov f\u00f6r att anpassa din handkr\u00e4msformel. Kontakta oss g\u00e4rna om du \u00e4r intresserad av v\u00e5r handkr\u00e4m.<\/p>\n\n\n\n<p><\/p>","protected":false},"excerpt":{"rendered":"Hand Cream For Dry Hands Manufacturing Common Formulas For dry hands, our research and development team uses a unique formula with a selection of natural plant extracts and moisturizing ingredients, which are gentle on the skin and give excellent moisturizing and repairing effects on the hands. Let&#8217;s take a look at the main role of [&hellip;]","protected":false},"featured_media":1910,"menu_order":0,"template":"","meta":[],"product-tag":[],"products":[58],"class_list":["post-1909","product","type-product","status-publish","has-post-thumbnail","hentry","products-hand-cream"],"acf":[],"_links":{"self":[{"href":"https:\/\/www.ruiqigo.com\/sv\/wp-json\/wp\/v2\/product\/1909","targetHints":{"allow":["GET"]}}],"collection":[{"href":"https:\/\/www.ruiqigo.com\/sv\/wp-json\/wp\/v2\/product"}],"about":[{"href":"https:\/\/www.ruiqigo.com\/sv\/wp-json\/wp\/v2\/types\/product"}],"version-history":[{"count":0,"href":"https:\/\/www.ruiqigo.com\/sv\/wp-json\/wp\/v2\/product\/1909\/revisions"}],"wp:featuredmedia":[{"embeddable":true,"href":"https:\/\/www.ruiqigo.com\/sv\/wp-json\/wp\/v2\/media\/1910"}],"wp:attachment":[{"href":"https:\/\/www.ruiqigo.com\/sv\/wp-json\/wp\/v2\/media?parent=1909"}],"wp:term":[{"taxonomy":"product-tag","embeddable":true,"href":"https:\/\/www.ruiqigo.com\/sv\/wp-json\/wp\/v2\/product-tag?post=1909"},{"taxonomy":"products","embeddable":true,"href":"https:\/\/www.ruiqigo.com\/sv\/wp-json\/wp\/v2\/products?post=1909"}],"curies":[{"name":"wp","href":"https:\/\/api.w.org\/{rel}","templated":true}]}}