{"id":2135,"date":"2024-12-04T16:06:10","date_gmt":"2024-12-04T08:06:10","guid":{"rendered":"https:\/\/ruiqigo.com\/?post_type=product&#038;p=2135"},"modified":"2024-12-04T16:07:39","modified_gmt":"2024-12-04T08:07:39","slug":"natural-body-lotion","status":"publish","type":"product","link":"https:\/\/www.ruiqigo.com\/sv\/product\/natural-body-lotion","title":{"rendered":"Naturlig kroppslotion"},"content":{"rendered":"<h2 class=\"wp-block-heading\">Tillverkning av naturliga kroppslotioner Vanliga formler<\/h2>\n\n\n\n<p>F\u00f6r att s\u00e4kerst\u00e4lla att ingredienserna \u00e4r milda och inte orsakar hudirritation har v\u00e5rt forsknings- och utvecklingsteam valt ut en m\u00e4ngd olika rena ingredienser. Utvalda r\u00e5varor blandas i produktionsprocessen f\u00f6r att garantera s\u00e4kerheten och effektiviteten hos v\u00e5r naturliga kroppsmj\u00f6lk.<\/p>\n\n\n\n<p>1. Glycerin: Glycerin \u00e4r en vanligt f\u00f6rekommande fuktighetskr\u00e4m som absorberar fukt fr\u00e5n luften och bildar en hinna p\u00e5 huden, vilket effektivt hj\u00e4lper huden att beh\u00e5lla fukten. Den ger l\u00e5ngvariga \u00e5terfuktande effekter samtidigt som den \u00e5terfuktar huden och h\u00e5ller den mjuk och elastisk.<\/p>\n\n\n\n<p>2. Naturliga konserveringsmedel: Anv\u00e4ndningen av naturliga konserveringsmedel kan f\u00f6rhindra tillv\u00e4xt av mikroorganismer, utan att skada v\u00e5r hud. Det \u00e4r mer l\u00e4mpligt f\u00f6r de flesta hudtyper, s\u00e4rskilt k\u00e4nsliga, \u00e4n traditionella kroppskr\u00e4mer.<\/p>\n\n\n\n<p>3. Emulgeringsmedel: Det kan hj\u00e4lpa vatten och olja att blandas och inte separera, f\u00f6r att uppn\u00e5 emulgering, stabilitet och andra effekter. Att tills\u00e4tta det i en naturlig bodylotion kan hj\u00e4lpa det att absorberas l\u00e4ttare och f\u00f6rhindra delaminering eller utf\u00e4llning.<\/p>\n\n\n\n<p>4. Naturliga oljor: De \u00e4r viktiga \u00e5terfuktande ingredienser och \u00e4r rika p\u00e5 om\u00e4ttade fettsyror och vitaminer. De har d\u00e4rf\u00f6r en \u00e5terfuktande och \u00e5terfuktande effekt som kan \u00e5terfukta huden p\u00e5 djupet och f\u00f6rb\u00e4ttra den grova och torra huden. Samtidigt hj\u00e4lper de ocks\u00e5 till att reparera skadade hudbarri\u00e4rer och st\u00e4rka hudens motst\u00e5ndskraft f\u00f6r att f\u00f6rhindra vattenf\u00f6rlust och yttre irritation.<\/p>\n\n\n\n<p>5. Naturlig eterisk v\u00e4xtolja: Eterisk v\u00e4xtolja kan tillf\u00f6ra arom till bodylotionen och har en lugnande effekt som kan slappna av kropp och sj\u00e4l och ge en behaglig anv\u00e4ndarupplevelse.<\/p>\n\n\n\n<h2 class=\"wp-block-heading\">Funktionerna hos naturlig bodylotion<\/h2>\n\n\n\n<p>Vi l\u00e4gger stor vikt vid produktionsprocessen f\u00f6r naturlig kroppsmj\u00f6lk. Varje droppe \u00e4r noggrant proportionerad och bearbetad f\u00f6r att s\u00e4kerst\u00e4lla dess delikata konsistens och effektiva hudv\u00e5rd. H\u00e4r \u00e4r dess huvudfunktioner:<\/p>\n\n\n\n<p>1. Mild och icke-irriterande: Vi v\u00e4ljer noggrant ut en m\u00e4ngd olika naturliga ingredienser, utan skadliga kemikalier. S\u00e5 den kommer inte att orsaka irritation och obehag p\u00e5 din hud, och den \u00e4r l\u00e4mplig f\u00f6r de flesta hudtyper.<\/p>\n\n\n\n<p>2. L\u00e5ngvarig \u00e5terfuktning: V\u00e5r naturliga bodylotion bildar en skyddande hinna p\u00e5 din hud f\u00f6r att ordentligt bevara fukten och f\u00f6rhindra att den avdunstar, vilket kan \u00e5terfukta huden under l\u00e5ng tid och f\u00f6rb\u00e4ttra torr och ru hud.<\/p>\n\n\n\n<p>3. Djupg\u00e5ende \u00e5terfuktning: Naturlig bodylotion kan tr\u00e4nga djupt in i huden, komplettera n\u00f6dv\u00e4ndiga n\u00e4rings\u00e4mnen och l\u00e5ngvarig anv\u00e4ndning kan g\u00f6ra huden mer frisk och gl\u00e4nsande.<\/p>\n\n\n\n<p>4. Ljusa upp huden: V\u00e5r bodylotion inneh\u00e5ller antioxidanter som skyddar mot UV-str\u00e5lar. Den stimulerar ocks\u00e5 produktionen av kollagen, vilket hj\u00e4lper till att minska rynkor, fina linjer och grova f\u00f6rh\u00e5rdnader. Dessutom kan vissa vitare ingredienser h\u00e4mma produktionen av melanin f\u00f6r att minska matta och m\u00f6rka fl\u00e4ckar. Dessa effekter kan hj\u00e4lpa oss att f\u00f6rb\u00e4ttra hudens struktur och g\u00f6ra den vitare och fastare.<\/p>\n\n\n\n<p>5. Lugnande och reparerande: Naturliga v\u00e4xtextrakt har vanligtvis lugnande funktioner, och vissa har \u00e4ven reparerande effekter. D\u00e4rf\u00f6r kan de, n\u00e4r de anv\u00e4nds, lindra sm\u00e4rta och obehag i huden, reparera skadad hud och \u00e4ven l\u00e5ta dig slappna av.<\/p>\n\n\n\n<h2 class=\"wp-block-heading\">Hur man anv\u00e4nder naturlig bodylotion?<\/h2>\n\n\n\n<p>Som professionell tillverkare av naturliga bodylotioner l\u00e4gger vi s\u00e4rskild vikt vid produktionsprocessen f\u00f6r v\u00e5ra produkter, s\u00e4rskilt n\u00e4r det g\u00e4ller produktkvalitet och s\u00e4kerhet. D\u00e4rf\u00f6r har vi ett flerkanaligt kvalitetskontrollsystem och testar konsistensen, effektiviteten, viskositeten och s\u00e5 vidare hos den f\u00e4rdiga produkten f\u00f6r att s\u00e4kerst\u00e4lla dess effektivitet. Vi hoppas ocks\u00e5 att du noggrant l\u00e4ser v\u00e5ra instruktioner innan du anv\u00e4nder dem.<\/p>\n\n\n\n<p>1. Reng\u00f6r huden: Innan anv\u00e4ndning m\u00e5ste vi f\u00f6rst reng\u00f6ra huden, ta bort olja och smuts p\u00e5 ytan, se till att huden \u00e4r ren och torka den f\u00f6rsiktigt med en handduk efter tv\u00e4tt.<\/p>\n\n\n\n<p>2. Applicera r\u00e4tt m\u00e4ngd: Ta r\u00e4tt m\u00e4ngd naturlig bodylotion och applicera j\u00e4mnt \u00f6ver hela kroppen. Var f\u00f6rsiktig s\u00e5 att du inte applicerar f\u00f6r mycket, annars kan du k\u00e4nna dig fet.<\/p>\n\n\n\n<p>3. Massageabsorption: Efter applicering kan du f\u00f6rsiktigt massera huden med b\u00e5da h\u00e4nderna f\u00f6r att fr\u00e4mja absorption och blodcirkulationen. F\u00f6r de omr\u00e5den som \u00e4r relativt torra eller har ett tjockt hornlager kan du p\u00e5 l\u00e4mpligt s\u00e4tt \u00f6ka m\u00e4ngden bodylotion och massera in den.<\/p>\n\n\n\n<p>4. Regelbunden anv\u00e4ndning: Det rekommenderas att applicera bodylotion en g\u00e5ng om dagen p\u00e5 morgonen och en g\u00e5ng om dagen p\u00e5 kv\u00e4llen f\u00f6r att hj\u00e4lpa oss att h\u00e5lla huden \u00e5terfuktad och mjuk under l\u00e5ng tid.<\/p>\n\n\n\n<h2 class=\"wp-block-heading\">F\u00f6rsiktighet<\/h2>\n\n\n\n<p>1. Rekommendera ett avancerat anafylaxitest f\u00f6re f\u00f6rsta anv\u00e4ndningen. Om obehag uppst\u00e5r, b\u00f6r anv\u00e4ndningen omedelbart avbrytas.<\/p>\n\n\n\n<p>2. Var uppm\u00e4rksam p\u00e5 r\u00e4tt m\u00e4ngd vid applicering, \u00f6verdriven anv\u00e4ndning kan g\u00f6ra att huden k\u00e4nns fet och obekv\u00e4m;<\/p>\n\n\n\n<p>3. Naturlig kroppsmj\u00f6lk anv\u00e4nder naturliga konserveringsmedel, s\u00e5 h\u00e5llbarheten \u00e4r kort, det rekommenderas att vara mer uppm\u00e4rksam p\u00e5 produktens h\u00e5llbarhet;<\/p>\n\n\n\n<p>4. Det rekommenderas att f\u00f6rvara p\u00e5 en sval och torr plats f\u00f6r att undvika f\u00f6rs\u00e4mring orsakad av h\u00f6ga temperaturer och fuktiga milj\u00f6er.<\/p>\n\n\n\n<h2 class=\"wp-block-heading\">Slutsats<\/h2>\n\n\n\n<p>Bland de m\u00e5nga kroppskr\u00e4merna med olika funktioner \u00e4r det s\u00e4rskilt viktigt att hitta ren, ofarlig, effektiv och skonsam kroppsv\u00e5rd f\u00f6r huden. Som en tillverkare som \u00e4r dedikerad till att skapa naturliga kroppslotioner har vi noggrant valt ut h\u00f6gkvalitativa naturliga ingredienser, vetenskapligt proportionerade, och anv\u00e4nt skonsamma produktionsprocesser f\u00f6r att f\u00f6rb\u00e4ttra din upplevelse. Sj\u00e4lvklart \u00e4r v\u00e5ra produkter inte bara l\u00e4mpliga f\u00f6r alla hudtyper, utan vi kan ocks\u00e5 erbjuda skr\u00e4ddarsydda tj\u00e4nster f\u00f6r att justera formulan till din hudtyp och dina preferenser f\u00f6r att s\u00e4kerst\u00e4lla att varje naturlig kroppslotion uppfyller dina f\u00f6rv\u00e4ntningar. Om du ocks\u00e5 \u00e4r intresserad, v\u00e4nligen kontakta oss.<\/p>","protected":false},"excerpt":{"rendered":"Natural Body Lotion Manufacturing Common Formulas To ensure that the ingredients are mild and do not cause irritation to the skin, our research and development team has selected a variety of pure ingredients. Selected raw materials are blended in the production process to ensure the safety and effectiveness of our natural body milk. 1. Glycerin: [&hellip;]","protected":false},"featured_media":2136,"menu_order":0,"template":"","meta":[],"product-tag":[],"products":[56],"class_list":["post-2135","product","type-product","status-publish","has-post-thumbnail","hentry","products-body-lotion"],"acf":[],"_links":{"self":[{"href":"https:\/\/www.ruiqigo.com\/sv\/wp-json\/wp\/v2\/product\/2135","targetHints":{"allow":["GET"]}}],"collection":[{"href":"https:\/\/www.ruiqigo.com\/sv\/wp-json\/wp\/v2\/product"}],"about":[{"href":"https:\/\/www.ruiqigo.com\/sv\/wp-json\/wp\/v2\/types\/product"}],"version-history":[{"count":0,"href":"https:\/\/www.ruiqigo.com\/sv\/wp-json\/wp\/v2\/product\/2135\/revisions"}],"wp:featuredmedia":[{"embeddable":true,"href":"https:\/\/www.ruiqigo.com\/sv\/wp-json\/wp\/v2\/media\/2136"}],"wp:attachment":[{"href":"https:\/\/www.ruiqigo.com\/sv\/wp-json\/wp\/v2\/media?parent=2135"}],"wp:term":[{"taxonomy":"product-tag","embeddable":true,"href":"https:\/\/www.ruiqigo.com\/sv\/wp-json\/wp\/v2\/product-tag?post=2135"},{"taxonomy":"products","embeddable":true,"href":"https:\/\/www.ruiqigo.com\/sv\/wp-json\/wp\/v2\/products?post=2135"}],"curies":[{"name":"wp","href":"https:\/\/api.w.org\/{rel}","templated":true}]}}