{"id":216,"date":"2024-06-30T22:58:53","date_gmt":"2024-06-30T14:58:53","guid":{"rendered":"https:\/\/ruiqigo.com\/?post_type=product&#038;p=216"},"modified":"2024-09-25T15:02:41","modified_gmt":"2024-09-25T07:02:41","slug":"tea-tree-shampoo","status":"publish","type":"product","link":"https:\/\/www.ruiqigo.com\/sv\/product\/tea-tree-shampoo","title":{"rendered":"Tea tree schampo"},"content":{"rendered":"<h3 class=\"wp-block-heading\">Tea tree schampo som tillverkar vanliga formler<\/h3>\n\n\n\n<p>Som tillverkare av Tea Tree Schampon f\u00f6rst\u00e5r vi vikten av formulering. V\u00e5ra produkter anv\u00e4nder en rad skonsamma men effektiva ytaktiva \u00e4mnen som Cocoyl-Glucoside och Cocoyl-Betaine f\u00f6r att s\u00e4kerst\u00e4lla en reng\u00f6rande kraft utan att skada h\u00e5rbotten. K\u00e4rningredienserna Potassium Cocoyl Glycinate och Potassium Cocoate ger v\u00e4sentlig n\u00e4ring till h\u00e5ret. Dessutom har vi speciellt tillsatt Polyquaternium-10 f\u00f6r att f\u00f6rb\u00e4ttra h\u00e5rets mjukhet och glans. De naturliga antiinflammatoriska egenskaperna hos Tea Tree Oil, i kombination med He Shou Wu Root Extract och European Red Pine Leaf Extract, ger v\u00e5rt Tea Tree-schampo en unik h\u00e5rkonditionerande effekt.<\/p>\n\n\n\n<h3 class=\"wp-block-heading\">Tea tree schampo Till\u00e4mpliga scenarier<\/h3>\n\n\n\n<p>Tea Tree Schampon \u00e4r l\u00e4mpliga f\u00f6r alla klimat och milj\u00f6er, s\u00e4rskilt i varma och fuktiga omr\u00e5den, d\u00e4r dess antiinflammatoriska och antimikrobiella egenskaper ger ett effektivt svar p\u00e5 fet och torr kliande h\u00e5rbotten. V\u00e5ra produkter \u00e4r sulfatfria, vilket minskar deras milj\u00f6p\u00e5verkan samtidigt som de beh\u00e5ller f\u00e4rgskyddet, vilket g\u00f6r dem till ett f\u00f6redraget val f\u00f6r konsumenter som s\u00f6ker en naturlig livsstil. Du kan ocks\u00e5 para ihop den med en <a href=\"https:\/\/www.ruiqigo.com\/sv\/product\/tea-tree-essential-oil\/\">tea tree eterisk olja<\/a> f\u00f6r \u00e4nnu b\u00e4ttre resultat.<\/p>\n\n\n\n<h3 class=\"wp-block-heading\">Vem \u00e4r tea tree schampodr\u00e4kt f\u00f6r<\/h3>\n\n\n\n<p>V\u00e5ra Tea Tree-schampon \u00e4r designade f\u00f6r personer med fet och torr kliande h\u00e5rbotten. De naturliga antiinflammatoriska egenskaperna hos Tea Tree Oil (Melaleuca alternifolia bladolja) \u00e4r effektiva f\u00f6r att lindra h\u00e5rbottenbesv\u00e4r, medan tillsatsen av VB5 och VE ger extra n\u00e4ring och skydd f\u00f6r h\u00e5ret. Dessa ingredienser arbetar tillsammans f\u00f6r att f\u00f6rb\u00e4ttra h\u00e5rbottenmilj\u00f6n och fr\u00e4mja h\u00e4lsosam h\u00e5rv\u00e4xt. Mer <a href=\"https:\/\/www.ruiqigo.com\/sv\/products\/shampoo\/\">schampon med naturliga ingredienser<\/a> f\u00f6r dig att v\u00e4lja fr\u00e5n 3TOP.<\/p>\n\n\n\n<h3 class=\"wp-block-heading\">Tea tree schampo produktionsprocess<\/h3>\n\n\n\n<p>Under produktionsprocessen fokuserar vi p\u00e5 att bevara den unika eteriska oljesmaken fr\u00e5n tea tree-olja, som inte bara tillf\u00f6r en naturlig doft till produkten, utan ocks\u00e5 ger konsumenterna en trevlig upplevelse. Vi anv\u00e4nder avancerad extraktions- och blandningsteknik f\u00f6r att s\u00e4kerst\u00e4lla effektiv integrering av alla ingredienser, samtidigt som vi strikt kontrollerar produktionsmilj\u00f6n f\u00f6r att s\u00e4kerst\u00e4lla produktens kvalitet och s\u00e4kerhet.<\/p>","protected":false},"excerpt":{"rendered":"Tea tree shampoo manufacturing Common Formulas As the makers of Tea Tree Shampoos, we understand the importance of formulation. Our products utilize a range of gentle yet effective surfactants such as Cocoyl-Glucoside and Cocoyl-Betaine to ensure cleansing power without damaging the scalp. The core ingredients Potassium Cocoyl Glycinate and Potassium Cocoate provide essential nourishment to [&hellip;]","protected":false},"featured_media":218,"menu_order":0,"template":"","meta":[],"product-tag":[],"products":[51],"class_list":["post-216","product","type-product","status-publish","has-post-thumbnail","hentry","products-shampoo"],"acf":[],"_links":{"self":[{"href":"https:\/\/www.ruiqigo.com\/sv\/wp-json\/wp\/v2\/product\/216","targetHints":{"allow":["GET"]}}],"collection":[{"href":"https:\/\/www.ruiqigo.com\/sv\/wp-json\/wp\/v2\/product"}],"about":[{"href":"https:\/\/www.ruiqigo.com\/sv\/wp-json\/wp\/v2\/types\/product"}],"version-history":[{"count":0,"href":"https:\/\/www.ruiqigo.com\/sv\/wp-json\/wp\/v2\/product\/216\/revisions"}],"wp:featuredmedia":[{"embeddable":true,"href":"https:\/\/www.ruiqigo.com\/sv\/wp-json\/wp\/v2\/media\/218"}],"wp:attachment":[{"href":"https:\/\/www.ruiqigo.com\/sv\/wp-json\/wp\/v2\/media?parent=216"}],"wp:term":[{"taxonomy":"product-tag","embeddable":true,"href":"https:\/\/www.ruiqigo.com\/sv\/wp-json\/wp\/v2\/product-tag?post=216"},{"taxonomy":"products","embeddable":true,"href":"https:\/\/www.ruiqigo.com\/sv\/wp-json\/wp\/v2\/products?post=216"}],"curies":[{"name":"wp","href":"https:\/\/api.w.org\/{rel}","templated":true}]}}