{"id":2164,"date":"2024-12-05T17:18:10","date_gmt":"2024-12-05T09:18:10","guid":{"rendered":"https:\/\/ruiqigo.com\/?post_type=product&#038;p=2164"},"modified":"2024-12-05T17:19:07","modified_gmt":"2024-12-05T09:19:07","slug":"hand-cream-with-spf","status":"publish","type":"product","link":"https:\/\/www.ruiqigo.com\/sv\/product\/hand-cream-with-spf","title":{"rendered":"Handkr\u00e4m med SPF"},"content":{"rendered":"<h2 class=\"wp-block-heading\">Handkr\u00e4m med SPF som tillverkar vanliga formler<\/h2>\n\n\n\n<p>Som en professionell tillverkare av handkr\u00e4m med SPF kombinerar vi fuktgivande, \u00e5terfuktande och solskyddande ingredienser utifr\u00e5n behoven hos de flesta. Genom vetenskaplig matchning och vidare bearbetning syftar den till att ge ett helt\u00e4ckande skydd och v\u00e5rd f\u00f6r handens hud. Dess huvudkomponenter \u00e4r:<\/p>\n\n\n\n<p>1. Glycerin: Glycerin har en starkt \u00e5terfuktande och \u00e5terfuktande effekt, som kan bilda en skyddande hinna p\u00e5 hudens yta, minska vattenf\u00f6rlusten och ge en varaktig \u00e5terfuktande effekt. L\u00e5ngvarig anv\u00e4ndning kan lindra torra h\u00e4nder, peeling och andra tillst\u00e5nd.<\/p>\n\n\n\n<p>2. Solskyddsingredienser: Vi anv\u00e4nder h\u00f6gkvalitativa solskyddsingredienser som k\u00e4rningredienser, med en stark solskyddseffekt. Det kan blockera UV-str\u00e5lar, undvika skador orsakade av UV-str\u00e5lar, s\u00e5som solbr\u00e4nna, hudens \u00e5ldrande och andra problem.<\/p>\n\n\n\n<p>3. Sheasm\u00f6r: Sheasm\u00f6r kan tr\u00e4nga djupt in i huden f\u00f6r att ge tillr\u00e4ckligt med n\u00e4rings\u00e4mnen och \u00e5terfukta huden p\u00e5 h\u00e4nderna ytterligare. Samtidigt har det ocks\u00e5 antioxidanteffekter, kan motst\u00e5 fria radikaler, skydda huden fr\u00e5n milj\u00f6skador, f\u00f6rb\u00e4ttra hudens elasticitet.<\/p>\n\n\n\n<p>4. Ceramid: Den har funktionen att reparera hudbarri\u00e4ren. N\u00e4r den appliceras kan den skapa en skyddande film, reparera skadade celler, st\u00e4rka hudbarri\u00e4ren och g\u00f6ra handens hud friskare. Samtidigt har den ocks\u00e5 en antiinflammatorisk och lugnande effekt, som kan lindra sm\u00e4rta och obehag orsakade av yttre faktorer.<\/p>\n\n\n\n<p>5. Emulgeringsmedel: Emulgeringsmedel \u00e4r en vanlig ingrediens i handkr\u00e4m, som helt kan blanda vatten och olja f\u00f6r att bilda ett stabilt emulsionstillst\u00e5nd. Och konsistensen \u00e4r mer sl\u00e4t, vilket bidrar till din applicering och absorption, s\u00e5 att din hud blir mer sl\u00e4t och k\u00e4nslig.<\/p>\n\n\n\n<h2 class=\"wp-block-heading\">Funktionerna av handkr\u00e4m med SPF<\/h2>\n\n\n\n<p>Solskydd \u00e4r mycket viktigt f\u00f6r att f\u00f6rdr\u00f6ja hudens \u00e5ldrande, f\u00f6rebygga hudproblem och bibeh\u00e5lla hudens h\u00e4lsa. J\u00e4mf\u00f6rt med traditionella handkr\u00e4mer och solkr\u00e4mer erbjuder v\u00e5r handkr\u00e4m med SPF dubbelt skydd. Hudv\u00e5rd \u00e4r bekv\u00e4mare utan att l\u00e4mna en tung k\u00e4nsla. H\u00e4r \u00e4r dess huvudfunktioner:<\/p>\n\n\n\n<p>1. Mycket effektivt solskydd: Med en SPF p\u00e5 15-50+ ger v\u00e5r skyddsfilm ett viktigt skydd mot UVA- och UVB-str\u00e5lar, vilket minskar risken f\u00f6r solbr\u00e4nna, rynkor, f\u00f6r tidigt \u00e5ldrande och hudcancer och fr\u00e4mjar hudens allm\u00e4nna h\u00e4lsa.<\/p>\n\n\n\n<p>2. Djup \u00e5terfuktande: Fuktgivande ingredienser kan effektivt \u00e5terfukta handens hud, fylla p\u00e5 vatten i r\u00e4tt tid och ge en varaktig \u00e5terfuktande effekt, vilket g\u00f6r handhuden mer fuktig och mjuk.<\/p>\n\n\n\n<p>3. F\u00f6rb\u00e4ttra hudtillst\u00e5ndet: V\u00e5r handkr\u00e4m med SPF kan f\u00f6rhindra hyperpigmentering och uppkomsten av m\u00f6rka fl\u00e4ckar, och minska oljeproduktionen, vilket ytterligare minskar oljeutslag.<\/p>\n\n\n\n<p>4. Lugnande reparation: Det kan lindra sm\u00e4rta och obehag orsakat av stimulering, reparera skadade hudceller, f\u00f6rb\u00e4ttra hudbarri\u00e4rfunktionen och g\u00f6ra v\u00e5r hud fastare och mer elastisk.<\/p>\n\n\n\n<p>5. L\u00e4tt och icke-fet: Vi anv\u00e4nder avancerad emulgeringsteknik f\u00f6r att s\u00e4kerst\u00e4lla att handkr\u00e4mens konsistens \u00e4r l\u00e4tt, l\u00e4tt att absorbera och inte kommer att ha en klibbig k\u00e4nsla, vilket f\u00f6rh\u00f6jer upplevelsen ytterligare. Det \u00e4r l\u00e4mpligt f\u00f6r de flesta m\u00e4nniskor och kan anv\u00e4ndas i det dagliga livet, slumpm\u00e4ssigt \u00e5teranv\u00e4nt.<\/p>\n\n\n\n<h2 class=\"wp-block-heading\">Hur man anv\u00e4nder handkr\u00e4m med SPF?<\/h2>\n\n\n\n<p>Vid tillverkningstillf\u00e4llet blandade vi handkr\u00e4mer med olika SPF-v\u00e4rden efter olika m\u00e4nniskors behov. 30% av solskyddsv\u00e4rdet vid daglig anv\u00e4ndning kan skydda mot 90% av UVB-str\u00e5lar. S\u00e5 du kan v\u00e4lja efter dina egna solskyddsbehov, och anv\u00e4ndningen av det st\u00e5r ocks\u00e5 detaljerat p\u00e5 f\u00f6rpackningen.<\/p>\n\n\n\n<p>1. Reng\u00f6r h\u00e4nderna: F\u00f6re anv\u00e4ndning, reng\u00f6r h\u00e4nderna f\u00f6rst, du kan anv\u00e4nda handsprit eller tv\u00e5l f\u00f6r att ta bort oljan och smutsen p\u00e5 h\u00e4nderna, och torka dem f\u00f6rsiktigt med en handduk, detta steg bidrar till ytterligare absorption av handkr\u00e4m.<\/p>\n\n\n\n<p>2. Applicera l\u00e4mplig m\u00e4ngd: Applicera l\u00e4mplig m\u00e4ngd handkr\u00e4m med SPF j\u00e4mnt p\u00e5 dina h\u00e4nder, speciellt p\u00e5 fingrarna, handryggen och andra st\u00e4llen som \u00e4r l\u00e4tta att ignorera, se till att varje del \u00e4r t\u00e4ckt.<\/p>\n\n\n\n<p>3. Massage absorption: Efter applicering, massera f\u00f6rsiktigt h\u00e4nderna med fingermagen, vilket kan fr\u00e4mja absorption och blodcirkulation.<\/p>\n\n\n\n<p>4. Omm\u00e5lning i r\u00e4tt tid: Om du \u00e4r utomhus l\u00e4nge rekommenderas att applicera igen varannan timme f\u00f6r att s\u00e4kerst\u00e4lla solskyddseffekten.<\/p>\n\n\n\n<h2 class=\"wp-block-heading\">F\u00f6rsiktighet<\/h2>\n\n\n\n<p>1. G\u00f6r ett allergitest f\u00f6r f\u00f6rsta g\u00e5ngen. Om obehag uppst\u00e5r, sluta anv\u00e4nda omedelbart och kontakta en l\u00e4kare;<\/p>\n\n\n\n<p>2. Undvik \u00f6verdriven m\u00e4ngd: F\u00f6lj principen om l\u00e4mplig m\u00e4ngd n\u00e4r du applicerar, undvik \u00f6verdriven handkr\u00e4m som resulterar i feta h\u00e4nder som inte \u00e4r l\u00e4tta att absorbera;<\/p>\n\n\n\n<p>3. Undvik att blanda: Blanda inte med andra handkr\u00e4mer eller hudv\u00e5rdsprodukter f\u00f6r att undvika biverkningar eller p\u00e5verka solskyddseffekten;<\/p>\n\n\n\n<p>4. Undvik kontakt med \u00f6gonen. Vid kontakt med \u00f6gonen, sk\u00f6lj omedelbart med vatten;<\/p>\n\n\n\n<p>5. Det rekommenderas att f\u00f6rvara p\u00e5 en sval och torr plats f\u00f6r att undvika f\u00f6rs\u00e4mring orsakad av h\u00f6g temperatur och fuktig milj\u00f6 och minska solskyddseffekten.<\/p>\n\n\n\n<h2 class=\"wp-block-heading\">Slutsats<\/h2>\n\n\n\n<p>Om du vill h\u00e5lla dina h\u00e4nder mjuka, lena och ungdomliga \u00e4r v\u00e5r handkr\u00e4m med SPF ett utm\u00e4rkt val. Vi \u00e4r fast beslutna att skapa h\u00f6gkvalitativa, multifunktionella, unika varum\u00e4rkesprodukter, och vi har avancerad produktionsutrustning och ett professionellt forsknings- och utvecklingsteam. F\u00f6r dina krav kommer vi att g\u00f6ra v\u00e5rt b\u00e4sta f\u00f6r att komplettera, enligt din feedback och st\u00e4ndigt anpassa, f\u00f6r dig att skapa personlig handkr\u00e4m med SPF-produkter. Om du ocks\u00e5 \u00e4r intresserad, kontakta oss.<\/p>\n\n\n\n<p><\/p>","protected":false},"excerpt":{"rendered":"Hand Cream With SPF Manufacturing Common Formulas As a professional manufacturer of hand cream with SPF, we combine moisturizing, moisturizing, and sun protection ingredients based on the needs of most people. Through scientific matching and further processing, it aims to provide comprehensive protection and care for hand skin. Its main components are: 1. Glycerin: Glycerin [&hellip;]","protected":false},"featured_media":2165,"menu_order":0,"template":"","meta":[],"product-tag":[],"products":[58],"class_list":["post-2164","product","type-product","status-publish","has-post-thumbnail","hentry","products-hand-cream"],"acf":[],"_links":{"self":[{"href":"https:\/\/www.ruiqigo.com\/sv\/wp-json\/wp\/v2\/product\/2164","targetHints":{"allow":["GET"]}}],"collection":[{"href":"https:\/\/www.ruiqigo.com\/sv\/wp-json\/wp\/v2\/product"}],"about":[{"href":"https:\/\/www.ruiqigo.com\/sv\/wp-json\/wp\/v2\/types\/product"}],"version-history":[{"count":0,"href":"https:\/\/www.ruiqigo.com\/sv\/wp-json\/wp\/v2\/product\/2164\/revisions"}],"wp:featuredmedia":[{"embeddable":true,"href":"https:\/\/www.ruiqigo.com\/sv\/wp-json\/wp\/v2\/media\/2165"}],"wp:attachment":[{"href":"https:\/\/www.ruiqigo.com\/sv\/wp-json\/wp\/v2\/media?parent=2164"}],"wp:term":[{"taxonomy":"product-tag","embeddable":true,"href":"https:\/\/www.ruiqigo.com\/sv\/wp-json\/wp\/v2\/product-tag?post=2164"},{"taxonomy":"products","embeddable":true,"href":"https:\/\/www.ruiqigo.com\/sv\/wp-json\/wp\/v2\/products?post=2164"}],"curies":[{"name":"wp","href":"https:\/\/api.w.org\/{rel}","templated":true}]}}