{"id":2196,"date":"2024-12-06T16:37:24","date_gmt":"2024-12-06T08:37:24","guid":{"rendered":"https:\/\/ruiqigo.com\/?post_type=product&#038;p=2196"},"modified":"2024-12-06T16:39:38","modified_gmt":"2024-12-06T08:39:38","slug":"shea-moisture-conditioner","status":"publish","type":"product","link":"https:\/\/www.ruiqigo.com\/sv\/product\/shea-moisture-conditioner","title":{"rendered":"Shea Moisture Conditioner"},"content":{"rendered":"<h2 class=\"wp-block-heading\">Tillverkning av vanliga formler f\u00f6r shea moisturizer<\/h2>\n\n\n\n<p>Som tillverkare av h\u00f6gkvalitativa shea-fuktgivande balsam anv\u00e4nder vi en helt naturlig formula utan skadliga tillsatser. Vi har ocks\u00e5 skapat detta djupt n\u00e4rande, multireparerande balsam genom vetenskaplig matchning och precisionsbearbetning, i hopp om att f\u00e5 ditt h\u00e5r att gl\u00e4nsa igen.<\/p>\n\n\n\n<p>1. <strong>Shea-fukt<\/strong>Sheaolja har en utm\u00e4rkt \u00e5terfuktande effekt och bildar en skyddande film p\u00e5 h\u00e5ret f\u00f6r att h\u00e5lla det \u00e5terfuktat och sl\u00e4tt. Dessutom \u00e4r den rik p\u00e5 en m\u00e4ngd olika n\u00e4rings\u00e4mnen som kan ge h\u00e5ret djupg\u00e5ende n\u00e4ring, reparera skadat h\u00e5r och \u00e5terst\u00e4lla n\u00f6dv\u00e4ndiga n\u00e4rings\u00e4mnen, vilket g\u00f6r h\u00e5ret starkare och mer glansigt. Samtidigt liknar den oljan p\u00e5 hudytan, som snabbt penetrerar, absorberar och mjukg\u00f6r keratinet, vilket g\u00f6r h\u00e5ret mjukare.<\/p>\n\n\n\n<p>2. <strong>Keratin<\/strong>Den kan reparera skadade h\u00e5rfj\u00e4ll och effektivt motst\u00e5 yttre skador, s\u00e5som ultraviolett ljus, strykning och h\u00e5rf\u00e4rgning, f\u00f6r att skydda h\u00e5rets h\u00e4lsa.<\/p>\n\n\n\n<p>3. <strong>Emulgeringsmedel:<\/strong> Emulgeringsmedel har en sm\u00f6rjande effekt, vilket kan bidra till att balsamet appliceras j\u00e4mnare i h\u00e5ret och f\u00f6rb\u00e4ttrar mjukheten.<\/p>\n\n\n\n<p>4. <strong>Naturlig v\u00e4xtessens:<\/strong> Naturliga v\u00e4xtessenser kan inte bara balansera oljesekretionen och lugna h\u00e5rbotten, utan aromen av olika v\u00e4xtessenser hj\u00e4lper dig ocks\u00e5 att slappna av h\u00e5rbotten och lindra stress. Den har ocks\u00e5 antibakteriella och antiinflammatoriska egenskaper, vilket effektivt kan bota h\u00e5rbotteninfektioner och allergier.<\/p>\n\n\n\n<p>5. <strong>Fuktgivande faktor:<\/strong> \u00c5terfuktande faktor ger djupg\u00e5ende n\u00e4ring \u00e5t h\u00e5ret, den binder fukten ordentligt och f\u00f6rhindrar fuktf\u00f6rlust. F\u00f6rb\u00e4ttrar sedan torrt, frissigt h\u00e5r och l\u00e5ter h\u00e5ret \u00e5terst\u00e4lla glans och sl\u00e4thet.<\/p>\n\n\n\n<h2 class=\"wp-block-heading\">Funktionerna hos Shea Moisture Conditioner<\/h2>\n\n\n\n<p>I produktionsprocessen f\u00f6r shea-fuktbalsam kombinerar vi modern teknik f\u00f6r att noggrant extrahera och proportionera shea-fukt f\u00f6r att s\u00e4kerst\u00e4lla att dess f\u00f6rdelar maximeras. Samtidigt, f\u00f6r att s\u00e4kerst\u00e4lla att v\u00e5ra r\u00e5varor \u00e4r s\u00e4kra och p\u00e5litliga och kommer fr\u00e5n naturen, v\u00e4ljer vi noggrant ut h\u00f6gkvalitativa r\u00e5varuleverant\u00f6rer och g\u00f6r regelbundna stickprovskontroller. S\u00e5 att du kan vara s\u00e4ker p\u00e5 att anv\u00e4nda v\u00e5ra produkter, f\u00f6ljande \u00e4r dess huvudsakliga effekter:<\/p>\n\n\n\n<p>1.<strong> \u00c5terfuktande och \u00e5terfuktande:<\/strong> V\u00e5r k\u00e4rningrediens sheaolja kan tr\u00e4nga djupt in i h\u00e5ret f\u00f6r att \u00e5terfukta och effektivt f\u00f6rhindra fuktavdunstning, samtidigt som den ger rika n\u00e4rings\u00e4mnen som \u00e5terfuktar ditt h\u00e5r och h\u00e5ller det \u00e5terfuktat l\u00e4nge.<\/p>\n\n\n\n<p>2.<strong> Isoleringsskydd: <\/strong>Shea-fuktgivande balsam kan ge visst UV-skydd, vilket kan f\u00f6rhindra v\u00e4rmefixering, strykning och solskador.<\/p>\n\n\n\n<p>3. <strong>Mjuk och sl\u00e4t: <\/strong>V\u00e5rt balsam kan mjukg\u00f6ra h\u00e5rets keratin, f\u00f6rhindra att h\u00e5ret klyvs och tovar sig, och g\u00f6ra h\u00e5ret mer smidigt och glansigt efter l\u00e5ngvarig anv\u00e4ndning.<\/p>\n\n\n\n<p>4. <strong>Intensiv reparation: <\/strong>Anv\u00e4ndning av sheabalsam \u00e4r f\u00f6rdelaktigt f\u00f6r att reparera skadad h\u00e5rv\u00e4vnad, s\u00e4rskilt efter strykning och f\u00e4rgning. V\u00e5rt h\u00e5rbalsam kan skydda h\u00e5ret. Samtidigt kan det st\u00e4rka h\u00e5rets struktur, och regelbunden anv\u00e4ndning kan f\u00f6rb\u00e4ttra problemet med torrt och splittrat h\u00e5r, s\u00e5 att h\u00e5ret blir starkare och mer elastiskt.<\/p>\n\n\n\n<p>5. <strong>Antibakteriell och antiinflammatorisk:<\/strong> F\u00f6rutom sin starka \u00e5terfuktande effekt kan den \u00e4ven bota h\u00e5rbotteninfektioner och allergier, vilket bidrar till att bibeh\u00e5lla h\u00e5rets och h\u00e5rbottens h\u00e4lsa och ytterligare fr\u00e4mja tillv\u00e4xt.<\/p>\n\n\n\n<h2 class=\"wp-block-heading\">Hur anv\u00e4nder man shea moisturizing balsam?<\/h2>\n\n\n\n<p>V\u00e5rt Shea-fuktgivande balsam passar de flesta h\u00e5rtyper, och vi anpassar v\u00e5ra formuleringar f\u00f6r att passa olika h\u00e5rtyper. S\u00e5 n\u00e4r du v\u00e4ljer ett balsam b\u00f6r du v\u00e4lja en produkt som passar dig b\u00e4st utifr\u00e5n din h\u00e5rkvalitet och dina h\u00e5rv\u00e5rdsbehov. Vi kommer ocks\u00e5 att markera dess anv\u00e4ndning p\u00e5 f\u00f6rpackningen, l\u00e4s den noggrant.<\/p>\n\n\n\n<p>1. <strong>Schampo: <\/strong>Sk\u00f6lj h\u00e5ret med varmt vatten och schampo f\u00f6r att ta bort olja och smuts fr\u00e5n h\u00e5ret, och se till att din h\u00e5rbotten och ditt h\u00e5r \u00e4r rena och gynnsamma f\u00f6r att balsamet ska absorberas.<\/p>\n\n\n\n<p>2. <strong>Applicera balsam: <\/strong>Beroende p\u00e5 din h\u00e5rm\u00e4ngd, ta r\u00e4tt m\u00e4ngd balsam och applicera det j\u00e4mnt i h\u00e5ret och h\u00e5rtopparna. Du kan applicera mer p\u00e5 torra och tunna omr\u00e5den, var noga med att undvika att det kladdar ut i h\u00e5rbotten.<\/p>\n\n\n\n<p>3.<strong> St\u00e5upptagning: <\/strong>Efter applicering kan du kamma h\u00e5ret smidigt med h\u00e5rkammen f\u00f6r att s\u00e4kerst\u00e4lla att balsamet f\u00f6rdelas j\u00e4mnt i h\u00e5ret, och sedan v\u00e4nta 3\u20135 minuter s\u00e5 att det tr\u00e4nger in i h\u00e5ret. Om du vill ha en djupg\u00e5ende behandling kan du f\u00f6rl\u00e4nga v\u00e4ntetiden (10\u201330 minuter).<\/p>\n\n\n\n<p>4. <strong>Tv\u00e4tta med varmt vatten:<\/strong> L\u00e5t det verka och sk\u00f6lj sedan med vatten. Se till att det inte finns n\u00e5got balsam kvar i h\u00e5ret och torka det f\u00f6rsiktigt med en handduk.<\/p>\n\n\n\n<p>5. <strong>Matchande v\u00e5rd:<\/strong> F\u00f6r att torka h\u00e5ret kan du applicera eterisk h\u00e5rv\u00e5rdsolja i samma position och sedan f\u00f6na h\u00e5ret med en h\u00e5rtork eller lufttorka. Dubbel balsam hj\u00e4lper till att g\u00f6ra h\u00e5ret mjukare och lenare.<\/p>\n\n\n\n<h2 class=\"wp-block-heading\">F\u00f6rsiktighet<\/h2>\n\n\n\n<p>1. N\u00e4r du anv\u00e4nder ett avancerat allergitest f\u00f6r f\u00f6rsta g\u00e5ngen, sluta anv\u00e4nda det omedelbart om obehag uppst\u00e5r.<\/p>\n\n\n\n<p>2. Shea-fuktbalsam \u00e4r en pasta i rumstemperatur, s\u00e5 gnid in den i handflatan innan du applicerar den i h\u00e5ret f\u00f6r att fr\u00e4mja absorptionen.<\/p>\n\n\n\n<p>3. Var uppm\u00e4rksam p\u00e5 principen om r\u00e4tt m\u00e4ngd vid anv\u00e4ndning, f\u00f6r mycket balsam kan leda till fett h\u00e5r och p\u00e5verka balsamets effekt.<\/p>\n\n\n\n<p>3. Det rekommenderas att anv\u00e4nda sheabalsam 1\u20132 g\u00e5nger per vecka, och \u00f6veranv\u00e4ndning kan leda till \u00f6verdriven h\u00e5rbelastning och p\u00e5verka h\u00e5rstrukturen.<\/p>\n\n\n\n<p>4. Undvik att applicera i h\u00e5rbotten, annars kan det t\u00e4ppa till h\u00e5rbottenporerna och orsaka en rad h\u00e5rbottenproblem.<\/p>\n\n\n\n<p>5. Det rekommenderas att f\u00f6rvara p\u00e5 en sval och torr plats f\u00f6r att undvika direkt solljus och h\u00f6gtemperaturmilj\u00f6er. Detta kan orsaka f\u00f6rs\u00e4mring av balsamet och p\u00e5verka effekten.<\/p>\n\n\n\n<h2 class=\"wp-block-heading\">Slutsats<\/h2>\n\n\n\n<p>Kvalitetsprodukter \u00e4r nyckeln till att vinna marknaden. Vi kontrollerar strikt varje produktionsled och har olika kvalitetstestsystem f\u00f6r att s\u00e4kerst\u00e4lla produkternas s\u00e4kerhet och effektivitet. Samtidigt erbjuder vi ett komplett utbud av kundanpassade tj\u00e4nster, som baseras p\u00e5 dina krav f\u00f6r att utforma din formel och f\u00f6rpackning. Under denna period kommer vi st\u00e4ndigt att anpassa oss efter din feedback och str\u00e4va efter perfektion. Kontakta oss om du vill veta mer.<\/p>","protected":false},"excerpt":{"rendered":"Shea Moisture Conditioner Manufacturing Common Formulas As a manufacturer of high-quality shea moisture conditioners, we use an all-natural formula with no harmful additives. We have also created this deeply nourishing, multi-repair conditioner through scientific matching and precision processing, hoping to make your hair shine again. 1. Shea moisture: Shea moisture has a great moisturizing effect, [&hellip;]","protected":false},"featured_media":2197,"menu_order":0,"template":"","meta":[],"product-tag":[],"products":[52],"class_list":["post-2196","product","type-product","status-publish","has-post-thumbnail","hentry","products-conditioner"],"acf":[],"_links":{"self":[{"href":"https:\/\/www.ruiqigo.com\/sv\/wp-json\/wp\/v2\/product\/2196","targetHints":{"allow":["GET"]}}],"collection":[{"href":"https:\/\/www.ruiqigo.com\/sv\/wp-json\/wp\/v2\/product"}],"about":[{"href":"https:\/\/www.ruiqigo.com\/sv\/wp-json\/wp\/v2\/types\/product"}],"version-history":[{"count":0,"href":"https:\/\/www.ruiqigo.com\/sv\/wp-json\/wp\/v2\/product\/2196\/revisions"}],"wp:featuredmedia":[{"embeddable":true,"href":"https:\/\/www.ruiqigo.com\/sv\/wp-json\/wp\/v2\/media\/2197"}],"wp:attachment":[{"href":"https:\/\/www.ruiqigo.com\/sv\/wp-json\/wp\/v2\/media?parent=2196"}],"wp:term":[{"taxonomy":"product-tag","embeddable":true,"href":"https:\/\/www.ruiqigo.com\/sv\/wp-json\/wp\/v2\/product-tag?post=2196"},{"taxonomy":"products","embeddable":true,"href":"https:\/\/www.ruiqigo.com\/sv\/wp-json\/wp\/v2\/products?post=2196"}],"curies":[{"name":"wp","href":"https:\/\/api.w.org\/{rel}","templated":true}]}}