{"id":2238,"date":"2024-12-10T16:11:57","date_gmt":"2024-12-10T08:11:57","guid":{"rendered":"https:\/\/ruiqigo.com\/?post_type=product&#038;p=2238"},"modified":"2024-12-10T16:13:07","modified_gmt":"2024-12-10T08:13:07","slug":"vanilla-essential-oil","status":"publish","type":"product","link":"https:\/\/www.ruiqigo.com\/sv\/product\/vanilla-essential-oil","title":{"rendered":"Vanilj eterisk olja"},"content":{"rendered":"<h2 class=\"wp-block-heading\">Vanilj eterisk olja som tillverkar vanliga formler<\/h2>\n\n\n\n<p>I produktionen av eterisk vaniljolja har vi designat en m\u00e4ngd olika vetenskapliga formuleringar enligt olika h\u00e5rtyper och preferenser, i syfte att ge dig s\u00e4ker och effektiv eterisk olja f\u00f6r h\u00e5rv\u00e5rd.<\/p>\n\n\n\n<p>1. Vanilj eterisk olja: Den spelar en viktig roll som en k\u00e4rningrediens. F\u00f6rutom att ge tillr\u00e4ckligt med fukt och n\u00e4rings\u00e4mnen till h\u00e5ret kan det tr\u00e4nga djupt in i h\u00e5ret f\u00f6r att reparera skadad h\u00e5rstruktur och \u00e5terst\u00e4lla h\u00e5rets elasticitet. Samtidigt har det ocks\u00e5 en viss reparationseffekt, st\u00e4rker h\u00e5rr\u00f6tterna och f\u00f6rhindrar att h\u00e5ret torkar, g\u00e5r s\u00f6nder och spricker.<\/p>\n\n\n\n<p>2. Vitaminer: Vanilj eterisk olja \u00e4r rik p\u00e5 en m\u00e4ngd olika vitaminer, de har en viss antioxidanteffekt och kan motst\u00e5 skador av fria radikaler, f\u00f6r att skydda h\u00e5ret fr\u00e5n skador fr\u00e5n den yttre milj\u00f6n.<\/p>\n\n\n\n<p>3. Vanillin: Den huvudsakliga k\u00e4llan till vaniljsmak, denna rika arom kan hj\u00e4lpa dig att slappna av, lindra stress och ge en bra anv\u00e4ndarupplevelse.<\/p>\n\n\n\n<p>4. Eugenol: Den har antibakteriella och antiinflammatoriska egenskaper i vanilj eterisk olja f\u00f6r att minska h\u00e5rbotteninflammation och reparera skadade h\u00e5rs\u00e4ckar. Det f\u00f6rb\u00e4ttrar ocks\u00e5 blodcirkulationen, vilket fr\u00e4mjar h\u00e5rv\u00e4xten.<\/p>\n\n\n\n<h2 class=\"wp-block-heading\">Vanilj eterisk oljas funktioner<\/h2>\n\n\n\n<p>Som en professionell tillverkare av eterisk vaniljolja \u00e4r vi fast beslutna att skapa h\u00f6gkvalitativa, h\u00f6gpresterande produkter \u00e5t dig. Inte bara noggrant utvalda r\u00e5varor, utan ocks\u00e5 anv\u00e4ndningen av avancerad extraktionsteknik och pressuppv\u00e4rmning f\u00f6r att s\u00e4kerst\u00e4lla produktens maximala effektivitet.<\/p>\n\n\n\n<p>1. \u00c5terfuktande och n\u00e4rande: Eterisk vaniljolja har en effektiv \u00e5terfuktande effekt och \u00e4r rik p\u00e5 en m\u00e4ngd olika n\u00e4rings\u00e4mnen, som inte bara kan komplettera n\u00e4ring djupt in i h\u00e5ret utan ocks\u00e5 bilda en skyddande hinna p\u00e5 h\u00e5ret f\u00f6r att l\u00e5sa in vatten, och d\u00e4rigenom f\u00f6rhindra att h\u00e5ret torkar och g\u00e5r s\u00f6nder. L\u00e5ngvarig anv\u00e4ndning kommer att g\u00f6ra ditt h\u00e5r mjukt och gl\u00e4nsande.<\/p>\n\n\n\n<p>2. F\u00f6rb\u00e4ttra h\u00e5rkvaliteten: Att applicera eterisk olja f\u00f6r h\u00e5rv\u00e5rd reparerar skadat h\u00e5r och f\u00f6rb\u00e4ttrar dess barri\u00e4rfunktion. F\u00f6r torrt, trasigt och kluvet h\u00e5r blir ditt h\u00e5r starkare och friskare s\u00e5 l\u00e4nge du insisterar p\u00e5 att anv\u00e4nda det.<\/p>\n\n\n\n<p>3. Varaktig doft: Vanilj eterisk olja har en unik arom som \u00e4r behaglig n\u00e4r den anv\u00e4nds. Det kan ocks\u00e5 slappna av i kroppen och sinnet och lindra stress och tr\u00f6tthet. Samtidigt h\u00e5ller denna charmiga aromeffekt och f\u00f6rst\u00e4rker \u00e4ven det personliga bildtemperamentet.<\/p>\n\n\n\n<p>4. Lugnande och antiinflammatorisk: V\u00e5ra eteriska oljor inneh\u00e5ller antiinflammatoriska och lugnande ingredienser som lugnar h\u00e5rbotten, eliminerar inflammation, minskar mj\u00e4ll och kl\u00e5da ytterligare och g\u00f6r h\u00e5ret friskare.<\/p>\n\n\n\n<p>5. Fr\u00e4mja tillv\u00e4xt: Eterisk vaniljolja kan stimulera blodcirkulationen i h\u00e5rbotten och ge mer n\u00e4rings\u00e4mnen till h\u00e5rs\u00e4ckarna, vilket fr\u00e4mjar h\u00e5rv\u00e4xten, vilket g\u00f6r h\u00e5ret mer friskt och t\u00e4tt.<\/p>\n\n\n\n<h2 class=\"wp-block-heading\">Hur man anv\u00e4nder vanilj eterisk olja?<\/h2>\n\n\n\n<p>Vi l\u00e4gger stor vikt vid produktkvalitet, s\u00e5 i produktionsprocessen av eterisk vaniljolja har vi olika kvalitetstestsystem f\u00f6r att s\u00e4kerst\u00e4lla produkternas kvalitet och s\u00e4kerhet. Vi kommer ocks\u00e5 att prova den f\u00e4rdiga produkten f\u00f6r att s\u00e4kerst\u00e4lla att varje flaska har en stabil prestanda. Samtidigt kommer vi ocks\u00e5 att m\u00e4rka anv\u00e4ndningen av f\u00f6rpackningen.<\/p>\n\n\n\n<p>1. F\u00f6re schamponering: Applicera en j\u00e4mn m\u00e4ngd vanilj eterisk olja i h\u00e5ret och h\u00e5rbotten och massera f\u00f6rsiktigt fingersidan, linda sedan in h\u00e5ret med en handduk och l\u00e5t det st\u00e5 i 10-15 minuter innan du schamponering.<\/p>\n\n\n\n<p>2. Efter schamponering: Efter schamponering kan du applicera den tv\u00e5 g\u00e5nger. F\u00f6r f\u00f6rsta g\u00e5ngen, torka h\u00e5ret f\u00f6rsiktigt med en handduk, ta en l\u00e4mplig m\u00e4ngd eterisk vaniljolja, gnugga och v\u00e4rm upp det och applicera det sedan j\u00e4mnt i mitten till slutet av h\u00e5ret. Du kan sedan massera h\u00e5ret f\u00f6rsiktigt och l\u00e5ta det lufttorka eller f\u00f6na det med en h\u00e5rtork. Den andra g\u00e5ngen \u00e4r att upprepa operationen n\u00e4r h\u00e5ret har bl\u00e5st till ett l\u00e4tt torrt tillst\u00e5nd och sedan forts\u00e4tta att torka. Var noga med att undvika att applicera det i h\u00e5rbotten under denna process, eftersom det kan t\u00e4ppa till porerna.<\/p>\n\n\n\n<p>3. Daglig v\u00e5rd: N\u00e4r h\u00e5ret \u00e4r torrt kan du gnugga en liten m\u00e4ngd eterisk olja f\u00f6r h\u00e5rv\u00e5rd, applicera den i slutet av h\u00e5ret efter uppv\u00e4rmning och massera f\u00f6rsiktigt f\u00f6r att absorbera det.<\/p>\n\n\n\n<h2 class=\"wp-block-heading\">F\u00f6rsiktighet<\/h2>\n\n\n\n<p>1. N\u00e4r du v\u00e4ljer produkter b\u00f6r du v\u00e4lja din h\u00e5rv\u00e5rdsolja efter din h\u00e5rkvalitet och dina behov;<\/p>\n\n\n\n<p>2. Allergiska tester b\u00f6r utf\u00f6ras f\u00f6r f\u00f6rsta g\u00e5ngen. Om du har n\u00e5got obehag, v\u00e4nligen sluta anv\u00e4nda det omedelbart.<\/p>\n\n\n\n<p>3. Var uppm\u00e4rksam p\u00e5 principen om l\u00e4mplig m\u00e4ngd n\u00e4r du applicerar, f\u00f6r att undvika \u00f6verdriven h\u00e5rv\u00e5rdsolja som leder till fett h\u00e5r och blockerande porer;<\/p>\n\n\n\n<p>4. Var uppm\u00e4rksam p\u00e5 anv\u00e4ndningsfrekvensen, 2-3 g\u00e5nger i veckan rekommenderas, frekvent anv\u00e4ndning kan p\u00e5verka effekten av h\u00e5rv\u00e5rd;<\/p>\n\n\n\n<p>5. Att regelbundet observera f\u00f6r\u00e4ndringarna i h\u00e5rkvalitet och g\u00f6ra motsvarande justeringar;<\/p>\n\n\n\n<p>6. Det rekommenderas att f\u00f6rvara p\u00e5 en sval och torr plats f\u00f6r att undvika direkt solljus och h\u00f6ga temperaturer som leder till f\u00f6rs\u00e4mring av eteriska oljor<\/p>\n\n\n\n<h2 class=\"wp-block-heading\">Slutsats<\/h2>\n\n\n\n<p>Som tillverkare f\u00f6rst\u00e5r vi din \u00f6nskan om ett friskt, mjukt h\u00e5r. S\u00e5 vi kombinerar naturlig eterisk vaniljolja med h\u00f6geffektiva n\u00e4rande ingredienser f\u00f6r att ge produkten en kraftfull l\u00e4kande funktion. Samtidigt uppm\u00e4rksammar vi ocks\u00e5 diversifieringen och individualiseringen av produkter, och skapar en serie eteriska oljor av vanilj, l\u00e4mpliga f\u00f6r olika h\u00e5rtyper och preferenser, du kan vara s\u00e4ker p\u00e5 att du kan anv\u00e4nda. N\u00e4r det g\u00e4ller kvalitetskontroll \u00e4gnar vi mer uppm\u00e4rksamhet \u00e5t hela produktionsprocessen med olika kvalitetskontroll och s\u00e4kerhetstestning f\u00f6r att s\u00e4kerst\u00e4lla s\u00e4kerheten och effektiviteten f\u00f6r varje flaska eterisk vaniljolja. Kontakta oss g\u00e4rna om du ocks\u00e5 \u00e4r intresserad.<\/p>","protected":false},"excerpt":{"rendered":"Vanilla Essential Oil Manufacturing Common Formulas In the production of vanilla essential oil, we have designed a variety of scientific formulations according to different hair types and preferences, aiming to bring you safe and effective essential oil for hair care. 1. Vanilla essential oil: It plays an important role as a core ingredient. In addition [&hellip;]","protected":false},"featured_media":2239,"menu_order":0,"template":"","meta":[],"product-tag":[],"products":[53],"class_list":["post-2238","product","type-product","status-publish","has-post-thumbnail","hentry","products-essential-oil"],"acf":[],"_links":{"self":[{"href":"https:\/\/www.ruiqigo.com\/sv\/wp-json\/wp\/v2\/product\/2238","targetHints":{"allow":["GET"]}}],"collection":[{"href":"https:\/\/www.ruiqigo.com\/sv\/wp-json\/wp\/v2\/product"}],"about":[{"href":"https:\/\/www.ruiqigo.com\/sv\/wp-json\/wp\/v2\/types\/product"}],"version-history":[{"count":0,"href":"https:\/\/www.ruiqigo.com\/sv\/wp-json\/wp\/v2\/product\/2238\/revisions"}],"wp:featuredmedia":[{"embeddable":true,"href":"https:\/\/www.ruiqigo.com\/sv\/wp-json\/wp\/v2\/media\/2239"}],"wp:attachment":[{"href":"https:\/\/www.ruiqigo.com\/sv\/wp-json\/wp\/v2\/media?parent=2238"}],"wp:term":[{"taxonomy":"product-tag","embeddable":true,"href":"https:\/\/www.ruiqigo.com\/sv\/wp-json\/wp\/v2\/product-tag?post=2238"},{"taxonomy":"products","embeddable":true,"href":"https:\/\/www.ruiqigo.com\/sv\/wp-json\/wp\/v2\/products?post=2238"}],"curies":[{"name":"wp","href":"https:\/\/api.w.org\/{rel}","templated":true}]}}