{"id":2246,"date":"2024-12-12T11:22:05","date_gmt":"2024-12-12T03:22:05","guid":{"rendered":"https:\/\/ruiqigo.com\/?post_type=product&#038;p=2246"},"modified":"2024-12-12T11:22:55","modified_gmt":"2024-12-12T03:22:55","slug":"rose-essential-oil","status":"publish","type":"product","link":"https:\/\/www.ruiqigo.com\/sv\/product\/rose-essential-oil","title":{"rendered":"Rose eterisk olja"},"content":{"rendered":"<h2 class=\"wp-block-heading\">Rose eterisk olja tillverkar vanliga formler<\/h2>\n\n\n\n<p>Produktionsprocessen av ros eterisk olja \u00e4r relativt k\u00e4nslig, och parametrar som temperatur, tryck och tid m\u00e5ste kontrolleras strikt f\u00f6r att s\u00e4kerst\u00e4lla optimal kvalitet och effektivitet hos den eteriska oljan. H\u00e4r \u00e4r dess huvudingredienser:<\/p>\n\n\n\n<p>1. Rosor: Som k\u00e4rningrediens spelar rosor en viktig roll. Den har antibakteriella egenskaper som eliminerar bakterier och smuts, reng\u00f6r h\u00e5rs\u00e4ckar och tar bort mj\u00e4ll ytterligare. Det fr\u00e4mjar ocks\u00e5 blodcirkulationen samt god matsm\u00e4ltning och avgiftning, vilket stimulerar frisk h\u00e5rv\u00e4xt.<\/p>\n\n\n\n<p>2. Babajoolja: Som basolja kan jojobaolja sp\u00e4da ut koncentrationen av eterisk rosenolja f\u00f6r att minska irritation. Samtidigt har den utm\u00e4rkta fuktgivande och penetrerande effekter, som kan tr\u00e4nga djupt in i huden och l\u00e5sa in vatten, vilket spelar en synergistisk fuktgivande roll. Dessutom har den en reparerande effekt p\u00e5 torra, grova och k\u00e4nsliga hudproblem och kan fr\u00e4mja hudens h\u00e4lsa.<\/p>\n\n\n\n<p>3. Vitamin E: Vitamin E har antioxidantegenskaper, som kan motst\u00e5 skador fr\u00e5n fria radikaler, minska cellskador och f\u00f6rdr\u00f6ja hudens \u00e5ldrande. Det kan ocks\u00e5 fr\u00e4mja \u00e4mnesoms\u00e4ttningen, p\u00e5skynda cellf\u00f6rnyelsen och g\u00f6ra huden sl\u00e4tare och k\u00e4nsligare.<\/p>\n\n\n\n<p>4. Citronellol: Rose eterisk olja i citronellol har en charmig arom och kan lugna h\u00e5rbotten och slappna av i kropp och sj\u00e4l, men kan ocks\u00e5 lindra stress, \u00e5ngest och andra k\u00e4nslor. Dessutom kan denna arom f\u00f6rb\u00e4ttra lukten av h\u00e5r.<\/p>\n\n\n\n<h2 class=\"wp-block-heading\">Funktionerna hos Rose eterisk olja<\/h2>\n\n\n\n<p>Som professionella tillverkare av eteriska rosolja har vi studerat de aktiva ingredienserna i rosor och skapat en ros eterisk olja som passar de flesta m\u00e4nniskor baserat p\u00e5 de m\u00e5nga funktionerna som dessa ingredienser ger. L\u00e5t oss utforska dess effekter.<\/p>\n\n\n\n<p>1. \u00c5terfukta och l\u00e5sa in vatten: Rose eterisk olja kan ge fukt och n\u00e4ring djupt in i huden och l\u00e5sa in vatten f\u00f6r att h\u00e5lla huden \u00e5terfuktad.<\/p>\n\n\n\n<p>2. Mj\u00e4llborttagning: V\u00e5r produkt eliminerar effektivt bakterier och smuts, \u00e5terfuktar h\u00e5rs\u00e4ckarna, reng\u00f6r h\u00e5rs\u00e4ckarna, tar ytterligare bort mj\u00e4ll och h\u00e5ller h\u00e5rbotten fr\u00e4sch.<\/p>\n\n\n\n<p>3. Fr\u00e4mja h\u00e5rv\u00e4xt: N\u00e4r du applicerar eterisk olja kommer den att fr\u00e4mja blodcirkulationen, ge tillr\u00e4cklig n\u00e4ring till h\u00e5rs\u00e4ckarna och fr\u00e4mja cellf\u00f6rnyelsens hastighet. Samtidigt kan ros eterisk olja \u00e4ven j\u00e4mna ut skadat h\u00e5r, st\u00e4rka h\u00e5rs\u00e4ckarna, f\u00f6rhindra h\u00e5rbrott och ytterligare fr\u00e4mja h\u00e5rv\u00e4xten.<\/p>\n\n\n\n<p>4. Bli av med m\u00f6rka ringar och rynkor: Rika antioxidanter kan hj\u00e4lpa till att eliminera svullnader och f\u00f6rb\u00e4ttra m\u00f6rka ringar. Samtidigt motst\u00e5r de st\u00e4ndigt skadan av fria radikaler, f\u00f6rdr\u00f6jer cellernas \u00e5ldrande, fr\u00e4mjar hudens \u00e4mnesoms\u00e4ttning, minskar uppkomsten av rynkor ytterligare och g\u00f6r huden mer \u00f6m och elastisk.<\/p>\n\n\n\n<p>5. Lindra stress och sm\u00e4rta: Doften av rosor kan slappna av din kropp och sj\u00e4l, lindra stress och d\u00e5ligt hum\u00f6r, och \u00e4ven lindra sm\u00e4rta. Doften kommer ocks\u00e5 att f\u00f6rb\u00e4ttra din s\u00f6mnkvalitet.<\/p>\n\n\n\n<p>6. Antibakteriell och antiinflammatorisk: V\u00e5r eteriska olja har utm\u00e4rkta antibakteriella och antiinflammatoriska egenskaper, kan behandla hudinfektion inflammation h\u00e5rbotten kl\u00e5da, och andra problem, men kan ocks\u00e5 reglera h\u00e5rbottenoljan, s\u00e4rskilt fett h\u00e5r.<\/p>\n\n\n\n<h2 class=\"wp-block-heading\">Hur man anv\u00e4nder Rose eterisk olja?<\/h2>\n\n\n\n<p>Vi anv\u00e4nder k\u00e4nslig och portabel f\u00f6rpackningsdesign i produktionen, oavsett om det \u00e4r l\u00e4mpligt f\u00f6r present- eller familjebruk. Rose eterisk olja har en uppfriskande konsistens och absorberas l\u00e4tt, s\u00e5 den \u00e4r m\u00e5ngsidig och kan anv\u00e4ndas inom hudv\u00e5rd, ansiktsv\u00e5rd, h\u00e5rv\u00e5rd etc. Jag g\u00e5r in p\u00e5 h\u00e5rv\u00e5rdssektionen i detalj:<\/p>\n\n\n\n<p>1. Djupbehandling: Blanda f\u00f6rst ros eterisk olja med basolja i proportion, applicera sedan j\u00e4mnt i h\u00e5ret och massera f\u00f6rsiktigt h\u00e5rbotten och h\u00e5r med fingrarna f\u00f6r att fr\u00e4mja absorptionen. Linda in h\u00e5ret i en varm handduk och h\u00e5ll det varmt i 15-20 minuter innan du sk\u00f6ljer av det med vatten eller schamponering.<\/p>\n\n\n\n<p>1. Daglig h\u00e5rv\u00e5rd: Efter att du har tv\u00e4ttat h\u00e5ret, torka det f\u00f6rsiktigt med en handduk, blanda sedan en l\u00e4mplig m\u00e4ngd ros eterisk olja med basoljan och applicera den j\u00e4mnt i mitten till slutet av h\u00e5ret, speciellt d\u00e4r det \u00e4r torrt och kluvet. Efter applicering kan du f\u00f6rsiktigt massera h\u00e5ret f\u00f6r att fr\u00e4mja absorption och sedan l\u00e5ta h\u00e5ret lufttorka eller f\u00f6na med en h\u00e5rtork.<\/p>\n\n\n\n<h2 class=\"wp-block-heading\">F\u00f6rsiktighet<\/h2>\n\n\n\n<p>1. Rose eterisk olja har en h\u00f6g koncentration och b\u00f6r sp\u00e4das ut med basolja, som jojobaolja, kokosolja osv.<\/p>\n\n\n\n<p>2. Var uppm\u00e4rksam p\u00e5 principen om l\u00e4mplig m\u00e4ngd vid anv\u00e4ndning, f\u00f6r att undvika \u00f6verdriven m\u00e4ngd eteriska oljor som leder till fett h\u00e5r och tillt\u00e4ppta porer;<\/p>\n\n\n\n<p>3. Allergiska tester b\u00f6r utf\u00f6ras f\u00f6r f\u00f6rsta g\u00e5ngen. Om obehag uppst\u00e5r, sluta anv\u00e4nda omedelbart;<\/p>\n\n\n\n<p>4. Det rekommenderas att anv\u00e4nda det 1-2 g\u00e5nger i veckan f\u00f6r att undvika att frekvent applicering p\u00e5verkar dess effekt;<\/p>\n\n\n\n<p>5. Det rekommenderas att f\u00f6rvara p\u00e5 en sval och torr plats, och undvika direkt solljus och h\u00f6g temperatur milj\u00f6;<\/p>\n\n\n\n<h2 class=\"wp-block-heading\">Slutsats<\/h2>\n\n\n\n<p>V\u00e5r noggrant framst\u00e4llda eteriska rosenolja har inte bara s\u00e4kra ingredienser, skonsamma och ofarliga utan har ocks\u00e5 flera effekter f\u00f6r att skydda din h\u00e4lsa och sk\u00f6nhet i alla aspekter. Vi erbjuder en m\u00e4ngd olika alternativ, du kan enligt dina preferenser och behov v\u00e4lja en l\u00e4mplig f\u00f6r din egen. Naturligtvis tillhandah\u00e5ller vi ocks\u00e5 en omfattande anpassningstj\u00e4nst, oavsett om det \u00e4r formeljustering eller f\u00f6rpackningsdesign, vi kommer att str\u00e4va efter det ultimata, f\u00f6r att skapa ditt varum\u00e4rke och f\u00f6r att hj\u00e4lpa dig att f\u00e5 en konkurrensf\u00f6rdel p\u00e5 rosenoljemarknaden. Om du ocks\u00e5 \u00e4r intresserad av v\u00e5ra produkter, v\u00e4nligen kontakta oss.<\/p>","protected":false},"excerpt":{"rendered":"Rose Essential Oil Manufacturing Common Formulas The production process of rose essential oil is relatively delicate, and parameters such as temperature, pressure, and time must be strictly controlled to ensure the optimal quality and efficacy of the essential oil. Here are its main ingredients: 1. Roses: As the core ingredient, roses play an important role. [&hellip;]","protected":false},"featured_media":2247,"menu_order":0,"template":"","meta":[],"product-tag":[],"products":[53],"class_list":["post-2246","product","type-product","status-publish","has-post-thumbnail","hentry","products-essential-oil"],"acf":[],"_links":{"self":[{"href":"https:\/\/www.ruiqigo.com\/sv\/wp-json\/wp\/v2\/product\/2246","targetHints":{"allow":["GET"]}}],"collection":[{"href":"https:\/\/www.ruiqigo.com\/sv\/wp-json\/wp\/v2\/product"}],"about":[{"href":"https:\/\/www.ruiqigo.com\/sv\/wp-json\/wp\/v2\/types\/product"}],"version-history":[{"count":0,"href":"https:\/\/www.ruiqigo.com\/sv\/wp-json\/wp\/v2\/product\/2246\/revisions"}],"wp:featuredmedia":[{"embeddable":true,"href":"https:\/\/www.ruiqigo.com\/sv\/wp-json\/wp\/v2\/media\/2247"}],"wp:attachment":[{"href":"https:\/\/www.ruiqigo.com\/sv\/wp-json\/wp\/v2\/media?parent=2246"}],"wp:term":[{"taxonomy":"product-tag","embeddable":true,"href":"https:\/\/www.ruiqigo.com\/sv\/wp-json\/wp\/v2\/product-tag?post=2246"},{"taxonomy":"products","embeddable":true,"href":"https:\/\/www.ruiqigo.com\/sv\/wp-json\/wp\/v2\/products?post=2246"}],"curies":[{"name":"wp","href":"https:\/\/api.w.org\/{rel}","templated":true}]}}