{"id":2252,"date":"2024-12-13T16:30:51","date_gmt":"2024-12-13T08:30:51","guid":{"rendered":"https:\/\/ruiqigo.com\/?post_type=product&#038;p=2252"},"modified":"2024-12-13T16:32:03","modified_gmt":"2024-12-13T08:32:03","slug":"deep-conditioner","status":"publish","type":"product","link":"https:\/\/www.ruiqigo.com\/sv\/product\/deep-conditioner","title":{"rendered":"Deep Conditioner"},"content":{"rendered":"<h2 class=\"wp-block-heading\">Deep Conditioner Tillverkar vanliga formler<\/h2>\n\n\n\n<p>Som en professionell tillverkare av djupbalsam anv\u00e4nder vi en m\u00e4ngd naturliga och effektiva ingredienser och vetenskaplig matchning, i syfte att skapa ett djupt reparerande och n\u00e4rande h\u00e5rbalsam f\u00f6r dig.<\/p>\n\n\n\n<p>1. Proteinessens: Protein \u00e4r en viktig del av h\u00e5ret, och proteinessens kan tr\u00e4nga djupt in i h\u00e5ret och kraftigt tr\u00e4nga in, och fylla p\u00e5 det f\u00f6rlorade proteinet, f\u00f6r att reparera det skadade h\u00e5ret. Det st\u00e4rker ocks\u00e5 keratinet, g\u00f6r h\u00e5ret starkare och minskar h\u00e5rbrott.<\/p>\n\n\n\n<p>2. Mandelolja: Mandelolja kan ge tillr\u00e4ckligt med fukt och n\u00e4ring till h\u00e5ret samtidigt som det reparerar skadat h\u00e5r, vilket g\u00f6r h\u00e5ret smidigare och inte l\u00e4tt att bryta. Samtidigt stimulerar den ocks\u00e5 h\u00e5rs\u00e4ckarna, vilket fr\u00e4mjar en sund h\u00e5rv\u00e4xt.<\/p>\n\n\n\n<p>3. Sheasm\u00f6r: Sheasm\u00f6r har antibakteriella och antiinflammatoriska egenskaper, vilket kan minska inflammation och obehag i h\u00e5rbotten. Den tillf\u00f6r \u00e4ven n\u00e4rings\u00e4mnen och fukt till h\u00e5rbotten, vilket ger h\u00e5ret en ljusare lyster.<\/p>\n\n\n\n<p>4. Multivitaminer: Multivitaminer kan inte bara reglera uts\u00f6ndringen av olja i h\u00e5rbotten och h\u00e5lla h\u00e5ret fr\u00e4scht, utan ger ocks\u00e5 omfattande n\u00e4ring, ger h\u00e5ret n\u00e4ring p\u00e5 djupet och fr\u00e4mjar en sund h\u00e5rv\u00e4xt. Samtidigt har E-vitamin en antioxidanteffekt, vilket kan minska skador orsakade av fria radikaler och f\u00f6rb\u00e4ttra h\u00e5rets elasticitet och seghet.<\/p>\n\n\n\n<p>5. Algextrakt: De aktiva ingredienserna i algextraktet kan reparera skadade h\u00e5rstr\u00e5n, stimulera h\u00e5rs\u00e4ckarnas aktivitet och f\u00f6rb\u00e4ttra h\u00e5rf\u00f6rtunningen. Det skapar ocks\u00e5 en skyddande film p\u00e5 ytan av ditt h\u00e5r, vilket minskar vattenf\u00f6rlusten och g\u00f6r ditt h\u00e5r mjukare.<\/p>\n\n\n\n<h2 class=\"wp-block-heading\">Funktionerna hos Deep Conditioner<\/h2>\n\n\n\n<p>Detta djupa balsam \u00e4r designat f\u00f6r allvarliga h\u00e5rskador och har flera funktioner f\u00f6r att skydda ditt h\u00e5rs h\u00e4lsa. Vi kontrollerar strikt produktionskvaliteten i produktionsprocessen, s\u00e5 att du kan vara s\u00e4ker p\u00e5 anv\u00e4ndningen. H\u00e4r \u00e4r dess huvudfunktioner:<\/p>\n\n\n\n<p>1. St\u00e4rk keratinet: Stryknings- och f\u00e4rgningsprocessen och den h\u00e5rda yttre milj\u00f6n kommer att leda till en stor f\u00f6rlust av protein i h\u00e5ret, vilket leder till torrt och trasigt h\u00e5r. Den inneh\u00e5ller mycket proteinessens, som h\u00e5ret snabbt kan absorbera, v\u00e4nda skadan och g\u00f6ra h\u00e5ret starkare och mjukare.<\/p>\n\n\n\n<p>2. \u00c5terfuktande och \u00e5terfuktande: Det djupa balsamet kan penetrera h\u00e5rk\u00e4rnan och tillf\u00f6ra vatten och n\u00e4rings\u00e4mnen, effektivt \u00e5terfukta och bilda en skyddande film f\u00f6r att f\u00f6rhindra vattenf\u00f6rlust. L\u00e5ngvarig anv\u00e4ndning kommer att l\u00e4mna ditt h\u00e5r sl\u00e4tt och smidigt.<\/p>\n\n\n\n<p>3. Reparera h\u00e5r: N\u00e4r du anv\u00e4nder v\u00e5ra produkter, kan effektivt reparera h\u00e5rets struktur och f\u00f6rb\u00e4ttra h\u00e5rets elasticitet, och d\u00e4rigenom minska kluvna toppar och bryta, lindrar frizz.<\/p>\n\n\n\n<p>4. F\u00f6rb\u00e4ttra h\u00e5rkvaliteten: Den ger kontinuerligt n\u00e4ring till h\u00e5ret genom att mjuka upp h\u00e5ret och st\u00e4rka stratum corneum. Med konsekvent anv\u00e4ndning kommer ditt h\u00e5r att \u00e5terh\u00e4mta sig matt och lyster. Samtidigt kan det minska fenomenet med statisk elektricitet och tovor i h\u00e5ret, vilket g\u00f6r det smidigare.<\/p>\n\n\n\n<p>5. Balansolja: Djupt h\u00e5rbalsam har ocks\u00e5 en viss funktion att reglera uts\u00f6ndringen av olja i h\u00e5rbotten, vilket kan minska den feta k\u00e4nslan i h\u00e5rbotten, lugna h\u00e5rbotten och g\u00f6ra den mer uppfriskande.<\/p>\n\n\n\n<p>6. L\u00e4ttsk\u00f6tt h\u00e5r: Regelbunden v\u00e5rd kan hj\u00e4lpa dig att minska brotten som orsakas av strykningsprocessen, men ocks\u00e5 minska fenomenet friss, knutning, mer bekv\u00e4m bil, e, och modellering.<\/p>\n\n\n\n<h2 class=\"wp-block-heading\">Hur man anv\u00e4nder Deep Conditioner?<\/h2>\n\n\n\n<p>N\u00e4r vi utformade formulan har vi tagit h\u00e4nsyn till behoven hos olika h\u00e5rtyper, s\u00e5 vi har utvecklat en m\u00e4ngd olika djupbalsam s\u00e5som uppfriskande oljekontroll, \u00e5terfuktande reparation och rika reparerande n\u00e4rings\u00e4mnen. N\u00e4r du anv\u00e4nder ett djupbalsam kan du v\u00e4lja en produkt och behandling som passar dig efter din h\u00e5rkvalitet och behov. Vi kommer ocks\u00e5 att markera instruktionerna p\u00e5 f\u00f6rpackningen f\u00f6r din referens:<\/p>\n\n\n\n<p>1. Efter schampo: Tv\u00e4tta h\u00e5ret enligt normal process och torka sedan f\u00f6rsiktigt med en handduk f\u00f6r att absorbera \u00f6verfl\u00f6digt vatten. Applicera sedan en l\u00e4mplig m\u00e4ngd djupt balsam j\u00e4mnt i mitten till slutet av h\u00e5ret, undvik kontakt med h\u00e5rbotten. Du kan massera f\u00f6rsiktigt f\u00f6r att fr\u00e4mja upptagningen och l\u00e5ta det sitta p\u00e5 h\u00e5ret i 3-5 minuter, om h\u00e5ret \u00e4r allvarligt skadat kan du l\u00e4mpligen f\u00f6rl\u00e4nga vistelsetiden. Sk\u00f6lj med varmt vatten n\u00e4r tiden \u00e4r ute f\u00f6r att se till att det inte finns n\u00e5gra rester.<\/p>\n\n\n\n<p>2. St\u00e4rk v\u00e5rd: F\u00f6r h\u00e5r som \u00e4r s\u00e4rskilt torrt och skadat kan du st\u00e4rka v\u00e5rden efter att du har tv\u00e4ttat h\u00e5ret. Efter att ha applicerat balsamet j\u00e4mnt, linda in h\u00e5ret i en varm handduk och s\u00e4tt p\u00e5 en duschm\u00f6ssa. V\u00e4nta i 20-30 minuter innan du sk\u00f6ljer av med varmt vatten.<\/p>\n\n\n\n<p>3. Anv\u00e4nd f\u00f6re s\u00e4ngg\u00e5endet: F\u00f6r att ge fullt spel \u00e5t reparationsfunktionen hos djupbalsam kan du anv\u00e4nda den innan du g\u00e5r och l\u00e4gger dig. F\u00f6rst och fr\u00e4mst, tv\u00e4tta och linda in h\u00e5ret enligt normal process, s\u00e4tt sedan p\u00e5 en duschm\u00f6ssa, v\u00e4nta till n\u00e4sta morgon efter att ha stigit upp och sk\u00f6lj sedan med varmt vatten.<\/p>\n\n\n\n<h2 class=\"wp-block-heading\">F\u00f6rsiktighet<\/h2>\n\n\n\n<p>1. Det rekommenderas att v\u00e4lja ett djupt balsam som passar din h\u00e5rkvalitet och dina behov;<\/p>\n\n\n\n<p>2. Allergiska tester b\u00f6r utf\u00f6ras f\u00f6r f\u00f6rsta g\u00e5ngen. Om obehag uppst\u00e5r, sluta anv\u00e4nda omedelbart;<\/p>\n\n\n\n<p>3. Var uppm\u00e4rksam p\u00e5 anv\u00e4ndningsfrekvensen, det rekommenderas att 1-2 g\u00e5nger i veckan f\u00f6r att undvika fett h\u00e5r orsakat av \u00f6veranv\u00e4ndning;<\/p>\n\n\n\n<p>4. Var uppm\u00e4rksam p\u00e5 principen om r\u00e4tt m\u00e4ngd, f\u00f6r mycket balsam kommer ocks\u00e5 att orsaka fett h\u00e5r och t\u00e4ppa till porerna;<\/p>\n\n\n\n<p>5. Undvik att anv\u00e4nda samma h\u00e5rbalsam under l\u00e5ng tid, annars blir det beroende;<\/p>\n\n\n\n<p>6. Det rekommenderas att f\u00f6rvara p\u00e5 en sval och torr plats f\u00f6r att undvika f\u00f6rs\u00e4mring orsakad av direkt solljus och en milj\u00f6 med h\u00f6g temperatur.<\/p>\n\n\n\n<h2 class=\"wp-block-heading\">Slutsats<\/h2>\n\n\n\n<p>Som en tillverkare av djupbalsam fokuserad p\u00e5 h\u00f6gkvalitativ produktion, \u00e4r vi angel\u00e4gna om att producera produkter med naturliga ingredienser, effektiv v\u00e5rd och unika f\u00f6rpackningar. F\u00f6r att s\u00e4kerst\u00e4lla maximal retention av aktiva ingredienser i produktionsprocessen anv\u00e4nder vi avancerad emulgeringsteknik och l\u00e5gtemperaturbehandlingsprocesser och genomf\u00f6r s\u00e4kerhetstester p\u00e5 den f\u00e4rdiga produkten f\u00f6r att s\u00e4kerst\u00e4lla att varje flaska \u00e4r s\u00e4ker att anv\u00e4nda. Att v\u00e4lja v\u00e5rt djupa balsam \u00e4r inte bara f\u00f6r v\u00e5rden av h\u00e5ret utan ocks\u00e5 f\u00f6r str\u00e4van efter livskvalitet. Om du \u00e4r mer intresserad, v\u00e4nligen kontakta oss.<\/p>","protected":false},"excerpt":{"rendered":"Deep Conditioner Manufacturing Common Formulas As a professional deep conditioner manufacturer, we use a variety of natural and effective ingredients and scientific matching, aiming to create a deep repair and nourishing hair conditioner for you. 1. Protein essence: Protein is an important part of the hair, and protein essence can penetrate deeply into the hair [&hellip;]","protected":false},"featured_media":2253,"menu_order":0,"template":"","meta":[],"product-tag":[],"products":[52],"class_list":["post-2252","product","type-product","status-publish","has-post-thumbnail","hentry","products-conditioner"],"acf":[],"_links":{"self":[{"href":"https:\/\/www.ruiqigo.com\/sv\/wp-json\/wp\/v2\/product\/2252","targetHints":{"allow":["GET"]}}],"collection":[{"href":"https:\/\/www.ruiqigo.com\/sv\/wp-json\/wp\/v2\/product"}],"about":[{"href":"https:\/\/www.ruiqigo.com\/sv\/wp-json\/wp\/v2\/types\/product"}],"version-history":[{"count":0,"href":"https:\/\/www.ruiqigo.com\/sv\/wp-json\/wp\/v2\/product\/2252\/revisions"}],"wp:featuredmedia":[{"embeddable":true,"href":"https:\/\/www.ruiqigo.com\/sv\/wp-json\/wp\/v2\/media\/2253"}],"wp:attachment":[{"href":"https:\/\/www.ruiqigo.com\/sv\/wp-json\/wp\/v2\/media?parent=2252"}],"wp:term":[{"taxonomy":"product-tag","embeddable":true,"href":"https:\/\/www.ruiqigo.com\/sv\/wp-json\/wp\/v2\/product-tag?post=2252"},{"taxonomy":"products","embeddable":true,"href":"https:\/\/www.ruiqigo.com\/sv\/wp-json\/wp\/v2\/products?post=2252"}],"curies":[{"name":"wp","href":"https:\/\/api.w.org\/{rel}","templated":true}]}}