{"id":227,"date":"2024-06-30T23:19:42","date_gmt":"2024-06-30T15:19:42","guid":{"rendered":"https:\/\/ruiqigo.com\/?post_type=product&#038;p=227"},"modified":"2024-09-25T15:09:48","modified_gmt":"2024-09-25T07:09:48","slug":"moroccanoil-shampoo","status":"publish","type":"product","link":"https:\/\/www.ruiqigo.com\/sv\/product\/moroccanoil-shampoo","title":{"rendered":"Moroccanoil schampo"},"content":{"rendered":"<h3 class=\"wp-block-heading\">Moroccanoil schampo tillverkar vanliga formler<\/h3>\n\n\n\n<p>Moroccanoil-schampon inneh\u00e5ller en rad reparerande ingredienser, som b\u00f6rjar med arganolja. Arganolja \u00e4r rik p\u00e5 vitamin E och antioxidanter, som absorberas relativt snabbt av h\u00e5ret f\u00f6r att bilda en skyddande film som minskar UV-str\u00e5lar, reparerar fj\u00e4llen och f\u00f6rb\u00e4ttrar h\u00e5rets struktur. Moroccanoil Shampoo \u00e4r packat med bra saker som fettsyror, antioxidanter och vitamin E. Det fixar skadat h\u00e5r, g\u00f6r det studsare och glansigare och skyddar det fr\u00e5n d\u00e5liga saker i luften. Hydrolyserat veteprotein i schampot g\u00e5r djupt in i h\u00e5ret. Det ger h\u00e5ret de aminosyror det beh\u00f6ver f\u00f6r att vara starkt och segt. Dessutom finns det silversvampextrakt, fullt av bra saker som polysackarider, proteiner och sm\u00e5 bitar av n\u00e4rings\u00e4mnen. Den matar din h\u00e5rbotten och ditt h\u00e5r p\u00e5 djupet och g\u00f6r h\u00e5rbotten friskare.<\/p>\n\n\n\n<h3 class=\"wp-block-heading\">Moroccanoil schampo Till\u00e4mpliga scenarier<\/h3>\n\n\n\n<p>Med sina rika n\u00e4rings\u00e4mnen och n\u00e4rande egenskaper \u00e4r Moroccanoil Shampoo l\u00e4mpligt f\u00f6r alla klimat och milj\u00f6er, speciellt torra klimat. I torrt klimat \u00e4r h\u00e5ret utsatt f\u00f6r friktion och statisk elektricitet, och brist p\u00e5 fukt leder till torrhet. Reparerande ingredienser som arganolja i Moroccanoil Shampoo ger extra fukt till h\u00e5ret, vilket hj\u00e4lper till att minska statiskt och torrt h\u00e5ravbrott. Du kan ocks\u00e5 para ihop den med en <a href=\"https:\/\/www.ruiqigo.com\/sv\/products\/conditioner\/\">naturlig ingrediens balsam<\/a> f\u00f6r \u00e4nnu b\u00e4ttre resultat.<\/p>\n\n\n\n<h3 class=\"wp-block-heading\">Vem \u00e4r moroccanoil schampodr\u00e4kt f\u00f6r<\/h3>\n\n\n\n<p>Moroccanoil schampon \u00e4r ett utm\u00e4rkt val f\u00f6r individer som k\u00e4mpar med skadat, torrt eller spr\u00f6tt h\u00e5r. Detta schampo \u00e4r formulerat med rika, n\u00e4rande ingredienser som arbetar f\u00f6r att p\u00e5 djupet konditionera och vitalisera h\u00e5ret, vilket g\u00f6r det mjukt, smidigt och hanterbart. Den viktigaste ingrediensen, marockansk olja, \u00e4r k\u00e4nd f\u00f6r sitt h\u00f6ga n\u00e4ringsinneh\u00e5ll, som penetrerar h\u00e5rstr\u00e5et f\u00f6r att reparera skador och \u00e5terst\u00e4lla styrka och elasticitet. Mer n<a href=\"https:\/\/www.ruiqigo.com\/sv\/products\/shampoo\/\">naturliga ingrediensschampon<\/a> f\u00f6r dig att v\u00e4lja fr\u00e5n 3TOP.<\/p>\n\n\n\n<h3 class=\"wp-block-heading\">Moroccanoil schampo Produktionsprocess<\/h3>\n\n\n\n<p>Moroccanoil Schampon \u00e4r infunderade med naturliga n\u00e4rings\u00e4mnen som \u00e4r noggrant utvalda f\u00f6r deras f\u00f6rm\u00e5ga att avsev\u00e4rt f\u00f6rb\u00e4ttra styrkan och h\u00e4lsan i ditt h\u00e5r. Stj\u00e4rningrediensen, utvunnen fr\u00e5n argantr\u00e4det som \u00e4r hemma i Marocko, \u00e4r rik p\u00e5 essentiella fettsyror, antioxidanter och vitamin E. Dessa komponenter arbetar tillsammans f\u00f6r att st\u00e4rka varje str\u00e4ng, skyddar mot brott och fr\u00e4mjar motst\u00e5ndskraft.<\/p>","protected":false},"excerpt":{"rendered":"Moroccanoil shampoo manufacturing common formulas Moroccanoil shampoos contain a range of repairing ingredients, starting with argan oil. Argan oil is rich in vitamin E and antioxidants, which are absorbed relatively quickly by the hair to form a protective film that reduces UV rays, repairs the scales, and improves hair texture. Moroccanoil Shampoo is packed with [&hellip;]","protected":false},"featured_media":228,"menu_order":0,"template":"","meta":[],"product-tag":[],"products":[51],"class_list":["post-227","product","type-product","status-publish","has-post-thumbnail","hentry","products-shampoo"],"acf":[],"_links":{"self":[{"href":"https:\/\/www.ruiqigo.com\/sv\/wp-json\/wp\/v2\/product\/227","targetHints":{"allow":["GET"]}}],"collection":[{"href":"https:\/\/www.ruiqigo.com\/sv\/wp-json\/wp\/v2\/product"}],"about":[{"href":"https:\/\/www.ruiqigo.com\/sv\/wp-json\/wp\/v2\/types\/product"}],"version-history":[{"count":0,"href":"https:\/\/www.ruiqigo.com\/sv\/wp-json\/wp\/v2\/product\/227\/revisions"}],"wp:featuredmedia":[{"embeddable":true,"href":"https:\/\/www.ruiqigo.com\/sv\/wp-json\/wp\/v2\/media\/228"}],"wp:attachment":[{"href":"https:\/\/www.ruiqigo.com\/sv\/wp-json\/wp\/v2\/media?parent=227"}],"wp:term":[{"taxonomy":"product-tag","embeddable":true,"href":"https:\/\/www.ruiqigo.com\/sv\/wp-json\/wp\/v2\/product-tag?post=227"},{"taxonomy":"products","embeddable":true,"href":"https:\/\/www.ruiqigo.com\/sv\/wp-json\/wp\/v2\/products?post=227"}],"curies":[{"name":"wp","href":"https:\/\/api.w.org\/{rel}","templated":true}]}}