{"id":2291,"date":"2024-12-17T16:20:43","date_gmt":"2024-12-17T08:20:43","guid":{"rendered":"https:\/\/ruiqigo.com\/?post_type=product&#038;p=2291"},"modified":"2024-12-17T16:22:39","modified_gmt":"2024-12-17T08:22:39","slug":"frankincense-essential-oil","status":"publish","type":"product","link":"https:\/\/www.ruiqigo.com\/sv\/product\/frankincense-essential-oil","title":{"rendered":"Frankincense eterisk olja"},"content":{"rendered":"<h2 class=\"wp-block-heading\">Vanliga formler f\u00f6r tillverkning av eterisk olja f\u00f6r r\u00f6kelse<\/h2>\n\n\n\n<p>I produktionsprocessen har vi designat en m\u00e4ngd olika formuleringar efter dina olika behov f\u00f6r att s\u00e4kerst\u00e4lla att de kan spela sina respektive effekter. Om koncentrationen av eterisk olja fr\u00e5n r\u00f6kelse \u00e4r h\u00f6gre beh\u00f6ver du vanligtvis sp\u00e4da basoljan f\u00f6r att b\u00e4ttre ta hand om din h\u00e4lsa.<\/p>\n\n\n\n<p>1. Frankincense eterisk olja: Den spelar en viktig roll som en k\u00e4rningrediens. Till exempel har frankincense eterisk olja antibakteriella och antiinflammatoriska egenskaper, som kan h\u00e4mma bakteriell reproduktion, minska f\u00f6rekomsten av inflammation och sedan fr\u00e4mja s\u00e5rl\u00e4kning och behandla munsjukdomar, hudinfektioner, h\u00e5rbotteninflammation och andra problem. Det stimulerar ocks\u00e5 blodcirkulationen, vilket hj\u00e4lper h\u00e5rs\u00e4ckarna att absorbera mer n\u00e4rings\u00e4mnen, vilket fr\u00e4mjar h\u00e5rv\u00e4xten. Samtidigt kan den penetrera h\u00e5ret f\u00f6r att ge fukt, minska friss, sprickor och kluvna toppar och g\u00f6ra ditt h\u00e5r smidigare. Dessutom kan det ocks\u00e5 fr\u00e4mja cellregenerering, reparera skadad h\u00e5rbottenv\u00e4vnad och ytterligare fr\u00e4mja skyddet av h\u00e5rbottens h\u00e4lsa.<\/p>\n\n\n\n<p>2. Babajoolja: Babajooljan \u00e4r rik p\u00e5 vitamin E och fettsyror, som starkt kan ge h\u00e5ret n\u00e4ring och komplettera n\u00e4rings\u00e4mnen. Det kan ocks\u00e5 reparera skadat h\u00e5r och sl\u00e4ta frizz. Samtidigt som en l\u00e4tt, l\u00e4ttabsorberad basolja belastar den inte h\u00e5ret.<\/p>\n\n\n\n<p>3. Kokosolja: Kokosolja har en utm\u00e4rkt fuktgivande effekt, som kan g\u00e5 djupt in i h\u00e5rk\u00e4rnan och tillf\u00f6ra tillr\u00e4ckligt med fukt och n\u00e4rings\u00e4mnen. Det tar ocks\u00e5 effektivt bort statisk elektricitet och frizz fr\u00e5n h\u00e5ret.<\/p>\n\n\n\n<p>4. Kolofonium: Kolofonium \u00e4r essenskomponenten i frankincense eterisk olja, som utstr\u00e5lar en varm tr\u00e4ig doft och en l\u00e4tt fruktarom. Denna unika arom lindrar ocks\u00e5 \u00e5ngest, modulerar hum\u00f6ret och hj\u00e4lper dig att slappna av.<\/p>\n\n\n\n<h2 class=\"wp-block-heading\">Funktionerna hos Frankincense eterisk olja<\/h2>\n\n\n\n<p>Som en professionell tillverkare av eterisk olja av r\u00f6kelse \u00e4gnar vi s\u00e4rskild uppm\u00e4rksamhet \u00e5t den h\u00f6ga kvaliteten och utm\u00e4rkta effektiviteten hos v\u00e5ra produkter. D\u00e4rf\u00f6r v\u00e4ljer vi noggrant ut r\u00e5varor och kontrollerar strikt varje l\u00e4nk i produktionen f\u00f6r att s\u00e4kerst\u00e4lla effektiviteten och s\u00e4kerheten hos produkterna. H\u00e4r \u00e4r dess fr\u00e4msta f\u00f6rdelar:<\/p>\n\n\n\n<p>1. F\u00f6rb\u00e4ttra immunitet: Frankincense eterisk olja kan f\u00f6rb\u00e4ttra immunf\u00f6rsvaret och f\u00f6rb\u00e4ttra f\u00f6rm\u00e5gan att motst\u00e5 sjukdomar, f\u00f6r att f\u00f6rhindra uppkomsten av sjukdomar, s\u00e5som orala sjukdomar. Och det har potentiella anticancereffekter.<\/p>\n\n\n\n<p>2. Skydda huden: Det kan inte bara fr\u00e4mja cellregenerering och reparera skadad v\u00e4vnad, utan \u00e4ven p\u00e5skynda s\u00e5rl\u00e4kning. Det kan ocks\u00e5 \u00e5terfukta din hud, ytterligare minska rynkor och \u00e4rr, \u00f6mma fl\u00e4ckar och andra problem, skydda huden och f\u00f6rhindra hudens \u00e5ldrande.<\/p>\n\n\n\n<p>3. H\u00e5rv\u00e5rd: V\u00e5ra eteriska oljor stimulerar h\u00e5rbottens cirkulation, vilket p\u00e5skyndar h\u00e5rv\u00e4xten. De kan ocks\u00e5 lindra h\u00e5rbottens kl\u00e5da och obehag, minska belastningen p\u00e5 h\u00e5rbotten och g\u00f6ra h\u00e5ret friskare. Samtidigt har de en stark \u00e5terfuktande f\u00f6rm\u00e5ga, kan ge n\u00e4ring till h\u00e5ret och g\u00f6ra h\u00e5ret sl\u00e4tare.<\/p>\n\n\n\n<p>4. Lindra stress: Den unika doften av eterisk olja fr\u00e5n r\u00f6kelse kan inte bara fr\u00e4mja avslappning, lindra stress, reglera d\u00e5liga k\u00e4nslor och d\u00e4rmed minska depression. Det stimulerar ocks\u00e5 nerver och f\u00f6rb\u00e4ttrar minnet.<\/p>\n\n\n\n<p>5. Sm\u00e4rta och svullnad: N\u00e4r de anv\u00e4nds kan de antibakteriella och antiinflammatoriska komponenterna i frankincense eterisk olja effektivt d\u00f6da bakteriell reproduktion och minska inflammatoriska symtom, s\u00e5som rodnad och svullnad, och det kan ocks\u00e5 lindra artrit, muskel\u00f6mhet och ytterligare uppn\u00e5 rollen som sm\u00e4rta och svullnad.<\/p>\n\n\n\n<h2 class=\"wp-block-heading\">Hur man anv\u00e4nder Frankincense eterisk olja?<\/h2>\n\n\n\n<p>Frankincense eterisk olja kan anv\u00e4ndas p\u00e5 olika s\u00e4tt beroende p\u00e5 olika scenarier och behov. Vi har ocks\u00e5 designat en m\u00e4ngd olika formuleringar och testat effektiviteten hos de f\u00e4rdiga produkterna f\u00f6r att s\u00e4kerst\u00e4lla att produkterna du f\u00e5r kan anv\u00e4ndas med f\u00f6rtroende. S\u00e5 h\u00e4r anv\u00e4nder du h\u00e5rv\u00e5rd:<\/p>\n\n\n\n<p>1. Massage i h\u00e5rbotten: Tills\u00e4tt f\u00f6rst 4 droppar eterisk olja fr\u00e5n r\u00f6kelse till 1 matsked jojobaolja f\u00f6r att sp\u00e4da ut, applicera sedan den utsp\u00e4dda eteriska oljan j\u00e4mnt i h\u00e5rbotten och massera f\u00f6rsiktigt in. Du kan sedan sl\u00e5 in huvudet i en varm handduk och v\u00e4nta i 30 minuter, vilket g\u00f6r att oljan kan tr\u00e4nga in. N\u00e4r tiden \u00e4r ute, sk\u00f6lj av den med varmt vatten f\u00f6r att se till att det inte finns n\u00e5gra rester.<\/p>\n\n\n\n<p>2. Blandning: I processen att tv\u00e4tta h\u00e5ret kan du droppa 3 droppar av v\u00e5r eteriska olja i schampo eller balsam f\u00f6r att blanda v\u00e4l, och sedan tv\u00e4tta h\u00e5ret enligt den normala processen. Det kan masseras f\u00f6rsiktigt under denna process, s\u00e4rskilt d\u00e4r h\u00e5ret \u00e4r kraftigt skadat och torrt, f\u00f6r att fr\u00e4mja absorptionen.<\/p>\n\n\n\n<p>3. Doftterapi: Den kan inhaleras direkt eller med hj\u00e4lp av doftspridare f\u00f6r att lindra stress, slappna av i kropp och sj\u00e4l och indirekt minska stressrelaterat h\u00e5ravfall.<\/p>\n\n\n\n<h2 class=\"wp-block-heading\">F\u00f6rsiktighet<\/h2>\n\n\n\n<p>1. V\u00e4lj en l\u00e4mplig eterisk olja f\u00f6r r\u00f6kelse enligt din hudtyp eller h\u00e5rtyp och behov;<\/p>\n\n\n\n<p>2. Allergiska tester b\u00f6r utf\u00f6ras f\u00f6r f\u00f6rsta g\u00e5ngen. Om obehag uppst\u00e5r, sluta anv\u00e4nda omedelbart;<\/p>\n\n\n\n<p>3. Undvik kontakt med \u00f6gon och andra k\u00e4nsliga delar, om det finns kontakt, sk\u00f6lj med basolja (inte vatten) och observera, om fortfarande obehag b\u00f6r konsultera en l\u00e4kare;<\/p>\n\n\n\n<p>4. Var uppm\u00e4rksam p\u00e5 anv\u00e4ndningsfrekvensen, det rekommenderas att anv\u00e4nda 1-2 g\u00e5nger i veckan f\u00f6r att undvika \u00f6verdriven anv\u00e4ndning orsakad av h\u00e5rbottenbelastning;<\/p>\n\n\n\n<p>5. Var uppm\u00e4rksam p\u00e5 principen om en l\u00e4mplig m\u00e4ngd, \u00f6verdriven eterisk olja kommer att g\u00f6ra h\u00e5rbotten fet, tillt\u00e4ppta porer;<\/p>\n\n\n\n<p>6. Det rekommenderas att f\u00f6rvara p\u00e5 en sval och torr plats f\u00f6r att undvika direkt solljus och en milj\u00f6 med h\u00f6g temperatur.<\/p>\n\n\n\n<h2 class=\"wp-block-heading\">Slutsats<\/h2>\n\n\n\n<p>Som en erfaren tillverkare av eteriska oljor fr\u00e5n r\u00f6kelse f\u00f6rst\u00e5r vi din \u00f6nskan om kvalitet och effektivitet. D\u00e4rf\u00f6r har var och en av v\u00e5ra processer genomg\u00e5tt strikt kvalitetskontroll och exakt tids- och temperaturkontroll f\u00f6r att s\u00e4kerst\u00e4lla att varje flaska inneh\u00e5ller rika ingredienser och ut\u00f6var maximal effektivitet.<\/p>\n\n\n\n<p>Naturligtvis har vi ocks\u00e5 utm\u00e4rkta anpassningstj\u00e4nster f\u00f6r att skapa ditt eteriska oljem\u00e4rke enligt dina behov och hj\u00e4lpa dig att f\u00e5 en konkurrensf\u00f6rdel p\u00e5 marknaden. Kontakta oss g\u00e4rna om du \u00e4r intresserad.<\/p>","protected":false},"excerpt":{"rendered":"Frankincense Essential Oil Manufacturing Common Formulas In the production process, we have designed a variety of formulations according to your different needs to ensure that they can play their respective effects. If the concentration of frankincense essential oil is higher, you usually need to dilute the base oil, to better care for your health. 1. [&hellip;]","protected":false},"featured_media":2292,"menu_order":0,"template":"","meta":[],"product-tag":[],"products":[53],"class_list":["post-2291","product","type-product","status-publish","has-post-thumbnail","hentry","products-essential-oil"],"acf":[],"_links":{"self":[{"href":"https:\/\/www.ruiqigo.com\/sv\/wp-json\/wp\/v2\/product\/2291","targetHints":{"allow":["GET"]}}],"collection":[{"href":"https:\/\/www.ruiqigo.com\/sv\/wp-json\/wp\/v2\/product"}],"about":[{"href":"https:\/\/www.ruiqigo.com\/sv\/wp-json\/wp\/v2\/types\/product"}],"version-history":[{"count":0,"href":"https:\/\/www.ruiqigo.com\/sv\/wp-json\/wp\/v2\/product\/2291\/revisions"}],"wp:featuredmedia":[{"embeddable":true,"href":"https:\/\/www.ruiqigo.com\/sv\/wp-json\/wp\/v2\/media\/2292"}],"wp:attachment":[{"href":"https:\/\/www.ruiqigo.com\/sv\/wp-json\/wp\/v2\/media?parent=2291"}],"wp:term":[{"taxonomy":"product-tag","embeddable":true,"href":"https:\/\/www.ruiqigo.com\/sv\/wp-json\/wp\/v2\/product-tag?post=2291"},{"taxonomy":"products","embeddable":true,"href":"https:\/\/www.ruiqigo.com\/sv\/wp-json\/wp\/v2\/products?post=2291"}],"curies":[{"name":"wp","href":"https:\/\/api.w.org\/{rel}","templated":true}]}}