{"id":2322,"date":"2024-12-19T14:17:49","date_gmt":"2024-12-19T06:17:49","guid":{"rendered":"https:\/\/ruiqigo.com\/?post_type=product&#038;p=2322"},"modified":"2024-12-19T17:21:20","modified_gmt":"2024-12-19T09:21:20","slug":"best-body-lotion-for-dry-skin","status":"publish","type":"product","link":"https:\/\/www.ruiqigo.com\/sv\/product\/best-body-lotion-for-dry-skin","title":{"rendered":"B\u00e4sta Body Lotion f\u00f6r torr hud"},"content":{"rendered":"<h2 class=\"wp-block-heading\">B\u00e4sta kroppslotion f\u00f6r torr hud som tillverkar vanliga formler<\/h2>\n\n\n\n<p>Under hela produktionsprocessen anv\u00e4nder vi avancerade produktionsanl\u00e4ggningar och strikta testsystem f\u00f6r att s\u00e4kerst\u00e4lla produkternas s\u00e4kerhet och effektivitet. Och vi har designat olika formler f\u00f6r dina olika hudtyper och preferenser f\u00f6r att m\u00f6ta behoven hos de flesta.<\/p>\n\n\n\n<p>1. Hyaluronsyra: hyaluronsyra \u00e4r en vanlig fuktkr\u00e4m, som har en stark f\u00f6rm\u00e5ga att \u00e5terfukta och absorbera vatten. Det \u00e5terfuktar inte bara huden och hj\u00e4lper till att ta bort d\u00f6da hudceller, utan bildar ocks\u00e5 ett skyddande lager p\u00e5 hudens yta f\u00f6r att f\u00f6rhindra vattenf\u00f6rlust och h\u00e5lla huden \u00e5terfuktad.<\/p>\n\n\n\n<p>2. Vaselin: Som en sorts Occlusives kan vaselin hj\u00e4lpa till att l\u00e5sa vatten, minska avdunstning av vatten i huden, ytterligare lindra problemet med torr hud och peeling och h\u00e5lla huden \u00e5terfuktad under l\u00e5ng tid.<\/p>\n\n\n\n<p>3. Sheasm\u00f6r: Sheasm\u00f6r \u00e4r ett utm\u00e4rkt mjukg\u00f6rande medel. F\u00f6rutom sin \u00e5terfuktande effekt kan sheasm\u00f6r \u00e4ven reparera v\u00e4vnadsceller som skadats av torkning, och d\u00e4rigenom fr\u00e4mja cellregenerering, hj\u00e4lpa till att minska rynkor och fina linjer och g\u00f6ra din hud sl\u00e4tare och mjukare.<\/p>\n\n\n\n<p>4. Vitamin C: Vitamin C har en antioxidant effekt, och kan motst\u00e5 fria radikaler, fr\u00e5n skador fr\u00e5n den yttre milj\u00f6n. Samtidigt kan det ocks\u00e5 fr\u00e4mja produktionen av kollagen, f\u00f6r att uppn\u00e5 en fast hud, anti-aging effekt.<\/p>\n\n\n\n<p>5. Nikotinamid: Nikotinamid kan f\u00f6rb\u00e4ttra hudens barri\u00e4rfunktion, f\u00f6rb\u00e4ttra hudens fuktgivande f\u00f6rm\u00e5ga, hj\u00e4lpa till att krympa porer, j\u00e4mna ut rynkor och f\u00f6rb\u00e4ttra hudens elasticitet.<\/p>\n\n\n\n<h2 class=\"wp-block-heading\">Funktionerna f\u00f6r b\u00e4sta kroppslotion f\u00f6r torr hud<\/h2>\n\n\n\n<p>Som en professionell tillverkare av bodylotion har vi en djupg\u00e5ende f\u00f6rst\u00e5else f\u00f6r egenskaperna hos torr hud innan vi utformar formulan. Att f\u00f6rst\u00e5 att torr hud ofta saknar tillr\u00e4ckligt med naturliga oljor f\u00f6r att beh\u00e5lla hudens fuktbarri\u00e4r kan leda till en m\u00e4ngd problem. Vi har skapat den h\u00e4r produkten baserat p\u00e5 detta problem f\u00f6r att g\u00f6ra din hud \u00e5terfuktad och sl\u00e4t igen.<\/p>\n\n\n\n<p>1. \u00c5terfuktande och \u00e5terfuktande: Den b\u00e4sta kroppslotionen f\u00f6r torr hud \u00e4r l\u00e4tt att absorbera, som p\u00e5 djupet kan fylla p\u00e5 vatten och n\u00e4rings\u00e4mnen och snabbt absorberas av huden. Samtidigt kommer den att l\u00e5sa in fukt, uppn\u00e5 en varaktig fuktgivande effekt, reparera torr skadad hud och l\u00e5ngvarig anv\u00e4ndning kommer att g\u00f6ra din hud mer \u00e5terfuktad och mjuk.<\/p>\n\n\n\n<p>2. Exfoliering: Du kan massera f\u00f6rsiktigt n\u00e4r du applicerar, vilket bidrar till att ta bort smuts och olja och exfoliera. Det hj\u00e4lper ocks\u00e5 till att rensa igen porerna, f\u00f6rhindra akne och ytterligare v\u00e5rda din huds h\u00e4lsa.<\/p>\n\n\n\n<p>3. F\u00f6rb\u00e4ttra hudkvaliteten: V\u00e5r kroppslotion har ocks\u00e5 en viss effekt av att g\u00f6ra huden ljusare, vilket kan f\u00f6rb\u00e4ttra hudens matthet, sl\u00e4ta ut rynkor och g\u00f6ra huden mer elastisk, sl\u00e4t och k\u00e4nslig.<\/p>\n\n\n\n<p>4. Lugnande och avslappnande: Naturlig v\u00e4xtessens tills\u00e4tts produkten, som har en unik arom, som kan lugna kroppen och sinnet, lindra hum\u00f6r och stress.<\/p>\n\n\n\n<p>5. Barri\u00e4rreparation: Den b\u00e4sta kroppslotionen f\u00f6r torr hud har funktionen att reparera hudbarri\u00e4ren, st\u00e4rka motst\u00e5ndet och reparera skadad v\u00e4vnad, och d\u00e4rigenom skydda huden fr\u00e5n omgivningen och att h\u00e5lla sig till din hud blir friskare.<\/p>\n\n\n\n<h2 class=\"wp-block-heading\">Hur man anv\u00e4nder den b\u00e4sta kroppslotionen f\u00f6r torr hud?<\/h2>\n\n\n\n<p>Regelbunden anv\u00e4ndning av den b\u00e4sta bodylotionen f\u00f6r torr hud kan f\u00f6rb\u00e4ttra huden och \u00e5terst\u00e4lla h\u00e4lsan. Sj\u00e4lvklart \u00e4r det ocks\u00e5 viktigt att v\u00e4lja en produkt som passar just dig. S\u00e5 h\u00e4r kan den anv\u00e4ndas:<\/p>\n\n\n\n<p>1. Reng\u00f6r huden: Duscha enligt normal process f\u00f6re anv\u00e4ndning f\u00f6r att ta bort smuts och olja p\u00e5 hudytan. Var noga med att reng\u00f6ra ordentligt s\u00e5 att v\u00e5r kroppsmj\u00f6lk kan tas upp b\u00e4ttre.<\/p>\n\n\n\n<p>2. Applicera j\u00e4mnt: Efter att ha tagit ett bad, torka f\u00f6rsiktigt med en handduk men h\u00e5ll den l\u00e4tt bl\u00f6t, och applicera sedan en lagom m\u00e4ngd bodylotion j\u00e4mnt p\u00e5 hela kroppen, speciellt de platser som \u00e4r l\u00e4tta att ignorera. Tjockleken p\u00e5 stratum corneum kan p\u00e5 l\u00e4mpligt s\u00e4tt f\u00f6rb\u00e4ttras f\u00f6r att \u00f6ka m\u00e4ngden applicering.<\/p>\n\n\n\n<p>3. Massage absorption: Efter att ha applicerat h\u00e4nderna f\u00f6r att f\u00f6rsiktigt massera hela kroppen p\u00e5 ett cirkul\u00e4rt s\u00e4tt, kan du fr\u00e4mja absorptionen. S\u00e4rskilt torra eller tjocka nagelbandsdelar kan \u00f6ka massagestyrkan.<\/p>\n\n\n\n<p>4. V\u00e4nta p\u00e5 absorption: Efter massage kan du v\u00e4nta n\u00e5gra minuter tills lotionen absorberas helt av huden, och slutligen kan du ta p\u00e5 dig kl\u00e4der.<\/p>\n\n\n\n<h2 class=\"wp-block-heading\">F\u00f6rsiktighet<\/h2>\n\n\n\n<p>1. Allergiska tester b\u00f6r utf\u00f6ras f\u00f6r f\u00f6rsta g\u00e5ngen. Om obehag uppst\u00e5r, sluta anv\u00e4nda omedelbart;<\/p>\n\n\n\n<p>2. Undvik kontakt med \u00f6gon och andra k\u00e4nsliga delar. Vid kontakt med \u00f6gonen, sk\u00f6lj omedelbart med vatten;<\/p>\n\n\n\n<p>3. F\u00f6rvara utom r\u00e4ckh\u00e5ll f\u00f6r barn f\u00f6r att undvika missbruk;<\/p>\n\n\n\n<p>4. Var uppm\u00e4rksam p\u00e5 anv\u00e4ndningsfrekvensen, det rekommenderas att anv\u00e4nda varje morgon och kv\u00e4ll, om det \u00e4r i en s\u00e4rskilt torr milj\u00f6, kan anv\u00e4ndningsfrekvensen \u00f6kas p\u00e5 l\u00e4mpligt s\u00e4tt;<\/p>\n\n\n\n<p>5. Var uppm\u00e4rksam p\u00e5 m\u00e4ngden, \u00f6verdriven kroppsmj\u00f6lk kan g\u00f6ra huden fet och tillt\u00e4ppta porer, inte l\u00e4tt att absorbera;<\/p>\n\n\n\n<p>6. Det rekommenderas att f\u00f6rvara p\u00e5 en sval och torr plats, undvik direkt solljus och en milj\u00f6 med h\u00f6g temperatur.<\/p>\n\n\n\n<h2 class=\"wp-block-heading\">Slutsats<\/h2>\n\n\n\n<p>L\u00e4mplig f\u00f6r de flesta hudtyper, v\u00e5r b\u00e4sta bodylotion f\u00f6r torr hud \u00e4r l\u00e4tt att anv\u00e4nda och l\u00e4tt, vilket g\u00f6r den till det perfekta valet f\u00f6r effektiv \u00e5terfuktning och skonsam n\u00e4ring. Dessutom. Vi har ocks\u00e5 ett komplett utbud av anpassningstj\u00e4nster f\u00f6r att skapa en unik och varum\u00e4rkesv\u00e4rd produkt enligt dina behov. Kontakta oss om du vill g\u00f6ra dig ett namn p\u00e5 bodylotionmarknaden.<\/p>\n\n\n\n<p><\/p>","protected":false},"excerpt":{"rendered":"Best Body Lotion For Dry Skin Manufacturing Common Formulas Throughout the entire production process, we use advanced production facilities and strict testing systems to ensure the safety and effectiveness of products. And we&#8217;ve designed different formulas for your different skin types and preferences to meet the needs of most people. 1. Hyaluronic acid: hyaluronic acid [&hellip;]","protected":false},"featured_media":2323,"menu_order":0,"template":"","meta":[],"product-tag":[],"products":[56],"class_list":["post-2322","product","type-product","status-publish","has-post-thumbnail","hentry","products-body-lotion"],"acf":[],"_links":{"self":[{"href":"https:\/\/www.ruiqigo.com\/sv\/wp-json\/wp\/v2\/product\/2322","targetHints":{"allow":["GET"]}}],"collection":[{"href":"https:\/\/www.ruiqigo.com\/sv\/wp-json\/wp\/v2\/product"}],"about":[{"href":"https:\/\/www.ruiqigo.com\/sv\/wp-json\/wp\/v2\/types\/product"}],"version-history":[{"count":0,"href":"https:\/\/www.ruiqigo.com\/sv\/wp-json\/wp\/v2\/product\/2322\/revisions"}],"wp:featuredmedia":[{"embeddable":true,"href":"https:\/\/www.ruiqigo.com\/sv\/wp-json\/wp\/v2\/media\/2323"}],"wp:attachment":[{"href":"https:\/\/www.ruiqigo.com\/sv\/wp-json\/wp\/v2\/media?parent=2322"}],"wp:term":[{"taxonomy":"product-tag","embeddable":true,"href":"https:\/\/www.ruiqigo.com\/sv\/wp-json\/wp\/v2\/product-tag?post=2322"},{"taxonomy":"products","embeddable":true,"href":"https:\/\/www.ruiqigo.com\/sv\/wp-json\/wp\/v2\/products?post=2322"}],"curies":[{"name":"wp","href":"https:\/\/api.w.org\/{rel}","templated":true}]}}