{"id":2348,"date":"2024-12-25T11:35:04","date_gmt":"2024-12-25T03:35:04","guid":{"rendered":"https:\/\/ruiqigo.com\/?post_type=product&#038;p=2348"},"modified":"2024-12-25T11:35:42","modified_gmt":"2024-12-25T03:35:42","slug":"sandalwood-essential-oil","status":"publish","type":"product","link":"https:\/\/www.ruiqigo.com\/sv\/product\/sandalwood-essential-oil","title":{"rendered":"Sandeltr\u00e4 eterisk olja"},"content":{"rendered":"<h2 class=\"wp-block-heading\">Vanliga formler f\u00f6r tillverkning av eterisk olja av sandeltr\u00e4<\/h2>\n\n\n\n<p>Som en professionell eterisk olja av sandeltr\u00e4 v\u00e4ljer vi h\u00f6gkvalitativt sandeltr\u00e4 som r\u00e5material och anv\u00e4nder precisionsdestillationsutrustning f\u00f6r att rena eteriska oljor f\u00f6r att s\u00e4kerst\u00e4lla produkternas h\u00f6ga kvalitet och stabilitet. H\u00e4r \u00e4r de viktigaste formuleringarna f\u00f6r h\u00e5rv\u00e5rd:<\/p>\n\n\n\n<p>1. Sandeltr\u00e4 eterisk olja: Sandeltr\u00e4 eterisk olja spelar en viktig roll som k\u00e4rningrediensen, som \u00e4r l\u00e4tt i konsistensen och kan p\u00e5 djupet ge n\u00e4ring och \u00e5terfukta h\u00e5ret och d\u00e4rigenom j\u00e4mna ut frissighet och g\u00f6ra ditt h\u00e5r mer glansigt. Den har ocks\u00e5 antibakteriella och antiinflammatoriska egenskaper, kan h\u00e4mma h\u00e5rbottensvampen f\u00f6r att minska mj\u00e4llproduktionen och kan effektivt ta bort oljan och smutsen i h\u00e5rbotten f\u00f6r att h\u00e5lla h\u00e5rbotten ren och frisk. Dessutom kan dess unika arom lugna kroppen, sinnet och h\u00e5rbotten och stimulera blodcirkulationen till h\u00e5rbotten och p\u00e5 s\u00e5 s\u00e4tt fr\u00e4mja h\u00e5rv\u00e4xten.<\/p>\n\n\n\n<p>2. Mandelolja: Mandelolja \u00e4r rik p\u00e5 n\u00e4rings\u00e4mnen som kan ge n\u00e4ring till h\u00e5ret och f\u00f6rb\u00e4ttra torrt och str\u00e4vt h\u00e5r. Den \u00e4r l\u00e4tt i konsistensen, mycket lik v\u00e5r talg och kan anv\u00e4ndas som en basolja blandad med eterisk sandeltr\u00e4olja utan att k\u00e4nnas tung.<\/p>\n\n\n\n<p>3. Bl\u00e5 kamomill: Bl\u00e5 kamomills antiinflammatoriska och lugnande egenskaper kan ytterligare f\u00f6rst\u00e4rka den lugnande effekten och g\u00f6ra dig mer lugn och avslappnad vid anv\u00e4ndning. Det anv\u00e4nds ocks\u00e5 f\u00f6r att behandla inflammation som hudirritation eller inflammation.<\/p>\n\n\n\n<p>4. Arganolja: Arganoljans fuktgivande egenskaper mjukar upp h\u00e5ret ytterligare och fyller p\u00e5 med fukt. Samtidigt har den ocks\u00e5 en viss antioxidantfunktion, som kan motst\u00e5 skador av fria radikaler och d\u00e4rmed f\u00f6rsena \u00e5ldrandeprocessen, speciellt f\u00f6r glest eller sk\u00f6rt h\u00e5r.<\/p>\n\n\n\n<h2 class=\"wp-block-heading\">Funktionerna av eterisk sandeltr\u00e4olja<\/h2>\n\n\n\n<p>V\u00e5r eteriska sandeltr\u00e4olja har flera funktioner, inte bara f\u00f6r att v\u00e5rda din hud och h\u00e5r, utan ocks\u00e5 f\u00f6r att lugna nerver och slappna av. Det \u00e4r det perfekta valet f\u00f6r modern str\u00e4van efter effektivitet, f\u00f6renkling och h\u00e4lsa.<\/p>\n\n\n\n<p>1. V\u00e5rda h\u00e5ret: Sandeltr\u00e4 eterisk olja \u00e4r l\u00e4tt att penetrera, kan \u00e5terfukta torrt h\u00e5r p\u00e5 djupet och ge en varaktig \u00e5terfuktande effekt, sl\u00e4ta ut friss och l\u00e5ta ditt h\u00e5r \u00e4ndra lyster och \u00e5terst\u00e4lla lyster.<\/p>\n\n\n\n<p>2. Fr\u00e4mja h\u00e5rv\u00e4xt och l\u00e4kning: Den charmiga aromen av sandeltr\u00e4 kan fr\u00e4mja h\u00e5rv\u00e4xt n\u00e4r du masserar h\u00e5rbotten. Samtidigt kan dess antibakteriella egenskaper inte bara minska mj\u00e4llproduktionen utan ocks\u00e5 h\u00e5lla h\u00e5rbotten ren, vilket \u00e4r f\u00f6rdelaktigt f\u00f6r att reparera skadat h\u00e5r, fr\u00e4mja l\u00e4kning och g\u00f6ra h\u00e5ret friskare.<\/p>\n\n\n\n<p>3. Lugnande och lugnande: V\u00e5r eteriska sandeltr\u00e4olja har en lugnande och lugnande effekt, som inte bara kan reglera hum\u00f6ret, utan ocks\u00e5 slappna av i kropp och sj\u00e4l, lindra stress och s\u00e4nka blodtrycket. Det hj\u00e4lper ocks\u00e5 mot s\u00f6mnl\u00f6shet och f\u00f6rb\u00e4ttrar kvaliteten p\u00e5 din s\u00f6mn.<\/p>\n\n\n\n<p>4. Behandla inflammation: V\u00e5ra antiinflammatoriska egenskaper hj\u00e4lper till att rensa luftv\u00e4garna och minska inflammation, vilket lindrar hosta, bronkit med mera. Inte bara det, den lokala appliceringen av det hj\u00e4lper ocks\u00e5 till att f\u00f6rb\u00e4ttra kroppens immunfunktion, vilket ytterligare f\u00f6rb\u00e4ttrar f\u00f6rm\u00e5gan att motst\u00e5 infektionssjukdomar.<\/p>\n\n\n\n<p>5. J\u00e4mn hudton: Eterisk olja av sandeltr\u00e4 kan effektivt minska pigmentering och ljusa upp m\u00f6rka fl\u00e4ckar, och p\u00e5 s\u00e5 s\u00e4tt j\u00e4mna ut och ljusa upp din hudton.<\/p>\n\n\n\n<p>6. Minska rynkor: Antioxidanteffekten av v\u00e5ra eteriska oljor hj\u00e4lper till att h\u00e4mma produktionen av fina linjer, f\u00f6rdr\u00f6ja \u00e5ldrandeprocessen och reparera redan mogen hud, och d\u00e4rigenom minska produktionen av rynkor och fina linjer, och g\u00f6ra din hud fastare och yngre.<\/p>\n\n\n\n<h2 class=\"wp-block-heading\">Hur man anv\u00e4nder sandeltr\u00e4 eterisk olja?<\/h2>\n\n\n\n<p>I produktionsprocessen av eterisk sandeltr\u00e4olja tar vi h\u00e4nsyn till de olika h\u00e5r- och hudtyperna och designar olika formler. Innan du anv\u00e4nder den m\u00e5ste du v\u00e4lja en produkt som passar dig utifr\u00e5n din situation och dina behov. Naturligtvis finns det olika s\u00e4tt att ta hand om olika delar, och vanliga anv\u00e4ndningsmetoder inkluderar lokal applicering, kombinationsanv\u00e4ndning och aromaterapi. Vi kommer att notera den detaljerade operationsmetoden p\u00e5 f\u00f6rpackningen, f\u00f6ljande kommer att vara ett exempel p\u00e5 samlokaliseringsmetoden:<\/p>\n\n\n\n<p>1. H\u00e5rv\u00e5rd:<\/p>\n\n\n\n<p>Metod 1: I processen att reng\u00f6ra h\u00e5ret, blanda v\u00e5r eteriska sandeltr\u00e4olja i proportion till schampo eller balsam och tv\u00e4tta sedan h\u00e5ret enligt den normala processen, efter tv\u00e4tt, torka f\u00f6rsiktigt med en handduk och f\u00f6n eller naturlig lufttorka.<\/p>\n\n\n\n<p>Metod 2: Efter schamponering enligt normal process, blanda sandeltr\u00e4 eterisk olja och basolja i proportion och applicera j\u00e4mnt i h\u00e5ret fr\u00e5n mitten till slutet av h\u00e5ret, undvik kontakt med h\u00e5rbotten. Efter applicering kan du f\u00f6rsiktigt massera h\u00e5ret med fingrarna f\u00f6r att fr\u00e4mja absorption och l\u00e5ta h\u00e5ret lufttorka eller f\u00f6na med en h\u00e5rtork.<\/p>\n\n\n\n<p>2. Hudv\u00e5rd:<\/p>\n\n\n\n<p>Ta en dusch enligt normal process, reng\u00f6r oljan och smutsen p\u00e5 kroppen och blanda sedan v\u00e5r eteriska sandeltr\u00e4olja med basoljan i proportion och applicera j\u00e4mnt p\u00e5 de delar som beh\u00f6ver masseras. N\u00e4r du masserar, massera i cirkul\u00e4ra r\u00f6relser i riktning mot hudens struktur f\u00f6r att fr\u00e4mja blodcirkulationen och absorptionen av eteriska oljor.<\/p>\n\n\n\n<h2 class=\"wp-block-heading\">F\u00f6rsiktighet<\/h2>\n\n\n\n<p>1. Enligt deras hudtyp att v\u00e4lja sina produkter;<\/p>\n\n\n\n<p>2. Ett allergiskt test b\u00f6r utf\u00f6ras f\u00f6r f\u00f6rsta g\u00e5ngen och omedelbart sluta anv\u00e4nda om det inte finns n\u00e5gon anpassning;<\/p>\n\n\n\n<p>3. Sandeltr\u00e4 eterisk olja har en h\u00f6g koncentration, och det rekommenderas att blanda med basoljan i proportion vid anv\u00e4ndning;<\/p>\n\n\n\n<p>4. Det rekommenderas att anv\u00e4nda det 1-2 g\u00e5nger i veckan f\u00f6r att undvika frekvent anv\u00e4ndning som p\u00e5verkar absorptionseffekten av eterisk olja av sandeltr\u00e4;<\/p>\n\n\n\n<p>5. Undvik kontakt med hud och \u00f6gon. Vid kontakt, sk\u00f6lj med vatten.<\/p>\n\n\n\n<p>6. Gravida kvinnor och barn b\u00f6r anv\u00e4nda det under ledning av en l\u00e4kare;<\/p>\n\n\n\n<p>7. Sandeltr\u00e4 eterisk olja \u00e4r brandfarlig och explosiv, det rekommenderas att f\u00f6rvara och anv\u00e4nda p\u00e5 en sval och torr plats, undvika h\u00f6g temperatur milj\u00f6 och borta fr\u00e5n k\u00e4llan.<\/p>\n\n\n\n<h2 class=\"wp-block-heading\">Slutsats<\/h2>\n\n\n\n<p>Som tillverkare av eteriska oljor i sandeltr\u00e4 med fokus p\u00e5 h\u00f6g kvalitet anv\u00e4nder vi moderna produktionsanl\u00e4ggningar och v\u00e4ljer h\u00f6gkvalitativa r\u00e5varor f\u00f6r att s\u00e4kerst\u00e4lla att varje flaska eteriska oljor ger dig den ultimata hudv\u00e5rdsupplevelsen. Vi erbjuder en m\u00e4ngd olika skr\u00e4ddarsydda formuleringar f\u00f6r att hj\u00e4lpa dig bygga ett differentierat, diversifierat varum\u00e4rke och f\u00e5 en unik f\u00f6rdel p\u00e5 den konkurrensutsatta marknaden. Om du ocks\u00e5 \u00e4r intresserad av v\u00e5ra produkter, v\u00e4nligen kontakta oss omedelbart.<\/p>","protected":false},"excerpt":{"rendered":"Sandalwood Essential Oil Manufacturing Common Formulas As a professional sandalwood essential oil manufacturer, we select high-quality sandalwood as raw materials and use precision distillation equipment to purify essential oils to ensure the high quality and stability of products. Here are the main formulations for hair care: 1. Sandalwood essential oil: Sandalwood essential oil plays an [&hellip;]","protected":false},"featured_media":2349,"menu_order":0,"template":"","meta":[],"product-tag":[],"products":[53],"class_list":["post-2348","product","type-product","status-publish","has-post-thumbnail","hentry","products-essential-oil"],"acf":[],"_links":{"self":[{"href":"https:\/\/www.ruiqigo.com\/sv\/wp-json\/wp\/v2\/product\/2348","targetHints":{"allow":["GET"]}}],"collection":[{"href":"https:\/\/www.ruiqigo.com\/sv\/wp-json\/wp\/v2\/product"}],"about":[{"href":"https:\/\/www.ruiqigo.com\/sv\/wp-json\/wp\/v2\/types\/product"}],"version-history":[{"count":0,"href":"https:\/\/www.ruiqigo.com\/sv\/wp-json\/wp\/v2\/product\/2348\/revisions"}],"wp:featuredmedia":[{"embeddable":true,"href":"https:\/\/www.ruiqigo.com\/sv\/wp-json\/wp\/v2\/media\/2349"}],"wp:attachment":[{"href":"https:\/\/www.ruiqigo.com\/sv\/wp-json\/wp\/v2\/media?parent=2348"}],"wp:term":[{"taxonomy":"product-tag","embeddable":true,"href":"https:\/\/www.ruiqigo.com\/sv\/wp-json\/wp\/v2\/product-tag?post=2348"},{"taxonomy":"products","embeddable":true,"href":"https:\/\/www.ruiqigo.com\/sv\/wp-json\/wp\/v2\/products?post=2348"}],"curies":[{"name":"wp","href":"https:\/\/api.w.org\/{rel}","templated":true}]}}