{"id":237,"date":"2024-06-30T23:30:38","date_gmt":"2024-06-30T15:30:38","guid":{"rendered":"https:\/\/ruiqigo.com\/?post_type=product&#038;p=237"},"modified":"2024-09-25T15:06:45","modified_gmt":"2024-09-25T07:06:45","slug":"keratin-shampoo","status":"publish","type":"product","link":"https:\/\/www.ruiqigo.com\/sv\/product\/keratin-shampoo","title":{"rendered":"Keratin schampo"},"content":{"rendered":"<h3 class=\"wp-block-heading\">Keratinschampo som tillverkar vanliga formler<\/h3>\n\n\n\n<p>Keratinschampon \u00e4r rika p\u00e5 keratin, ett protein som liknar h\u00e5rets naturliga struktur Keratin bildar en skyddande hinna p\u00e5 h\u00e5ret, vilket \u00e4r bra f\u00f6r att skydda h\u00e5ret fr\u00e5n \u00f6verhettningsskador och f\u00f6roreningar. Schampot \u00e4r \u00e4ven berikat med hydrolyserat keratin, som \u00e4r en kemiskt eller enzymatiskt bearbetad form av keratin i mindre molekyler som l\u00e4ttare kan penetrera h\u00e5rets inre f\u00f6r att ge djup reparation och n\u00e4ring. Dessutom inneh\u00e5ller schampot en rik aminosyrakonditioneringsmedel. Aminosyror \u00e4r de grundl\u00e4ggande byggstenarna i h\u00e5rkeratinet och kan snabbt fylla p\u00e5 h\u00e5ret med de n\u00e4rings\u00e4mnen det beh\u00f6ver.<\/p>\n\n\n\n<h3 class=\"wp-block-heading\">Keratinschampo Till\u00e4mpliga scenarier<\/h3>\n\n\n\n<p>Keratinschampon fungerar bra oavsett v\u00e4der eftersom det \u00e4r fullt av bra grejer f\u00f6r ditt h\u00e5r. Den \u00e4r perfekt f\u00f6r torra platser d\u00e4r h\u00e5ret blir torrt, spr\u00f6tt och matt. Keratinet och andra n\u00e4rings\u00e4mnen i schampot g\u00e5r djupt in i h\u00e5ret f\u00f6r att ge det den n\u00e4ring det beh\u00f6ver, vilket g\u00f6r det friskt och studsande igen. Du kan ocks\u00e5 para ihop den med en <a href=\"https:\/\/www.ruiqigo.com\/sv\/products\/conditioner\/\">naturlig ingrediens balsam<\/a> f\u00f6r \u00e4nnu b\u00e4ttre resultat.<\/p>\n\n\n\n<h3 class=\"wp-block-heading\">Vem \u00e4r keratin schampodr\u00e4kt f\u00f6r<\/h3>\n\n\n\n<p>Keratinschampon \u00e4r l\u00e4mpliga f\u00f6r personer som beh\u00f6ver reparera sitt h\u00e5r. F\u00f6r h\u00e5rskador orsakade av kemiska behandlingar som permanent och f\u00e4rgning, dagliga milj\u00f6faktorer eller friktion, kan Keratin Shampoo hj\u00e4lpa till att reparera och st\u00e4rka h\u00e5ret. Dessutom, f\u00f6r personer med burrigt och ohanterligt h\u00e5r och de som ofta anv\u00e4nder heta verktyg f\u00f6r styling, kan Keratin Shampoo hj\u00e4lpa till att j\u00e4mna ut friss och g\u00f6ra h\u00e5ret mer hanterbart, samtidigt som det ger skydd mot v\u00e4rmeskador orsakade av frekvent anv\u00e4ndning av varmluftsf\u00f6nar, permanentj\u00e4rn och mer. Mer <a href=\"https:\/\/www.ruiqigo.com\/sv\/products\/shampoo\/\">schampon med naturliga ingredienser<\/a> f\u00f6r dig att v\u00e4lja fr\u00e5n 3TOP.<\/p>\n\n\n\n<h3 class=\"wp-block-heading\">Produktionsprocess f\u00f6r keratinschampo<\/h3>\n\n\n\n<p>Att g\u00f6ra keratinschampon b\u00f6rjar med att g\u00f6ra keratin. Vi anv\u00e4nder en speciell vetenskaplig metod som kallas rekombinant DNA-teknik. Den har steg som att f\u00f6rbereda sig f\u00f6r j\u00e4sning, l\u00e4gga till r\u00e4tt saker, j\u00e4sa, ta prover, testa, bryta upp bakterier och st\u00e4da upp. Dessutom kan vi g\u00f6ra nedbrutet keratin genom att anv\u00e4nda kemikalier eller speciella enzymer. Detta g\u00f6r sm\u00e5 bitar av keratin helt r\u00e4tt f\u00f6r h\u00e5r- och kroppsprodukter.<\/p>","protected":false},"excerpt":{"rendered":"Keratin shampoo manufacturing Common Formulas Keratin shampoos are rich in keratin, a protein similar to the natural structure of hair Keratin forms a protective film on the hair, which is good for protecting the hair from overheating damage and pollutants. The shampoo is also enriched with hydrolyzed keratin, which is a chemically or enzymatically processed [&hellip;]","protected":false},"featured_media":238,"menu_order":0,"template":"","meta":[],"product-tag":[],"products":[51],"class_list":["post-237","product","type-product","status-publish","has-post-thumbnail","hentry","products-shampoo"],"acf":[],"_links":{"self":[{"href":"https:\/\/www.ruiqigo.com\/sv\/wp-json\/wp\/v2\/product\/237","targetHints":{"allow":["GET"]}}],"collection":[{"href":"https:\/\/www.ruiqigo.com\/sv\/wp-json\/wp\/v2\/product"}],"about":[{"href":"https:\/\/www.ruiqigo.com\/sv\/wp-json\/wp\/v2\/types\/product"}],"version-history":[{"count":0,"href":"https:\/\/www.ruiqigo.com\/sv\/wp-json\/wp\/v2\/product\/237\/revisions"}],"wp:featuredmedia":[{"embeddable":true,"href":"https:\/\/www.ruiqigo.com\/sv\/wp-json\/wp\/v2\/media\/238"}],"wp:attachment":[{"href":"https:\/\/www.ruiqigo.com\/sv\/wp-json\/wp\/v2\/media?parent=237"}],"wp:term":[{"taxonomy":"product-tag","embeddable":true,"href":"https:\/\/www.ruiqigo.com\/sv\/wp-json\/wp\/v2\/product-tag?post=237"},{"taxonomy":"products","embeddable":true,"href":"https:\/\/www.ruiqigo.com\/sv\/wp-json\/wp\/v2\/products?post=237"}],"curies":[{"name":"wp","href":"https:\/\/api.w.org\/{rel}","templated":true}]}}