{"id":2373,"date":"2024-12-27T16:46:51","date_gmt":"2024-12-27T08:46:51","guid":{"rendered":"https:\/\/ruiqigo.com\/?post_type=product&#038;p=2373"},"modified":"2024-12-27T16:48:31","modified_gmt":"2024-12-27T08:48:31","slug":"shampoo-and-conditioner-sulphate-free","status":"publish","type":"product","link":"https:\/\/www.ruiqigo.com\/sv\/product\/shampoo-and-conditioner-sulphate-free","title":{"rendered":"Schampo och balsam Sulfatfri"},"content":{"rendered":"<h2 class=\"wp-block-heading\">Schampo och balsam sulfatfri tillverkning av vanliga formler<\/h2>\n\n\n\n<p>I produktionen av sulfatfritt schampo och balsam anv\u00e4nder vi en m\u00e4ngd olika naturliga ingredienser f\u00f6r att bibeh\u00e5lla en naturlig fuktgivande barri\u00e4r f\u00f6r h\u00e5rbotten. Dessa ingredienser arbetar tillsammans f\u00f6r att reng\u00f6ra, v\u00e5rda och \u00e5terfukta.<\/p>\n\n\n\n<p>1. Aloe vera: Aloe vera kan snabbt fylla p\u00e5 fukten och de n\u00e4rings\u00e4mnen som h\u00e5rbotten och h\u00e5ret beh\u00f6ver, och l\u00e5sa fast det ordentligt s\u00e5 att h\u00e5ret kan h\u00e5lla sig \u00e5terfuktat och glansigt. Men det hj\u00e4lper ocks\u00e5 till att lindra irritation och inflammation, f\u00f6rb\u00e4ttrar h\u00e5rbottenproblem och kontrollerar produktionen av h\u00e5rbottenolja, vilket hj\u00e4lper h\u00e5ret att bibeh\u00e5lla en olje-vattenbalans. Den reng\u00f6r ocks\u00e5 varsamt h\u00e5rbotten utan att ber\u00f6va den naturlig fukt.<\/p>\n\n\n\n<p>2. Kokosolja: Kokosolja \u00e4r en naturlig SPF som skyddar h\u00e5ret fr\u00e5n UV-skador. Det absorberas ocks\u00e5 l\u00e4tt av nagelbandet, vilket ger en l\u00e5ngvarig fuktgivande effekt f\u00f6r h\u00e5ret och minskar vattenf\u00f6rlusten. Dessutom kan det ocks\u00e5 hj\u00e4lpa dig att reparera skadat h\u00e5r och f\u00f6rb\u00e4ttra problem som kluvna toppar och avbrott.<\/p>\n\n\n\n<p>3. Ytaktiva \u00e4mnen: Vi anv\u00e4nder milda ytaktiva \u00e4mnen, som har mild reng\u00f6ringsf\u00f6rm\u00e5ga, och kan minska h\u00e5rbottenirritation, vanligtvis mindre skum, mer l\u00e4mpligt f\u00f6r torra h\u00e5rk\u00e4nsliga personer.<\/p>\n\n\n\n<p>4. Vitamin E: \u00e4r en antioxidant som skyddar h\u00e5ret fr\u00e5n skador fr\u00e5n fria radikaler.<\/p>\n\n\n\n<p>5.pH regulator: Den kan justera pH, s\u00e5 att produkten ligger n\u00e4rmare h\u00e5rets pH, vilket minskar irritation.<\/p>\n\n\n\n<h2 class=\"wp-block-heading\">Funktionerna av schampo och balsam sulfatfri<\/h2>\n\n\n\n<p>Som en professionell tillverkare av sulfatfritt schampo och balsam kombinerar vi schampons renande kraft med balsamens n\u00e4rande kraft, samtidigt som vi undviker irritation av sulfater i ditt h\u00e5r, f\u00f6r att ge dig en allt-i-ett, skonsam, icke-irriterande produkt. H\u00e4r \u00e4r dess huvudfunktioner:<\/p>\n\n\n\n<p>1. \u00c5terfuktande och \u00e5terfuktande: V\u00e5ra produkter kan inte bara fylla p\u00e5 med fukt djupt in i h\u00e5rk\u00e4rnan, utan ocks\u00e5 g\u00f6ra h\u00e5ret mer \u00e5terfuktat. Den beh\u00e5ller ocks\u00e5 den naturliga fukten i h\u00e5rbotten och h\u00e5ret, vilket \u00e4r f\u00f6rdelaktigt f\u00f6r ditt h\u00e5rs allm\u00e4nna h\u00e4lsa och f\u00f6rb\u00e4ttrar problemen med kluvna toppar och sprickor.<\/p>\n\n\n\n<p>2. Naturlig konsistens: Sulfatfria schampon och balsam \u00e4r skonsammare, beh\u00e5ller den naturliga oljedelen, f\u00f6rhindrar att h\u00e5ret torkar och krusar, g\u00f6r h\u00e5ret mjukare och friskare, och ingen speciell v\u00e5rd beh\u00f6vs f\u00f6r lockigt h\u00e5r.<\/p>\n\n\n\n<p>3. Skonsam reng\u00f6ring: Vi anv\u00e4nder en m\u00e4ngd naturliga v\u00e4xtingredienser och skonsamma h\u00e5rv\u00e5rdsingredienser f\u00f6r att minska irritationen av h\u00e5r och h\u00e5rbotten och leda till friss och torrt h\u00e5r, speciellt f\u00f6r k\u00e4nsliga muskler.<\/p>\n\n\n\n<p>4. Beh\u00e5ll h\u00e5rf\u00e4rgen: Det \u00f6ppnar inte nagelbandet under anv\u00e4ndning, och kan ocks\u00e5 hj\u00e4lpa till att bibeh\u00e5lla styrkan hos h\u00e5rf\u00e4rgningspigmentet, och f\u00f6rl\u00e4nger d\u00e4rmed livsl\u00e4ngden p\u00e5 h\u00e5rf\u00e4rgningen.<\/p>\n\n\n\n<p>5. Reparera och ge n\u00e4ring: Sulfatfria schampon och balsam kan reparera skadat h\u00e5r och skapa en skyddande bel\u00e4ggning p\u00e5 ytan, vilket minskar vattenf\u00f6rlusten och ger h\u00e5ret n\u00e4ring ytterligare.<\/p>\n\n\n\n<p>6. Milj\u00f6v\u00e4nligt och bekv\u00e4mt: J\u00e4mf\u00f6rt med sulfatingredienser \u00e4r v\u00e5ra ingredienser mer milj\u00f6v\u00e4nliga och h\u00e4lsosamma, och det ger inte bara djupreng\u00f6ring utan ocks\u00e5 djupbehandling, vilket g\u00f6r h\u00e5ret friskare. Den dubbla effekten \u00e4r bekv\u00e4mare f\u00f6r din anv\u00e4ndning och undviker ocks\u00e5 den tunga k\u00e4nslan som kan orsakas av den \u00f6verlagrade anv\u00e4ndningen av flera produkter.<\/p>\n\n\n\n<h2 class=\"wp-block-heading\">Hur man anv\u00e4nder schampo och balsam sulfatfritt?<\/h2>\n\n\n\n<p>V\u00e5rt sulfatfria schampo och balsam kombinerar flera funktioner f\u00f6r att g\u00f6ra dem enklare att anv\u00e4nda, l\u00e4tta att anv\u00e4nda och l\u00e4mpliga f\u00f6r de flesta scenarier.<\/p>\n\n\n\n<p>1. V\u00e5tt h\u00e5r: Bl\u00f6t h\u00e5ret f\u00f6rst med varmt vatten f\u00f6r att s\u00e4kerst\u00e4lla att varje h\u00e5rstr\u00e5 \u00e4r fuktigt;<\/p>\n\n\n\n<p>2. Reng\u00f6ring och sk\u00f6tsel: F\u00f6r den f\u00f6rsta reng\u00f6ringen, applicera en l\u00e4mplig m\u00e4ngd sulfatfritt schampo och balsam p\u00e5 handflatan, gnugga bubblorna och applicera sedan skummet j\u00e4mnt p\u00e5 h\u00e5ret och h\u00e5rbotten. Du kan f\u00f6rsiktigt massera h\u00e5rbotten f\u00f6r att fr\u00e4mja blodcirkulationen och sk\u00f6lja av med vatten efter massagen. Den andra reng\u00f6ringen \u00e4r densamma som det f\u00f6rsta reng\u00f6ringssteget, denna process kan hj\u00e4lpa till att ta bort kvarvarande smuts och olja p\u00e5 h\u00e5ret, vilket bidrar till grundlig reng\u00f6ring.<\/p>\n\n\n\n<p>3. Sk\u00f6lj av: Sk\u00f6lj av skummet med vatten, se till att det inte finns n\u00e5got skum kvar och torka f\u00f6rsiktigt med en handduk. Efter att du har tv\u00e4ttat ditt h\u00e5r kan du konditionera h\u00e5ret p\u00e5 djupet med eterisk olja efter dina personliga behov och l\u00e5ta h\u00e5ret lufttorka eller f\u00f6na med en h\u00e5rtork.<\/p>\n\n\n\n<h2 class=\"wp-block-heading\">F\u00f6rsiktighet<\/h2>\n\n\n\n<p>1. V\u00e4lj produkter som passar ditt h\u00e5r efter dina egna h\u00e5rbehov;<\/p>\n\n\n\n<p>2. Ett allergiskt test b\u00f6r utf\u00f6ras f\u00f6r f\u00f6rsta g\u00e5ngen och avbryta anv\u00e4ndningen om det inte finns n\u00e5gon anpassning;<\/p>\n\n\n\n<p>3. Undvik \u00f6veranv\u00e4ndning, ta l\u00e4mplig m\u00e4ngd beroende p\u00e5 din h\u00e5rl\u00e4ngd och undvik \u00f6verdriven h\u00e5rbelastning;<\/p>\n\n\n\n<p>4. Undvik frekvent anv\u00e4ndning, det rekommenderas att anv\u00e4nda 1-2 g\u00e5nger i veckan, om h\u00e5ret \u00e4r glest eller fett kan du l\u00e4mpligen \u00f6ka antalet g\u00e5nger;<\/p>\n\n\n\n<p>5. Det rekommenderas att f\u00f6rvara p\u00e5 en sval och torr plats, undvik direkt solljus och h\u00f6g temperatur.<\/p>\n\n\n\n<h2 class=\"wp-block-heading\">Slutsats<\/h2>\n\n\n\n<p>V\u00e5ra produkter anv\u00e4nder en m\u00e4ngd naturliga v\u00e4xtingredienser och h\u00f6geffektiva h\u00e5rv\u00e5rdsingredienser f\u00f6r att ers\u00e4tta sulfat, inte bara f\u00f6r att m\u00f6ta din produkts h\u00e4lsa, s\u00e4kerhet och milj\u00f6skydd, schampo och h\u00e5rv\u00e5rd vill kombinera egenskaperna hos ditt varum\u00e4rke f\u00f6r att f\u00e5 en differentierad konkurrensf\u00f6rdel. Naturligtvis tillhandah\u00e5ller vi ocks\u00e5 ett komplett utbud av anpassningstj\u00e4nster, oavsett om det \u00e4r formeljustering eller f\u00f6rpackningsdesign, vi kan skapa ett unikt varum\u00e4rke enligt dina krav. Om du ocks\u00e5 \u00e4r intresserad av v\u00e5ra sulfatfria schampon och balsam, v\u00e4nligen kontakta oss.<\/p>","protected":false},"excerpt":{"rendered":"Shampoo And Conditioner Sulphate Free Manufacturing Common Formulas In the production of shampoo and conditioner sulphate free, we use a variety of natural ingredients to maintain a natural moisturizing barrier for the scalp. These ingredients work together to cleanse, care, and moisturize. 1. Aloe vera: Aloe vera can quickly replenish the moisture and nutrients needed [&hellip;]","protected":false},"featured_media":2374,"menu_order":0,"template":"","meta":[],"product-tag":[],"products":[54],"class_list":["post-2373","product","type-product","status-publish","has-post-thumbnail","hentry","products-shampoo-and-conditioner"],"acf":[],"_links":{"self":[{"href":"https:\/\/www.ruiqigo.com\/sv\/wp-json\/wp\/v2\/product\/2373","targetHints":{"allow":["GET"]}}],"collection":[{"href":"https:\/\/www.ruiqigo.com\/sv\/wp-json\/wp\/v2\/product"}],"about":[{"href":"https:\/\/www.ruiqigo.com\/sv\/wp-json\/wp\/v2\/types\/product"}],"version-history":[{"count":0,"href":"https:\/\/www.ruiqigo.com\/sv\/wp-json\/wp\/v2\/product\/2373\/revisions"}],"wp:featuredmedia":[{"embeddable":true,"href":"https:\/\/www.ruiqigo.com\/sv\/wp-json\/wp\/v2\/media\/2374"}],"wp:attachment":[{"href":"https:\/\/www.ruiqigo.com\/sv\/wp-json\/wp\/v2\/media?parent=2373"}],"wp:term":[{"taxonomy":"product-tag","embeddable":true,"href":"https:\/\/www.ruiqigo.com\/sv\/wp-json\/wp\/v2\/product-tag?post=2373"},{"taxonomy":"products","embeddable":true,"href":"https:\/\/www.ruiqigo.com\/sv\/wp-json\/wp\/v2\/products?post=2373"}],"curies":[{"name":"wp","href":"https:\/\/api.w.org\/{rel}","templated":true}]}}