{"id":242,"date":"2024-06-30T23:36:11","date_gmt":"2024-06-30T15:36:11","guid":{"rendered":"https:\/\/ruiqigo.com\/?post_type=product&#038;p=242"},"modified":"2024-09-20T09:56:45","modified_gmt":"2024-09-20T01:56:45","slug":"herbal-essences-shampoo","status":"publish","type":"product","link":"https:\/\/www.ruiqigo.com\/sv\/product\/herbal-essences-shampoo","title":{"rendered":"Schampo med \u00f6rtessenser"},"content":{"rendered":"<h3 class=\"wp-block-heading\">Vanliga formler f\u00f6r tillverkning av \u00f6rtessenser f\u00f6r schampo<\/h3>\n\n\n\n<p>I v\u00e5rt Herbal Essence-schampo har vi tillsatt en mycket bred variation av \u00f6rtextrakt, inklusive Angelica, Lavendel, Ylang Ylang, Patchouli, Veteprotein och andra \u00f6rtextrakt, samt eteriska oljor, Channellus-extrakt (Melaleuca alternifolia), ingef\u00e4rsextrakt, Sapindus-bladextrakt, Polygonatum odoratum-extrakt och Polygonum multiflorum-extrakt. Bland dem tros Angelica-extrakt \u00f6ka blodcirkulationen i h\u00e5rbotten, vilket hj\u00e4lper h\u00e5rv\u00e4xt och minskar h\u00e5ravfall. Lavendelolja \u00e4r k\u00e4nd f\u00f6r att lugna h\u00e5rbotten och d\u00f6da bakterier, och den ger ocks\u00e5 en trevlig doft. Ingef\u00e4rsrot, sibiriskt blad och Polygonum multiflorum \u00e4r naturliga godsaker som tros hj\u00e4lpa h\u00e5ret att h\u00e5lla sig friskt och v\u00e4xa b\u00e4ttre.<\/p>\n\n\n\n<h3 class=\"wp-block-heading\">Till\u00e4mpliga scenarier f\u00f6r \u00f6rtessenser f\u00f6r schampo<\/h3>\n\n\n\n<p>Herbal essences schampo \u00e4r bra f\u00f6r alla typer av v\u00e4der eftersom det \u00e4r tillverkat av naturliga material och \u00e4r skonsamt. Det fungerar utm\u00e4rkt i b\u00e5de torra och fuktiga milj\u00f6er. I torrt v\u00e4der f\u00f6rhindrar ingredienser som veteprotein i schampot att h\u00e5ret blir torrt och statiskt. N\u00e4r det \u00e4r fuktigt hj\u00e4lper \u00f6rter som ylang-ylang-olja i schampot till att f\u00f6rhindra att h\u00e5rbotten blir f\u00f6r fet, s\u00e5 att h\u00e5ret inte ser fett eller platt ut. Du kan ocks\u00e5 kombinera det med en <a href=\"https:\/\/www.ruiqigo.com\/sv\/products\/conditioner\/\">naturlig ingrediens balsam <\/a>f\u00f6r \u00e4nnu b\u00e4ttre resultat.<\/p>\n\n\n\n<h3 class=\"wp-block-heading\">Vem \u00e4r Herbal Essences schampo f\u00f6r?<\/h3>\n\n\n\n<p>Herbal Essence Shampoo \u00e4r perfekt f\u00f6r dig som f\u00f6redrar naturliga produkter och bryr dig om var ingredienserna kommer ifr\u00e5n. Det \u00e4r ocks\u00e5 utm\u00e4rkt f\u00f6r personer med h\u00e5rbottenproblem som mj\u00e4ll, fet eller torr h\u00e5rbotten, eller en k\u00e4nslig h\u00e5rbotten. De naturliga ingredienserna i schampot kan hj\u00e4lpa till att lindra dessa problem. Mer <a href=\"https:\/\/www.ruiqigo.com\/sv\/products\/shampoo\/\">schampon med naturliga ingredienser<\/a> f\u00f6r dig att v\u00e4lja fr\u00e5n 3TOP.<\/p>\n\n\n\n<h3 class=\"wp-block-heading\">Produktionsprocess f\u00f6r \u00f6rtessenser f\u00f6r schampo<\/h3>\n\n\n\n<p>Herbal Essence Shampoo anv\u00e4nder ett antal speciella produktionsprocesser. Herbal Essence Shampoo tillverkas p\u00e5 tv\u00e5 speciella s\u00e4tt. F\u00f6r det f\u00f6rsta kokas det f\u00f6r hand, ett gammalt s\u00e4tt att tillverka saker med traditionella verktyg och tekniker f\u00f6r att blanda v\u00e4xtdelarna. F\u00f6r det andra \u00e5ngdestillation, vilket utvinner de v\u00e4ldoftande delarna fr\u00e5n v\u00e4xterna. Dessa kan anv\u00e4ndas som de goda ingredienserna i schampot. Dessa speciella produktionsprocesser garanterar den naturliga kvaliteten hos v\u00e5ra \u00f6rtextraktschampon.<\/p>","protected":false},"excerpt":{"rendered":"Herbal essences shampoo manufacturing common formulas In our Herbal Essence Shampoo, we have added a very wide variety of herbal extracts, including Angelica, Lavender, Ylang Ylang, Patchouli, Wheat Protein and other herbal extracts, as well as essential oils, Channellus Extract (Melaleuca alternifolia), Ginger Root Extract, Sapindus Leaf Extract, Polygonatum odoratum Extract, and Polygonum multiflorum Extract. [&hellip;]","protected":false},"featured_media":243,"menu_order":0,"template":"","meta":[],"product-tag":[],"products":[51],"class_list":["post-242","product","type-product","status-publish","has-post-thumbnail","hentry","products-shampoo"],"acf":[],"_links":{"self":[{"href":"https:\/\/www.ruiqigo.com\/sv\/wp-json\/wp\/v2\/product\/242","targetHints":{"allow":["GET"]}}],"collection":[{"href":"https:\/\/www.ruiqigo.com\/sv\/wp-json\/wp\/v2\/product"}],"about":[{"href":"https:\/\/www.ruiqigo.com\/sv\/wp-json\/wp\/v2\/types\/product"}],"version-history":[{"count":0,"href":"https:\/\/www.ruiqigo.com\/sv\/wp-json\/wp\/v2\/product\/242\/revisions"}],"wp:featuredmedia":[{"embeddable":true,"href":"https:\/\/www.ruiqigo.com\/sv\/wp-json\/wp\/v2\/media\/243"}],"wp:attachment":[{"href":"https:\/\/www.ruiqigo.com\/sv\/wp-json\/wp\/v2\/media?parent=242"}],"wp:term":[{"taxonomy":"product-tag","embeddable":true,"href":"https:\/\/www.ruiqigo.com\/sv\/wp-json\/wp\/v2\/product-tag?post=242"},{"taxonomy":"products","embeddable":true,"href":"https:\/\/www.ruiqigo.com\/sv\/wp-json\/wp\/v2\/products?post=242"}],"curies":[{"name":"wp","href":"https:\/\/api.w.org\/{rel}","templated":true}]}}