{"id":2576,"date":"2025-01-07T13:52:35","date_gmt":"2025-01-07T05:52:35","guid":{"rendered":"https:\/\/ruiqigo.com\/?post_type=product&#038;p=2576"},"modified":"2025-01-07T13:52:38","modified_gmt":"2025-01-07T05:52:38","slug":"hydrating-facial-cleanser","status":"publish","type":"product","link":"https:\/\/www.ruiqigo.com\/sv\/product\/hydrating-facial-cleanser","title":{"rendered":"\u00c5terfuktande ansiktsreng\u00f6ring"},"content":{"rendered":"<h2 class=\"wp-block-heading\">Tillverkning av \u00e5terfuktande ansiktsreng\u00f6ringsmedel Vanliga formler<\/h2>\n\n\n\n<p>I produktionsprocessen har vi kombinerat problemen hos flera hudtyper och anammat relativa l\u00f6sningar f\u00f6r att utveckla en \u00e5terfuktande reng\u00f6ring som k\u00e4nsliga muskler s\u00e4kert kan anv\u00e4nda. H\u00e4r \u00e4r dess huvudingredienser:<\/p>\n\n\n\n<p>1. Hyaluronsyra: Hyaluronsyra har en mycket \u00e5terfuktande komponent som kan ge huden tillr\u00e4ckligt med vatten och h\u00e5lla kvar vattenbalansen ordentligt. Dessutom f\u00f6rhindrar den torr och str\u00e4v hud och hj\u00e4lper huden att \u00e5terst\u00e4lla elasticitet och glans.<\/p>\n\n\n\n<p>2. Ceramid: Ceramid har en stark f\u00f6rm\u00e5ga att binda vatten. Den kan snabbt penetrera hornlagret och bilda en n\u00e4tverksstruktur f\u00f6r att binda vatten och f\u00f6rhindra vattenf\u00f6rlust. Samtidigt kan den reparera den skadade hudbarri\u00e4ren och f\u00f6rb\u00e4ttra hudens f\u00f6rsvarsf\u00f6rm\u00e5ga f\u00f6r att minska skador fr\u00e5n yttre stimuli p\u00e5 huden.<\/p>\n\n\n\n<p>3. Tensider: Vi anv\u00e4nder milda tensider som varsamt kan reng\u00f6ra huden utan att irritera den, \u00e4ven f\u00f6r k\u00e4nsliga muskler.<\/p>\n\n\n\n<p>4. Kamomillextrakt: Kamomill har en lugnande och antiinflammatorisk effekt som kan lugna huden, lindra symtom som rodnad, torrhet och kl\u00e5da samt \u00e5terst\u00e4lla lugnet. Den har naturliga antibakteriella och antiinflammatoriska egenskaper, kan minska hudinflammation, fr\u00e4mja hudreparation och l\u00e4kning samt ytterligare minska f\u00f6rekomsten av akne. L\u00e5ngvarig anv\u00e4ndning kan f\u00f6rb\u00e4ttra hudens tillst\u00e5nd.<\/p>\n\n\n\n<p>5. Salicylsyra: Salicylsyra kan h\u00e4mma uts\u00f6ndringen av olja i ansiktet, vilket bidrar till att reglera oljebalansen och g\u00f6ra huden mer uppfriskande. Den har ocks\u00e5 antibakteriella egenskaper, vilket kan minska f\u00f6rekomsten av akne. Samtidigt kan den mjukg\u00f6ra stratum corneum, f\u00f6rsiktigt avl\u00e4gsna d\u00f6da hudceller, fr\u00e4mja f\u00f6rnyelsen av epidermisceller och g\u00f6ra huden mer sl\u00e4t och \u00f6mt\u00e5lig.<\/p>\n\n\n\n<h2 class=\"wp-block-heading\">Funktionerna hos \u00e5terfuktande ansiktsreng\u00f6ring<\/h2>\n\n\n\n<p>V\u00e5r \u00e5terfuktande reng\u00f6ring anv\u00e4nder avancerade tillverkningsprocesser och kombinerar en m\u00e4ngd olika mycket effektiva \u00e5terfuktande ingredienser f\u00f6r att ge dig en bekv\u00e4m och s\u00e4ker reng\u00f6ringsupplevelse. L\u00e5t oss ta en titt p\u00e5 vad den g\u00f6r:<\/p>\n\n\n\n<p>1. Skonsam reng\u00f6ring: Den \u00e5terfuktande reng\u00f6ringen anv\u00e4nder en mild formula som inte bara effektivt avl\u00e4gsnar smuts, olja och kosmetikarester p\u00e5 hudytan, utan ocks\u00e5 inte orsakar torr och stram hud, vilket kan minska hudirritation och \u00e4ven appliceras p\u00e5 k\u00e4nsliga muskler.<\/p>\n\n\n\n<p>2. Djupg\u00e5ende \u00e5terfuktning: V\u00e5r reng\u00f6ring inneh\u00e5ller en m\u00e4ngd olika naturliga \u00e5terfuktande ingredienser som kan ge fukt djupt in i huden under reng\u00f6ringen och l\u00e5sa in fukten f\u00f6r att f\u00f6rhindra fuktf\u00f6rlust. Och f\u00f6r fet hud kan den \u00e4ven reglera oljeuts\u00f6ndringen f\u00f6r att uppr\u00e4tth\u00e5lla balansen mellan vatten och olja i huden, s\u00e5 att huden blir mer \u00e5terfuktad och elastisk.<\/p>\n\n\n\n<p>3. Lugnande och \u00e5terfuktande ingredienser: Kamomill och andra ingredienser i den \u00e5terfuktande reng\u00f6ringen har en lugnande och lindrande effekt som kan lindra obehag orsakat av yttre milj\u00f6p\u00e5verkan och minska hudens k\u00e4nslighet. Samtidigt kan det ocks\u00e5 hj\u00e4lpa till att reparera den skadade hudbarri\u00e4ren, f\u00f6rb\u00e4ttra hudens f\u00f6rsvarsf\u00f6rm\u00e5ga och g\u00f6ra huden friskare.<\/p>\n\n\n\n<p>5. F\u00f6rb\u00e4ttra huden: \u00c5terfuktande reng\u00f6ringsmedel kan inte bara minska f\u00f6rekomsten av akne utan \u00e4ven st\u00e4rka hudbarri\u00e4ren. Och den l\u00e5ngvariga \u00e5terfuktande effekten g\u00f6r din hud mer k\u00e4nslig, len och elastisk. Samtidigt exfolierar den huden, vilket g\u00f6r din hud j\u00e4mnare och ljusare. D\u00e4rf\u00f6r kan den f\u00f6rb\u00e4ttra hudens tillst\u00e5nd och h\u00e5lla huden frisk.<\/p>\n\n\n\n<h2 class=\"wp-block-heading\">Hur anv\u00e4nder man \u00e5terfuktande ansiktsreng\u00f6ring?<\/h2>\n\n\n\n<p>V\u00e5ra produkter \u00e4r enkla att anv\u00e4nda och s\u00e4kra att anv\u00e4nda, vilket g\u00f6r dem till ett utm\u00e4rkt reng\u00f6ringsmedel att v\u00e4lja mellan. Vi skickar v\u00e5ra produkter genom strikta dermatologiska tester f\u00f6r att s\u00e4kerst\u00e4lla att de inte inneh\u00e5ller tillsatt alkohol, smak\u00e4mnen, f\u00e4rg\u00e4mnen eller andra irriterande ingredienser, och v\u00e5rdar din hud varsamt.<\/p>\n\n\n\n<p>1. Fukta ansiktet f\u00f6rst f\u00f6r att fr\u00e4mja renlighet;<\/p>\n\n\n\n<p>2. Applicera r\u00e4tt m\u00e4ngd \u00e5terfuktande ansiktsreng\u00f6ring i handflatan och tills\u00e4tt lite vatten f\u00f6r att l\u00f6ddra;<\/p>\n\n\n\n<p>3. Applicera skummet j\u00e4mnt i ansiktet och massera f\u00f6rsiktigt;<\/p>\n\n\n\n<p>4. Sk\u00f6lj noggrant med rent vatten f\u00f6r att s\u00e4kerst\u00e4lla att inget skum kvarst\u00e5r;<\/p>\n\n\n\n<p>5. Torka f\u00f6rsiktigt med en handduk, och matcha sedan samma serie \u00e5terfuktande produkter f\u00f6r att ytterligare fr\u00e4mja fukten.<\/p>\n\n\n\n<h2 class=\"wp-block-heading\">F\u00f6rsiktighet<\/h2>\n\n\n\n<p>1. V\u00e4lj en \u00e5terfuktande reng\u00f6ringsprodukt som passar din hudtyp;<\/p>\n\n\n\n<p>2. Ett allergiskt test b\u00f6r utf\u00f6ras f\u00f6r f\u00f6rsta g\u00e5ngen och omedelbart sluta anv\u00e4nda om det inte finns n\u00e5gon anpassning;<\/p>\n\n\n\n<p>3. Det rekommenderas att anv\u00e4nda en g\u00e5ng p\u00e5 morgonen och en g\u00e5ng p\u00e5 kv\u00e4llen f\u00f6r att undvika skador p\u00e5 hudbarri\u00e4ren orsakade av frekvent anv\u00e4ndning;<\/p>\n\n\n\n<p>4. Var uppm\u00e4rksam p\u00e5 principen om l\u00e4mplig m\u00e4ngd vid anv\u00e4ndning f\u00f6r att undvika f\u00f6r mycket skum som resulterar i fet och tjock hud;<\/p>\n\n\n\n<p>5. Det rekommenderas att justera anv\u00e4ndningen av \u00e5terfuktande reng\u00f6ringsmedel efter s\u00e4songsv\u00e4xlingar;<\/p>\n\n\n\n<p>6. Det rekommenderas att f\u00f6rvara p\u00e5 en sval och torr plats f\u00f6r att undvika direkt solljus och h\u00f6gtemperaturmilj\u00f6er som p\u00e5verkar produktens effekt.<\/p>\n\n\n\n<h2 class=\"wp-block-heading\">Slutsats<\/h2>\n\n\n\n<p>Som professionell tillverkare av \u00e5terfuktande ansiktsreng\u00f6ring har vi skapat en produkt specifikt utformad f\u00f6r varje hudtyp baserat p\u00e5 dina behov och hudtillst\u00e5nd. F\u00f6rutom studier av effektivitet l\u00e4gger vi ocks\u00e5 stor vikt vid kvaliteten p\u00e5 produktionsprocessen, fr\u00e5n screening av r\u00e5material till f\u00f6rpackning av f\u00e4rdig produkt. Vi har ett strikt kvalitetskontrollsystem f\u00f6r att s\u00e4kerst\u00e4lla att varje flaska \u00e5terfuktande reng\u00f6ring \u00e4r s\u00e4ker att anv\u00e4nda. Samtidigt erbjuder vi ett komplett utbud av anpassade tj\u00e4nster, efter dina behov, f\u00f6r att hj\u00e4lpa dig att skapa unika, v\u00e4lk\u00e4nda produkter s\u00e5 att du f\u00e5r en konkurrensf\u00f6rdel. Om du ocks\u00e5 \u00e4r intresserad, v\u00e4nligen kontakta oss.<\/p>\n\n\n\n<p><\/p>","protected":false},"excerpt":{"rendered":"Hydrating Facial Cleanser Manufacturing Common Formulas In the production process, we have combined the problems of multiple skin types and adopted relative solutions to develop a moisturizing cleanser that sensitive muscles can safely use. Here are its main ingredients: 1. Hyaluronic acid: hyaluronic acid has a highly moisturizing component, which can provide adequate water for [&hellip;]","protected":false},"featured_media":2577,"menu_order":0,"template":"","meta":[],"product-tag":[],"products":[65],"class_list":["post-2576","product","type-product","status-publish","has-post-thumbnail","hentry","products-facial-cleanser"],"acf":[],"_links":{"self":[{"href":"https:\/\/www.ruiqigo.com\/sv\/wp-json\/wp\/v2\/product\/2576","targetHints":{"allow":["GET"]}}],"collection":[{"href":"https:\/\/www.ruiqigo.com\/sv\/wp-json\/wp\/v2\/product"}],"about":[{"href":"https:\/\/www.ruiqigo.com\/sv\/wp-json\/wp\/v2\/types\/product"}],"version-history":[{"count":0,"href":"https:\/\/www.ruiqigo.com\/sv\/wp-json\/wp\/v2\/product\/2576\/revisions"}],"wp:featuredmedia":[{"embeddable":true,"href":"https:\/\/www.ruiqigo.com\/sv\/wp-json\/wp\/v2\/media\/2577"}],"wp:attachment":[{"href":"https:\/\/www.ruiqigo.com\/sv\/wp-json\/wp\/v2\/media?parent=2576"}],"wp:term":[{"taxonomy":"product-tag","embeddable":true,"href":"https:\/\/www.ruiqigo.com\/sv\/wp-json\/wp\/v2\/product-tag?post=2576"},{"taxonomy":"products","embeddable":true,"href":"https:\/\/www.ruiqigo.com\/sv\/wp-json\/wp\/v2\/products?post=2576"}],"curies":[{"name":"wp","href":"https:\/\/api.w.org\/{rel}","templated":true}]}}