{"id":2591,"date":"2025-01-09T10:16:02","date_gmt":"2025-01-09T02:16:02","guid":{"rendered":"https:\/\/ruiqigo.com\/?post_type=product&#038;p=2591"},"modified":"2025-01-09T10:16:37","modified_gmt":"2025-01-09T02:16:37","slug":"salicylic-acid-facial-cleanser","status":"publish","type":"product","link":"https:\/\/www.ruiqigo.com\/sv\/product\/salicylic-acid-facial-cleanser","title":{"rendered":"Ansiktsreng\u00f6ring med salicylsyra"},"content":{"rendered":"<h2 class=\"wp-block-heading\">Tillverkning av salicylsyra ansiktsreng\u00f6ringsmedel Vanliga formler<\/h2>\n\n\n\n<p>Reng\u00f6ringsprocessen med salicylsyra kan vara irriterande, s\u00e5 vi tillsatte en m\u00e4ngd milda tensider och naturliga \u00e5terfuktande ingredienser under formuleringsforskningen. M\u00e5let \u00e4r att minska hudirritation och g\u00f6ra produkten l\u00e4mplig f\u00f6r de flesta hudtyper.<\/p>\n\n\n\n<p>1. Salicylsyra: Salicylsyra \u00e4r k\u00e4rningrediensen och \u00e4ven en exfolierande medel. Den tr\u00e4nger inte bara djupt in i porerna, l\u00f6ser upp ackumulerad olja och smuts och f\u00f6rhindrar att porerna t\u00e4pps till, vilket minskar bildandet av finnar och pormaskar. Den kan ocks\u00e5 minska \u00f6verfl\u00f6dig olja och ytterligare balansera oljesekretionen, vilket bidrar till att minska hudproblem orsakade av f\u00f6r mycket olja, s\u00e5som akne och akne. Samtidigt kan salicylsyra ocks\u00e5 fr\u00e4mja tillv\u00e4xten av nya celler, f\u00f6rb\u00e4ttra problemet med hudens \u00e5ldrande och g\u00f6ra huden mer sl\u00e4t och \u00f6mt\u00e5lig.<\/p>\n\n\n\n<p>2. Niacinamid: Niacinamid kan f\u00f6rb\u00e4ttra hudens barri\u00e4rfunktion och har en viss antioxidanteffekt som kan motst\u00e5 skador fr\u00e5n den yttre milj\u00f6n p\u00e5 huden. Inte bara det, det har ocks\u00e5 en roll i att ljusa upp huden, bidra till att minska fl\u00e4ckar och matt hud, och g\u00f6ra huden mer transparent.<\/p>\n\n\n\n<p>3. Hyaluronsyra: Hyaluronsyra \u00e4r en vanlig \u00e5terfuktande ingrediens som ger huden en l\u00e5ngvarig \u00e5terfuktande effekt. N\u00e4r den anv\u00e4nds i kombination med salicylsyra balanserar den salicylsyrans torrhet och lindrar hudirritation, vilket h\u00e5ller huden \u00e5terfuktad.<\/p>\n\n\n\n<p>4. Retinol: Retinol har en stark anti-aging effekt, det kan fr\u00e4mja cellf\u00f6rnyelse och kollagenproduktion, f\u00f6r att \u00e5terst\u00e4lla hudens elasticitet och g\u00f6ra den stramare. Samtidigt kan det minska oljeuts\u00f6ndringen och f\u00f6rb\u00e4ttra den oljekontrollerande effekten.<\/p>\n\n\n\n<h2 class=\"wp-block-heading\">Funktionerna hos salicylsyra-ansiktsreng\u00f6ring<\/h2>\n\n\n\n<p>Som professionell tillverkare av salicylsyrabaserade ansiktsreng\u00f6ringsmedel \u00e4r vi engagerade i att f\u00f6rse dig med mycket effektiva hudv\u00e5rdsl\u00f6sningar. D\u00e4rf\u00f6r anv\u00e4nder vi avancerad produktionsteknik f\u00f6r att s\u00e4kerst\u00e4lla att dess aktivitet kan bibeh\u00e5llas i st\u00f6rsta m\u00f6jliga utstr\u00e4ckning och ge st\u00f6rsta m\u00f6jliga effekt. H\u00e4r \u00e4r dess huvudfunktioner:<\/p>\n\n\n\n<p>1. Exfoliering: Anv\u00e4nd salicylsyrareng\u00f6ring f\u00f6r att ta bort d\u00f6da hudceller, l\u00f6s upp och avl\u00e4gsna f\u00f6rsiktigt en stor m\u00e4ngd ackumulerad \u00e5ldrad hud, vilket fr\u00e4mjar tillv\u00e4xten av nya celler och g\u00f6r huden sl\u00e4tare och mer k\u00e4nslig.<\/p>\n\n\n\n<p>2. Oljekontrollbalans: V\u00e5r reng\u00f6ring kan rensa porerna samtidigt som den avl\u00e4gsnar \u00f6verfl\u00f6dig olja och kontrollerar oljebalansen, s\u00e4rskilt f\u00f6r muskler som drabbas av oljekoppor. Att minska glansen h\u00e5ller ansiktet fr\u00e4scht och inte stramt.<\/p>\n\n\n\n<p>3. Reng\u00f6r akne: Salicylsyra \u00e4r permeabel och kan djupreng\u00f6ra porer och f\u00f6rhindra att porerna t\u00e4pps till. Den saktar ocks\u00e5 ner avlossningen av hudceller fr\u00e5n h\u00e5rs\u00e4ckarna, vilket minskar bildandet av pormaskar och finnar.<\/p>\n\n\n\n<p>4. F\u00f6rb\u00e4ttra hudkvaliteten: Reng\u00f6ringsmedel med salicylsyra kan fr\u00e4mja f\u00f6rnyelsen av epidermisceller, vilket inte bara kan f\u00f6rhindra pigmentering utan ocks\u00e5 bromsa hudens \u00e5ldrande och g\u00f6ra huden fastare. Samtidigt hj\u00e4lper de vitare ingredienserna i ansiktsreng\u00f6ringen ocks\u00e5 till att ljusa upp huden och bleka fl\u00e4ckar.<\/p>\n\n\n\n<p>5. Antibakteriell och antiinflammatorisk: V\u00e5r reng\u00f6ring har antibakteriella och antiinflammatoriska effekter, vilket kan lindra rodnad och irritation i ansiktet, minska akne och inflammation samt p\u00e5skynda l\u00e4kningen av akne.<\/p>\n\n\n\n<h2 class=\"wp-block-heading\">Hur anv\u00e4nder man salicylsyra f\u00f6r ansiktet?<\/h2>\n\n\n\n<p>Vi producerar olika koncentrationer av ansiktsreng\u00f6ringsmedel med salicylsyra, du kan v\u00e4lja mellan. Nyb\u00f6rjare rekommenderar att b\u00f6rja med en l\u00e5g koncentration f\u00f6r att gradvis bygga upp tolerans, f\u00f6r att inte irritera ansiktet. Samtidigt kommer vi ocks\u00e5 att markera anv\u00e4ndningen av f\u00f6rpackningen:<\/p>\n\n\n\n<p>1. Fukta ansiktet med varmt vatten f\u00f6rst f\u00f6r att underl\u00e4tta skumbildningen;<\/p>\n\n\n\n<p>2. Applicera en l\u00e4mplig m\u00e4ngd salicylsyra-ansiktsreng\u00f6ring i handflatan och gnugga tills det bildas ett skum. Applicera sedan skummet j\u00e4mnt i ansiktet och massera f\u00f6rsiktigt de tv\u00e5 delarna med cirkelr\u00f6relser. Observera att omr\u00e5den som \u00e4r ben\u00e4gna att f\u00e5 olja i T-zonen kan masseras en stund f\u00f6r att hj\u00e4lpa till att avl\u00e4gsna olja och smuts.<\/p>\n\n\n\n<p>3. Sk\u00f6lj skummet med rent vatten efter massage f\u00f6r att s\u00e4kerst\u00e4lla att det inte finns n\u00e5gra rester;<\/p>\n\n\n\n<p>4. Efter att du f\u00f6rsiktigt torkat huden med en handduk kan du matcha samma serie \u00e5terfuktande produkter och anv\u00e4nda dem under dagen med solskyddsprodukter. Eftersom salicylsyra g\u00f6r huden k\u00e4nsligare f\u00f6r solen kan solskyddsmedel anv\u00e4ndas f\u00f6r att skydda mot UV-str\u00e5lar.<\/p>\n\n\n\n<h2 class=\"wp-block-heading\">F\u00f6rsiktighet<\/h2>\n\n\n\n<p>1. V\u00e4lj en ansiktsreng\u00f6ring med salicylsyra som passar din hudtyp n\u00e4r du anv\u00e4nder den;<\/p>\n\n\n\n<p>2. Ett allergiskt test b\u00f6r utf\u00f6ras f\u00f6r f\u00f6rsta g\u00e5ngen, och anv\u00e4ndningen b\u00f6r omedelbart avbrytas om obehag uppst\u00e5r;<\/p>\n\n\n\n<p>3. Var uppm\u00e4rksam p\u00e5 anv\u00e4ndningsfrekvensen, det rekommenderas att anv\u00e4nda en g\u00e5ng p\u00e5 morgonen och kv\u00e4llen. Nyb\u00f6rjare kan gradvis \u00f6ka fr\u00e5n 2\u20133 g\u00e5nger i veckan till daglig anv\u00e4ndning f\u00f6r att anpassa sig till hudf\u00f6rh\u00e5llandena;<\/p>\n\n\n\n<p>4. Om du har specifika hudproblem b\u00f6r den anv\u00e4ndas efter l\u00e4kares inr\u00e5dan;<\/p>\n\n\n\n<p>5. Gravida och ammande kvinnor b\u00f6r r\u00e5dfr\u00e5ga l\u00e4kare f\u00f6re anv\u00e4ndning;<\/p>\n\n\n\n<p>6. Det rekommenderas att f\u00f6rvara p\u00e5 en sval och torr plats f\u00f6r att undvika direkt solljus och en milj\u00f6 med h\u00f6g temperatur.<\/p>\n\n\n\n<h2 class=\"wp-block-heading\">Slutsats<\/h2>\n\n\n\n<p>Som salicylsyratillverkare med fokus p\u00e5 h\u00f6gkvalitativ produktion har vi ett professionellt forsknings- och utvecklingsteam med stor erfarenhet av utveckling och produktion av hudv\u00e5rdsprodukter. Samtidigt har vi ett strikt kvalitetskontrollsystem i varje led, fr\u00e5n r\u00e5varuanskaffning till produktion och f\u00f6rpackning, f\u00f6r att s\u00e4kerst\u00e4lla effektiviteten och s\u00e4kerheten hos varje produkt. Dessutom erbjuder vi omfattande anpassningstj\u00e4nster och str\u00e4var efter perfektion f\u00f6r att s\u00e4kerst\u00e4lla att ditt varum\u00e4rke sticker ut p\u00e5 marknaden. Om du ocks\u00e5 \u00e4r intresserad, v\u00e4nligen kontakta oss.<\/p>","protected":false},"excerpt":{"rendered":"Salicylic Acid Facial Cleanser Manufacturing Common Formulas The salicylic acid cleansing process can be irritating, so we added a variety of mild surfactants and natural moisturizing ingredients during formulation research. This aim is to reduce skin irritation and make the product suitable for most skin types. 1. Salicylic acid: Salicylic acid is the core ingredient [&hellip;]","protected":false},"featured_media":2592,"menu_order":0,"template":"","meta":[],"product-tag":[],"products":[65],"class_list":["post-2591","product","type-product","status-publish","has-post-thumbnail","hentry","products-facial-cleanser"],"acf":[],"_links":{"self":[{"href":"https:\/\/www.ruiqigo.com\/sv\/wp-json\/wp\/v2\/product\/2591","targetHints":{"allow":["GET"]}}],"collection":[{"href":"https:\/\/www.ruiqigo.com\/sv\/wp-json\/wp\/v2\/product"}],"about":[{"href":"https:\/\/www.ruiqigo.com\/sv\/wp-json\/wp\/v2\/types\/product"}],"version-history":[{"count":0,"href":"https:\/\/www.ruiqigo.com\/sv\/wp-json\/wp\/v2\/product\/2591\/revisions"}],"wp:featuredmedia":[{"embeddable":true,"href":"https:\/\/www.ruiqigo.com\/sv\/wp-json\/wp\/v2\/media\/2592"}],"wp:attachment":[{"href":"https:\/\/www.ruiqigo.com\/sv\/wp-json\/wp\/v2\/media?parent=2591"}],"wp:term":[{"taxonomy":"product-tag","embeddable":true,"href":"https:\/\/www.ruiqigo.com\/sv\/wp-json\/wp\/v2\/product-tag?post=2591"},{"taxonomy":"products","embeddable":true,"href":"https:\/\/www.ruiqigo.com\/sv\/wp-json\/wp\/v2\/products?post=2591"}],"curies":[{"name":"wp","href":"https:\/\/api.w.org\/{rel}","templated":true}]}}