{"id":269,"date":"2024-07-05T16:45:37","date_gmt":"2024-07-05T08:45:37","guid":{"rendered":"https:\/\/ruiqigo.com\/?post_type=product&#038;p=269"},"modified":"2024-11-15T16:39:48","modified_gmt":"2024-11-15T08:39:48","slug":"peppermint-essential-oil","status":"publish","type":"product","link":"https:\/\/www.ruiqigo.com\/sv\/product\/peppermint-essential-oil","title":{"rendered":"Pepparmynta eterisk olja"},"content":{"rendered":"<h2 class=\"wp-block-heading\">Pepparmynta eterisk olja som tillverkar vanliga formler<\/h2>\n\n\n\n<p>Att g\u00f6ra eterisk pepparmyntaolja inneb\u00e4r huvudsakligen att man sk\u00f6rdar bladen och stj\u00e4lkarna fr\u00e5n pepparmyntsv\u00e4xten och sedan extraherar essensen genom \u00e5ngdestillation. Under destillationsprocessen, som en tillverkare av h\u00e5llbar eterisk pepparmintolja, v\u00e4rms v\u00e4xtmaterialet upp och den frigjorda pepparmyntsolje\u00e5ngan kyls och kondenseras till en v\u00e4tska, som sedan separeras fr\u00e5n vattnet f\u00f6r att erh\u00e5lla ren eterisk pepparmyntaolja. Denna process kr\u00e4ver strikt temperatur- och tidskontroll f\u00f6r att s\u00e4kerst\u00e4lla oljans renhet och de aktiva ingrediensernas integritet.<\/p>\n\n\n\n<h2 class=\"wp-block-heading\">Pepparmynta eterisk olja till\u00e4mpliga scenarier<\/h2>\n\n\n\n<p>Eterisk pepparmyntsolja kan anv\u00e4ndas i en m\u00e4ngd olika scenarier: i aromaterapi f\u00f6r att fr\u00e4scha upp sinnet och lindra stress, lokalt f\u00f6r att lindra muskelsm\u00e4rta och obehag i huden, som ett naturligt insektsmedel mot mygg, tillsatt i hudv\u00e5rdsprodukter f\u00f6r att konditionera fet hud och anv\u00e4nds som aromaterapi inomhus f\u00f6r att rena luften. Dess olika effekter g\u00f6r den l\u00e4mplig f\u00f6r daglig sjukv\u00e5rd och akutv\u00e5rd.<\/p>\n\n\n\n<h2 class=\"wp-block-heading\">Vem \u00e4r pepparmynta eterisk olja l\u00e4mplig f\u00f6r<\/h2>\n\n\n\n<p>Pepparmynta eterisk olja \u00e4r l\u00e4mplig f\u00f6r kontorsanst\u00e4llda som beh\u00f6ver en pick-me-up, sportentusiaster som vill lindra muskelsm\u00e4rtor, sk\u00f6nhetss\u00f6kande som vill f\u00f6rb\u00e4ttra fet hud och de som s\u00f6ker naturliga botemedel f\u00f6r att lindra matsm\u00e4ltningsbesv\u00e4r. Det b\u00f6r dock anv\u00e4ndas med f\u00f6rsiktighet av gravida kvinnor, barn eller de med k\u00e4nslig hud, och det \u00e4r b\u00e4st att s\u00f6ka professionell r\u00e5dgivning f\u00f6re anv\u00e4ndning.<\/p>\n\n\n\n<h2 class=\"wp-block-heading\">Produktionsprocess f\u00f6r pepparmynta eterisk olja<\/h2>\n\n\n\n<p>Den speciella processen f\u00f6r eterisk pepparmyntaolja ligger i anv\u00e4ndningen av l\u00e5gtemperatur\u00e5ngdestillation, en metod som f\u00f6rsiktigt extraherar den eteriska oljan fr\u00e5n pepparmyntsbladen och undviker f\u00f6rst\u00f6relse av komponenterna som kan orsakas av h\u00f6ga temperaturer. Som en \u00e4rlig tillverkare av eterisk pepparmintolja s\u00e4kerst\u00e4ller exakt kontroll av destillationsprocessen att oljans renhet, dess aktiva ingredienser och dess naturliga arom beh\u00e5lls intakt, vilket garanterar dess h\u00f6ga prestanda och s\u00e4kerhet vid aromterapi och daglig anv\u00e4ndning.<\/p>","protected":false},"excerpt":{"rendered":"Peppermint essential oil manufacturing common formulas Making peppermint essential oil mainly involves harvesting the leaves and stems of the peppermint plant and then extracting the essence through steam distillation. During the distillation process, as a durable Peppermint essential oil manufacturer, the plant material is heated and the released peppermint oil vapor is cooled and condensed [&hellip;]","protected":false},"featured_media":271,"menu_order":0,"template":"","meta":[],"product-tag":[],"products":[53],"class_list":["post-269","product","type-product","status-publish","has-post-thumbnail","hentry","products-essential-oil"],"acf":[],"_links":{"self":[{"href":"https:\/\/www.ruiqigo.com\/sv\/wp-json\/wp\/v2\/product\/269","targetHints":{"allow":["GET"]}}],"collection":[{"href":"https:\/\/www.ruiqigo.com\/sv\/wp-json\/wp\/v2\/product"}],"about":[{"href":"https:\/\/www.ruiqigo.com\/sv\/wp-json\/wp\/v2\/types\/product"}],"version-history":[{"count":0,"href":"https:\/\/www.ruiqigo.com\/sv\/wp-json\/wp\/v2\/product\/269\/revisions"}],"wp:featuredmedia":[{"embeddable":true,"href":"https:\/\/www.ruiqigo.com\/sv\/wp-json\/wp\/v2\/media\/271"}],"wp:attachment":[{"href":"https:\/\/www.ruiqigo.com\/sv\/wp-json\/wp\/v2\/media?parent=269"}],"wp:term":[{"taxonomy":"product-tag","embeddable":true,"href":"https:\/\/www.ruiqigo.com\/sv\/wp-json\/wp\/v2\/product-tag?post=269"},{"taxonomy":"products","embeddable":true,"href":"https:\/\/www.ruiqigo.com\/sv\/wp-json\/wp\/v2\/products?post=269"}],"curies":[{"name":"wp","href":"https:\/\/api.w.org\/{rel}","templated":true}]}}