{"id":275,"date":"2024-07-05T16:23:28","date_gmt":"2024-07-05T08:23:28","guid":{"rendered":"https:\/\/ruiqigo.com\/?post_type=product&#038;p=275"},"modified":"2024-11-15T16:43:01","modified_gmt":"2024-11-15T08:43:01","slug":"lavender-essential-oil","status":"publish","type":"product","link":"https:\/\/www.ruiqigo.com\/sv\/product\/lavender-essential-oil","title":{"rendered":"Lavendel eterisk olja"},"content":{"rendered":"<h2 class=\"wp-block-heading\">Lavendel eterisk olja som tillverkar vanliga formler<\/h2>\n\n\n\n<p>De h\u00f6gkvalitativa r\u00e5varorna vi anv\u00e4nder f\u00f6r att producera eterisk lavendelolja kommer fr\u00e5n utvalda lavendel som odlas i l\u00e4mpliga klimat- och markf\u00f6rh\u00e5llanden, valda fr\u00e5n soliga, v\u00e4ldr\u00e4nerade omr\u00e5den. Premium eterisk lavendelolja kr\u00e4ver att blommorna handplockas under full blomning f\u00f6r att beh\u00e5lla den h\u00f6gsta aromen och aktiva ingredienserna. Som en ledande tillverkare av eterisk lavendelolja p\u00e5verkar r\u00e5materialets f\u00e4rskhet och renhet direkt kvaliteten p\u00e5 den eteriska oljan, s\u00e5 vi kontrollerar noggrant varje steg i processen, fr\u00e5n plantering och sk\u00f6rd till extraktion.<\/p>\n\n\n\n<h2 class=\"wp-block-heading\">Lavendel eterisk olja till\u00e4mpliga scenarier<\/h2>\n\n\n\n<p>Eterisk lavendelolja \u00e4r l\u00e4mplig f\u00f6r anv\u00e4ndning i ett brett spektrum av klimat, s\u00e4rskilt under torra eller varma \u00e5rstider, d\u00e4r dess kylande och lugnande egenskaper \u00e4r effektiva f\u00f6r att lindra solbr\u00e4nna och inflammationer i huden. I kallt eller fuktigt klimat hj\u00e4lper det att slappna av musklerna och lindra ledv\u00e4rk. Eterisk lavendelolja fr\u00e4mjar cellregenerering och balanserar talgproduktionen. Den \u00e4r d\u00e4rf\u00f6r l\u00e4mplig f\u00f6r alla hudtyper. Eterisk lavendelolja \u00e4r v\u00e4lk\u00e4nd f\u00f6r sin effektivitet vid behandling av br\u00e4nnskador och solbr\u00e4nna. Det f\u00f6rb\u00e4ttrar ocks\u00e5 bl\u00e5sor, eksem, h\u00e4mmar bakterietillv\u00e4xt och minimerar svullnad och \u00e4rrbildning.<\/p>\n\n\n\n<h2 class=\"wp-block-heading\">Vem \u00e4r lavendel eterisk olja l\u00e4mplig f\u00f6r<\/h2>\n\n\n\n<p>Eterisk lavendelolja \u00e4r l\u00e4mplig f\u00f6r personer som s\u00f6ker naturliga botemedel f\u00f6r att lindra stress och f\u00f6rb\u00e4ttra s\u00f6mnen, inklusive stressade kontorsanst\u00e4llda, seniorer i behov av avkoppling och personer med milda hudproblem som akne och eksem. Det \u00e4r ocks\u00e5 f\u00f6rdelaktigt f\u00f6r personer med \u00e5ngesttendenser eller s\u00f6mnl\u00f6shetssymtom. Det b\u00f6r dock anv\u00e4ndas med f\u00f6rsiktighet av gravida, ammande kvinnor, barn eller de med k\u00e4nslig hud, och det \u00e4r b\u00e4st att s\u00f6ka professionell r\u00e5dgivning f\u00f6re anv\u00e4ndning f\u00f6r att undvika eventuella allergiska reaktioner. Anv\u00e4nd inte i h\u00f6g koncentration, r\u00f6da och svullna s\u00e5r ska anv\u00e4ndas med kall kompress. Blanda inte med mugwort eterisk olja (samma f\u00e4rg), l\u00e5gt blodtryck m\u00e4nniskor med lavendel eterisk olja, l\u00e4tt att h\u00e4nda efter fenomenet stagnation.<\/p>\n\n\n\n<h2 class=\"wp-block-heading\">Lavendel eterisk olja produktionsprocess<\/h2>\n\n\n\n<p>Det som g\u00f6r produktionen av eterisk lavendelolja speciell \u00e4r dess str\u00e4nga krav p\u00e5 tidpunkten f\u00f6r blomsk\u00f6rd och den fina kontrollen av extraktionsprocessen. Som en \u00e4rlig tillverkare av eterisk lavendelolja handplockas blommorna vanligtvis n\u00e4r de blommar f\u00f6r att s\u00e4kerst\u00e4lla h\u00f6gsta koncentration av aktiva ingredienser och arom. Oljorna extraheras under skonsamma f\u00f6rh\u00e5llanden med traditionell \u00e5ngdestillation f\u00f6r att bibeh\u00e5lla de eteriska oljornas renhet och terapeutiska egenskaper. Som en ledande tillverkare av eterisk lavendelolja s\u00e4kerst\u00e4ller den exakta kontrollen av temperatur och timing av denna process den h\u00f6ga kvaliteten och de unika terapeutiska f\u00f6rdelarna med eterisk lavendelolja.<\/p>\n\n\n\n<p><\/p>","protected":false},"excerpt":{"rendered":"Lavender essential oil manufacturing common formulas The high quality raw materials we use to produce lavender essential oil come from selected lavenders that are grown in suitable climatic and soil conditions, chosen from sunny, well-drained areas. Premium lavender essential oil requires the flowers to be hand-picked during full bloom to retain the highest aroma and [&hellip;]","protected":false},"featured_media":276,"menu_order":0,"template":"","meta":[],"product-tag":[],"products":[53],"class_list":["post-275","product","type-product","status-publish","has-post-thumbnail","hentry","products-essential-oil"],"acf":[],"_links":{"self":[{"href":"https:\/\/www.ruiqigo.com\/sv\/wp-json\/wp\/v2\/product\/275","targetHints":{"allow":["GET"]}}],"collection":[{"href":"https:\/\/www.ruiqigo.com\/sv\/wp-json\/wp\/v2\/product"}],"about":[{"href":"https:\/\/www.ruiqigo.com\/sv\/wp-json\/wp\/v2\/types\/product"}],"version-history":[{"count":0,"href":"https:\/\/www.ruiqigo.com\/sv\/wp-json\/wp\/v2\/product\/275\/revisions"}],"wp:featuredmedia":[{"embeddable":true,"href":"https:\/\/www.ruiqigo.com\/sv\/wp-json\/wp\/v2\/media\/276"}],"wp:attachment":[{"href":"https:\/\/www.ruiqigo.com\/sv\/wp-json\/wp\/v2\/media?parent=275"}],"wp:term":[{"taxonomy":"product-tag","embeddable":true,"href":"https:\/\/www.ruiqigo.com\/sv\/wp-json\/wp\/v2\/product-tag?post=275"},{"taxonomy":"products","embeddable":true,"href":"https:\/\/www.ruiqigo.com\/sv\/wp-json\/wp\/v2\/products?post=275"}],"curies":[{"name":"wp","href":"https:\/\/api.w.org\/{rel}","templated":true}]}}