{"id":281,"date":"2024-07-05T16:29:32","date_gmt":"2024-07-05T08:29:32","guid":{"rendered":"https:\/\/ruiqigo.com\/?post_type=product&#038;p=281"},"modified":"2024-11-15T16:40:52","modified_gmt":"2024-11-15T08:40:52","slug":"lemongrass-essential-oil","status":"publish","type":"product","link":"https:\/\/www.ruiqigo.com\/sv\/product\/lemongrass-essential-oil","title":{"rendered":"Eterisk olja av citrongr\u00e4s"},"content":{"rendered":"<h2 class=\"wp-block-heading\">Citrongr\u00e4s eterisk olja som tillverkar vanliga formler<\/h2>\n\n\n\n<p>Citrongr\u00e4s eterisk olja kommer fr\u00e5n den omsorgsfullt odlade citrongr\u00e4splantan, som \u00e4r k\u00e4nd f\u00f6r sitt h\u00f6ga citralinneh\u00e5ll. De b\u00e4sta ingredienserna kommer fr\u00e5n selektiv odling, vilket s\u00e4kerst\u00e4ller att plantan v\u00e4xer i fullt solljus och det r\u00e4tta klimatet f\u00f6r sin intensiva citrondoft och mycket terapeutiska ingredienser. Vid sk\u00f6rd anv\u00e4nds endast mogna l\u00f6v f\u00f6r att s\u00e4kerst\u00e4lla den eteriska oljans renhet och aktivitet. Som en professionell tillverkare av citrongr\u00e4s eterisk olja extraheras dessa noggrant utvalda r\u00e5varor genom \u00e5ngdestillation f\u00f6r att s\u00e4kerst\u00e4lla den h\u00f6ga och j\u00e4mna kvaliteten p\u00e5 eterisk citrongr\u00e4solja<\/p>\n\n\n\n<h2 class=\"wp-block-heading\">Citrongr\u00e4s eterisk olja till\u00e4mpliga scenarier<\/h2>\n\n\n\n<p>Citrongr\u00e4s eterisk olja \u00e4r l\u00e4mplig f\u00f6r anv\u00e4ndning i varma till tropiska klimat, d\u00e4r dess uppfriskande citronarom och antimikrobiella egenskaper \u00e4r uppiggande och upplyftande under den varma \u00e5rstiden. Den \u00e4r ocks\u00e5 l\u00e4mplig f\u00f6r anv\u00e4ndning i fuktiga milj\u00f6er f\u00f6r att st\u00f6ta bort myggor och minska obehag. Dessutom, n\u00e4r den anv\u00e4nds inomhus, renar citrongr\u00e4s eterisk olja luften och ger en fr\u00e4sch atmosf\u00e4r till livsutrymmen i alla klimat.<\/p>\n\n\n\n<h2 class=\"wp-block-heading\">Vem \u00e4r citrongr\u00e4s eterisk olja l\u00e4mplig f\u00f6r<\/h2>\n\n\n\n<p>Citrongr\u00e4s eterisk olja \u00e4r l\u00e4mplig f\u00f6r personer som s\u00f6ker fysisk och mental lindring och hum\u00f6rh\u00f6jning, s\u00e4rskilt moderna m\u00e4nniskor som \u00e4r stressade och oroliga. Dess uppfriskande arom lyfter andan och hj\u00e4lper till att lindra sp\u00e4nningar, vilket g\u00f6r den idealisk f\u00f6r dem som f\u00f6ljer en h\u00e4lsosam livsstil.<\/p>\n\n\n\n<h2 class=\"wp-block-heading\">Processen f\u00f6r produktion av eterisk olja av citrongr\u00e4s<\/h2>\n\n\n\n<p>Som en effektiv tillverkare av citrongr\u00e4s eterisk olja vet vi vad som g\u00f6r produktionen av citrongr\u00e4s eterisk olja speciell \u00e4r dess k\u00e4nsliga extraktionsprocess och det strikta urvalet av r\u00e5varor. F\u00f6r det f\u00f6rsta extraheras den eteriska oljan fr\u00e5n hela citrongr\u00e4splantan med \u00e5ngdestillationsteknik f\u00f6r att s\u00e4kerst\u00e4lla extraktets renhet och aktivitet. F\u00f6r det andra f\u00f6ljer valet av r\u00e5varor h\u00f6ga krav f\u00f6r att s\u00e4kerst\u00e4lla att r\u00e5varorna \u00e4r av h\u00f6g kvalitet och naturliga. Som en effektiv tillverkare av eterisk citrongr\u00e4solja bidrar dessa speciella egenskaper till den h\u00f6ga kvaliteten och unika terapeutiska f\u00f6rdelarna med eterisk citrongr\u00e4solja.<\/p>\n\n\n\n<p><\/p>","protected":false},"excerpt":{"rendered":"Lemongrass essential oil manufacturing common formulas Lemongrass essential oil is derived from the carefully cultivated lemongrass plant, which is known for its high citral content. The best ingredients come from selective cultivation, ensuring that the plant grows in full sunlight and the right climate for its intense lemony aroma and highly therapeutic ingredients. When harvested, [&hellip;]","protected":false},"featured_media":375,"menu_order":0,"template":"","meta":[],"product-tag":[],"products":[53],"class_list":["post-281","product","type-product","status-publish","has-post-thumbnail","hentry","products-essential-oil"],"acf":[],"_links":{"self":[{"href":"https:\/\/www.ruiqigo.com\/sv\/wp-json\/wp\/v2\/product\/281","targetHints":{"allow":["GET"]}}],"collection":[{"href":"https:\/\/www.ruiqigo.com\/sv\/wp-json\/wp\/v2\/product"}],"about":[{"href":"https:\/\/www.ruiqigo.com\/sv\/wp-json\/wp\/v2\/types\/product"}],"version-history":[{"count":0,"href":"https:\/\/www.ruiqigo.com\/sv\/wp-json\/wp\/v2\/product\/281\/revisions"}],"wp:featuredmedia":[{"embeddable":true,"href":"https:\/\/www.ruiqigo.com\/sv\/wp-json\/wp\/v2\/media\/375"}],"wp:attachment":[{"href":"https:\/\/www.ruiqigo.com\/sv\/wp-json\/wp\/v2\/media?parent=281"}],"wp:term":[{"taxonomy":"product-tag","embeddable":true,"href":"https:\/\/www.ruiqigo.com\/sv\/wp-json\/wp\/v2\/product-tag?post=281"},{"taxonomy":"products","embeddable":true,"href":"https:\/\/www.ruiqigo.com\/sv\/wp-json\/wp\/v2\/products?post=281"}],"curies":[{"name":"wp","href":"https:\/\/api.w.org\/{rel}","templated":true}]}}