{"id":2853,"date":"2025-01-17T17:00:37","date_gmt":"2025-01-17T09:00:37","guid":{"rendered":"https:\/\/ruiqigo.com\/?post_type=product&#038;p=2853"},"modified":"2025-01-17T17:00:40","modified_gmt":"2025-01-17T09:00:40","slug":"clove-essential-oil","status":"publish","type":"product","link":"https:\/\/www.ruiqigo.com\/sv\/product\/clove-essential-oil","title":{"rendered":"Eterisk olja fr\u00e5n kryddnejlika"},"content":{"rendered":"<h2 class=\"wp-block-heading\">Vanliga formler f\u00f6r tillverkning av eterisk olja fr\u00e5n kryddnejlika<\/h2>\n\n\n\n<p>I produktionsprocessen v\u00e4ljer vi inte bara noggrant ut h\u00f6gkvalitativa r\u00e5varor, utan anv\u00e4nder ocks\u00e5 avancerad extraktionsteknik och ett strikt kvalitetskontrollsystem, som syftar till att beh\u00e5lla den maximala aktiva ingrediensen av kryddnejlika eterisk olja. H\u00e4r \u00e4r dess huvudingredienser:<\/p>\n\n\n\n<p>1. Vitamin E: Som en antioxidant kan vitamin E bek\u00e4mpa skador p\u00e5 fria radikaler och bibeh\u00e5lla cellernas integritet och d\u00e4rigenom f\u00f6rb\u00e4ttra h\u00e5rbottens blodcirkulation. Samtidigt kan det ocks\u00e5 fr\u00e4mja hudens \u00e4mnesoms\u00e4ttning och f\u00f6rb\u00e4ttra hudens \u00e5terfuktande f\u00f6rm\u00e5ga. Detta hj\u00e4lper inte bara till att minska produktionen av rynkor och g\u00f6ra huden mer elastisk, utan f\u00f6rb\u00e4ttrar ocks\u00e5 den grova och torra hudsituationen och blir mer sl\u00e4t och k\u00e4nslig.<\/p>\n\n\n\n<p>2. Eugenol: Eugenol \u00e4r huvudkomponenten, som har betydande antibakteriella och antiinflammatoriska effekter, kan h\u00e4mma bakterietillv\u00e4xt och kan anv\u00e4ndas f\u00f6r att f\u00f6rhindra orala problem som orala infektioner. Dess antiinflammatoriska egenskaper lindrar muskel- och ledv\u00e4rk och h\u00e4mmar nervledning f\u00f6r att minska sm\u00e4rta i munnen, s\u00e5 det anv\u00e4nds ofta som ett sm\u00e4rtstillande bed\u00f6vningsmedel. Dessutom har det ocks\u00e5 effekten att fr\u00e4mja matsm\u00e4ltningen och f\u00f6rb\u00e4ttra tarmfloran, vilket ytterligare kan f\u00f6rb\u00e4ttra matsm\u00e4ltningsfunktionen.<\/p>\n\n\n\n<p>3. Betakaroten: Betakaroten omvandlas av kroppen till vitamin A, som reglerar talg i h\u00e5rs\u00e4ckscykeln och f\u00f6rser h\u00e5rbotten med rika n\u00e4rings\u00e4mnen. S\u00e5 l\u00e5ngvarig anv\u00e4ndning kan f\u00f6rhindra torrt h\u00e5r, spr\u00f6tt och h\u00e5ravfall och h\u00e5lla h\u00e5ret friskt och gl\u00e4nsande. Samtidigt kan det ocks\u00e5 fr\u00e4mja tillv\u00e4xt och utveckling och st\u00e4rka immuniteten.<\/p>\n\n\n\n<p>4. Fettsyror: Fettsyror har en viss antibakteriell aktivitet, kan st\u00e4rka effekten av eterisk olja fr\u00e5n kryddnejlika och hj\u00e4lpa till att f\u00f6rhindra h\u00e5ravfall och h\u00e5rbottenirritation, f\u00f6r att g\u00f6ra h\u00e5ret starkare och friskare.<\/p>\n\n\n\n<h2 class=\"wp-block-heading\">Funktionerna av kryddnejlika eterisk olja<\/h2>\n\n\n\n<p>Vi k\u00e4nner till v\u00e4rdet och potentialen hos eterisk olja fr\u00e5n kryddnejlika, och genom FoU-teamets kontinuerliga forskningsutveckling och innovation har vi skapat denna rena och allt-i-ett-produkt.<\/p>\n\n\n\n<p>1. Antibakteriell och antiinflammatorisk: Eterisk olja fr\u00e5n kryddnejlika \u00e4r popul\u00e4r f\u00f6r sina utm\u00e4rkta antibakteriella och antiinflammatoriska egenskaper, som snabbt kan h\u00e4mma bakterietillv\u00e4xt och minska inflammation. D\u00e4rf\u00f6r kan den avgifta h\u00e5r, minska porblockering, f\u00f6rebygga olika hudsjukdomar och svampinfektioner och kan \u00e4ven anv\u00e4ndas som naturlig bed\u00f6vning f\u00f6r att lindra irritation och svullnad av inflammerade omr\u00e5den.<\/p>\n\n\n\n<p>2. Fr\u00e4mja mag-tarmh\u00e4lsa: V\u00e5ra eteriska oljor kan fr\u00e4mja produktionen av magslem f\u00f6r att skydda slemhinnan i mag-tarmkanalen och d\u00e4rigenom fr\u00e4mja gastrointestinal motilitet, vilket bidrar till matsm\u00e4ltningen och absorptionen av mat. Det kan ocks\u00e5 behandla en m\u00e4ngd olika tarmh\u00e4lsoproblem, s\u00e5som \u00e5ksjuka, uppbl\u00e5sthet, matsm\u00e4ltningsbesv\u00e4r, uppbl\u00e5sthet och illam\u00e5ende.<\/p>\n\n\n\n<p>3. F\u00f6rhindra orala sjukdomar: Eterisk olja fr\u00e5n kryddnejlika kan sp\u00e4das ut f\u00f6r gurgling, vilket inte bara kan eliminera d\u00e5lig andedr\u00e4kt och lindra tandv\u00e4rk och tanderosion, utan ocks\u00e5 effektivt f\u00f6rhindra karies och gingivit.<\/p>\n\n\n\n<p>4. Fr\u00e4mja h\u00e4lsan: Eterisk olja fr\u00e5n kryddnejlika har en m\u00e4ngd olika aktiva \u00e4mnen, som kan st\u00e4rka kroppens immunf\u00f6rsvar och fr\u00e4mja god h\u00e4lsa. Det kan \u00f6ka intaget av cellul\u00e4rt blodsocker och fr\u00e4mja insulinuts\u00f6ndringen, och d\u00e4rigenom f\u00f6rb\u00e4ttra insulinproducerande celler, hj\u00e4lpa till att vidga aortan, lindra f\u00f6rh\u00f6jt blodtryck och f\u00f6rb\u00e4ttra leverfunktionen och andra symtom.<\/p>\n\n\n\n<p>5. Lugnande kropp och sj\u00e4l: Den unika aromen av kryddnejlika \u00e4r b\u00e5de kryddig och varm, kan anv\u00e4ndas f\u00f6r r\u00f6kelseterapi, denna process kan lindra tryck \u00f6ver br\u00f6stet orsakad av k\u00e4nslom\u00e4ssig depression, och slappna av i kroppen och sinnet och stress, lindra \u00e5ngest. Det \u00e4r ocks\u00e5 bra f\u00f6r koncentrationen och minnet.<\/p>\n\n\n\n<p>6. h\u00e5rv\u00e5rd: N\u00e4r de anv\u00e4nds tillsammans med h\u00e5rv\u00e5rdsprodukter, utnyttjar v\u00e5ra produkter till fullo sina antibakteriella och antioxiderande egenskaper, vilket minskar mj\u00e4ll och kl\u00e5da i h\u00e5rbotten. De tar ocks\u00e5 effektivt bort olja och smuts fr\u00e5n h\u00e5ret, vilket ger h\u00e5ret n\u00e4ring f\u00f6r frisk h\u00e5rv\u00e4xt.<\/p>\n\n\n\n<p>7. F\u00f6rb\u00e4ttra hudkvaliteten: Eterisk olja fr\u00e5n kryddnejlika kan f\u00f6rebygga olika hudsjukdomar och svampinfektioner, minska hudinflammation och rodnad, f\u00f6rb\u00e4ttra hudkvaliteten och g\u00f6ra din hud mer sl\u00e4t och k\u00e4nslig. Det minskar ocks\u00e5 fuktf\u00f6rlusten i huden, f\u00f6rhindrar torrhet och skyddar din hud.<\/p>\n\n\n\n<h2 class=\"wp-block-heading\">Hur man anv\u00e4nder kryddnejlika eterisk olja?<\/h2>\n\n\n\n<p>Eterisk olja fr\u00e5n kryddnejlika \u00e4r flitigt anv\u00e4nd, l\u00e4mplig f\u00f6r de flesta scenarier, och kan anv\u00e4ndas p\u00e5 m\u00e5nga s\u00e4tt. Vi kommer att markera anv\u00e4ndningsmetoden p\u00e5 den f\u00e4rdiga produktens f\u00f6rpackning, och du b\u00f6r \u00e4ven v\u00e4lja efter ditt hudtillst\u00e5nd vid k\u00f6p.<\/p>\n\n\n\n<p>1. Lokal applicering: Den eteriska oljan fr\u00e5n kryddnejlika och andra basoljor blandas och sp\u00e4ds i proportion och appliceras sedan lokalt p\u00e5 de delar som beh\u00f6ver behandlas, som f\u00f6rsiktigt kan masseras och absorberas.<\/p>\n\n\n\n<p>2. Aromaterapi: Droppa n\u00e5gra droppar av kryddnejlika eterisk olja i diffusorn och aromaterapi, aromaterapi 1-2 g\u00e5nger om dagen, varje g\u00e5ng det rekommenderas att aromaterapi i 30 minuter till 1 timme eller s\u00e5.<\/p>\n\n\n\n<p>3. Munv\u00e5rd: Blanda eterisk olja fr\u00e5n kryddnejlika med vatten i proportion och anv\u00e4nd f\u00f6r gurgling. Sk\u00f6lj munnen i cirka 30 sekunder tre g\u00e5nger om dagen.<\/p>\n\n\n\n<p>4. \u00c5nga inandning: Blanda kryddnejlika eterisk olja med ceder eterisk olja, eukalyptus eterisk olja, etc., och tills\u00e4tt den till \u00e5nginhalatorn f\u00f6r \u00e5nga inandning. Varje inandning 10-15 minuter, 2-3 g\u00e5nger om dagen, bidrar denna process till sterilisering och rening av luften och kan lindra luftv\u00e4gsinfektioner.<\/p>\n\n\n\n<h2 class=\"wp-block-heading\">F\u00f6rsiktighet<\/h2>\n\n\n\n<p>1. V\u00e4lj en l\u00e4mplig eterisk olja fr\u00e5n kryddnejlika efter din hudtyp f\u00f6re anv\u00e4ndning;<\/p>\n\n\n\n<p>2 Koncentrationen av eterisk olja fr\u00e5n kryddnejlika \u00e4r mycket h\u00f6g, om du vill applicera m\u00e5ste den sp\u00e4das ut med basoljan i proportion till anv\u00e4ndning<\/p>\n\n\n\n<p>3. Allergiska tester b\u00f6r utf\u00f6ras f\u00f6re anv\u00e4ndning. Om obehag uppst\u00e5r, sluta anv\u00e4nda omedelbart;<\/p>\n\n\n\n<p>4. Undvik kontakt med k\u00e4nsliga omr\u00e5den s\u00e5som \u00f6gon. Vid kontakt, sk\u00f6lj omedelbart med vatten och s\u00f6k medicinsk hj\u00e4lp.<\/p>\n\n\n\n<p>5. F\u00f6rvara eterisk olja fr\u00e5n kryddnejlika utom r\u00e4ckh\u00e5ll f\u00f6r barn f\u00f6r att undvika f\u00f6rt\u00e4ring eller felaktig anv\u00e4ndning;<\/p>\n\n\n\n<p>6. Det rekommenderas att f\u00f6rvara p\u00e5 en sval och torr plats, borta fr\u00e5n direkt solljus och en fuktig milj\u00f6 med h\u00f6g temperatur.<\/p>\n\n\n\n<h2 class=\"wp-block-heading\">Slutsats<\/h2>\n\n\n\n<p>Som en tillverkare fokuserad p\u00e5 h\u00f6gkvalitativ produktion av kryddnejlika s\u00e4kerst\u00e4ller vi att varje droppe eterisk olja spelar sin roll, inte bara genom att k\u00f6pa naturliga, rena och f\u00f6roreningsfria r\u00e5varor utan ocks\u00e5 genom avancerad produktionsutrustning f\u00f6r att utvinna eterisk olja. I hela denna process finns det ett komplett kvalitetskontrollsystem f\u00f6r att s\u00e4kerst\u00e4lla produktens s\u00e4kerhet och effektivitet. Naturligtvis tillhandah\u00e5ller vi \u00e4ven ett komplett utbud av kundanpassade tj\u00e4nster och kan erbjuda skr\u00e4ddarsydda l\u00f6sningar efter dina behov, f\u00f6r att hj\u00e4lpa dig att snabbt \u00f6ppna marknaden och f\u00e5 en konkurrensf\u00f6rdel. Om du \u00e4r intresserad, v\u00e4nligen kontakta oss omg\u00e5ende.<\/p>","protected":false},"excerpt":{"rendered":"Clove Essential Oil Manufacturing Common Formulas In the production process, we not only carefully select high-quality raw materials, but also use advanced extraction technology and a strict quality control system, aiming to retain the maximum active ingredient of clove essential oil. Here are its main ingredients: 1. Vitamin E: As an antioxidant, vitamin E can [&hellip;]","protected":false},"featured_media":2854,"menu_order":0,"template":"","meta":[],"product-tag":[],"products":[53],"class_list":["post-2853","product","type-product","status-publish","has-post-thumbnail","hentry","products-essential-oil"],"acf":[],"_links":{"self":[{"href":"https:\/\/www.ruiqigo.com\/sv\/wp-json\/wp\/v2\/product\/2853","targetHints":{"allow":["GET"]}}],"collection":[{"href":"https:\/\/www.ruiqigo.com\/sv\/wp-json\/wp\/v2\/product"}],"about":[{"href":"https:\/\/www.ruiqigo.com\/sv\/wp-json\/wp\/v2\/types\/product"}],"version-history":[{"count":0,"href":"https:\/\/www.ruiqigo.com\/sv\/wp-json\/wp\/v2\/product\/2853\/revisions"}],"wp:featuredmedia":[{"embeddable":true,"href":"https:\/\/www.ruiqigo.com\/sv\/wp-json\/wp\/v2\/media\/2854"}],"wp:attachment":[{"href":"https:\/\/www.ruiqigo.com\/sv\/wp-json\/wp\/v2\/media?parent=2853"}],"wp:term":[{"taxonomy":"product-tag","embeddable":true,"href":"https:\/\/www.ruiqigo.com\/sv\/wp-json\/wp\/v2\/product-tag?post=2853"},{"taxonomy":"products","embeddable":true,"href":"https:\/\/www.ruiqigo.com\/sv\/wp-json\/wp\/v2\/products?post=2853"}],"curies":[{"name":"wp","href":"https:\/\/api.w.org\/{rel}","templated":true}]}}