{"id":286,"date":"2024-07-05T16:24:54","date_gmt":"2024-07-05T08:24:54","guid":{"rendered":"https:\/\/ruiqigo.com\/?post_type=product&#038;p=286"},"modified":"2024-11-15T16:42:19","modified_gmt":"2024-11-15T08:42:19","slug":"cinnamon-essential-oil","status":"publish","type":"product","link":"https:\/\/www.ruiqigo.com\/sv\/product\/cinnamon-essential-oil","title":{"rendered":"Eterisk kanelolja"},"content":{"rendered":"<h2 class=\"wp-block-heading\">Kanel eterisk olja som tillverkar vanliga formler<\/h2>\n\n\n\n<p>Eterisk kanelolja \u00e4r gjord av kaneltr\u00e4d som odlas p\u00e5 v\u00e5ra egna g\u00e5rdar. Med det ideala subtropiska klimatet, b\u00f6rdig jord och professionella planteringstekniker \u00e4r barken p\u00e5 kaneltr\u00e4d av h\u00f6g kvalitet. Under sk\u00f6rdeprocessen \u00e4r arbetarna engagerade och noggranna f\u00f6r att s\u00e4kerst\u00e4lla att varje sats av r\u00e5material n\u00e5r \u00f6nskad aromintensitet och inneh\u00e5ll av aktiv ingrediens. Efter en komplex extraktions- och destillationsprocess visar den slutliga extraherade eteriska kaneloljan en stark kanelarom, ren f\u00e4rg och fin konsistens, vilket helt \u00e5terspeglar r\u00e5varans kvalitetsegenskaper. Som en tillverkare av h\u00e5llbar eterisk olja f\u00f6r kanel l\u00e4gger detta h\u00f6gkvalitativa naturliga v\u00e4xtmaterial en solid grund f\u00f6r den utm\u00e4rkta kvaliteten p\u00e5 eterisk kanelolja.<\/p>\n\n\n\n<h2 class=\"wp-block-heading\">\u00a0Till\u00e4mpliga scenarier f\u00f6r eterisk olja med kanel<\/h2>\n\n\n\n<p>Eterisk kanelolja \u00e4r b\u00e4st l\u00e4mpad f\u00f6r anv\u00e4ndning i subtropiska eller tropiska klimat. Under de varma, fuktiga sommarm\u00e5naderna ger kanel eterisk olja en uppfriskande upplevelse f\u00f6r anv\u00e4ndaren, som hj\u00e4lper till att lindra heta och irriterade hum\u00f6r. Under vinterm\u00e5naderna kan den milda aromen av kanel eterisk olja ge en touch av v\u00e4rme till kalla milj\u00f6er, hj\u00e4lpa till att slappna av och lugna sinne och kropp. Oavsett om det \u00e4r en aromaterapidiffusor i hemmet eller en friskv\u00e5rdsbehandling utomhus, \u00e4r kanel eterisk olja unikt l\u00e4mpad f\u00f6r olika klimat. Men p\u00e5 grund av den h\u00f6ga irritationen, m\u00e5ste sp\u00e4das till en s\u00e4ker koncentration kan anv\u00e4ndas, sp\u00e4dbarn och sm\u00e5barn, gravida och gravida kvinnor f\u00f6r att undvika anv\u00e4ndningen av.<\/p>\n\n\n\n<h2 class=\"wp-block-heading\">Vem \u00e4r kanel eterisk olja l\u00e4mplig f\u00f6r<\/h2>\n\n\n\n<p>Eterisk kanelolja \u00e4r l\u00e4mplig f\u00f6r anv\u00e4ndare i alla \u00e5ldrar. F\u00f6r ton\u00e5ringar kan det effektivt f\u00f6rb\u00e4ttra akne och andra hudproblem, lindra k\u00e4nslom\u00e4ssig \u00e5ngest och fr\u00e4mja en god natts s\u00f6mn. F\u00f6r medel\u00e5lders och \u00e4ldre personer kan eterisk kanelolja hj\u00e4lpa till att f\u00f6rb\u00e4ttra ledv\u00e4rk, st\u00e4rka immunf\u00f6rsvaret och f\u00f6rebygga hj\u00e4rt-k\u00e4rlsjukdomar. Men p\u00e5 grund av den h\u00f6ga irritationen m\u00e5ste den sp\u00e4das till en s\u00e4ker koncentration f\u00f6re anv\u00e4ndning, och sp\u00e4dbarn och gravida kvinnor b\u00f6r undvika att anv\u00e4nda den.<\/p>\n\n\n\n<h2 class=\"wp-block-heading\">Produktionsprocess f\u00f6r kanel eterisk olja<\/h2>\n\n\n\n<p>Produktionsprocessen f\u00f6r eterisk kanelolja \u00e4r ganska komplex och kr\u00e4ver noggrann planteringshantering, sk\u00f6rd och bearbetning, extraktion och destillation. F\u00f6rst och fr\u00e4mst kommer lantarbetarna regelbundet att besk\u00e4ra tr\u00e4den f\u00f6r att s\u00e4kerst\u00e4lla att tr\u00e4den v\u00e4xer sig starka och producerar rikligt. Under sk\u00f6rdes\u00e4songen plockar de f\u00f6rsiktigt barken p\u00e5 tr\u00e4den f\u00f6r att undvika skador. Som en milj\u00f6v\u00e4nlig tillverkare av eterisk kanel kommer r\u00e5varan sedan in i extraktionsanl\u00e4ggningen, d\u00e4r den genomg\u00e5r \u00e5ngdestillation vid h\u00f6ga temperaturer f\u00f6r att extrahera den rena och rika eteriska kaneloljan.<\/p>","protected":false},"excerpt":{"rendered":"Cinnamon essential oil manufacturing common formulas Cinnamon essential oil is made from cinnamon trees grown on our own farms. With the ideal subtropical climate, fertile soil and professional planting techniques, the bark of cinnamon trees is of high quality. During the harvesting process, workers are dedicated and careful to ensure that each batch of raw [&hellip;]","protected":false},"featured_media":287,"menu_order":0,"template":"","meta":[],"product-tag":[],"products":[53],"class_list":["post-286","product","type-product","status-publish","has-post-thumbnail","hentry","products-essential-oil"],"acf":[],"_links":{"self":[{"href":"https:\/\/www.ruiqigo.com\/sv\/wp-json\/wp\/v2\/product\/286","targetHints":{"allow":["GET"]}}],"collection":[{"href":"https:\/\/www.ruiqigo.com\/sv\/wp-json\/wp\/v2\/product"}],"about":[{"href":"https:\/\/www.ruiqigo.com\/sv\/wp-json\/wp\/v2\/types\/product"}],"version-history":[{"count":0,"href":"https:\/\/www.ruiqigo.com\/sv\/wp-json\/wp\/v2\/product\/286\/revisions"}],"wp:featuredmedia":[{"embeddable":true,"href":"https:\/\/www.ruiqigo.com\/sv\/wp-json\/wp\/v2\/media\/287"}],"wp:attachment":[{"href":"https:\/\/www.ruiqigo.com\/sv\/wp-json\/wp\/v2\/media?parent=286"}],"wp:term":[{"taxonomy":"product-tag","embeddable":true,"href":"https:\/\/www.ruiqigo.com\/sv\/wp-json\/wp\/v2\/product-tag?post=286"},{"taxonomy":"products","embeddable":true,"href":"https:\/\/www.ruiqigo.com\/sv\/wp-json\/wp\/v2\/products?post=286"}],"curies":[{"name":"wp","href":"https:\/\/api.w.org\/{rel}","templated":true}]}}