{"id":2899,"date":"2025-01-21T16:29:00","date_gmt":"2025-01-21T08:29:00","guid":{"rendered":"https:\/\/ruiqigo.com\/?post_type=product&#038;p=2899"},"modified":"2025-01-21T16:29:31","modified_gmt":"2025-01-21T08:29:31","slug":"mens-body-wash","status":"publish","type":"product","link":"https:\/\/www.ruiqigo.com\/sv\/product\/mens-body-wash","title":{"rendered":"Kroppstv\u00e4tt f\u00f6r m\u00e4n"},"content":{"rendered":"<h2 class=\"wp-block-heading\">Kroppstv\u00e4tt f\u00f6r m\u00e4n som tillverkar vanliga formler<\/h2>\n\n\n\n<p>I produktionen och utvecklingen av kroppstv\u00e4tt f\u00f6r m\u00e4n har vi designat en m\u00e4ngd olika formler efter olika hudtyper och hudv\u00e5rdsbehov, och ingredienserna i olika formler \u00e4r olika. Innan du anv\u00e4nder den b\u00f6r du v\u00e4lja en produkt som passar din hudtyp.<\/p>\n\n\n\n<p>1. Lavendelolja: Den varma och eleganta aromen av lavendel kan inte bara slappna av i kroppen och sinnet, och lindra stress, utan ocks\u00e5 h\u00e5lla l\u00e4nge och hj\u00e4lpa dig att eliminera lukter. Samtidigt kan dess antiinflammatoriska egenskaper \u00e4ven minska hudrodnad och prickar, samt reglera hudens oljeproduktion, f\u00f6r att minska k\u00e4nslan av fet.<\/p>\n\n\n\n<p>2. Moringafr\u00f6olja: Moringafr\u00f6olja \u00e4r rik p\u00e5 antioxidanter, som kan bek\u00e4mpa skador p\u00e5 fria radikaler, bibeh\u00e5lla kollagen- och hyaluronsyraniv\u00e5er och f\u00f6rdr\u00f6ja hudens \u00e5ldrande. Dess n\u00e4rings\u00e4mnen hj\u00e4lper till att reparera skadad hud, f\u00f6rb\u00e4ttra hudens struktur och ge n\u00e4ring \u00e5t huden samtidigt som den skyddar den fr\u00e5n solskador.<\/p>\n\n\n\n<p>3. Arganolja: Arganolja \u00e4r l\u00e4tt och l\u00e4tt att absorbera och l\u00e4mnar huden sl\u00e4t och \u00f6mt\u00e5lig efter anv\u00e4ndning. M\u00e4n tenderar ocks\u00e5 att producera mer olja, och \u00f6verskott av olja p\u00e5 huden kan leda till tillt\u00e4ppta porer och \u00f6mma fl\u00e4ckar. V\u00e5r arganolja hj\u00e4lper till att reglera talgproduktionen och ge djup \u00e5terfuktning.<\/p>\n\n\n\n<p>4. Aloe Vera: Naturlig aloe vera inneh\u00e5ller en m\u00e4ngd olika vitaminer, samt hudv\u00e5rdsingredienser som inte bara fr\u00e4mjar kollagenproduktionen f\u00f6r att skydda huden fr\u00e5n skador utan ocks\u00e5 lugnar irriterad och solbr\u00e4nd hud och fr\u00e4mjar s\u00e5rl\u00e4kning. Dessutom hj\u00e4lper dess enzymer till att exfoliera och ta bort d\u00f6da hudceller och bildar en skyddande film f\u00f6r att f\u00f6rhindra vattenf\u00f6rlust.<\/p>\n\n\n\n<p>5. Salicylsyra: Salicylsyra kan penetrera porerna, effektivt ta bort oljan och smutsen p\u00e5 hudytan, och fr\u00e4mja metabolismen av huden f\u00f6r att minska den \u00f6verdrivna uts\u00f6ndringen av olja.<\/p>\n\n\n\n<h2 class=\"wp-block-heading\">Funktionerna f\u00f6r kroppstv\u00e4tt f\u00f6r m\u00e4n<\/h2>\n\n\n\n<p>F\u00f6r att ge dig den ultimata badupplevelsen anv\u00e4nder vi naturliga, rena och f\u00f6roreningsfria ingredienser. Oavsett om du beh\u00f6ver \u00e5terfukta din hud, kontrollera olja eller bek\u00e4mpa kroppss\u00e5r och annan speciell v\u00e5rd, kan v\u00e5r kroppstv\u00e4tt noggrant v\u00e5rda din hud, \u00e4ven f\u00f6r k\u00e4nsliga muskler.<\/p>\n\n\n\n<p>1. Djupreng\u00f6ring: Kroppstv\u00e4tt f\u00f6r m\u00e4n har en stark reng\u00f6ringsf\u00f6rm\u00e5ga, den kan penetrera porerna och producera rikt skum f\u00f6r att ta bort smuts, olja och orenheter p\u00e5 huden s\u00e5 att din hud f\u00f6rblir fr\u00e4sch och inte fet.<\/p>\n\n\n\n<p>2. \u00c5terfuktande och \u00e5terfuktande: V\u00e5r kroppstv\u00e4tt tills\u00e4tter en m\u00e4ngd olika \u00e5terfuktande ingredienser f\u00f6r att fylla p\u00e5 hudens fuktighet och l\u00e5sa fast f\u00f6r att f\u00f6rhindra torrhet. Det ger ocks\u00e5 n\u00e4rings\u00e4mnen som hj\u00e4lper till att f\u00f6rb\u00e4ttra hudens struktur och \u00e5terst\u00e4lla hudens elasticitet.<\/p>\n\n\n\n<p>3. Oljekontroll uppfriskande: oljekontrollingredienser i kroppstv\u00e4tt kan reglera oljeuts\u00f6ndringen och minska fet k\u00e4nsla. L\u00e5ngvarig anv\u00e4ndning hj\u00e4lper till att minska uts\u00f6ndringen av olja f\u00f6r att uppn\u00e5 effekten av oljekontroll.<\/p>\n\n\n\n<p>4. Borttagning av s\u00e4tess\u00e5r: Regelbunden anv\u00e4ndning kan minska bakterier och inflammationer p\u00e5 huden, samt ansamling av d\u00f6da hudceller och d\u00e4rigenom f\u00f6rhindra akne och s\u00e4tess\u00e5r och fr\u00e4mja hudens allm\u00e4nna h\u00e4lsa.<\/p>\n\n\n\n<p>5. Varaktig doft: Doftingredienserna i kroppstv\u00e4tt f\u00f6r m\u00e4n har en varaktig doftbevarande f\u00f6rm\u00e5ga, vilket bidrar till att minska lukt, f\u00f6rst\u00e4rka personlig charm och \u00f6ka sj\u00e4lvf\u00f6rtroendet.<\/p>\n\n\n\n<h2 class=\"wp-block-heading\">Hur man anv\u00e4nder Body Wash f\u00f6r m\u00e4n?<\/h2>\n\n\n\n<p>R\u00e4tt s\u00e4tt att anv\u00e4nda det hj\u00e4lper dig att njuta av ditt bad b\u00e4ttre och leda till b\u00e4ttre hudv\u00e5rd, vi kommer \u00e4ven att m\u00e4rka anv\u00e4ndningen av produkten p\u00e5 f\u00f6rpackningen.<\/p>\n\n\n\n<p>1. \u00c5terfukta huden: Bl\u00f6t kroppen innan du anv\u00e4nder duschgel, du kan anv\u00e4nda varmt vatten f\u00f6r att b\u00e4ttre \u00f6ppna porerna;<\/p>\n\n\n\n<p>2. Gnid och l\u00f6ddra: Applicera en l\u00e4mplig m\u00e4ngd kroppstv\u00e4tt f\u00f6r m\u00e4n p\u00e5 handflatan eller badbollen och gnugga till l\u00f6dder;<\/p>\n\n\n\n<p>3. Massage: applicera skummet j\u00e4mnt p\u00e5 hela kroppen och massera f\u00f6rsiktigt, speciellt armb\u00e5ge, kn\u00e4 och andra delar med tjocka nagelband kan p\u00e5 l\u00e4mpligt s\u00e4tt \u00f6ka massagetiden;<\/p>\n\n\n\n<p>4. Sk\u00f6lj med vatten: Efter massage, sk\u00f6lj skummet med vatten f\u00f6r att s\u00e4kerst\u00e4lla att det inte finns n\u00e5gra skumrester och torka f\u00f6rsiktigt med en handduk;<\/p>\n\n\n\n<p>5. Uppf\u00f6ljningsv\u00e5rd: Efter att ha tagit ett bad kan du anv\u00e4nda lite bodylotion eller fuktkr\u00e4m f\u00f6r att h\u00e5lla huden fuktig och mjuk, speciellt i torra och kalla milj\u00f6er.<\/p>\n\n\n\n<h2 class=\"wp-block-heading\">F\u00f6rsiktighet<\/h2>\n\n\n\n<p>1. V\u00e4lj en l\u00e4mplig manlig kroppstv\u00e4tt enligt din hudtyp f\u00f6re anv\u00e4ndning;<\/p>\n\n\n\n<p>2. Allergiska tester b\u00f6r utf\u00f6ras f\u00f6re anv\u00e4ndning. Om obehag uppst\u00e5r, sluta anv\u00e4nda omedelbart och kontakta en l\u00e4kare f\u00f6r r\u00e5d;<\/p>\n\n\n\n<p>3. Undvik \u00f6verdriven reng\u00f6ring, det rekommenderas att anv\u00e4nda en g\u00e5ng om dagen, om huden \u00e4r k\u00e4nslig kan du anv\u00e4nda 2-3 g\u00e5nger i veckan;<\/p>\n\n\n\n<p>4. Var uppm\u00e4rksam p\u00e5 ingrediensernas s\u00e4kerhet, kontrollera ingredienslistan n\u00e4r du v\u00e4ljer och undvik att anv\u00e4nda produkter som inneh\u00e5ller irriterande eller allergiska ingredienser;<\/p>\n\n\n\n<p>5. Det rekommenderas att f\u00f6rvara p\u00e5 en sval och torr plats, undvika direkt solljus och h\u00f6gtemperaturmilj\u00f6er, och var uppm\u00e4rksam p\u00e5 t\u00e4tningen.<\/p>\n\n\n\n<h2 class=\"wp-block-heading\">Slutsats<\/h2>\n\n\n\n<p>F\u00f6r dig som letar efter kvalitet och effektivitet \u00e4r v\u00e5r kroppstv\u00e4tt f\u00f6r m\u00e4n det b\u00e4sta valet. Vi integrerar inte bara den dubbla effekten av djupreng\u00f6ring och djupfuktning utan har ocks\u00e5 avancerad produktionsutrustning och en storskalig produktionsverkstad, som kan m\u00f6ta storskalig produktion. V\u00e5r f\u00f6rpackningsdesign framh\u00e4ver smaken och stilen hos urbana m\u00e4n, vilket hj\u00e4lper dig att sticka ut p\u00e5 den konkurrensutsatta marknaden. Kontakta oss g\u00e4rna om du \u00e4r intresserad.<\/p>\n\n\n\n<p><\/p>","protected":false},"excerpt":{"rendered":"Men\u2019s Body Wash Manufacturing Common Formulas In the production and development of men&#8217;s body wash, we have designed a variety of formulas according to different skin types and skin care needs, and the ingredients of different formulas are different. Before you use it, you should choose a product that is suitable for your skin type. [&hellip;]","protected":false},"featured_media":2900,"menu_order":0,"template":"","meta":[],"product-tag":[],"products":[57],"class_list":["post-2899","product","type-product","status-publish","has-post-thumbnail","hentry","products-body-wash"],"acf":[],"_links":{"self":[{"href":"https:\/\/www.ruiqigo.com\/sv\/wp-json\/wp\/v2\/product\/2899","targetHints":{"allow":["GET"]}}],"collection":[{"href":"https:\/\/www.ruiqigo.com\/sv\/wp-json\/wp\/v2\/product"}],"about":[{"href":"https:\/\/www.ruiqigo.com\/sv\/wp-json\/wp\/v2\/types\/product"}],"version-history":[{"count":0,"href":"https:\/\/www.ruiqigo.com\/sv\/wp-json\/wp\/v2\/product\/2899\/revisions"}],"wp:featuredmedia":[{"embeddable":true,"href":"https:\/\/www.ruiqigo.com\/sv\/wp-json\/wp\/v2\/media\/2900"}],"wp:attachment":[{"href":"https:\/\/www.ruiqigo.com\/sv\/wp-json\/wp\/v2\/media?parent=2899"}],"wp:term":[{"taxonomy":"product-tag","embeddable":true,"href":"https:\/\/www.ruiqigo.com\/sv\/wp-json\/wp\/v2\/product-tag?post=2899"},{"taxonomy":"products","embeddable":true,"href":"https:\/\/www.ruiqigo.com\/sv\/wp-json\/wp\/v2\/products?post=2899"}],"curies":[{"name":"wp","href":"https:\/\/api.w.org\/{rel}","templated":true}]}}