{"id":291,"date":"2024-07-05T16:27:41","date_gmt":"2024-07-05T08:27:41","guid":{"rendered":"https:\/\/ruiqigo.com\/?post_type=product&#038;p=291"},"modified":"2024-11-15T16:41:32","modified_gmt":"2024-11-15T08:41:32","slug":"organic-essential-oil","status":"publish","type":"product","link":"https:\/\/www.ruiqigo.com\/sv\/product\/organic-essential-oil","title":{"rendered":"Ekologisk eterisk olja"},"content":{"rendered":"<h2 class=\"wp-block-heading\">Vanliga formler f\u00f6r tillverkning av organiska eteriska oljor<\/h2>\n\n\n\n<p>Organiska eteriska oljor kommer fr\u00e5n certifierade ekologiska g\u00e5rdar som anv\u00e4nder naturliga och f\u00f6roreningsfria jordbruksmetoder f\u00f6r att s\u00e4kerst\u00e4lla att r\u00e5varorna inte inneh\u00e5ller n\u00e5gra kemikalier. Arbetarna \u00e4r extremt noggranna under sk\u00f6rdeprocessen f\u00f6r att undvika att skada v\u00e4xterna. Efter en professionell extraktionsprocess beh\u00e5ller de extraherade ekologiska eteriska oljorna v\u00e4xternas ursprungliga aromatiska aktivitet, vilket s\u00e4kerst\u00e4ller b\u00e4sta kvalitet och effektivitet. Som en utm\u00e4rkt tillverkare av ekologiska eteriska oljor ger denna standardiserade kontroll av odling och extraktion en solid garanti f\u00f6r kvaliteten p\u00e5 ekologiska eteriska oljor.<\/p>\n\n\n\n<h2 class=\"wp-block-heading\">Till\u00e4mpliga scenarier f\u00f6r organisk eterisk olja<\/h2>\n\n\n\n<p>Som essensen av naturliga v\u00e4xter kan ekologiska eteriska oljor fungera bra i en m\u00e4ngd olika milj\u00f6er. Under de varma sommarm\u00e5naderna kan den uppfriskande aromen av ekologiska eteriska oljor hj\u00e4lpa till att lindra v\u00e4rmen och ge en avkopplande och behaglig upplevelse. Under de kalla vinterm\u00e5naderna kan den milda doften av ekologiska eteriska oljor ge v\u00e4rme och lindring till anv\u00e4ndaren och minska k\u00e4nslom\u00e4ssig \u00e5ngest. Oavsett om det \u00e4r f\u00f6r inomhusaromaterapi eller utomhusaktiviteter ger ekologiska eteriska oljor en unik naturlig upplevelse. Deras m\u00e5ngsidighet g\u00f6r dem idealiska f\u00f6r en m\u00e4ngd olika tillf\u00e4llen.<\/p>\n\n\n\n<h2 class=\"wp-block-heading\">F\u00f6r vem \u00e4r ekologisk eterisk olja l\u00e4mplig<\/h2>\n\n\n\n<p>Organiska eteriska oljor passar en m\u00e4ngd olika m\u00e4nniskor, inklusive de som s\u00f6ker naturliga botemedel f\u00f6r att f\u00f6rb\u00e4ttra hud\u00e5kommor, lindra stress, h\u00f6ja hum\u00f6ret eller njuta av en aromaterapiupplevelse. Oavsett om du \u00e4r en person med k\u00e4nslig hud, en kontorsarbetare som s\u00f6ker avkoppling, en hemmafru som vill f\u00f6rb\u00e4ttra din livskvalitet eller en naturl\u00e4kare som \u00e4r orolig f\u00f6r din h\u00e4lsa, kan ekologiska eteriska oljor ge dig naturliga, rena behandlingar och lugnande effekter. Organiska eteriska oljor b\u00f6r dock anv\u00e4ndas med f\u00f6rsiktighet f\u00f6r gravida kvinnor, barn, personer som lider av specifika sjukdomar och personer med s\u00e4rskilt k\u00e4nslig hud eller fysiskt obehag.<\/p>\n\n\n\n<h2 class=\"wp-block-heading\">Processen f\u00f6r produktion av organiska eteriska oljor<\/h2>\n\n\n\n<p>Som en utm\u00e4rkt tillverkare av ekologiska eteriska oljor \u00e4r produktionsprocessen f\u00f6r ekologiska eteriska oljor ganska specialiserad och komplex. Fr\u00e5n odling av r\u00e5varor till slutlig extraktion m\u00e5ste varje steg kontrolleras strikt. F\u00f6retaget har inte bara inf\u00f6rt avancerad testutrustning f\u00f6r att fullt ut \u00f6vervaka varje sats r\u00e5varor, utan har ocks\u00e5 etablerat ett perfekt kvalitetsledningssystem f\u00f6r att s\u00e4kerst\u00e4lla att produkterna uppfyller ekologiska certifieringsstandarder. Under extraktionsprocessen, som en precisionstillverkare av ekologiska eteriska oljor, anv\u00e4nder arbetarna l\u00e5g temperatur och l\u00e5gt tryck f\u00f6r att minimera skador p\u00e5 v\u00e4xtkomponenterna och bibeh\u00e5lla r\u00e5varornas b\u00e4sta aktivitet.<\/p>\n\n\n\n<p><\/p>","protected":false},"excerpt":{"rendered":"Organic essential oil manufacturing common formulas Organic essential oil are sourced from certified organic farms, which use natural and pollution-free farming methods to ensure that the raw materials do not contain any chemicals. Workers are extremely careful during the harvesting process to avoid damaging the plants. After a professional extraction process, the extracted organic essential [&hellip;]","protected":false},"featured_media":371,"menu_order":0,"template":"","meta":[],"product-tag":[],"products":[53],"class_list":["post-291","product","type-product","status-publish","has-post-thumbnail","hentry","products-essential-oil"],"acf":[],"_links":{"self":[{"href":"https:\/\/www.ruiqigo.com\/sv\/wp-json\/wp\/v2\/product\/291","targetHints":{"allow":["GET"]}}],"collection":[{"href":"https:\/\/www.ruiqigo.com\/sv\/wp-json\/wp\/v2\/product"}],"about":[{"href":"https:\/\/www.ruiqigo.com\/sv\/wp-json\/wp\/v2\/types\/product"}],"version-history":[{"count":0,"href":"https:\/\/www.ruiqigo.com\/sv\/wp-json\/wp\/v2\/product\/291\/revisions"}],"wp:featuredmedia":[{"embeddable":true,"href":"https:\/\/www.ruiqigo.com\/sv\/wp-json\/wp\/v2\/media\/371"}],"wp:attachment":[{"href":"https:\/\/www.ruiqigo.com\/sv\/wp-json\/wp\/v2\/media?parent=291"}],"wp:term":[{"taxonomy":"product-tag","embeddable":true,"href":"https:\/\/www.ruiqigo.com\/sv\/wp-json\/wp\/v2\/product-tag?post=291"},{"taxonomy":"products","embeddable":true,"href":"https:\/\/www.ruiqigo.com\/sv\/wp-json\/wp\/v2\/products?post=291"}],"curies":[{"name":"wp","href":"https:\/\/api.w.org\/{rel}","templated":true}]}}