{"id":296,"date":"2024-07-05T16:38:45","date_gmt":"2024-07-05T08:38:45","guid":{"rendered":"https:\/\/ruiqigo.com\/?post_type=product&#038;p=296"},"modified":"2024-11-15T16:40:07","modified_gmt":"2024-11-15T08:40:07","slug":"tea-tree-essential-oil","status":"publish","type":"product","link":"https:\/\/www.ruiqigo.com\/sv\/product\/tea-tree-essential-oil","title":{"rendered":"Tea tree eterisk olja"},"content":{"rendered":"<h2 class=\"wp-block-heading\">Vanliga formler f\u00f6r tillverkning av eterisk tea tree-olja<\/h2>\n\n\n\n<p>Eterisk tea tree-olja kommer fr\u00e5n certifierade ekologiska plantager, d\u00e4r tetr\u00e4den odlas p\u00e5 ett naturligt och ekologiskt s\u00e4tt utan n\u00e5gra kemiska tillsatser. Under sk\u00f6rdeprocessen \u00e4r arbetarna mycket noggranna med att undvika att skada tetr\u00e4den s\u00e5 mycket som m\u00f6jligt. Som en ledande tillverkare av eterisk tea tree-olja destilleras och extraheras tetr\u00e4det, vilket bevarar tetr\u00e4dets ursprungliga aktiva ingredienser, s\u00e5som monoterpener, f\u00f6r att s\u00e4kerst\u00e4lla den eteriska oljans b\u00e4sta kvalitet.<\/p>\n\n\n\n<h2 class=\"wp-block-heading\">Till\u00e4mpliga scenarier f\u00f6r eterisk tea tree-olja<\/h2>\n\n\n\n<p>Tea tree-olja fungerar bra i en m\u00e4ngd olika klimat tack vare sin unika fr\u00e4scha arom och bredspektrum antiseptiska egenskaper. Under de varma, fuktiga sommarm\u00e5naderna kan den lindra kliande hud och h\u00e4mma bakterietillv\u00e4xt; under de kalla, torra vinterm\u00e5naderna kan tea tree-olja spela en antiinflammatorisk och \u00e5terfuktande roll f\u00f6r att f\u00f6rb\u00e4ttra hudtillst\u00e5ndet. Dessutom \u00e4r tea tree-olja effektiv f\u00f6r att rena huden, eliminera vattkoppor, herpes, s\u00e5r, pus, v\u00e5rtor, br\u00e4nnskador, solbr\u00e4nna, samt f\u00f6rb\u00e4ttra ringorm, fotsvamp, mj\u00e4ll och s\u00e5 vidare.<\/p>\n\n\n\n<h2 class=\"wp-block-heading\">F\u00f6r vem \u00e4r eterisk tea tree-olja l\u00e4mplig<\/h2>\n\n\n\n<p>Tea tree-olja kan anv\u00e4ndas av en m\u00e4ngd olika anv\u00e4ndargrupper. Den kan effektivt f\u00f6rb\u00e4ttra akne, eksem och andra hudproblem, kan ocks\u00e5 hj\u00e4lpa till att lindra led- och muskelsm\u00e4rtor och st\u00e4rka immunf\u00f6rsvaret. Det \u00e4r viktigt att notera att om den anv\u00e4nds i ansiktet, var f\u00f6rsiktig s\u00e5 att den inte kommer f\u00f6r n\u00e4ra \u00f6gonomr\u00e5det och orsakar obehag i \u00f6gonen. F\u00e5r inte anv\u00e4ndas p\u00e5 k\u00e4nsliga hudomr\u00e5den.<\/p>\n\n\n\n<h2 class=\"wp-block-heading\">Processen f\u00f6r produktion av eterisk tea tree-olja<\/h2>\n\n\n\n<p>Tea tree-olja kommer huvudsakligen fr\u00e5n flera v\u00e4xtarter i myrtenfamiljen, Melaleuca alternifolia, d\u00e4r den dominerande arten, k\u00e4nd som Melaleuca alternifolia, \u00e4r inf\u00f6dd i Australien. Vid insamling av r\u00e5materialet sk\u00f6rdas bladen och skotten fr\u00e5n varje tetr\u00e4d med precision f\u00f6r att s\u00e4kerst\u00e4lla kvaliteten p\u00e5 den extraherade eteriska oljan. Det r\u00e5a tetr\u00e4dmaterialet laddas genom en sedimenteringstank till ett destillationsk\u00e4rl f\u00f6r att p\u00e5b\u00f6rja destillationsprocessen. Som en p\u00e5litlig tillverkare av eterisk tetr\u00e4dolja inneb\u00e4r detta att generera \u00e5nga genom uppv\u00e4rmning s\u00e5 att vatten\u00e5ngan som inneh\u00e5ller den eteriska oljan fr\u00e5n tetr\u00e4det samlas upp av en ledning och kyls till v\u00e4tska. P\u00e5 grund av skillnaden i densitet mellan vatten och eterisk olja separeras den eteriska tetr\u00e4doljan snabbt och det \u00e5terst\u00e5ende vattnet blir till tetr\u00e4dpur\u00e9.<\/p>","protected":false},"excerpt":{"rendered":"Tea tree essential oil manufacturing common formulas Tea tree essential oil is sourced from certified organic plantations, where the tea trees are grown in a natural and ecological way without any chemical additives. During the harvesting process, the workers are very careful to avoid harming the tea trees as much as possible. As a leading [&hellip;]","protected":false},"featured_media":380,"menu_order":0,"template":"","meta":[],"product-tag":[],"products":[53],"class_list":["post-296","product","type-product","status-publish","has-post-thumbnail","hentry","products-essential-oil"],"acf":[],"_links":{"self":[{"href":"https:\/\/www.ruiqigo.com\/sv\/wp-json\/wp\/v2\/product\/296","targetHints":{"allow":["GET"]}}],"collection":[{"href":"https:\/\/www.ruiqigo.com\/sv\/wp-json\/wp\/v2\/product"}],"about":[{"href":"https:\/\/www.ruiqigo.com\/sv\/wp-json\/wp\/v2\/types\/product"}],"version-history":[{"count":0,"href":"https:\/\/www.ruiqigo.com\/sv\/wp-json\/wp\/v2\/product\/296\/revisions"}],"wp:featuredmedia":[{"embeddable":true,"href":"https:\/\/www.ruiqigo.com\/sv\/wp-json\/wp\/v2\/media\/380"}],"wp:attachment":[{"href":"https:\/\/www.ruiqigo.com\/sv\/wp-json\/wp\/v2\/media?parent=296"}],"wp:term":[{"taxonomy":"product-tag","embeddable":true,"href":"https:\/\/www.ruiqigo.com\/sv\/wp-json\/wp\/v2\/product-tag?post=296"},{"taxonomy":"products","embeddable":true,"href":"https:\/\/www.ruiqigo.com\/sv\/wp-json\/wp\/v2\/products?post=296"}],"curies":[{"name":"wp","href":"https:\/\/api.w.org\/{rel}","templated":true}]}}