{"id":2967,"date":"2025-01-23T14:50:43","date_gmt":"2025-01-23T06:50:43","guid":{"rendered":"https:\/\/ruiqigo.com\/?post_type=product&#038;p=2967"},"modified":"2025-01-23T14:51:53","modified_gmt":"2025-01-23T06:51:53","slug":"organic-toothpaste","status":"publish","type":"product","link":"https:\/\/www.ruiqigo.com\/sv\/product\/organic-toothpaste","title":{"rendered":"Ekologisk tandkr\u00e4m\u00a0"},"content":{"rendered":"<h2 class=\"wp-block-heading\">Tillverkning av ekologisk tandkr\u00e4m Vanliga formler<\/h2>\n\n\n\n<p>Som professionell tillverkare av ekologisk tandkr\u00e4m fokuserar vi p\u00e5 r\u00e5varornas naturliga och h\u00e4lsosamma natur. D\u00e4rf\u00f6r v\u00e4ljer vi noggrant ut en m\u00e4ngd olika ekologiska ingredienser och vetenskapligt sammanst\u00e4llda, s\u00e5 att varje g\u00e5ng du borstar t\u00e4nderna \u00e4r en njutning.<\/p>\n\n\n\n<p>1. Aloe vera: Aloe vera har \u00e5terfuktande och lugnande egenskaper, ger n\u00e4ring \u00e5t tandk\u00f6ttet och f\u00f6rhindrar tandk\u00f6ttsatrofi och bl\u00f6dning. Dessutom har den en viss antibakteriell effekt som kan d\u00f6da skadliga bakterier i munnen och d\u00e4rigenom skydda munh\u00e4lsan.<\/p>\n\n\n\n<p>2. Mynta: Myntans fr\u00e4scha arom och svala smak kan hj\u00e4lpa till att ta bort lukt fr\u00e5n munnen och h\u00e5lla din andedr\u00e4kt fr\u00e4sch. Samtidigt har den ocks\u00e5 en viss antiinflammatorisk och bakteried\u00f6dande effekt, vilket bidrar till att minska antalet bakterier i munnen och f\u00f6rhindra inflammation i munnen.<\/p>\n\n\n\n<p>3. Xylitol: Xylitol \u00e4r ett naturligt och h\u00e4lsosamt s\u00f6tningsmedel som inte bara minskar plackproduktionen utan \u00e4ven f\u00f6rhindrar karies. Samtidigt kan det fr\u00e4mja salivuts\u00f6ndring, vilket hj\u00e4lper till att reng\u00f6ra munnen och \u00e5terfukta munnen. Dessutom \u00e4r xylitols s\u00f6ta smak mer l\u00e4mplig f\u00f6r barn.<\/p>\n\n\n\n<p>4. Bikarbonat: Bikarbonat har ett pH-v\u00e4rde p\u00e5 9-11 och \u00e4r alkaliskt, vilket kan neutralisera syran i munnen och minska tandk\u00e4nsligheten. Det kan hj\u00e4lpa till att ta bort tandsten och fl\u00e4ckar fr\u00e5n t\u00e4ndernas yta f\u00f6r att uppn\u00e5 effekten av att vita t\u00e4nderna. Samtidigt har bikarbonat ocks\u00e5 en antibakteriell effekt, vilket kan h\u00e4mma bakterietillv\u00e4xten i munnen och f\u00f6rhindra inflammation och infektion i munnen.<\/p>\n\n\n\n<p>5. Tea tree-olja: Tea tree-olja har antiinflammatoriska och antibakteriella effekter, vilket kan lindra inflammation i parodontit och tandk\u00f6tt och f\u00f6rhindra bildandet av plack. Och den har en uppfriskande effekt som fyller munnen med en l\u00e4tt och s\u00f6t doft.<\/p>\n\n\n\n<h2 class=\"wp-block-heading\">Funktionerna hos ekologisk tandkr\u00e4m<\/h2>\n\n\n\n<p>V\u00e5rt forsknings- och utvecklingsteam ANPASSAR formeln till de flesta m\u00e4nniskors munh\u00e4lsa s\u00e5 att den kan ta hand om deras munh\u00e4lsa fullt ut. Innan du anv\u00e4nder produkten b\u00f6r du v\u00e4lja en produkt som passar dig utifr\u00e5n dina munh\u00e4lsotillst\u00e5nd.<\/p>\n\n\n\n<p>1. Skonsam reng\u00f6ring: V\u00e5ra tandkr\u00e4mer anv\u00e4nder milda, naturliga slipmedel och andra ingredienser f\u00f6r att inte bara effektivt reng\u00f6ra t\u00e4nderna och ta bort plack och fysiska rester, utan ocks\u00e5 skydda tandemaljen fr\u00e5n skador.<\/p>\n\n\n\n<p>2. Inga skadliga \u00e4mnen: ekologisk tandkr\u00e4m inneh\u00e5ller inte fluor, triklosan eller andra \u00e4mnen, och tills\u00e4tter inga kemiska skummedel, syntetiska essenser eller andra skadliga kemikalier. Detta undviker inte bara rester av kemiska komponenter i munnen utan minskar ocks\u00e5 potentiella skador p\u00e5 mun och kropp.<\/p>\n\n\n\n<p>3. Lindra orala problem: V\u00e5ra produkter inneh\u00e5ller antibakteriella och antiinflammatoriska ingredienser, vilka i viss m\u00e5n kan lindra orala problem som tandk\u00f6ttsinflammation och muns\u00e5r, och d\u00e4rigenom bibeh\u00e5lla munh\u00e5lans allm\u00e4nna h\u00e4lsa.<\/p>\n\n\n\n<p>4. Frisk andedr\u00e4kt: Mynta och andra ingredienser i ekologisk tandkr\u00e4m har en frisk arom som kan eliminera lukt, ge munnen en frisk andedr\u00e4kt och g\u00f6ra dig mer sj\u00e4lvs\u00e4ker.<\/p>\n\n\n\n<p>5. Minska k\u00e4nsligheten i munnen: F\u00f6r personer med k\u00e4nsliga t\u00e4nder \u00e4r ekologisk tandkr\u00e4m det b\u00e4sta valet. Den inneh\u00e5ller inga irriterande kemikalier och kan minska irritation i k\u00e4nsliga omr\u00e5den i munnen f\u00f6r att lindra obehag i munnen.<\/p>\n\n\n\n<h2 class=\"wp-block-heading\">Hur man anv\u00e4nder ekologisk tandkr\u00e4m?<\/h2>\n\n\n\n<p>Organisk tandkr\u00e4m anv\u00e4nds p\u00e5 samma s\u00e4tt som vanlig tandkr\u00e4m, men du beh\u00f6ver v\u00e4lja en l\u00e4mplig produkt innan du anv\u00e4nder den. Vi kommer ocks\u00e5 att markera anv\u00e4ndningen p\u00e5 f\u00f6rpackningen.<\/p>\n\n\n\n<p>1. Sk\u00f6lj munnen med vatten f\u00f6r att h\u00e5lla den fuktig;<\/p>\n\n\n\n<p>2. Applicera r\u00e4tt m\u00e4ngd ekologisk tandkr\u00e4m p\u00e5 tandborsten och b\u00f6rja borsta.<\/p>\n\n\n\n<p>3. Luta tandborsten i 45 graders vinkel och borsta f\u00f6rsiktigt d\u00e4r t\u00e4nderna och tandk\u00f6ttet m\u00f6ts. Du kan borsta med mjuka, cirkelformade r\u00f6relser och inte f\u00f6r mycket kraft. Hela processen tar minst tv\u00e5 minuter f\u00f6r att s\u00e4kerst\u00e4lla att varje tandyta borstas och att munnen reng\u00f6rs noggrant.<\/p>\n\n\n\n<p>4. Sk\u00f6lj munnen igen med vatten efter att du borstat t\u00e4nderna f\u00f6r att f\u00e5 bort tandkr\u00e4msrester fr\u00e5n munnen och undvika att sv\u00e4lja.<\/p>\n\n\n\n<h2 class=\"wp-block-heading\">F\u00f6rsiktighet<\/h2>\n\n\n\n<p>1. Kontrollera noggrant ingredienslistan f\u00f6re anv\u00e4ndning f\u00f6r att s\u00e4kerst\u00e4lla att det inte finns n\u00e5gra ingredienser som \u00e4r allergiska eller obehagliga f\u00f6r dig;<\/p>\n\n\n\n<p>2. Att anv\u00e4nda r\u00e4tt borstningsmetod, s\u00e5som Pap-borstningsmetoden, kan s\u00e4kerst\u00e4lla att t\u00e4nderna kan reng\u00f6ras helt;<\/p>\n\n\n\n<p>3. Det rekommenderas att regelbundet byta anv\u00e4ndning av olika m\u00e4rken och funktioner av ekologisk tandkr\u00e4m f\u00f6r att minska orala bakteriers resistens mot en specifik ingrediens;<\/p>\n\n\n\n<p>4. Observera noga hur munnen reagerar n\u00e4r du anv\u00e4nder tandkr\u00e4m. Om obehag eller allergiska symtom uppst\u00e5r, sluta anv\u00e4nda tandkr\u00e4men omedelbart och kontakta tandl\u00e4karen f\u00f6r r\u00e5d.<\/p>\n\n\n\n<p>5. Det rekommenderas att f\u00f6rvara p\u00e5 en sval och torr plats och undvika direkt solljus och h\u00f6gtemperaturmilj\u00f6er f\u00f6r att f\u00f6rl\u00e4nga livsl\u00e4ngden.<\/p>\n\n\n\n<h2 class=\"wp-block-heading\">Slutsats<\/h2>\n\n\n\n<p>Som en tillverkare av ekologisk tandkr\u00e4m med fokus p\u00e5 kvalitet och effektivitet v\u00e4ljer vi inte bara h\u00f6gkvalitativa ekologiska r\u00e5varor fr\u00e5n hela v\u00e4rlden, utan blandar dem ocks\u00e5 vetenskapligt och s\u00e4kerst\u00e4ller att varje produkt kan uppfylla de h\u00f6gsta standarderna genom modern produktionsteknik och strikta kvalitetsledningssystem. Samtidigt anv\u00e4nder vi \u00e5tervinningsbar f\u00f6rpackningsdesign f\u00f6r att minska milj\u00f6skador, inte bara med ansvar f\u00f6r produkten utan \u00e4ven f\u00f6r milj\u00f6n. Kontakta oss g\u00e4rna om du ocks\u00e5 \u00e4r intresserad.<\/p>","protected":false},"excerpt":{"rendered":"Organic Toothpaste Manufacturing Common Formulas As a professional manufacturer of organic toothpaste, we focus on the natural and healthy nature of raw materials. So we carefully select a variety of organic ingredients and scientific matching, so that every time you brush your teeth is a pleasant enjoyment. 1. Aloe Vera: Aloe Vera has moisturizing and [&hellip;]","protected":false},"featured_media":2968,"menu_order":0,"template":"","meta":[],"product-tag":[],"products":[71],"class_list":["post-2967","product","type-product","status-publish","has-post-thumbnail","hentry","products-toothpaste"],"acf":[],"_links":{"self":[{"href":"https:\/\/www.ruiqigo.com\/sv\/wp-json\/wp\/v2\/product\/2967","targetHints":{"allow":["GET"]}}],"collection":[{"href":"https:\/\/www.ruiqigo.com\/sv\/wp-json\/wp\/v2\/product"}],"about":[{"href":"https:\/\/www.ruiqigo.com\/sv\/wp-json\/wp\/v2\/types\/product"}],"version-history":[{"count":0,"href":"https:\/\/www.ruiqigo.com\/sv\/wp-json\/wp\/v2\/product\/2967\/revisions"}],"wp:featuredmedia":[{"embeddable":true,"href":"https:\/\/www.ruiqigo.com\/sv\/wp-json\/wp\/v2\/media\/2968"}],"wp:attachment":[{"href":"https:\/\/www.ruiqigo.com\/sv\/wp-json\/wp\/v2\/media?parent=2967"}],"wp:term":[{"taxonomy":"product-tag","embeddable":true,"href":"https:\/\/www.ruiqigo.com\/sv\/wp-json\/wp\/v2\/product-tag?post=2967"},{"taxonomy":"products","embeddable":true,"href":"https:\/\/www.ruiqigo.com\/sv\/wp-json\/wp\/v2\/products?post=2967"}],"curies":[{"name":"wp","href":"https:\/\/api.w.org\/{rel}","templated":true}]}}