{"id":301,"date":"2024-07-05T16:53:57","date_gmt":"2024-07-05T08:53:57","guid":{"rendered":"https:\/\/ruiqigo.com\/?post_type=product&#038;p=301"},"modified":"2024-11-13T09:35:52","modified_gmt":"2024-11-13T01:35:52","slug":"water-conditioner","status":"publish","type":"product","link":"https:\/\/www.ruiqigo.com\/sv\/product\/water-conditioner","title":{"rendered":"Vattenkonditioneringsmedel"},"content":{"rendered":"<h2 class=\"wp-block-heading\">Vattenbalsam som tillverkar vanliga formler<\/h2>\n\n\n\n<p>Water Conditioner best\u00e5r huvudsakligen av v\u00e4xtbaserade aminosyror, vitamin B5, t\u00e5ngextrakt och andra naturliga ingredienser. Aminosyror har utm\u00e4rkta \u00e5terfuktande och reparerande effekter, vilket kan ge h\u00e5ret n\u00e4ring p\u00e5 djupet; vitamin B5 hj\u00e4lper till att f\u00f6rb\u00e4ttra friss och torrhet, vilket g\u00f6r h\u00e5ret sl\u00e4tare och glansigare; T\u00e5ngextrakt \u00e4r rikt p\u00e5 vitaminer och mineraler, som kan reparera skadat h\u00e5r och f\u00f6rb\u00e4ttra h\u00e5rets elasticitet. Som en p\u00e5litlig tillverkare av vattenkonditionering tror vi att dessa h\u00f6gkvalitativa naturliga ingredienser samverkar f\u00f6r att skapa ett fuktgivande, n\u00e4rande, reparerande och h\u00e4lsosamt vattenkonditioneringsmedel.<\/p>\n\n\n\n<h2 class=\"wp-block-heading\">Till\u00e4mpliga scenarier f\u00f6r vattenkonditionering<\/h2>\n\n\n\n<p>Aqua Conditioner \u00e4r l\u00e4mplig f\u00f6r alla \u00e5rstider och klimat. P\u00e5 den varma sommaren \u00e5terfuktar den h\u00e5ret och lindrar torrhet och frizz; under den torra vintern ger den djup n\u00e4ring till h\u00e5ret och reparerar skador. Oavsett om det \u00e4r dagligt underh\u00e5ll eller skadereparation kan vattenbalsam tillgodose behoven hos olika h\u00e5rtyper. Samtidigt \u00e4r den uppfriskande och viktl\u00f6s, l\u00e4mplig f\u00f6r alla h\u00e5rtyper, \u00e4r den idealiska h\u00e5rv\u00e5rdsprodukter som kan lita p\u00e5 under alla \u00e5rstider.<\/p>\n\n\n\n<h2 class=\"wp-block-heading\">Vem \u00e4r vattenbalsam l\u00e4mplig f\u00f6r<\/h2>\n\n\n\n<p>Water Conditioner \u00e4r l\u00e4mplig f\u00f6r alla h\u00e5rtyper. Torrt, spr\u00f6tt, skadat h\u00e5r kan lita p\u00e5 dess n\u00e4rande och reparerande verkan; fett h\u00e5r kan ocks\u00e5 v\u00e5rdas genom sin uppfriskande konsistens; \u00e4ven f\u00f6r friskt och normalt h\u00e5r kan anv\u00e4ndningen av Aqua Conditioner ocks\u00e5 f\u00f6rb\u00e4ttra h\u00e5rets frisighet och torrhet, vilket g\u00f6r det mer smidigt och glansigt. Oavsett om du har svagt h\u00e5r efter f\u00e4rgning och permanentning, fett och besv\u00e4rligt h\u00e5r, eller normalt friskt h\u00e5r, kan Aqua Conditioner vara din idealiska h\u00e5rv\u00e5rdspartner.<\/p>\n\n\n\n<h2 class=\"wp-block-heading\">Produktionsprocess f\u00f6r vattenkonditionering<\/h2>\n\n\n\n<p>Water Conditioner anv\u00e4nder en unik teknologi i sin produktionsprocess. F\u00f6r det f\u00f6rsta \u00e4r r\u00e5varorna strikt utvalda f\u00f6r att s\u00e4kerst\u00e4lla att de \u00e4r 100% naturliga och f\u00f6roreningsfria; f\u00f6r det andra \u00e4r en m\u00e4ngd olika n\u00e4rande och reparerande ingredienser integrerade i formuleringsutvecklingen f\u00f6r att spela en synergistisk effekt. Dessutom, som en professionell vattenkonditioneringstillverkare, \u00e4r produktionsprocessen strikt kontrollerad temperatur och tryck f\u00f6r att undvika f\u00f6rlust av aktiva ingredienser; slutligen \u00e4r produktf\u00f6rpackningen gjord av milj\u00f6v\u00e4nliga giftfria material f\u00f6r att garantera s\u00e4kerheten vid anv\u00e4ndning. Dessa genomt\u00e4nkta produktionsprocess, f\u00f6r att s\u00e4kerst\u00e4lla kvaliteten p\u00e5 vattenkonditioneringsmedel.<\/p>","protected":false},"excerpt":{"rendered":"Water conditioner manufacturing common formulas Water Conditioner is mainly composed of plant-based amino acids, vitamin B5, seaweed extract and other natural ingredients. Amino acids have excellent moisturizing and repairing effects, which can deeply nourish the hair; vitamin B5 helps to improve frizz and dryness, making the hair smoother and shinier; seaweed extract is rich in [&hellip;]","protected":false},"featured_media":388,"menu_order":0,"template":"","meta":[],"product-tag":[],"products":[52],"class_list":["post-301","product","type-product","status-publish","has-post-thumbnail","hentry","products-conditioner"],"acf":[],"_links":{"self":[{"href":"https:\/\/www.ruiqigo.com\/sv\/wp-json\/wp\/v2\/product\/301","targetHints":{"allow":["GET"]}}],"collection":[{"href":"https:\/\/www.ruiqigo.com\/sv\/wp-json\/wp\/v2\/product"}],"about":[{"href":"https:\/\/www.ruiqigo.com\/sv\/wp-json\/wp\/v2\/types\/product"}],"version-history":[{"count":0,"href":"https:\/\/www.ruiqigo.com\/sv\/wp-json\/wp\/v2\/product\/301\/revisions"}],"wp:featuredmedia":[{"embeddable":true,"href":"https:\/\/www.ruiqigo.com\/sv\/wp-json\/wp\/v2\/media\/388"}],"wp:attachment":[{"href":"https:\/\/www.ruiqigo.com\/sv\/wp-json\/wp\/v2\/media?parent=301"}],"wp:term":[{"taxonomy":"product-tag","embeddable":true,"href":"https:\/\/www.ruiqigo.com\/sv\/wp-json\/wp\/v2\/product-tag?post=301"},{"taxonomy":"products","embeddable":true,"href":"https:\/\/www.ruiqigo.com\/sv\/wp-json\/wp\/v2\/products?post=301"}],"curies":[{"name":"wp","href":"https:\/\/api.w.org\/{rel}","templated":true}]}}