{"id":306,"date":"2024-07-05T17:07:54","date_gmt":"2024-07-05T09:07:54","guid":{"rendered":"https:\/\/ruiqigo.com\/?post_type=product&#038;p=306"},"modified":"2024-11-14T21:10:20","modified_gmt":"2024-11-14T13:10:20","slug":"salt-free-water-conditioner","status":"publish","type":"product","link":"https:\/\/www.ruiqigo.com\/sv\/product\/salt-free-water-conditioner","title":{"rendered":"Saltfritt vattenkonditioneringsmedel"},"content":{"rendered":"<h2 class=\"wp-block-heading\">Vanliga formler f\u00f6r tillverkning av saltfritt vattenbalsam<\/h2>\n\n\n\n<p>Saltfritt vattenbalsam \u00e4r tillverkat med skonsamma ingredienser som botaniska aminosyror, glycerin och naturliga fruktk\u00e4rneoljor. Aminosyror ger utm\u00e4rkta \u00e5terfuktande och reparerande egenskaper f\u00f6r att ge h\u00e5ret djupn\u00e4ring; glycerin \u00e5terfuktar och f\u00f6rb\u00e4ttrar frissighet och torrhet; och naturlig fruktk\u00e4rneolja \u00e4r rik p\u00e5 vitaminer som hj\u00e4lper till att reparera skadat h\u00e5r och st\u00e4rka h\u00e5rets elasticitet. Som en p\u00e5litlig tillverkare av saltfritt vattenbalsam arbetar dessa h\u00f6gkvalitativa naturliga ingredienser i synergi med varandra f\u00f6r att skapa ett icke-irriterande, skonsamt och n\u00e4rande saltfritt vattenbalsam.<\/p>\n\n\n\n<h2 class=\"wp-block-heading\">Till\u00e4mpliga scenarier f\u00f6r saltfritt vattenbalsam<\/h2>\n\n\n\n<p>Saltfritt vattenbalsam passar alla \u00e5rstider och milj\u00f6er. I sommarv\u00e4rmen \u00e5terfuktar det h\u00e5ret och lindrar torrhet och frissighet; p\u00e5 vintern ger det h\u00e5ret djupg\u00e5ende n\u00e4ring och reparerar skador. Samtidigt \u00e4r det uppfriskande och viktl\u00f6st, belastar inte h\u00e5rbotten och \u00e4r l\u00e4mpligt f\u00f6r alla typer av h\u00e5rbruk. Oavsett om det \u00e4r f\u00f6r dagligt underh\u00e5ll eller reparation av skador kan Saltfritt vattenbalsam vara din p\u00e5litliga h\u00e5rv\u00e5rdshj\u00e4lp f\u00f6r alla \u00e5rstider.<\/p>\n\n\n\n<h2 class=\"wp-block-heading\">F\u00f6r vem \u00e4r saltfritt vattenbalsam l\u00e4mpligt?<\/h2>\n\n\n\n<p>Saltfritt vattenbalsam passar alla h\u00e5rtyper. F\u00f6r torrt, spr\u00f6tt och skadat h\u00e5r ger det djupg\u00e5ende n\u00e4ring och reparation; f\u00f6r fett h\u00e5r \u00e4r dess uppfriskande, viktl\u00f6sa konsistens perfekt; och \u00e4ven f\u00f6r friskt, normalt h\u00e5r f\u00f6rb\u00e4ttrar saltfritt vattenbalsam frissighet och torrhet, vilket g\u00f6r h\u00e5ret mjukare och glansigare. Oavsett om du har f\u00e4rgat h\u00e5r, fett och frissigt h\u00e5r eller normalt friskt h\u00e5r, kan saltfritt vattenbalsam vara din perfekta h\u00e5rv\u00e5rdspartner.<\/p>\n\n\n\n<h2 class=\"wp-block-heading\">Produktionsprocess f\u00f6r saltfritt vattenbalsam<\/h2>\n\n\n\n<p>Saltfritt vattenbalsam anv\u00e4nder ett antal unika tekniker i sin produktionsprocess. F\u00f6r det f\u00f6rsta v\u00e4ljs r\u00e5varorna noggrant ut f\u00f6r att s\u00e4kerst\u00e4lla att de \u00e4r 100% naturliga och f\u00f6roreningsfria. F\u00f6r det andra integreras en m\u00e4ngd olika n\u00e4rande och reparerande ingredienser i formuleringen f\u00f6r att skapa synergistiska effekter. Dessutom \u00e4r produktionsprocessen strikt temperatur- och tryckkontrollerad f\u00f6r att undvika f\u00f6rlust av aktiva ingredienser. Slutligen \u00e4r produktf\u00f6rpackningen tillverkad av milj\u00f6v\u00e4nliga och giftfria material f\u00f6r att garantera s\u00e4ker anv\u00e4ndning. Som en effektiv tillverkare av saltfritt vattenbalsam anv\u00e4nder vi dessa genomt\u00e4nkta produktionsprocesser f\u00f6r att s\u00e4kerst\u00e4lla den utm\u00e4rkta kvaliteten p\u00e5 saltfritt vattenbalsam, s\u00e5 att konsumenterna kan anv\u00e4nda det utan bekymmer och njuta av komforten av en naturlig h\u00e5rv\u00e5rdsupplevelse.<\/p>","protected":false},"excerpt":{"rendered":"Salt free water conditioner manufacturing common formulas Salt free Water Conditioner is made with gentle ingredients such as botanical amino acids, glycerin, and natural fruit seed oils. Amino Acids provide excellent moisturizing and repairing properties to deeply nourish hair; Glycerin replenishes moisture and improves frizz and dryness; and Natural Fruit Seed Oil is rich in [&hellip;]","protected":false},"featured_media":384,"menu_order":0,"template":"","meta":[],"product-tag":[],"products":[52],"class_list":["post-306","product","type-product","status-publish","has-post-thumbnail","hentry","products-conditioner"],"acf":[],"_links":{"self":[{"href":"https:\/\/www.ruiqigo.com\/sv\/wp-json\/wp\/v2\/product\/306","targetHints":{"allow":["GET"]}}],"collection":[{"href":"https:\/\/www.ruiqigo.com\/sv\/wp-json\/wp\/v2\/product"}],"about":[{"href":"https:\/\/www.ruiqigo.com\/sv\/wp-json\/wp\/v2\/types\/product"}],"version-history":[{"count":0,"href":"https:\/\/www.ruiqigo.com\/sv\/wp-json\/wp\/v2\/product\/306\/revisions"}],"wp:featuredmedia":[{"embeddable":true,"href":"https:\/\/www.ruiqigo.com\/sv\/wp-json\/wp\/v2\/media\/384"}],"wp:attachment":[{"href":"https:\/\/www.ruiqigo.com\/sv\/wp-json\/wp\/v2\/media?parent=306"}],"wp:term":[{"taxonomy":"product-tag","embeddable":true,"href":"https:\/\/www.ruiqigo.com\/sv\/wp-json\/wp\/v2\/product-tag?post=306"},{"taxonomy":"products","embeddable":true,"href":"https:\/\/www.ruiqigo.com\/sv\/wp-json\/wp\/v2\/products?post=306"}],"curies":[{"name":"wp","href":"https:\/\/api.w.org\/{rel}","templated":true}]}}