{"id":311,"date":"2024-07-05T17:20:27","date_gmt":"2024-07-05T09:20:27","guid":{"rendered":"https:\/\/ruiqigo.com\/?post_type=product&#038;p=311"},"modified":"2024-11-14T21:14:32","modified_gmt":"2024-11-14T13:14:32","slug":"curly-hair-shampoo-and-conditioner","status":"publish","type":"product","link":"https:\/\/www.ruiqigo.com\/sv\/product\/curly-hair-shampoo-and-conditioner","title":{"rendered":"Schampo och balsam f\u00f6r lockigt h\u00e5r"},"content":{"rendered":"<h2 class=\"wp-block-heading\">Schampo och balsam f\u00f6r lockigt h\u00e5r som tillverkar vanliga formler<\/h2>\n\n\n\n<p>Denna 2-i-1-produkt \u00e4r gjord med f\u00f6rstklassiga naturliga ingredienser som sheasm\u00f6r och kokosolja. Sheasm\u00f6r \u00e4r rikt p\u00e5 vitaminer och fettsyror som \u00e5terfuktar h\u00e5ret p\u00e5 djupet och \u00f6kar sp\u00e4nsten i topparna, medan kokosolja har utm\u00e4rkta utj\u00e4mnande och reparerande egenskaper som g\u00f6r lockarna mjukare och glansigare. Dessutom l\u00e4gger den ocks\u00e5 till en speciell stylingingrediens som effektivt formar och h\u00e5ller lockarna p\u00e5 plats. Tillsammans, som en effektiv tillverkare av schampo och balsam f\u00f6r lockigt h\u00e5r, g\u00f6r dessa milda men kraftfulla naturliga ingredienser detta till den perfekta formulan f\u00f6r att sk\u00e4mma bort lockigt h\u00e5r.<\/p>\n\n\n\n<h2 class=\"wp-block-heading\">Lockigt h\u00e5r schampo och balsam till\u00e4mpliga scenarier<\/h2>\n\n\n\n<p>Curly Hair Shampoo Conditioner 2-in-1 \u00e4r l\u00e4mplig f\u00f6r anv\u00e4ndning i alla klimat. P\u00e5 sommarens hetta \u00e5terfuktar och reparerar den skador p\u00e5 lockigt h\u00e5r, medan den i vinterkylan ger n\u00e4ring p\u00e5 djupet och \u00f6kar elasticiteten f\u00f6r att f\u00f6rhindra torrhet och friss. Samtidigt hj\u00e4lper dess stylingegenskaper till att h\u00e5lla lockarna vackert stylade i fuktiga milj\u00f6er. Oavsett om solen skiner eller vinden bl\u00e5ser, kommer denna tv\u00e5-i-ett-produkt att skydda dina lockar och h\u00e5lla dem rufsiga och gl\u00e4nsande.<\/p>\n\n\n\n<h2 class=\"wp-block-heading\">Vem passar lockigt h\u00e5r schampo och balsam f\u00f6r<\/h2>\n\n\n\n<p>Detta schampobalsam f\u00f6r lockigt h\u00e5r 2 i 1 \u00e4r s\u00e4rskilt l\u00e4mpligt f\u00f6r dem med naturligt lockigt eller permanentat h\u00e5r. Det skyddar \u00f6mt\u00e5liga lockar fr\u00e5n frizz och torrhet. Samtidigt hj\u00e4lper dess stylingegenskaper till att skapa vackra, l\u00e5ngvariga lockar. \u00c4ven f\u00f6r dem med rakt h\u00e5r kommer tillf\u00e4llig anv\u00e4ndning att ge studs och glans. Oavsett om du har naturligt lockigt h\u00e5r, artificiellt permanentat h\u00e5r eller rakt h\u00e5r som beh\u00f6ver stylas d\u00e5 och d\u00e5, \u00e4r denna 2-i-1-produkt den perfekta behandlingen f\u00f6r dig.<\/p>\n\n\n\n<h2 class=\"wp-block-heading\">Produktionsprocess f\u00f6r schampo och balsam f\u00f6r lockigt h\u00e5r<\/h2>\n\n\n\n<p>F\u00f6rst och fr\u00e4mst v\u00e4ljs r\u00e5varorna genom lager av kontroll f\u00f6r att s\u00e4kerst\u00e4lla 100% naturligt och f\u00f6roreningsfritt. F\u00f6r det andra, i utformningen av forskning och utveckling av integrationen av en m\u00e4ngd olika n\u00e4rande och reparerande ingredienser, spela en synergistisk effekt. Dessutom, som en ledande tillverkare av lockigt h\u00e5rschampo och balsam, \u00e4r produktionsprocessen strikt temperatur- och tryckkontrollerad f\u00f6r att s\u00e4kerst\u00e4lla att de aktiva ingredienserna inte skadas. Slutligen anv\u00e4nds professionell stylingteknik f\u00f6r att lockarna ska h\u00e5lla l\u00e4ngre.<\/p>","protected":false},"excerpt":{"rendered":"Curly hair shampoo and conditioner manufacturing common formulas This 2-in-1 product is made with premium natural ingredients such as shea butter and coconut oil. Shea butter is rich in vitamins and fatty acids that deeply moisturize the hair and increase the elasticity of the ends, while coconut oil has excellent smoothing and repairing properties that [&hellip;]","protected":false},"featured_media":392,"menu_order":0,"template":"","meta":[],"product-tag":[],"products":[54],"class_list":["post-311","product","type-product","status-publish","has-post-thumbnail","hentry","products-shampoo-and-conditioner"],"acf":[],"_links":{"self":[{"href":"https:\/\/www.ruiqigo.com\/sv\/wp-json\/wp\/v2\/product\/311","targetHints":{"allow":["GET"]}}],"collection":[{"href":"https:\/\/www.ruiqigo.com\/sv\/wp-json\/wp\/v2\/product"}],"about":[{"href":"https:\/\/www.ruiqigo.com\/sv\/wp-json\/wp\/v2\/types\/product"}],"version-history":[{"count":0,"href":"https:\/\/www.ruiqigo.com\/sv\/wp-json\/wp\/v2\/product\/311\/revisions"}],"wp:featuredmedia":[{"embeddable":true,"href":"https:\/\/www.ruiqigo.com\/sv\/wp-json\/wp\/v2\/media\/392"}],"wp:attachment":[{"href":"https:\/\/www.ruiqigo.com\/sv\/wp-json\/wp\/v2\/media?parent=311"}],"wp:term":[{"taxonomy":"product-tag","embeddable":true,"href":"https:\/\/www.ruiqigo.com\/sv\/wp-json\/wp\/v2\/product-tag?post=311"},{"taxonomy":"products","embeddable":true,"href":"https:\/\/www.ruiqigo.com\/sv\/wp-json\/wp\/v2\/products?post=311"}],"curies":[{"name":"wp","href":"https:\/\/api.w.org\/{rel}","templated":true}]}}