{"id":316,"date":"2024-07-05T17:33:07","date_gmt":"2024-07-05T09:33:07","guid":{"rendered":"https:\/\/ruiqigo.com\/?post_type=product&#038;p=316"},"modified":"2024-11-14T21:13:36","modified_gmt":"2024-11-14T13:13:36","slug":"natural-shampoo-and-conditioner","status":"publish","type":"product","link":"https:\/\/www.ruiqigo.com\/sv\/product\/natural-shampoo-and-conditioner","title":{"rendered":"Naturligt schampo och balsam"},"content":{"rendered":"<h2 class=\"wp-block-heading\">Naturligt schampo och balsam som tillverkar vanliga formler<\/h2>\n\n\n\n<p>Denna naturliga 2-i-1-produkt anv\u00e4nder en m\u00e4ngd olika h\u00f6gkvalitativa naturliga ingredienser som linfr\u00f6olja och sj\u00f6gr\u00e4s. Linfr\u00f6olja \u00e4r rik p\u00e5 Omega-3-fettsyror, som ger h\u00e5rstr\u00e5n n\u00e4ring p\u00e5 djupet och ger mjukhet och glans, medan sj\u00f6gr\u00e4s \u00e4r rikt p\u00e5 mineraler, som reparerar skadat h\u00e5r och ger elasticitet. Som en utm\u00e4rkt tillverkare av naturligt schampo och balsam har den naturliga reng\u00f6ringsingredienser som skonsamt reng\u00f6r h\u00e5rbotten utan irritation. Tillsammans utg\u00f6r dessa naturliga ingredienser denna kvalitetsformel som skonsamt v\u00e5rdar ditt h\u00e5r.<\/p>\n\n\n\n<h2 class=\"wp-block-heading\">Till\u00e4mpliga scenarier f\u00f6r naturligt schampo och balsam<\/h2>\n\n\n\n<p>Naturligt schampo och balsam \u00e4r l\u00e4mpligt f\u00f6r alla klimat. Under de varma sommarm\u00e5naderna ger den h\u00e5ret rikligt med fukt f\u00f6r att fylla p\u00e5 tapet, medan det under de kalla vinterm\u00e5naderna ger djup n\u00e4ring, \u00f6kar elasticiteten och f\u00f6rhindrar torrhet och frizz. Samtidigt \u00e4r dess milda formel ocks\u00e5 l\u00e4mplig f\u00f6r k\u00e4nslig h\u00e5rbotten utan att orsaka irritation. Oavsett om det \u00e4r soligt eller regnigt, kommer denna naturliga 2-i-1-produkt att h\u00e5lla ditt h\u00e5r mjukt, gl\u00e4nsande och friskt.<\/p>\n\n\n\n<h2 class=\"wp-block-heading\">Vem passar Naturligt schampo och balsam f\u00f6r<\/h2>\n\n\n\n<p>Denna naturliga schampo- och balsamduo \u00e4r perfekt f\u00f6r dem med skadat, torrt, burrigt h\u00e5r. Den anv\u00e4nder naturliga ingredienser f\u00f6r att varsamt reng\u00f6ra h\u00e5rbotten samtidigt som den ger h\u00e5ret n\u00e4ring p\u00e5 djupet, reparerar skador och ger mjukhet och glans. Oavsett om ditt h\u00e5r \u00e4r naturligt str\u00e4vt, kemiskt skadat eller torrt fr\u00e5n en l\u00e5ng f\u00f6ning, \u00e4r denna 2-i-1-produkt den perfekta v\u00e5rdkompisen f\u00f6r ditt h\u00e5r.<\/p>\n\n\n\n<h2 class=\"wp-block-heading\">Produktionsprocess f\u00f6r naturligt schampo och balsam<\/h2>\n\n\n\n<p>Detta naturliga schampo och balsam tillverkas med hj\u00e4lp av ett antal avancerade teknologier. F\u00f6r det f\u00f6rsta \u00e4r ingredienserna 100% naturliga och v\u00e4xtbaserade och har g\u00e5tt igenom en rad kontroller f\u00f6r att s\u00e4kerst\u00e4lla att de inte \u00e4r kontaminerade. F\u00f6r det andra kontrolleras temperaturen och trycket strikt under utvecklingen av formeln f\u00f6r att undvika skador p\u00e5 de aktiva ingredienserna. Dessutom, anv\u00e4ndningen av professionell molekylsilseparationsteknik, extraktion av h\u00f6g renhet av de aktiva ingredienserna; Slutligen, produktion av hela processen utan tillsats av syntetiska kemikalier f\u00f6r att s\u00e4kerst\u00e4lla att produkten \u00e4r gr\u00f6n och milj\u00f6v\u00e4nlig. Som en tillverkare av precision naturligt schampo och balsam s\u00e4kerst\u00e4ller dessa genomt\u00e4nkta produktionsprocesser att denna naturliga 2-i-1-produkt \u00e4r av utm\u00e4rkt kvalitet och kan ge konsumenterna en b\u00e4ttre milj\u00f6v\u00e5rdsupplevelse.<\/p>","protected":false},"excerpt":{"rendered":"Natural shampoo and conditioner manufacturing common formulas This natural 2-in-1 product uses a variety of high-quality natural ingredients such as flaxseed oil and seaweed. Flaxseed oil is rich in Omega-3 fatty acids, which deeply nourish the hair strands and add softness and shine, while seaweed is rich in minerals, which repair damaged hair and add [&hellip;]","protected":false},"featured_media":396,"menu_order":0,"template":"","meta":[],"product-tag":[],"products":[54],"class_list":["post-316","product","type-product","status-publish","has-post-thumbnail","hentry","products-shampoo-and-conditioner"],"acf":[],"_links":{"self":[{"href":"https:\/\/www.ruiqigo.com\/sv\/wp-json\/wp\/v2\/product\/316","targetHints":{"allow":["GET"]}}],"collection":[{"href":"https:\/\/www.ruiqigo.com\/sv\/wp-json\/wp\/v2\/product"}],"about":[{"href":"https:\/\/www.ruiqigo.com\/sv\/wp-json\/wp\/v2\/types\/product"}],"version-history":[{"count":0,"href":"https:\/\/www.ruiqigo.com\/sv\/wp-json\/wp\/v2\/product\/316\/revisions"}],"wp:featuredmedia":[{"embeddable":true,"href":"https:\/\/www.ruiqigo.com\/sv\/wp-json\/wp\/v2\/media\/396"}],"wp:attachment":[{"href":"https:\/\/www.ruiqigo.com\/sv\/wp-json\/wp\/v2\/media?parent=316"}],"wp:term":[{"taxonomy":"product-tag","embeddable":true,"href":"https:\/\/www.ruiqigo.com\/sv\/wp-json\/wp\/v2\/product-tag?post=316"},{"taxonomy":"products","embeddable":true,"href":"https:\/\/www.ruiqigo.com\/sv\/wp-json\/wp\/v2\/products?post=316"}],"curies":[{"name":"wp","href":"https:\/\/api.w.org\/{rel}","templated":true}]}}