{"id":3186,"date":"2025-04-24T09:37:21","date_gmt":"2025-04-24T01:37:21","guid":{"rendered":"https:\/\/www.ruiqigo.com\/?post_type=product&#038;p=3186"},"modified":"2025-04-24T09:37:22","modified_gmt":"2025-04-24T01:37:22","slug":"sunburn-lotion","status":"publish","type":"product","link":"https:\/\/www.ruiqigo.com\/sv\/product\/sunburn-lotion","title":{"rendered":"Solbr\u00e4nnalotion"},"content":{"rendered":"<h2 class=\"wp-block-heading\">Tillverkning av solbr\u00e4nnalotion Vanliga formler<\/h2>\n\n\n\n<p>Som professionell tillverkare av solbr\u00e4nnalotion anv\u00e4nder vi naturliga v\u00e4xtextrakt och reparerande ingredienser, s\u00e5som ringblomma, aloe vera, kamomill etc., f\u00f6r att hj\u00e4lpa din hud att snabbt reparera och lugna sig efter solbr\u00e4nna, \u00e5terst\u00e4lla vatten- och oljebalansen och st\u00e4rka hudbarri\u00e4ren. Samtidigt \u00e4r formulan vi anv\u00e4nder mild och icke-irriterande, l\u00e4mplig f\u00f6r l\u00e5ngvarig anv\u00e4ndning p\u00e5 alla typer av hud.<\/p>\n\n\n\n<p>1. <strong>Ringblomma<\/strong>Ringblomma har utm\u00e4rkta antiallergiska och antiinflammatoriska egenskaper, vilket kan lindra allergier och obehag orsakade av solbr\u00e4nna och minska inflammation efter solexponering. Samtidigt har ringblomma en viss effekt p\u00e5 att fr\u00e4mja l\u00e4kning av mindre hudskador och kan f\u00f6rb\u00e4ttra effektiviteten i hudbarri\u00e4rreparationen. <\/p>\n\n\n\n<p>2.<strong> Aloe vera:<\/strong> Naturlig aloe vera \u00e4r rik p\u00e5 vitaminer, mineraler och antioxidanter och har starka \u00e5terfuktande, lugnande och antiinflammatoriska effekter. Den kan snabbt hj\u00e4lpa stratum corneum att binda fukt, fr\u00e4mja hudcellsreparation och st\u00e4rka hudbarri\u00e4ren. Den kan ocks\u00e5 hj\u00e4lpa huden att svalna snabbt och minska den br\u00e4nnande k\u00e4nslan efter solbr\u00e4nna. <\/p>\n\n\n\n<p>3. <strong>Kamomill:<\/strong> Solbr\u00e4nnalotion, som inneh\u00e5ller kamomill som en viktig ingrediens, kan anv\u00e4ndas med f\u00f6rtroende av anv\u00e4ndare med k\u00e4nslig hud. Eftersom den har utm\u00e4rkta antiallergiska och antioxidativa egenskaper kan den lindra symtom som allergier, rodnad, svullnad och stickningar orsakade av solbr\u00e4nna, och kan \u00e4ven \u00f6ka hudens motst\u00e5ndskraft. <\/p>\n\n\n\n<p>4. <strong>Natriumhyaluronat:<\/strong> Natriumhyaluronat \u00e4r en effektiv vattenl\u00e5sande och \u00e5terfuktande ingrediens som snabbt kan \u00e5terfukta djupt ner i huden, f\u00f6rhindra att solbr\u00e4nd hud blir stram eller sprucken, och l\u00e4gger en solid grund f\u00f6r absorptionen av efterf\u00f6ljande reparerande ingredienser. <\/p>\n\n\n\n<p>5.<strong> Panthenol<\/strong>Panthenol \u00e4r ocks\u00e5 en viktig ingrediens i solbr\u00e4nnalotion. Den har kraftfulla \u00e5terfuktande och reparerande f\u00f6rm\u00e5gor. Den kan tr\u00e4nga djupt in i huden och bilda en vattent\u00e4t film, vilket f\u00f6rb\u00e4ttrar hudens elasticitet, minskar torrhet och stramhet orsakad av solbr\u00e4nna och hj\u00e4lper huden att \u00e5terst\u00e4lla en h\u00e4lsosam och \u00e5terfuktad lyster. <\/p>\n\n\n\n<h2 class=\"wp-block-heading\">Funktionerna hos solbr\u00e4nnalotion<\/h2>\n\n\n\n<p>V\u00e5r solbr\u00e4nnalotion anv\u00e4nder en m\u00e4ngd olika naturliga v\u00e4xtessenser i sin formula, som inte bara har reparerande funktioner, utan ocks\u00e5 tar h\u00e4nsyn till anv\u00e4ndarupplevelse och komfort. <\/p>\n\n\n\n<p>1. <strong>Frisk och icke-fet konsistens<\/strong>V\u00e5r solbr\u00e4nnalotion \u00e4r utformad med en l\u00e4tt lotion som snabbt absorberas av huden utan att vara klibbig, s\u00e5 den kommer inte att bilda rester p\u00e5 kl\u00e4der eller p\u00e5verka anv\u00e4ndarens dagliga aktiviteter. Anv\u00e4ndarupplevelsen f\u00f6rb\u00e4ttras d\u00e4rf\u00f6r avsev\u00e4rt.<\/p>\n\n\n\n<p>2. <strong>L\u00e4mplig f\u00f6r en m\u00e4ngd olika hudtyper<\/strong>V\u00e5r solbr\u00e4nnalotion har genomg\u00e5tt flera k\u00e4nslighetstester och inneh\u00e5ller inte irriterande och k\u00e4nsliga ingredienser som alkohol. Den kan anv\u00e4ndas f\u00f6r torr, fet, kombinerad och k\u00e4nslig hud och \u00e4r l\u00e4mplig f\u00f6r en m\u00e4ngd olika kundgrupper.<\/p>\n\n\n\n<p>3. <strong>Omedelbara lugnande och kylande effekter \u00e4r betydande<\/strong>Solbr\u00e4nnalotion inneh\u00e5ller naturliga ingredienser som aloe vera och ringblomma. Efter anv\u00e4ndning kan den snabbt kyla ner huden, lindra rodnad, svullnad, sveda och andra obehag, samt minska inflammatoriska reaktioner efter solexponering. Det \u00e4r ett av de perfekta valen f\u00f6r omedelbar reparation efter solbr\u00e4nna.<\/p>\n\n\n\n<p>4. <strong>Kontinuerlig \u00e5terfuktning och f\u00f6rl\u00e4ngd reparerande effekt<\/strong>V\u00e5r solbr\u00e4nnalotion, med den synergistiska effekten av flera \u00e5terfuktande faktorer som natriumhyaluronat och panthenol, kan bibeh\u00e5lla hudens fuktbalans under l\u00e5ng tid och f\u00f6rhindra torrhet och fj\u00e4llning. Samtidigt kan den, f\u00f6rutom omedelbar lugnande, kontinuerligt reparera hudbarri\u00e4ren, f\u00f6rb\u00e4ttra hudens f\u00f6rsvar och f\u00f6rl\u00e4nga reparationseffekten efter solbr\u00e4nna. <\/p>\n\n\n\n<h2 class=\"wp-block-heading\">Hur man anv\u00e4nder solbr\u00e4nnalotion?<\/h2>\n\n\n\n<p>Anv\u00e4ndningen av solbr\u00e4nnslotion \u00e4r mycket enkel och snabb. Du kan ta ut den n\u00e4r som helst under daglig hudv\u00e5rd och resor f\u00f6r att lindra obehaget av solbr\u00e4nd hud. Du beh\u00f6ver bara applicera den vid behov och massera f\u00f6rsiktigt f\u00f6r att fr\u00e4mja absorptionen. Hela processen \u00e4r skonsam och icke-irriterande, l\u00e4mplig f\u00f6r alla typer av anv\u00e4ndare. Det rekommenderas att anv\u00e4nda den omedelbart efter solexponering f\u00f6r att uppn\u00e5 b\u00e4sta reparationseffekt. <\/p>\n\n\n\n<p>1. <strong>Reng\u00f6r huden: <\/strong>Innan du anv\u00e4nder produkten, reng\u00f6r det solbr\u00e4nda omr\u00e5det med varmt vatten f\u00f6r att avl\u00e4gsna svett och orenheter som annars skulle minska reparationseffekten. Torka sedan torrt med en mjuk handduk eller v\u00e4nta tills vattnet har avdunstat.<\/p>\n\n\n\n<p>2. <strong>Krama ut lotionen: <\/strong>Krama ut lotionen ur beh\u00e5llaren efter behov.<\/p>\n\n\n\n<p>3. <strong>Applicera j\u00e4mnt och massera in f\u00f6r att absorbera: <\/strong>Applicera lotionen f\u00f6rsiktigt och j\u00e4mnt p\u00e5 det solbr\u00e4nda omr\u00e5det, undvik att gnugga f\u00f6r att orsaka skador. Massera sedan f\u00f6rsiktigt det applicerade omr\u00e5det f\u00f6r att fr\u00e4mja absorptionen fr\u00e5n huden.<\/p>\n\n\n\n<h2 class=\"wp-block-heading\">F\u00f6rsiktighet<\/h2>\n\n\n\n<p>1. <strong>Test f\u00f6r allergiska reaktioner:<\/strong> Innan du anv\u00e4nder v\u00e5r solbr\u00e4nnalotion f\u00f6r f\u00f6rsta g\u00e5ngen, se till att prova den p\u00e5 insidan av handleden eller bakom \u00f6rat f\u00f6r att undvika allergiska reaktioner p\u00e5 grund av individuella skillnader. Om det inte finns n\u00e5gon onormal reaktion inom 24 timmar kan du anv\u00e4nda den tryggt.<\/p>\n\n\n\n<p>2. <strong>Undvik anv\u00e4ndning p\u00e5 s\u00e5r eller skadad hud: <\/strong>Om det finns uppenbara s\u00e5r eller skador p\u00e5 huden, s\u00e5som skadad hud, bl\u00f6dning etc., anv\u00e4nd inte denna produkt f\u00f6r att undvika att irritera s\u00e5ret och orsaka skador.<\/p>\n\n\n\n<p>3. <strong>Undvik kontakt med \u00f6gonen: <\/strong>Undvik omr\u00e5det runt \u00f6gonen n\u00e4r du anv\u00e4nder solbr\u00e4nnalotion. Om det av misstag kommer i \u00f6gonen, sk\u00f6lj omedelbart med rent vatten och s\u00f6k l\u00e4karv\u00e5rd vid behov.<\/p>\n\n\n\n<h2 class=\"wp-block-heading\">Slutsats<\/h2>\n\n\n\n<p>Solbr\u00e4nnalotion \u00e4r en solbr\u00e4nnareparationslotion med djupg\u00e5ende \u00e5terfuktande, lugnande och hudreparerande funktioner, l\u00e4mplig f\u00f6r en m\u00e4ngd olika hudtyper och anv\u00e4ndningsomr\u00e5den. V\u00e5ra produkter \u00e4r formulerade med en m\u00e4ngd olika naturliga v\u00e4xtextrakt, uppfriskande och icke-feta, och kan snabbt lindra obehag och br\u00e4nnande k\u00e4nsla orsakad av solbr\u00e4nna. Vi erbjuder OEM\/ODM-tj\u00e4nster f\u00f6r att m\u00f6ta de olika kundernas behov av f\u00f6rpackning och marknadspositionering. Om du beh\u00f6ver mer information \u00e4r du v\u00e4lkommen att kontakta oss.<\/p>","protected":false},"excerpt":{"rendered":"Sunburn Lotion Manufacturing Common Formulas As a professional sunburn lotion manufacturer, we use natural plant extracts and repair ingredients, such as calendula, aloe vera, chamomile, etc., to help your skin quickly repair and calm after sunburn, restore the water and oil balance, and strengthen the skin barrier. At the same time, the formula we use [&hellip;]","protected":false},"featured_media":3190,"menu_order":0,"template":"","meta":[],"product-tag":[],"products":[87],"class_list":["post-3186","product","type-product","status-publish","has-post-thumbnail","hentry","products-sunburn-recovery"],"acf":[],"_links":{"self":[{"href":"https:\/\/www.ruiqigo.com\/sv\/wp-json\/wp\/v2\/product\/3186","targetHints":{"allow":["GET"]}}],"collection":[{"href":"https:\/\/www.ruiqigo.com\/sv\/wp-json\/wp\/v2\/product"}],"about":[{"href":"https:\/\/www.ruiqigo.com\/sv\/wp-json\/wp\/v2\/types\/product"}],"version-history":[{"count":0,"href":"https:\/\/www.ruiqigo.com\/sv\/wp-json\/wp\/v2\/product\/3186\/revisions"}],"wp:featuredmedia":[{"embeddable":true,"href":"https:\/\/www.ruiqigo.com\/sv\/wp-json\/wp\/v2\/media\/3190"}],"wp:attachment":[{"href":"https:\/\/www.ruiqigo.com\/sv\/wp-json\/wp\/v2\/media?parent=3186"}],"wp:term":[{"taxonomy":"product-tag","embeddable":true,"href":"https:\/\/www.ruiqigo.com\/sv\/wp-json\/wp\/v2\/product-tag?post=3186"},{"taxonomy":"products","embeddable":true,"href":"https:\/\/www.ruiqigo.com\/sv\/wp-json\/wp\/v2\/products?post=3186"}],"curies":[{"name":"wp","href":"https:\/\/api.w.org\/{rel}","templated":true}]}}