{"id":321,"date":"2024-07-05T17:38:21","date_gmt":"2024-07-05T09:38:21","guid":{"rendered":"https:\/\/ruiqigo.com\/?post_type=product&#038;p=321"},"modified":"2024-11-14T21:11:09","modified_gmt":"2024-11-14T13:11:09","slug":"tea-tree-shampoo-and-conditioner","status":"publish","type":"product","link":"https:\/\/www.ruiqigo.com\/sv\/product\/tea-tree-shampoo-and-conditioner","title":{"rendered":"Tea tree schampo och balsam"},"content":{"rendered":"<h2 class=\"wp-block-heading\">Vanliga formler f\u00f6r tillverkning av tea tree-schampo och balsam<\/h2>\n\n\n\n<p>Detta Tea Tree-schampo och balsam 2-i-1 anv\u00e4nder rent och naturligt tea tree-extrakt som huvudingrediens. Tea Tree-extrakt \u00e4r rikt p\u00e5 vitaminer och mineraler som vitamin C, vitamin E, j\u00e4rn, zink etc., vilket kan ge n\u00e4ring \u00e5t och reparera skadat h\u00e5r p\u00e5 djupet, samt \u00f6ka h\u00e5rets lyster och smidighet. Dessutom inneh\u00e5ller Tea Tree-extrakt naturliga antibakteriella och antiinflammatoriska ingredienser som effektivt reng\u00f6r h\u00e5rbotten, f\u00f6rhindrar bakterietillv\u00e4xt och ansamling av mj\u00e4ll. Som en innovativ tillverkare av Tea Tree-schampo och balsam samverkar dessa naturliga ingredienser f\u00f6r att skapa en tv\u00e5-i-ett-reng\u00f6ring och balsam som kombinerar reng\u00f6ring och \u00e5terfuktning.<\/p>\n\n\n\n<h2 class=\"wp-block-heading\">Till\u00e4mpliga scenarier f\u00f6r tea tree-schampo och balsam<\/h2>\n\n\n\n<p>Tea Tree-schampo och balsam \u00e4r l\u00e4mpligt f\u00f6r alla klimat. Under de varma sommarm\u00e5naderna reng\u00f6r tea tree-extraktets kylande antibakteriella verkan h\u00e5rbotten noggrant och f\u00f6rhindrar bakterietillv\u00e4xt efter svettning; under de kalla vinterm\u00e5naderna ger det n\u00e4ring p\u00e5 djupet och reparerar skadat h\u00e5r, \u00f6kar elasticiteten och f\u00f6rhindrar torrhet och frissighet. Samtidigt \u00e4r tea tree-extraktets naturliga och skonsamma formula \u00e4ven l\u00e4mplig f\u00f6r k\u00e4nslig h\u00e5rbotten och kommer inte att irritera. Oavsett om det \u00e4r fett och varmt eller torrt och kallt, kommer denna tv\u00e5-i-ett-produkt att h\u00e5lla ditt h\u00e5r fr\u00e4scht, smidigt och bekv\u00e4mt.<\/p>\n\n\n\n<h2 class=\"wp-block-heading\">Vem passar tea tree-schampo och balsam f\u00f6r?<\/h2>\n\n\n\n<p>Detta Tea Tree-schampo och balsam 2-i-1 \u00e4r s\u00e4rskilt l\u00e4mpligt f\u00f6r dig som har fet h\u00e5rbotten eller \u00e4r ben\u00e4gen f\u00f6r mj\u00e4ll. Tea Tree-extrakt \u00e4r en naturlig antibakteriell och antiinflammatorisk ingrediens som effektivt reng\u00f6r h\u00e5rbotten och f\u00f6rhindrar att bakterier och mj\u00e4ll ansamlas. Samtidigt ger den n\u00e4ring p\u00e5 djupet och reparerar skadat h\u00e5r, vilket \u00f6kar h\u00e5rets glans och elasticitet. Oavsett om du har fet h\u00e5rbotten eller torrt, frissigt h\u00e5r, eller kemiskt skadat h\u00e5r efter permanent och f\u00e4rgning, \u00e4r denna 2-i-1 tea tree-produkt det perfekta valet f\u00f6r dina h\u00e5rv\u00e5rdsbehov.<\/p>\n\n\n\n<h2 class=\"wp-block-heading\">Produktionsprocess f\u00f6r tea tree-schampo och balsam<\/h2>\n\n\n\n<p>Detta Tea Tree-schampo och balsam 2-i-1 tillverkas med hj\u00e4lp av ett antal avancerade tekniker. F\u00f6r det f\u00f6rsta kommer 100% av Tea Trees r\u00e5varor fr\u00e5n naturliga v\u00e4xter och har genomg\u00e5tt en rad kontroller f\u00f6r att s\u00e4kerst\u00e4lla att de \u00e4r fria fr\u00e5n kemisk kontaminering. F\u00f6r det andra kontrolleras temperatur och tryck strikt under utvecklingen av formeln f\u00f6r att s\u00e4kerst\u00e4lla att de aktiva ingredienserna i tea tree-extraktet inte skadas. Produkten anv\u00e4nder professionell separationsteknik f\u00f6r att extrahera tea tree-extraktet med h\u00f6g renhet f\u00f6r att s\u00e4kerst\u00e4lla utm\u00e4rkt produkteffektivitet. Slutligen, som en professionell tillverkare av Tea Tree-schampo och balsam, \u00e4r hela produktionsprocessen fri fr\u00e5n syntetiska kemikalier, vilket s\u00e4kerst\u00e4ller att produkten \u00e4r gr\u00f6n och milj\u00f6v\u00e4nlig.<\/p>","protected":false},"excerpt":{"rendered":"Tea tree shampoo and conditioner manufacturing common formulas This Tea Tree Shampoo and Conditioner 2-in-1 utilizes pure and natural tea tree extract as the core ingredient. Tea Tree Extract is rich in vitamins and minerals such as Vitamin C, Vitamin E, Iron, Zinc, etc., which can deeply nourish and repair damaged hair, and increase the [&hellip;]","protected":false},"featured_media":322,"menu_order":0,"template":"","meta":[],"product-tag":[],"products":[54],"class_list":["post-321","product","type-product","status-publish","has-post-thumbnail","hentry","products-shampoo-and-conditioner"],"acf":[],"_links":{"self":[{"href":"https:\/\/www.ruiqigo.com\/sv\/wp-json\/wp\/v2\/product\/321","targetHints":{"allow":["GET"]}}],"collection":[{"href":"https:\/\/www.ruiqigo.com\/sv\/wp-json\/wp\/v2\/product"}],"about":[{"href":"https:\/\/www.ruiqigo.com\/sv\/wp-json\/wp\/v2\/types\/product"}],"version-history":[{"count":0,"href":"https:\/\/www.ruiqigo.com\/sv\/wp-json\/wp\/v2\/product\/321\/revisions"}],"wp:featuredmedia":[{"embeddable":true,"href":"https:\/\/www.ruiqigo.com\/sv\/wp-json\/wp\/v2\/media\/322"}],"wp:attachment":[{"href":"https:\/\/www.ruiqigo.com\/sv\/wp-json\/wp\/v2\/media?parent=321"}],"wp:term":[{"taxonomy":"product-tag","embeddable":true,"href":"https:\/\/www.ruiqigo.com\/sv\/wp-json\/wp\/v2\/product-tag?post=321"},{"taxonomy":"products","embeddable":true,"href":"https:\/\/www.ruiqigo.com\/sv\/wp-json\/wp\/v2\/products?post=321"}],"curies":[{"name":"wp","href":"https:\/\/api.w.org\/{rel}","templated":true}]}}