{"id":3243,"date":"2025-04-29T10:51:22","date_gmt":"2025-04-29T02:51:22","guid":{"rendered":"https:\/\/www.ruiqigo.com\/?post_type=product&#038;p=3243"},"modified":"2025-04-29T10:51:23","modified_gmt":"2025-04-29T02:51:23","slug":"stainless-steel-tongue-scraper","status":"publish","type":"product","link":"https:\/\/www.ruiqigo.com\/sv\/product\/stainless-steel-tongue-scraper","title":{"rendered":"Tungskrapa i rostfritt st\u00e5l"},"content":{"rendered":"<h2 class=\"wp-block-heading\">Funktioner p\u00e5 tungskrapan i rostfritt st\u00e5l<\/h2>\n\n\n\n<p>1. <strong>Material<\/strong>Tungskrapan i rostfritt st\u00e5l \u00e4r tillverkad av h\u00f6gkvalitativt livsmedelsklassat rostfritt st\u00e5l (t.ex. 304 eller 316), vilket har utm\u00e4rkt korrosionsbest\u00e4ndighet, rostbest\u00e4ndighet och god hygien. <\/p>\n\n\n\n<p>2. <strong>Strukturera:<\/strong> V\u00e5r tungskrapa i rostfritt st\u00e5l \u00e4r generellt U-formad eller platt b\u00e5gformad, vilket perfekt passar kurvan p\u00e5 den m\u00e4nskliga tungans yta och \u00e4r mer omfattande vid skrapning av bakterier och tungbel\u00e4ggning, vilket s\u00e4kerst\u00e4ller reng\u00f6ringseffekten.<\/p>\n\n\n\n<p>3. <strong>Kantbehandling:<\/strong> Kanterna p\u00e5 tungskrapan i rostfritt st\u00e5l har polerats noggrant och \u00e4r sl\u00e4ta och rundade. De kommer inte att repa tungan eller insidan av munnen under anv\u00e4ndning, vilket garanterar s\u00e4kerheten. <\/p>\n\n\n\n<p>4. <strong>L\u00e5ngvarig och h\u00e5llbar:<\/strong> Rostfritt st\u00e5l \u00e4r naturligt h\u00e5llbart och kan anv\u00e4ndas under l\u00e5ng tid utan att det p\u00e5verkar prestandan. D\u00e4rf\u00f6r har det l\u00e5ng livsl\u00e4ngd och \u00e4r inte l\u00e4tt att g\u00e5 s\u00f6nder eller \u00e5ldras.<\/p>\n\n\n\n<p>5. <strong>L\u00e4tt att reng\u00f6ra: <\/strong>Ytan p\u00e5 tungskrapan i rostfritt st\u00e5l \u00e4r sl\u00e4t, kan steriliseras vid h\u00f6g temperatur och sk\u00f6ljas direkt, vilket \u00e4r mycket bekv\u00e4mt. <\/p>\n\n\n\n<p>6. <strong>Milj\u00f6v\u00e4nlig och \u00e5teranv\u00e4ndbar:<\/strong> Produkter i rostfritt st\u00e5l kan \u00e5teranv\u00e4ndas, vilket \u00e4r mycket milj\u00f6v\u00e4nligt och i linje med konceptet h\u00e5llbar utveckling. <\/p>\n\n\n\n<h2 class=\"wp-block-heading\">F\u00f6rdelar med tungskrapa i rostfritt st\u00e5l<\/h2>\n\n\n\n<p>1. <strong>F\u00f6rb\u00e4ttra munhygienen:<\/strong> En tungskrapa i rostfritt st\u00e5l kan effektivt ta bort tungbel\u00e4ggning och bakterier i munnen, f\u00f6rb\u00e4ttra den allm\u00e4nna munh\u00e4lsan och hygienen, lindra andningsproblem och f\u00f6rebygga d\u00e5lig andedr\u00e4kt. Samtidigt kan den ocks\u00e5 minska f\u00f6rekomsten av tandk\u00f6ttssjukdomar. <\/p>\n\n\n\n<p>2. <strong>Bra portabilitet: <\/strong>V\u00e5r tungskrapa i rostfritt st\u00e5l \u00e4r b\u00e4rbar och kompakt, l\u00e4mplig att b\u00e4ra med sig och bekv\u00e4m att anv\u00e4nda n\u00e4r du \u00e4r ute och reser, oavsett om du \u00e4r p\u00e5 resa eller aff\u00e4rsresa. <\/p>\n\n\n\n<p>3. <strong>Bra h\u00e5llbarhet:<\/strong> Rostfritt st\u00e5l \u00e4r v\u00e4lk\u00e4nt f\u00f6r sin goda h\u00e5llbarhet, korrosionsbest\u00e4ndighet och kan bibeh\u00e5lla utm\u00e4rkta prestanda efter l\u00e5ngvarig eller upprepad anv\u00e4ndning. <\/p>\n\n\n\n<p>4. <strong>L\u00e4tt att underh\u00e5lla:<\/strong> Tungskrapan i rostfritt st\u00e5l beh\u00f6ver bara sk\u00f6ljas eller steriliseras med kokande vatten efter anv\u00e4ndning. Ingen s\u00e4rskild sk\u00f6tsel kr\u00e4vs, vilket sparar mycket energi och tid. <\/p>\n\n\n\n<h2 class=\"wp-block-heading\">M\u00e5lgrupp f\u00f6r tungskrapa i rostfritt st\u00e5l<\/h2>\n\n\n\n<p>1. <strong>Personer som har problem med d\u00e5lig andedr\u00e4kt: <\/strong>Personer som har d\u00e5lig andedr\u00e4kt p\u00e5 grund av tjock tungbel\u00e4ggning. <\/p>\n\n\n\n<p>2. <strong>R\u00f6kare och alkoholister: <\/strong>R\u00f6kning och alkohol orsakar l\u00e5ngvariga f\u00e4sten p\u00e5 tungans yta. <\/p>\n\n\n\n<p>3. <strong>M\u00e4nniskor som \u00e4lskar att dricka kaffe och mj\u00f6lkte:<\/strong> Kaffe och mj\u00f6lkte l\u00e4mnar pigmentavlagringar p\u00e5 tungans yta, vilket p\u00e5verkar tungans hygien.<\/p>\n\n\n\n<p>4. <strong>M\u00e4nniskor som \u00e4r uppm\u00e4rksamma p\u00e5 munv\u00e5rd:<\/strong> De hoppas kunna bibeh\u00e5lla frisk andedr\u00e4kt och h\u00e4lsa i munnen och regelbundet f\u00f6rb\u00e4ttra hygienmilj\u00f6n inuti munnen.<\/p>\n\n\n\n<h2 class=\"wp-block-heading\">Anv\u00e4ndningsomr\u00e5den f\u00f6r tungskrapa i rostfritt st\u00e5l<\/h2>\n\n\n\n<p>1. <strong>Daglig hemv\u00e5rd: <\/strong>Du kan anv\u00e4nda den efter att du borstat t\u00e4nderna p\u00e5 morgonen eller innan du g\u00e5r och l\u00e4gger dig p\u00e5 kv\u00e4llen. Du kan ocks\u00e5 reng\u00f6ra den efter m\u00e5ltider om det beh\u00f6vs.<\/p>\n\n\n\n<p>2. <strong>Resa eller aff\u00e4rsresa: <\/strong>Du kan b\u00e4ra den med dig n\u00e4r du reser eller \u00e4r p\u00e5 aff\u00e4rsresa f\u00f6r att s\u00e4kerst\u00e4lla god munhygien n\u00e4r du \u00e4r borta. <\/p>\n\n\n\n<p>3. <strong>G\u00e5vogivning: <\/strong>Den kan anv\u00e4ndas som en present till munv\u00e5rd f\u00f6r sl\u00e4ktingar och v\u00e4nner. <\/p>\n\n\n\n<p>4. <strong>Professionella munv\u00e5rdsinstitutioner:<\/strong> Tandkliniker, munv\u00e5rdscentraler etc. kommer att anv\u00e4nda tungskrapor i rostfritt st\u00e5l som hj\u00e4lpverktyg. <\/p>\n\n\n\n<h2 class=\"wp-block-heading\">Hur man anv\u00e4nder tungskrapan i rostfritt st\u00e5l<\/h2>\n\n\n\n<p>1. Sk\u00f6lj tungskrapan i rostfritt st\u00e5l med vatten f\u00f6re anv\u00e4ndning f\u00f6r att s\u00e4kerst\u00e4lla att det inte finns n\u00e5gon smuts. <\/p>\n\n\n\n<p>2. \u00d6ppna munnen och str\u00e4ck ut tungan och f\u00f6rs\u00f6k att str\u00e4cka ut den platt.<\/p>\n\n\n\n<p>3. Skrapa f\u00f6rsiktigt tungskrapan i rostfritt st\u00e5l fr\u00e5n tungroten till tungspetsen och var noga med att inte g\u00e5 f\u00f6r l\u00e5ngt bak\u00e5t f\u00f6r att undvika kr\u00e4kningar.<\/p>\n\n\n\n<p>4. Upprepa skrapningen 2\u20133 g\u00e5nger efter behov. Om du vill skrapa renare kan du skrapa fler g\u00e5nger, men var f\u00f6rsiktig s\u00e5 att du inte g\u00f6r det f\u00f6r m\u00e5nga g\u00e5nger f\u00f6r att undvika att skada tungan eller munnen. Sk\u00f6lj med rent vatten efter varje skrapning.<\/p>\n\n\n\n<p>5. Sk\u00f6lj tungskrapan i rostfritt st\u00e5l med vatten efter skrapning. Den kan desinficeras med varmt vatten eller reng\u00f6ras med tv\u00e5lvatten. St\u00e4ll undan den efter torkning.<\/p>\n\n\n\n<p>6. <strong>Rekommendation<\/strong>Anv\u00e4nd tillsammans med munsk\u00f6lj f\u00f6r att f\u00f6rb\u00e4ttra munh\u00e4lsan p\u00e5 ett helt\u00e4ckande s\u00e4tt. <\/p>","protected":false},"excerpt":{"rendered":"Stainless steel tongue scraper features 1. Material: Stainless steel tongue scraper is made of high-quality food-grade stainless steel (such as 304 or 316 grade), which has excellent corrosion resistance, rust resistance and good hygiene. 2. Structure: Our stainless steel tongue scraper is generally U-shaped or flat arc-shaped, which perfectly fits the curve of the human [&hellip;]","protected":false},"featured_media":3245,"menu_order":0,"template":"","meta":[],"product-tag":[],"products":[169],"class_list":["post-3243","product","type-product","status-publish","has-post-thumbnail","hentry","products-tongue-scraper"],"acf":[],"_links":{"self":[{"href":"https:\/\/www.ruiqigo.com\/sv\/wp-json\/wp\/v2\/product\/3243","targetHints":{"allow":["GET"]}}],"collection":[{"href":"https:\/\/www.ruiqigo.com\/sv\/wp-json\/wp\/v2\/product"}],"about":[{"href":"https:\/\/www.ruiqigo.com\/sv\/wp-json\/wp\/v2\/types\/product"}],"version-history":[{"count":0,"href":"https:\/\/www.ruiqigo.com\/sv\/wp-json\/wp\/v2\/product\/3243\/revisions"}],"wp:featuredmedia":[{"embeddable":true,"href":"https:\/\/www.ruiqigo.com\/sv\/wp-json\/wp\/v2\/media\/3245"}],"wp:attachment":[{"href":"https:\/\/www.ruiqigo.com\/sv\/wp-json\/wp\/v2\/media?parent=3243"}],"wp:term":[{"taxonomy":"product-tag","embeddable":true,"href":"https:\/\/www.ruiqigo.com\/sv\/wp-json\/wp\/v2\/product-tag?post=3243"},{"taxonomy":"products","embeddable":true,"href":"https:\/\/www.ruiqigo.com\/sv\/wp-json\/wp\/v2\/products?post=3243"}],"curies":[{"name":"wp","href":"https:\/\/api.w.org\/{rel}","templated":true}]}}