{"id":3250,"date":"2025-04-29T10:52:15","date_gmt":"2025-04-29T02:52:15","guid":{"rendered":"https:\/\/www.ruiqigo.com\/?post_type=product&#038;p=3250"},"modified":"2025-04-29T10:52:16","modified_gmt":"2025-04-29T02:52:16","slug":"plastic-tongue-scraper","status":"publish","type":"product","link":"https:\/\/www.ruiqigo.com\/sv\/product\/plastic-tongue-scraper","title":{"rendered":"Plast tungskrapa"},"content":{"rendered":"<h2 class=\"wp-block-heading\">Funktioner p\u00e5 tungskrapan i plast<\/h2>\n\n\n\n<p>1. <strong>L\u00e4tt material: <\/strong>Plastskrapa f\u00f6r tungan \u00e4r vanligtvis tillverkad av livsmedelsklassat PP-, PE- eller PTE-material, vilket \u00e4r mycket l\u00e4tt, s\u00e4kert och giftfritt. <\/p>\n\n\n\n<p>2. <strong>L\u00e5g kostnad: <\/strong>J\u00e4mf\u00f6rt med tungskrapor av metall \u00e4r tungskrapor av plast mer prisv\u00e4rda och billigare, vilket g\u00f6r dem l\u00e4mpliga f\u00f6r storskalig popularisering. <\/p>\n\n\n\n<p>3. <strong>M\u00e5ngsidigt utseende:<\/strong> Plasttungskrapan finns i rika och olika f\u00e4rger, inklusive svart, gr\u00e5, vit, etc. Du kan v\u00e4lja f\u00e4rg fritt.<\/p>\n\n\n\n<p>4. <strong>God flexibilitet: <\/strong>Tungskrapan i plast har utm\u00e4rkt flexibilitet, \u00e4r skonsammare vid reng\u00f6ring av tungan och \u00e4r mindre ben\u00e4gen att skada tungan och munnen, vilket g\u00f6r den s\u00e4rskilt l\u00e4mplig f\u00f6r k\u00e4nsliga personer.<\/p>\n\n\n\n<h2 class=\"wp-block-heading\">F\u00f6rdelar med tungskrapa i plast<\/h2>\n\n\n\n<p>1. <strong>L\u00e4tt och b\u00e4rbar: <\/strong>Tungskrapan i plast \u00e4r mycket l\u00e4tt och l\u00e4mplig att b\u00e4ra med sig. Den \u00e4r l\u00e4tt att b\u00e4ra med sig oavsett om du \u00e4r p\u00e5 resa eller aff\u00e4rsresa. <\/p>\n\n\n\n<p>2. <strong>H\u00f6g kostnadseffektivitet:<\/strong> Eftersom den \u00e4r tillverkad av plast \u00e4r kostnaden l\u00e5g, s\u00e5 produktionskostnaden \u00e4r inte h\u00f6g, och den kan produceras i stora m\u00e4ngder, s\u00e5 den \u00e4r kostnadseffektiv.<\/p>\n\n\n\n<p>3. <strong>Mjuk och bekv\u00e4m: <\/strong>Tungskrapan i plast \u00e4r flexibel och mycket bekv\u00e4m att anv\u00e4nda, vilket g\u00f6r den mycket l\u00e4mplig f\u00f6r f\u00f6rstag\u00e5ngsanv\u00e4ndare, barn och k\u00e4nsliga personer.<\/p>\n\n\n\n<p>4. <strong>Flerf\u00e4rgad design: <\/strong>Det finns m\u00e5nga f\u00e4rger, och familjemedlemmar kan anv\u00e4nda dem separat f\u00f6r att s\u00e4kerst\u00e4lla personlig munhygien och h\u00e4lsa och f\u00f6rhindra korsinfektion.<\/p>\n\n\n\n<h2 class=\"wp-block-heading\">M\u00e5lgrupp f\u00f6r tungskrapa i plast<\/h2>\n\n\n\n<p>1. Barn, ton\u00e5ringar och personer som \u00e4r k\u00e4nsliga f\u00f6r tungskrapmaterial.<\/p>\n\n\n\n<p>2. S\u00e5som r\u00f6kare, alkoholister och personer som gillar att \u00e4ta starkt smakande mat och besv\u00e4ras av d\u00e5lig andedr\u00e4kt.<\/p>\n\n\n\n<p>3. Personer som \u00e4r noggranna med sin personliga munhygien och regelbundet byter munv\u00e5rdsredskap.<\/p>\n\n\n\n<p>4. Personer som beh\u00f6ver munv\u00e5rd n\u00e4r de reser, \u00e4r p\u00e5 aff\u00e4rsresor eller tr\u00e4nar under en l\u00e4ngre tid.<\/p>\n\n\n\n<p>5. Personer som har pigmentering p\u00e5 tungan p\u00e5 grund av l\u00e5ngvarigt drickande av kaffe eller mj\u00f6lkte.<\/p>\n\n\n\n<h2 class=\"wp-block-heading\">Anv\u00e4ndningsomr\u00e5den f\u00f6r tungskrapa av plast<\/h2>\n\n\n\n<p>1. <strong>Daglig munv\u00e5rd hemma: <\/strong>Reng\u00f6r tungbel\u00e4ggningen i tid varje dag hemma f\u00f6r att h\u00e5lla din andedr\u00e4kt fr\u00e4sch.<\/p>\n\n\n\n<p>2. <strong>Munv\u00e5rd f\u00f6r barn:<\/strong> mjukt material och olika f\u00e4rger, l\u00e4mpliga f\u00f6r att odla barns munv\u00e5rdsvanor och uppm\u00e4rksamma munh\u00e4lsan fr\u00e5n tidig \u00e5lder.<\/p>\n\n\n\n<p>3. <strong>Reseanv\u00e4ndning: <\/strong>Plastskrapan \u00e4r liten och l\u00e4tt, mycket bekv\u00e4m att b\u00e4ra, l\u00e4mplig f\u00f6r aff\u00e4rsresor, resor och camping.<\/p>\n\n\n\n<p>4. <strong>Gym och kontor: <\/strong>Reng\u00f6r insidan av munnen efter tr\u00e4ning eller under arbetspauser f\u00f6r att h\u00e5lla andedr\u00e4kten frisk och bibeh\u00e5lla munh\u00e4lsan.<\/p>\n\n\n\n<h2 class=\"wp-block-heading\">Hur man anv\u00e4nder tungskrapan av plast<\/h2>\n\n\n\n<p>1. Sk\u00f6lj tungskrapan av plast med varmt vatten f\u00f6re anv\u00e4ndning f\u00f6r att s\u00e4kerst\u00e4lla att ingen smuts p\u00e5verkar munhygienen.<\/p>\n\n\n\n<p>2. \u00d6ppna munnen och str\u00e4ck ut tungan s\u00e5 platt som m\u00f6jligt f\u00f6r att blotta tungans yta.<\/p>\n\n\n\n<p>3. Placera f\u00f6rsiktigt tungskrapan vid tungroten och skrapa l\u00e5ngsamt och f\u00f6rsiktigt mot tungspetsen.<\/p>\n\n\n\n<p>4. Upprepa skrapningen flera g\u00e5nger beroende p\u00e5 tungbel\u00e4ggningens skick och sk\u00f6lj tungskrapan med rent vatten efter varje skrapning.<\/p>\n\n\n\n<p>5. Tv\u00e4tta tungskrapan noggrant med rent vatten efter anv\u00e4ndning. Du kan anv\u00e4nda tv\u00e5lvatten f\u00f6r att underl\u00e4tta reng\u00f6ringen.<\/p>\n\n\n\n<p>6. <strong>Notera: <\/strong>F\u00f6rvara p\u00e5 en torr och ventilerad plats f\u00f6r daglig anv\u00e4ndning f\u00f6r att h\u00e5lla den hygienisk. Om det \u00e4r en eng\u00e5ngsprodukt rekommenderas det att kassera den efter anv\u00e4ndning.<\/p>","protected":false},"excerpt":{"rendered":"Plastic tongue scraper features 1. Light material: plastic tongue scraper is generally made of food grade PP, PE or PTE material, which is very light, safe and non-toxic. 2. Low cost: Compared with metal tongue scrapers, plastic tongue scrapers are more affordable and cheaper, making them suitable for large-scale popularization. 3. Diverse appearance: plastic tongue [&hellip;]","protected":false},"featured_media":3254,"menu_order":0,"template":"","meta":[],"product-tag":[],"products":[169],"class_list":["post-3250","product","type-product","status-publish","has-post-thumbnail","hentry","products-tongue-scraper"],"acf":[],"_links":{"self":[{"href":"https:\/\/www.ruiqigo.com\/sv\/wp-json\/wp\/v2\/product\/3250","targetHints":{"allow":["GET"]}}],"collection":[{"href":"https:\/\/www.ruiqigo.com\/sv\/wp-json\/wp\/v2\/product"}],"about":[{"href":"https:\/\/www.ruiqigo.com\/sv\/wp-json\/wp\/v2\/types\/product"}],"version-history":[{"count":0,"href":"https:\/\/www.ruiqigo.com\/sv\/wp-json\/wp\/v2\/product\/3250\/revisions"}],"wp:featuredmedia":[{"embeddable":true,"href":"https:\/\/www.ruiqigo.com\/sv\/wp-json\/wp\/v2\/media\/3254"}],"wp:attachment":[{"href":"https:\/\/www.ruiqigo.com\/sv\/wp-json\/wp\/v2\/media?parent=3250"}],"wp:term":[{"taxonomy":"product-tag","embeddable":true,"href":"https:\/\/www.ruiqigo.com\/sv\/wp-json\/wp\/v2\/product-tag?post=3250"},{"taxonomy":"products","embeddable":true,"href":"https:\/\/www.ruiqigo.com\/sv\/wp-json\/wp\/v2\/products?post=3250"}],"curies":[{"name":"wp","href":"https:\/\/api.w.org\/{rel}","templated":true}]}}