{"id":326,"date":"2024-07-05T20:16:31","date_gmt":"2024-07-05T12:16:31","guid":{"rendered":"https:\/\/ruiqigo.com\/?post_type=product&#038;p=326"},"modified":"2024-09-26T17:45:54","modified_gmt":"2024-09-26T09:45:54","slug":"bath-and-body-lotion","status":"publish","type":"product","link":"https:\/\/www.ruiqigo.com\/sv\/product\/bath-and-body-lotion","title":{"rendered":"Bad och bodylotion"},"content":{"rendered":"<h3 class=\"wp-block-heading\">Bad- och kroppslotion som tillverkar vanliga formler<\/h3>\n\n\n\n<p>Denna lotion \u00e4r gjord med m\u00e5nga naturliga ingredienser av h\u00f6g kvalitet: Natriumhyaluronat har utm\u00e4rkt fuktgivande effekt och kan p\u00e5 djupet \u00e5terfukta och ge n\u00e4ring till huden; Allantoin st\u00e4rker hudbarri\u00e4ren och f\u00f6rb\u00e4ttrar torrhet; Aloe Vera Cura\u00e7ao Water \u00e4r rikt p\u00e5 vitaminer och mineraler, vilket \u00e4r effektivt f\u00f6r att bleka och mjukg\u00f6ra huden. Dessa ingredienser \u00e4r skonsamma och s\u00e4kra, utan n\u00e5gra kemiska tillsatser, kan ge dig en ren hudv\u00e5rdsupplevelse utan tillsatser.<\/p>\n\n\n\n<h3 class=\"wp-block-heading\">Bad och kroppslotion Till\u00e4mpliga scenarier<\/h3>\n\n\n\n<p>Bad- och bodylotioner \u00e4r l\u00e4mpliga f\u00f6r alla klimat. Under de torra vinterm\u00e5naderna \u00e5terfuktar och ger den n\u00e4ring \u00e5t huden p\u00e5 djupet och lindrar torrhet och stramhet som orsakas av kylan; under de varma sommarm\u00e5naderna absorberas dess uppfriskande och silkeslena konsistens snabbt utan att ge en klibbig k\u00e4nsla, vilket ger l\u00e5ngvarig \u00e5terfuktning till huden. Eller s\u00e5 har vi fler <a href=\"https:\/\/www.ruiqigo.com\/sv\/products\/body-lotion\/\">body lotion<\/a> alternativ f\u00f6r dig att v\u00e4lja mellan.<\/p>\n\n\n\n<h3 class=\"wp-block-heading\">Vem \u00e4r bad- och bodylotiondr\u00e4kt f\u00f6r<\/h3>\n\n\n\n<p>Bad- och kroppslotioner passar alla m\u00e4nniskor i alla \u00e5ldrar. Det f\u00f6rb\u00e4ttrar torrhet orsakad av h\u00f6g talgsekretion, och hj\u00e4lper till med anti-aging och \u00e5ldersrelaterad slapphet och str\u00e4vhet i huden. Den \u00e4r s\u00e4rskilt l\u00e4mplig f\u00f6r dem med naturligt torr hud, vilket ger en l\u00e5ngvarig \u00e5terfuktande och vitaliserande hudv\u00e5rdsupplevelse. Om du har n\u00e5gra andra behov f\u00e5r du g\u00e4rna l\u00e4ra dig mer om 3TOP <a href=\"https:\/\/www.ruiqigo.com\/sv\/products\/body-care\/\">kroppsv\u00e5rd<\/a> produkter.<\/p>\n\n\n\n<h3 class=\"wp-block-heading\">Produktionsprocess f\u00f6r bad och kroppslotion<\/h3>\n\n\n\n<p>F\u00f6rst av allt kontrollerar vi strikt k\u00e4llan till r\u00e5varor och produktionsprocesser f\u00f6r att s\u00e4kerst\u00e4lla att produkten \u00e4r s\u00e4ker och ofarlig; f\u00f6r det andra anv\u00e4nder vi en unik emulgeringsteknik, vilket g\u00f6r emulsionsstrukturen mer sl\u00e4t och delikat, smidig absorption; vidare \u00e4r vi extra noggranna i utformningen av f\u00f6rpackningen, anv\u00e4ndningen av ergonomisk design av flaskans kropp, l\u00e4tt f\u00f6r dig att greppa med en hand. Om du vill veta mer, kolla in relaterade <a href=\"https:\/\/www.ruiqigo.com\/sv\/body-lotion-manufacturer-elevating-skincare-standards.html\/\">body lotion<\/a> tillverkningsinformation.<\/p>","protected":false},"excerpt":{"rendered":"Bath and body lotion manufacturing Common Formulas This lotion is made with many high quality natural ingredients: Sodium Hyaluronate has excellent moisturizing effect and can deeply hydrate and nourish the skin; Allantoin strengthens the skin barrier and improves dryness; Aloe Vera Cura\u00e7ao Water is rich in vitamins and minerals, which is effective in whitening and [&hellip;]","protected":false},"featured_media":327,"menu_order":0,"template":"","meta":[],"product-tag":[],"products":[56],"class_list":["post-326","product","type-product","status-publish","has-post-thumbnail","hentry","products-body-lotion"],"acf":[],"_links":{"self":[{"href":"https:\/\/www.ruiqigo.com\/sv\/wp-json\/wp\/v2\/product\/326","targetHints":{"allow":["GET"]}}],"collection":[{"href":"https:\/\/www.ruiqigo.com\/sv\/wp-json\/wp\/v2\/product"}],"about":[{"href":"https:\/\/www.ruiqigo.com\/sv\/wp-json\/wp\/v2\/types\/product"}],"version-history":[{"count":0,"href":"https:\/\/www.ruiqigo.com\/sv\/wp-json\/wp\/v2\/product\/326\/revisions"}],"wp:featuredmedia":[{"embeddable":true,"href":"https:\/\/www.ruiqigo.com\/sv\/wp-json\/wp\/v2\/media\/327"}],"wp:attachment":[{"href":"https:\/\/www.ruiqigo.com\/sv\/wp-json\/wp\/v2\/media?parent=326"}],"wp:term":[{"taxonomy":"product-tag","embeddable":true,"href":"https:\/\/www.ruiqigo.com\/sv\/wp-json\/wp\/v2\/product-tag?post=326"},{"taxonomy":"products","embeddable":true,"href":"https:\/\/www.ruiqigo.com\/sv\/wp-json\/wp\/v2\/products?post=326"}],"curies":[{"name":"wp","href":"https:\/\/api.w.org\/{rel}","templated":true}]}}