{"id":3276,"date":"2025-04-29T15:41:35","date_gmt":"2025-04-29T07:41:35","guid":{"rendered":"https:\/\/www.ruiqigo.com\/?post_type=product&#038;p=3276"},"modified":"2025-04-29T15:41:35","modified_gmt":"2025-04-29T07:41:35","slug":"kids-electric-toothbrush","status":"publish","type":"product","link":"https:\/\/www.ruiqigo.com\/sv\/product\/kids-electric-toothbrush","title":{"rendered":"Barnens elektriska tandborste"},"content":{"rendered":"<h2 class=\"wp-block-heading\">Funktioner f\u00f6r elektrisk tandborste f\u00f6r barn<\/h2>\n\n\n\n<p>1.<strong> Borststr\u00e5n och borsthuvuden: <\/strong>V\u00e5r elektriska barntandborste \u00e4r speciellt utformad f\u00f6r barn, med ett litet borsthuvud, l\u00e4mpligt f\u00f6r barn att anv\u00e4nda. Borststr\u00e5na \u00e4r mjuka och fina, vilket effektivt kan v\u00e5rda barns k\u00e4nsliga tandk\u00f6tt och f\u00f6rhindra skador.<\/p>\n\n\n\n<p>2. <strong>Milj\u00f6v\u00e4nlig kropp: <\/strong>Barnens elektriska tandborste \u00e4r tillverkad av livsmedelsgodk\u00e4nda, milj\u00f6v\u00e4nliga material, och den \u00e4r liten och l\u00e4tt, l\u00e4mplig f\u00f6r barnh\u00e4nder. Handtaget \u00e4r ergonomiskt, bekv\u00e4mt och halkfritt att h\u00e5lla i.<\/p>\n\n\n\n<p>3. <strong>S\u00f6t form:<\/strong> Barnens elektriska tandborste \u00e4r f\u00e4rgglad och m\u00e5ngsidig, ofta med tecknade m\u00f6nster, vilket kan \u00f6ka barns intresse f\u00f6r att borsta t\u00e4nderna och odla goda munhygienvanor.<\/p>\n\n\n\n<p>4. <strong>Vattent\u00e4t design:<\/strong> H\u00f6ljet \u00e4r tillverkat av IPX7-klassat material, s\u00e4kert f\u00f6r anv\u00e4ndning i v\u00e5ta milj\u00f6er.<\/p>\n\n\n\n<p>5. <strong>L\u00e4tt att ladda: <\/strong>En eltandborste f\u00f6r barn kan laddas p\u00e5 olika s\u00e4tt, till exempel via USB-laddning, batteriladdning eller tr\u00e5dl\u00f6s laddning, vilket \u00e4r bekv\u00e4mt att anv\u00e4nda.<\/p>\n\n\n\n<h2 class=\"wp-block-heading\">F\u00f6rdelar med elektrisk tandborste f\u00f6r barn<\/h2>\n\n\n\n<p>1.<strong> Stark reng\u00f6ringskraft: <\/strong>V\u00e5r elektriska tandborste f\u00f6r barn \u00e4r utrustad med intelligent sonisk vibrationsteknik och roterande reng\u00f6ringsteknik, som kan djupreng\u00f6ra mellanrummen mellan t\u00e4nderna, enkelt ta bort plack och rester, och reng\u00f6ringseffekten \u00e4r mycket grundlig.<\/p>\n\n\n\n<p>2. <strong>L\u00e5ng batteritid:<\/strong> Barnens eltandborste kan laddas med USB-snabbladdning eller tr\u00e5dl\u00f6s induktionsladdning. Det tar bara 2 timmar att ladda och den kan h\u00e5lla i mer \u00e4n 25 dagar. Du beh\u00f6ver inte l\u00e4ngre oroa dig f\u00f6r att tandborsten ska f\u00e5 slut p\u00e5 str\u00f6m n\u00e4r du \u00e4r ute.<\/p>\n\n\n\n<p>3. <strong>Skydda t\u00e4nder och tandk\u00f6tt: <\/strong>Vibrationsintensiteten p\u00e5 v\u00e5r elektriska barntandborste st\u00e4lls in av proffs. Vibrationsintensiteten \u00e4r m\u00e5ttlig, skonsam och effektiv och skadar inte det \u00f6mt\u00e5liga tandk\u00f6ttet. Den \u00e4r mycket l\u00e4mplig f\u00f6r barns tidiga tandv\u00e5rd. Samtidigt st\u00e4ller vi in flera v\u00e4xell\u00e4gen, s\u00e5som reng\u00f6ringsl\u00e4ge, k\u00e4nslighetsl\u00e4ge etc., f\u00f6r att m\u00f6ta behoven hos barn i olika \u00e5ldrar.<\/p>\n\n\n\n<p>4. <strong>Borsthuvudet \u00e4r utbytbart: <\/strong>Borsthuvudet p\u00e5 barnens eltandborste kan bytas ut. N\u00e4r borstens reng\u00f6ringskraft minskar kan du byta ut det mot ett nytt borsthuvud, vilket \u00e4r mycket milj\u00f6v\u00e4nligt och ekonomiskt, och praktiskt f\u00f6r l\u00e5ngvarig anv\u00e4ndning.<\/p>\n\n\n\n<p>5. <strong>Intressant design:<\/strong> Barnens eltandborstar \u00e4r ofta utformade med tecknade element, vilket kan \u00f6ka barns initiativf\u00f6rm\u00e5ga och intresse f\u00f6r att borsta t\u00e4nderna, minska motst\u00e5ndet och enkelt utveckla goda vanor.<\/p>\n\n\n\n<p>6. <strong>Liten och l\u00e4tt: <\/strong>Barnens eltandborste \u00e4r liten och l\u00e4tt och kan h\u00e5llas i ena handen. Barns handmuskler \u00e4r inte fullt utvecklade, s\u00e5 den l\u00e4tta tandborsten \u00e4r l\u00e4mplig f\u00f6r barn \u00f6ver 3 \u00e5r att anv\u00e4nda sj\u00e4lvst\u00e4ndigt.<\/p>\n\n\n\n<h2 class=\"wp-block-heading\">M\u00e5lgrupp f\u00f6r elektrisk tandborste f\u00f6r barn<\/h2>\n\n\n\n<ul class=\"wp-block-list\">\n<li>Barn fr\u00e5n 3 \u00e5r och upp\u00e5t, s\u00e4rskilt de som \u00e4r i perioden med mj\u00f6lkt\u00e4nder och ers\u00e4ttningst\u00e4nder, som beh\u00f6ver st\u00e4rka sin munv\u00e5rd.<\/li>\n<\/ul>\n\n\n\n<ul class=\"wp-block-list\">\n<li>Barn som \u00e4r motst\u00e5ndskraftiga mot traditionella tandborstar och inte \u00e4r s\u00e4rskilt motiverade att borsta t\u00e4nderna.<\/li>\n<\/ul>\n\n\n\n<ul class=\"wp-block-list\">\n<li>Barn som anv\u00e4nder tandst\u00e4llning under ortodontisk behandling.<\/li>\n<\/ul>\n\n\n\n<ul class=\"wp-block-list\">\n<li>Familjer som uppm\u00e4rksammar barns munh\u00e4lsa.<\/li>\n<\/ul>\n\n\n\n<h2 class=\"wp-block-heading\">Anv\u00e4ndningsomr\u00e5den f\u00f6r elektriska tandborstar f\u00f6r barn<\/h2>\n\n\n\n<ul class=\"wp-block-list\">\n<li>Daglig munv\u00e5rd f\u00f6r barn i hemmet.<\/li>\n<\/ul>\n\n\n\n<ul class=\"wp-block-list\">\n<li>B\u00e4rbar tandborstningsutrustning f\u00f6r barn f\u00f6r familjeresor.<\/li>\n<\/ul>\n\n\n\n<ul class=\"wp-block-list\">\n<li>Munhygienundervisningsmaterial f\u00f6r f\u00f6rskolor, grundskolor och andra institutioner.<\/li>\n<\/ul>\n\n\n\n<h2 class=\"wp-block-heading\">Tillverkningsteknik f\u00f6r elektriska barntandborstar<\/h2>\n\n\n\n<p>V\u00e5r elektriska tandborste f\u00f6r barn \u00e4r tillverkad av livsmedelss\u00e4kra material, s\u00e5som PP-plast, mjukt TPE-gummi etc. Den anv\u00e4nder helautomatisk formsprutning och intelligent monteringsteknik f\u00f6r att s\u00e4kerst\u00e4lla stabil vibrationsfrekvens och l\u00e5gt ljud. Den \u00e4r strikt vattent\u00e4t och anv\u00e4nder ultraljudssvetsning eller en t\u00e4tningsringsstruktur f\u00f6r att s\u00e4kerst\u00e4lla \u00f6vergripande vattent\u00e4t prestanda. Innan den l\u00e4mnar fabriken utf\u00f6r vi flera kvalitetsinspektioner f\u00f6r den, s\u00e5som fallmotst\u00e5ndstest, vattent\u00e4thetstest etc., f\u00f6r att s\u00e4kerst\u00e4lla att den uppfyller internationella s\u00e4kerhetscertifieringsstandarder. Eltandborsten f\u00f6r barn st\u00f6der OEM\/ODM-anpassning, och borstm\u00f6nster, logotyp, f\u00f6rpackning etc. kan anpassas personligt. <\/p>\n\n\n\n<h2 class=\"wp-block-heading\">Hur man anv\u00e4nder en elektrisk tandborste f\u00f6r barn<\/h2>\n\n\n\n<p>1. Ladda batterierna helt eller s\u00e4tt i nya innan f\u00f6rsta anv\u00e4ndningen.<\/p>\n\n\n\n<p>2. Ta bort skyddslocket p\u00e5 borsthuvudet och tryck ut en l\u00e4mplig m\u00e4ngd barntandkr\u00e4m p\u00e5 borststr\u00e5na.<\/p>\n\n\n\n<p>3. S\u00e4tt borsthuvudet i munnen, r\u00f6r vid t\u00e4ndernas yta och sl\u00e5 sedan p\u00e5 str\u00f6mmen.<\/p>\n\n\n\n<p>4. R\u00f6r tandborsten f\u00f6rsiktigt, borsta \u00f6vert\u00e4nderna, undert\u00e4nderna och ocklusala ytan i ordning, borsta i cirka 2 minuter varje g\u00e5ng och borsta k\u00e4nsligheten p\u00e5 olika omr\u00e5den.<\/p>\n\n\n\n<p>5. St\u00e4ng av str\u00f6mmen efter anv\u00e4ndning, sk\u00f6lj borsthuvudet med rent vatten, torka sedan kroppen och placera den p\u00e5 en ventilerad och torr plats.<\/p>\n\n\n\n<p>6. Rekommendation: Byt borsthuvud var tredje m\u00e5nad f\u00f6r att s\u00e4kerst\u00e4lla hygien och reng\u00f6ringseffekt. <\/p>\n\n\n\n<h2 class=\"wp-block-heading\">Slutsats<\/h2>\n\n\n\n<p>3TOPs elektriska tandborste f\u00f6r barn \u00e4r s\u00e4ker, smart och rolig. Den skyddar inte bara barns munh\u00e4lsa utan hj\u00e4lper dem ocks\u00e5 att utveckla goda borstvanor. Vi erbjuder \u00e4ven en m\u00e4ngd olika anpassade l\u00f6sningar f\u00f6r att m\u00f6ta kundernas olika behov. Om du har n\u00e5gra behov \u00e4r du v\u00e4lkommen att kontakta oss!<\/p>","protected":false},"excerpt":{"rendered":"Kids electric toothbrush features 1. Bristles and brush heads: Our kids electric toothbrush is specially designed for children, with a small brush head, suitable for children to use. The bristles are soft and fine, which can effectively care for children&#8217;s delicate gums and prevent damage. 2. Environmentally friendly body: The body of the kids electric [&hellip;]","protected":false},"featured_media":3277,"menu_order":0,"template":"","meta":[],"product-tag":[],"products":[167],"class_list":["post-3276","product","type-product","status-publish","has-post-thumbnail","hentry","products-toothbrush"],"acf":[],"_links":{"self":[{"href":"https:\/\/www.ruiqigo.com\/sv\/wp-json\/wp\/v2\/product\/3276","targetHints":{"allow":["GET"]}}],"collection":[{"href":"https:\/\/www.ruiqigo.com\/sv\/wp-json\/wp\/v2\/product"}],"about":[{"href":"https:\/\/www.ruiqigo.com\/sv\/wp-json\/wp\/v2\/types\/product"}],"version-history":[{"count":0,"href":"https:\/\/www.ruiqigo.com\/sv\/wp-json\/wp\/v2\/product\/3276\/revisions"}],"wp:featuredmedia":[{"embeddable":true,"href":"https:\/\/www.ruiqigo.com\/sv\/wp-json\/wp\/v2\/media\/3277"}],"wp:attachment":[{"href":"https:\/\/www.ruiqigo.com\/sv\/wp-json\/wp\/v2\/media?parent=3276"}],"wp:term":[{"taxonomy":"product-tag","embeddable":true,"href":"https:\/\/www.ruiqigo.com\/sv\/wp-json\/wp\/v2\/product-tag?post=3276"},{"taxonomy":"products","embeddable":true,"href":"https:\/\/www.ruiqigo.com\/sv\/wp-json\/wp\/v2\/products?post=3276"}],"curies":[{"name":"wp","href":"https:\/\/api.w.org\/{rel}","templated":true}]}}