{"id":331,"date":"2024-07-05T20:22:01","date_gmt":"2024-07-05T12:22:01","guid":{"rendered":"https:\/\/ruiqigo.com\/?post_type=product&#038;p=331"},"modified":"2024-09-26T17:44:36","modified_gmt":"2024-09-26T09:44:36","slug":"retinol-body-lotion","status":"publish","type":"product","link":"https:\/\/www.ruiqigo.com\/sv\/product\/retinol-body-lotion","title":{"rendered":"Retinol bodylotion"},"content":{"rendered":"<h3 class=\"wp-block-heading\">Tillverkning av retinol bodylotion Vanliga formler<\/h3>\n\n\n\n<p>K\u00e4rningrediensen i v\u00e5r retinol bodylotion \u00e4r retinol, ett fettl\u00f6sligt vitamin med utm\u00e4rkta antioxidanta och \u00e5terst\u00e4llande egenskaper, vilket effektivt kan f\u00f6rb\u00e4ttra torr och grov hud. Samtidigt fr\u00e4mjar det \u00e4ven kollagensyntesen, vilket f\u00f6rb\u00e4ttrar hudens struktur och ger dig en mer k\u00e4nslig och smidig hud. Dessutom tills\u00e4tter produkten \u00e4ven vitamin E, glycerin och andra naturliga n\u00e4rande ingredienser, som kan ge huden djupg\u00e5ende n\u00e4ring och \u00e5terst\u00e4lla fukten i hudens struktur, g\u00f6ra den mjuk och len.<\/p>\n\n\n\n<h3 class=\"wp-block-heading\">Retinol bodylotion Till\u00e4mpliga scenarier<\/h3>\n\n\n\n<p>V\u00e5ra retinol bodylotions \u00e4r l\u00e4mpliga f\u00f6r alla klimatf\u00f6rh\u00e5llanden. Under de kalla, torra vinterm\u00e5naderna fokuserar den p\u00e5 att \u00e5terfukta huden och ge n\u00e4rings\u00e4mnen, lindra oj\u00e4mnheter och gl\u00e5mighet orsakade av den torra milj\u00f6n; under de varma, svettiga sommarm\u00e5naderna absorberas den snabbt utan att orsaka en klibbig k\u00e4nsla, vilket h\u00e5ller huden \u00e5terfuktad. Eller s\u00e5 har vi fler <a href=\"https:\/\/www.ruiqigo.com\/sv\/products\/body-lotion\/\">body lotion<\/a> alternativ f\u00f6r dig att v\u00e4lja mellan.<\/p>\n\n\n\n<h3 class=\"wp-block-heading\">Vem \u00e4r Retinol bodylotion-dr\u00e4kt f\u00f6r?<\/h3>\n\n\n\n<p>V\u00e5ra retinol bodylotions passar alla. F\u00f6r ungdomar f\u00f6rb\u00e4ttrar den torrhet orsakad av talgproduktion. F\u00f6r medel\u00e5lders och \u00e4ldre kan den reparera hudens oj\u00e4mnhet och torrhet orsakad av tidens g\u00e5ng. Den \u00e4r \u00e4ven l\u00e4mplig f\u00f6r personer med torr hud och ger en l\u00e5ngvarig \u00e5terfuktande och f\u00f6ryngrande upplevelse. Om du har n\u00e5gra andra behov \u00e4r du v\u00e4lkommen att l\u00e4sa mer om 3TOP. <a href=\"https:\/\/www.ruiqigo.com\/sv\/products\/body-care\/\">kroppsv\u00e5rd<\/a> produkter.<\/p>\n\n\n\n<h3 class=\"wp-block-heading\">Produktionsprocess f\u00f6r retinol bodylotion<\/h3>\n\n\n\n<p>Det som g\u00f6r retinol bodylotions s\u00e5 speciella \u00e4r urvalet av aktiva ingredienser och den k\u00e4nsliga processen. H\u00f6gkvalitativ retinol, ett vitamin A-derivat k\u00e4nt f\u00f6r sina anti-aging egenskaper, anv\u00e4nds f\u00f6r att minska fina linjer och f\u00f6rb\u00e4ttra hudens elasticitet. Under produktionsprocessen \u00e4gnas s\u00e4rskild uppm\u00e4rksamhet \u00e5t att bibeh\u00e5lla retinolens stabilitet och aktivitet, med skonsamma formuleringar och l\u00e5gtemperaturextraktionstekniker f\u00f6r att undvika nedbrytning av ingrediensen. Dessutom genomg\u00e5r produkten strikt kvalitetskontroll f\u00f6r att s\u00e4kerst\u00e4lla att varje applicering ger mild men effektiv n\u00e4ring och reparation till huden. Om du vill veta mer, v\u00e4nligen kolla in relaterade <a href=\"https:\/\/www.ruiqigo.com\/sv\/body-lotion-manufacturer-elevating-skincare-standards.html\/\">body lotion<\/a> tillverkningsinformation.<\/p>","protected":false},"excerpt":{"rendered":"Retinol body lotion manufacturing Common Formulas The core ingredient of our retinol body lotion is retinol, a fat-soluble vitamin with excellent antioxidant and restorative properties, which can effectively improve dry and rough skin. At the same time, it also promotes collagen synthesis, thus improving skin texture and leaving you with a more delicate and supple [&hellip;]","protected":false},"featured_media":332,"menu_order":0,"template":"","meta":[],"product-tag":[],"products":[56],"class_list":["post-331","product","type-product","status-publish","has-post-thumbnail","hentry","products-body-lotion"],"acf":[],"_links":{"self":[{"href":"https:\/\/www.ruiqigo.com\/sv\/wp-json\/wp\/v2\/product\/331","targetHints":{"allow":["GET"]}}],"collection":[{"href":"https:\/\/www.ruiqigo.com\/sv\/wp-json\/wp\/v2\/product"}],"about":[{"href":"https:\/\/www.ruiqigo.com\/sv\/wp-json\/wp\/v2\/types\/product"}],"version-history":[{"count":0,"href":"https:\/\/www.ruiqigo.com\/sv\/wp-json\/wp\/v2\/product\/331\/revisions"}],"wp:featuredmedia":[{"embeddable":true,"href":"https:\/\/www.ruiqigo.com\/sv\/wp-json\/wp\/v2\/media\/332"}],"wp:attachment":[{"href":"https:\/\/www.ruiqigo.com\/sv\/wp-json\/wp\/v2\/media?parent=331"}],"wp:term":[{"taxonomy":"product-tag","embeddable":true,"href":"https:\/\/www.ruiqigo.com\/sv\/wp-json\/wp\/v2\/product-tag?post=331"},{"taxonomy":"products","embeddable":true,"href":"https:\/\/www.ruiqigo.com\/sv\/wp-json\/wp\/v2\/products?post=331"}],"curies":[{"name":"wp","href":"https:\/\/api.w.org\/{rel}","templated":true}]}}