{"id":3311,"date":"2025-05-08T10:24:36","date_gmt":"2025-05-08T02:24:36","guid":{"rendered":"https:\/\/www.ruiqigo.com\/?post_type=product&#038;p=3311"},"modified":"2025-05-08T10:24:36","modified_gmt":"2025-05-08T02:24:36","slug":"adult-toothbrush","status":"publish","type":"product","link":"https:\/\/www.ruiqigo.com\/sv\/product\/adult-toothbrush","title":{"rendered":"Vuxen tandborste"},"content":{"rendered":"<h2 class=\"wp-block-heading\">Funktioner f\u00f6r vuxna tandborstar<\/h2>\n\n\n\n<p>Vuxentandborsten har m\u00e5nga praktiska designer, s\u00e5som ett ergonomiskt handtag, en rimlig borsthuvudstorlek, mjuka och medelh\u00e5rda borststr\u00e5n etc. Den kan m\u00f6ta vuxnas behov av djupreng\u00f6ring och komfort vid munreng\u00f6ring och \u00e4r l\u00e4mplig f\u00f6r olika personer och reng\u00f6ringsscenarier.<\/p>\n\n\n\n<p>1. <strong>Ergonomiskt handtag: <\/strong>bekv\u00e4m att h\u00e5lla i, halkfri design, flexibel anv\u00e4ndning, enkel att reng\u00f6ra munh\u00e5lan, ergonomisk och bra anv\u00e4ndarupplevelse.<\/p>\n\n\n\n<p>2. <strong>Diversifierad borstdesign: <\/strong>Vuxentandborstar erbjuder en m\u00e4ngd olika borstalternativ, inklusive mjuka, medelh\u00e5rda och h\u00e5rda borst, som kan m\u00f6ta anv\u00e4ndarnas personliga reng\u00f6ringsbehov.<\/p>\n\n\n\n<p>3. <strong>Milj\u00f6v\u00e4nliga och s\u00e4kra material: <\/strong>V\u00e5ra tandborstar f\u00f6r vuxna \u00e4r tillverkade av milj\u00f6v\u00e4nliga och s\u00e4kra material. Borststr\u00e5na \u00e4r vanligtvis gjorda av PBT, nylon och andra material. Handtaget \u00e4r tillverkat av PP, bambu eller majsst\u00e4rkelsekompositmaterial, vilket \u00f6verensst\u00e4mmer med milj\u00f6skyddsprincipen.<\/p>\n\n\n\n<p>4. <strong>En m\u00e4ngd olika stilar finns tillg\u00e4ngliga: <\/strong>Vi erbjuder vanliga tandborstar, milj\u00f6v\u00e4nliga tandborstar med bambuhandtag, biologiskt nedbrytbara tandborstar, b\u00e4rbara resef\u00f6rpackningar och andra modeller f\u00f6r att m\u00f6ta olika anv\u00e4ndares behov.<\/p>\n\n\n\n<p>5. <strong>Borsthuvudets storlek \u00e4r l\u00e4mplig: <\/strong>Storleken p\u00e5 borsthuvudet p\u00e5 v\u00e5r vuxentandborste anpassar sig till vuxnas munstruktur, vilket enkelt kan reng\u00f6ra de bakre t\u00e4nderna och mellanrummen mellan t\u00e4nderna, vilket s\u00e4kerst\u00e4ller en reng\u00f6rande effekt samt hygien och h\u00e4lsa.<\/p>\n\n\n\n<h2 class=\"wp-block-heading\">F\u00f6rdelar med tandborstar f\u00f6r vuxna<\/h2>\n\n\n\n<p>V\u00e5r tandborste f\u00f6r vuxna har f\u00f6rdelarna att den skyddar tandk\u00f6ttet, har stark reng\u00f6ringskraft och \u00e4r tillverkad av milj\u00f6v\u00e4nliga material. Den \u00e4r l\u00e4mplig f\u00f6r l\u00e5ngvarig anv\u00e4ndning och bostadsk\u00f6p, och den \u00f6verensst\u00e4mmer ocks\u00e5 med konceptet gr\u00f6nt milj\u00f6skydd och kan m\u00f6ta anv\u00e4ndarnas behov av gr\u00f6nt boende.<\/p>\n\n\n\n<p>1. <strong>Effektiv munreng\u00f6ring: <\/strong>V\u00e5r tandborste f\u00f6r vuxna kan djupreng\u00f6ra plack och matrester, effektivt minska plack och problem med d\u00e5lig andedr\u00e4kt och s\u00e4kerst\u00e4lla munhygienen.<\/p>\n\n\n\n<p>2. <strong>Mjuka och t\u00e4ta borst: <\/strong>Borsten p\u00e5 vuxentandborsten \u00e4r mycket mjuk och t\u00e4t, vilket effektivt kan minska stimuleringen av tandk\u00f6ttet och inte l\u00e4tt skadar tandk\u00f6ttet. Den \u00e4r l\u00e4mplig f\u00f6r personer med k\u00e4nsligt tandk\u00f6tt.<\/p>\n\n\n\n<p>3. <strong>Ekonomiskt och praktiskt:<\/strong> Vuxentandborste \u00e4r billig och h\u00f6gkvalitativ, med h\u00f6g kostnadseffektivitet och \u00e4r mycket l\u00e4mplig f\u00f6r l\u00e5ngvarig anv\u00e4ndning och familjek\u00f6p.<\/p>\n\n\n\n<p>4. <strong>Bibeh\u00e5ll munh\u00e4lsan:<\/strong> L\u00e5ngvarig anv\u00e4ndning av en tandborste f\u00f6r vuxna kan minska f\u00f6rekomsten av vanliga orala problem som karies och tandk\u00f6ttsinflammation, och bibeh\u00e5lla munh\u00e4lsan.<\/p>\n\n\n\n<h2 class=\"wp-block-heading\">M\u00e5lgrupp f\u00f6r vuxna tandborstar<\/h2>\n\n\n\n<p>V\u00e5r tandborste f\u00f6r vuxna passar en m\u00e4ngd olika vuxna.<\/p>\n\n\n\n<p>1. <strong>Allm\u00e4n daglig munv\u00e5rd f\u00f6r vuxna: <\/strong>Du kan anv\u00e4nda vuxentandborsten f\u00f6r daglig munreng\u00f6ring och munv\u00e5rd.<\/p>\n\n\n\n<p>2. <strong>Personer med k\u00e4nsliga t\u00e4nder:<\/strong> V\u00e5r mjuka tandborste f\u00f6r vuxna kan effektivt minska obehag i tandk\u00f6ttet under tandborstning och s\u00e4kerst\u00e4lla en reng\u00f6rande effekt f\u00f6r personer med k\u00e4nsliga t\u00e4nder.<\/p>\n\n\n\n<p>3. <strong>Utomhusresor eller aff\u00e4rsresor: <\/strong>V\u00e5r tandborste f\u00f6r vuxna har ett resepaket som \u00e4r mycket portabelt och kan b\u00e4ras med dig p\u00e5 resor eller aff\u00e4rsresor, och tar inte upp mycket plats.<\/p>\n\n\n\n<h2 class=\"wp-block-heading\">Produktionsprocess f\u00f6r vuxna tandborstar<\/h2>\n\n\n\n<p>V\u00e5ra tandborstar f\u00f6r vuxna anv\u00e4nder huvudsakligen moderna processer som automatisk formsprutning, h\u00e5rplanteringsteknik, sm\u00e4lth\u00e5rsh\u00e4rdning etc. f\u00f6r att s\u00e4kerst\u00e4lla att handtagets form \u00e4r korrekt och standardiserad, och att borsten \u00e4r j\u00e4mnt och korrekt implanterade i borsth\u00e5len. I slutet av produktionen reng\u00f6r vi ocks\u00e5 produkterna j\u00e4mnt f\u00f6r att s\u00e4kerst\u00e4lla vuxentandborstens hygien.<\/p>\n\n\n\n<p>Om du beh\u00f6ver anpassning kan logotypen, borstens t\u00e4thet och h\u00e5rdhet, f\u00e4rg och f\u00f6rpackning ge personliga l\u00f6sningar. <\/p>\n\n\n\n<h2 class=\"wp-block-heading\">Anv\u00e4ndning av tandborstar f\u00f6r vuxna<\/h2>\n\n\n\n<p>Vuxentandborsten \u00e4r l\u00e4mplig f\u00f6r f\u00f6ljande anv\u00e4ndningsomr\u00e5den och har en bred marknadsanpassningsf\u00f6rm\u00e5ga.<\/p>\n\n\n\n<p>1. <strong>Daglig munv\u00e5rd hemma: <\/strong>Anv\u00e4nd en vuxentandborste varje morgon och kv\u00e4ll f\u00f6r att uppr\u00e4tth\u00e5lla god munhygien.<\/p>\n\n\n\n<p>2. <strong>Resor och aff\u00e4rsanv\u00e4ndning: <\/strong>Vi har ett b\u00e4rbart tandborsteset f\u00f6r vuxna, vilket \u00e4r ett m\u00e5ste p\u00e5 resor.<\/p>\n\n\n\n<p>3. <strong>Hotell, flygbolag och andra st\u00f6djande anl\u00e4ggningar: <\/strong>Eng\u00e5ngstandborste f\u00f6r vuxna anv\u00e4nds ofta p\u00e5 boenden och i resemilj\u00f6er som hotell och flygbolag f\u00f6r att m\u00f6ta anv\u00e4ndarnas behov av munv\u00e5rd.<\/p>\n\n\n\n<p>4. <strong>Reklam, marknadsf\u00f6ring och presentgivning: <\/strong>Som ett praktiskt munv\u00e5rdsprodukt \u00e4r en tandborste f\u00f6r vuxna ett bra val f\u00f6r marknadsf\u00f6ring och presenter.<\/p>\n\n\n\n<h2 class=\"wp-block-heading\">Hur man anv\u00e4nder en vuxentandborste<\/h2>\n\n\n\n<p>1. Fukta tandborsten med vatten och tryck ut en sojab\u00f6nsstor m\u00e4ngd tandkr\u00e4m p\u00e5 den.<\/p>\n\n\n\n<p>2. Borsta f\u00f6rsiktigt i 45\u00b0 vinkel n\u00e4ra tandk\u00f6ttskanten.<\/p>\n\n\n\n<p>3. Borsta insidan, utsidan och ocklusalsidan av t\u00e4nderna i ordning, i minst tv\u00e5 minuter varje g\u00e5ng.<\/p>\n\n\n\n<p>4. Sk\u00f6lj tandborsten efter att du borstat t\u00e4nderna och placera den p\u00e5 en ventilerad plats f\u00f6r att torka med borsthuvudet upp\u00e5t.<\/p>\n\n\n\n<p>Det rekommenderas att borsta t\u00e4nderna tv\u00e5 g\u00e5nger om dagen i minst tv\u00e5 minuter varje g\u00e5ng, och byta tandborste var tredje m\u00e5nad f\u00f6r att s\u00e4kerst\u00e4lla reng\u00f6ringseffekten. <\/p>","protected":false},"excerpt":{"rendered":"Adult toothbrush features The adult toothbrush has many practical designs, such as an ergonomic handle, a reasonable brush head size, soft and medium bristles, etc. It can meet the deep cleaning and comfort needs of adults in oral cleaning and is suitable for different people and cleaning scenarios. 1. Ergonomic handle: comfortable to hold, non-slip [&hellip;]","protected":false},"featured_media":3312,"menu_order":0,"template":"","meta":[],"product-tag":[],"products":[167],"class_list":["post-3311","product","type-product","status-publish","has-post-thumbnail","hentry","products-toothbrush"],"acf":[],"_links":{"self":[{"href":"https:\/\/www.ruiqigo.com\/sv\/wp-json\/wp\/v2\/product\/3311","targetHints":{"allow":["GET"]}}],"collection":[{"href":"https:\/\/www.ruiqigo.com\/sv\/wp-json\/wp\/v2\/product"}],"about":[{"href":"https:\/\/www.ruiqigo.com\/sv\/wp-json\/wp\/v2\/types\/product"}],"version-history":[{"count":0,"href":"https:\/\/www.ruiqigo.com\/sv\/wp-json\/wp\/v2\/product\/3311\/revisions"}],"wp:featuredmedia":[{"embeddable":true,"href":"https:\/\/www.ruiqigo.com\/sv\/wp-json\/wp\/v2\/media\/3312"}],"wp:attachment":[{"href":"https:\/\/www.ruiqigo.com\/sv\/wp-json\/wp\/v2\/media?parent=3311"}],"wp:term":[{"taxonomy":"product-tag","embeddable":true,"href":"https:\/\/www.ruiqigo.com\/sv\/wp-json\/wp\/v2\/product-tag?post=3311"},{"taxonomy":"products","embeddable":true,"href":"https:\/\/www.ruiqigo.com\/sv\/wp-json\/wp\/v2\/products?post=3311"}],"curies":[{"name":"wp","href":"https:\/\/api.w.org\/{rel}","templated":true}]}}