{"id":3317,"date":"2025-05-08T10:27:55","date_gmt":"2025-05-08T02:27:55","guid":{"rendered":"https:\/\/www.ruiqigo.com\/?post_type=product&#038;p=3317"},"modified":"2025-05-08T10:27:56","modified_gmt":"2025-05-08T02:27:56","slug":"kids-toothbrush","status":"publish","type":"product","link":"https:\/\/www.ruiqigo.com\/sv\/product\/kids-toothbrush","title":{"rendered":"Barntandborste"},"content":{"rendered":"<h2 class=\"wp-block-heading\">Funktioner f\u00f6r barntandborstar<\/h2>\n\n\n\n<p>Designen av barntandborstar tar fullt ut h\u00e4nsyn till barns munstruktur och anv\u00e4ndningsvanor. De har vanligtvis ett litet borsthuvud, mjuka borst, ett halkfritt handtag och ett tecknat utseende, vilket \u00e4r b\u00e5de praktiskt och intressant.<\/p>\n\n\n\n<p>1. <strong>Litet borsthuvud: <\/strong>Borsthuvudet p\u00e5 barntandborsten \u00e4r speciellt utformat f\u00f6r barns munstruktur. Borsthuvudet \u00e4r mindre i storleken, vilket \u00e4r praktiskt f\u00f6r djupreng\u00f6ring av varje mj\u00f6lktand.<\/p>\n\n\n\n<p>2. <strong>Mjuka borst: <\/strong>F\u00f6r att effektivt skydda barns \u00f6mt\u00e5liga tandk\u00f6tt och f\u00f6rhindra bl\u00f6dning eller slitage anv\u00e4nder v\u00e5r barntandborste supermjuka borst.<\/p>\n\n\n\n<p>3. <strong>Halkfritt handtag: <\/strong>Handtaget \u00e4r ergonomiskt utformat, sitter t\u00e4tt i barns h\u00e4nder, \u00e4r bekv\u00e4mt att h\u00e5lla i och glider inte l\u00e4tt.<\/p>\n\n\n\n<p>4. <strong>Tecknad serie: <\/strong>Utseendet p\u00e5 barntandborstar har en tecknad design, mestadels djur- och seriem\u00f6nster, vilket \u00f6kar det roliga, f\u00f6rb\u00e4ttrar barns entusiasm f\u00f6r tandborstning, lockar barn att ta initiativ till att borsta t\u00e4nderna och utvecklar goda vanor.<\/p>\n\n\n\n<p>5. <strong>F\u00e4rgglad f\u00e4rgmatchning: <\/strong>Barntandborstar har vanligtvis rika och ljusa f\u00e4rger, vilket lockar barns uppm\u00e4rksamhet, stimulerar initiativet att borsta t\u00e4nderna och hj\u00e4lper till att etablera goda hygienvanor.<\/p>\n\n\n\n<h2 class=\"wp-block-heading\">F\u00f6rdelar med barntandborstar<\/h2>\n\n\n\n<p>J\u00e4mf\u00f6rt med traditionella tandborstar har anv\u00e4ndningen av barntandborstar betydande f\u00f6rdelar f\u00f6r barns munv\u00e5rd. De \u00e4r inte bara s\u00e4krare i materialet och har mjukare borst, utan storleken och formen som \u00e4r speciellt utformad f\u00f6r barn hj\u00e4lper ocks\u00e5 barn att utveckla goda munhygienvanor.<\/p>\n\n\n\n<p>1. <strong>Materials\u00e4kerhet: <\/strong>Barntandborsten anv\u00e4nder livsmedelsklassat PP-, TPE- eller silikonmaterial, vilket \u00e4r milj\u00f6v\u00e4nligt, s\u00e4kert, giftfritt och luktfritt, och uppfyller s\u00e4kerhetsstandarderna f\u00f6r barnprodukter.<\/p>\n\n\n\n<p>2. <strong>Skydda mj\u00f6lkt\u00e4nder: <\/strong>Barntandborste avsedd f\u00f6r barn, men med mjuka borst, kan effektivt ta bort plack, f\u00f6rebygga karies och tandk\u00f6ttsproblem hos barn och hj\u00e4lpa barn att utveckla en h\u00e4lsosam munh\u00e4lsa.<\/p>\n\n\n\n<p>3. <strong>Utbildande och underh\u00e5llande: <\/strong>Den roliga tecknade designen och den f\u00e4rgglada f\u00e4rgmatchningen kan \u00f6ka barns entusiasm f\u00f6r daglig tandborstning och utveckla goda munhygienvanor.<\/p>\n\n\n\n<p>4.<strong> Brett \u00e5ldersspann:<\/strong> Fr\u00e5n 1 till 12 \u00e5r kan v\u00e5r barntandborste uppn\u00e5 en mycket bred \u00e5lderst\u00e4ckning.<\/p>\n\n\n\n<h2 class=\"wp-block-heading\">M\u00e5lgrupp f\u00f6r barntandborstar<\/h2>\n\n\n\n<p>Barntandborsten \u00e4r fr\u00e4mst l\u00e4mplig f\u00f6r sp\u00e4dbarn och sm\u00e5barn i \u00e5ldrarna 1 till 12 \u00e5r. F\u00f6r sp\u00e4dbarn i \u00e5ldrarna 1-3 \u00e5r som precis har f\u00e5tt t\u00e4nder kan du anv\u00e4nda en barntandborste f\u00f6r att f\u00f6rsiktigt massera tandk\u00f6ttet och hj\u00e4lpa dem att v\u00e4nja sig vid tandborstning. F\u00f6r f\u00f6rskolebarn i \u00e5ldrarna 3-6 \u00e5r som har mj\u00f6lkt\u00e4nder kan du anv\u00e4nda mjuka borst och sm\u00e5 borsthuvuden f\u00f6r skonsam och enkel reng\u00f6ring av munnen. F\u00f6r barn \u00f6ver 6 \u00e5r som har f\u00e5tt t\u00e4nderna att ers\u00e4ttas kan en barntandborste effektivt uppr\u00e4tth\u00e5lla munhygien och h\u00e4lsa.<\/p>\n\n\n\n<p>Dessutom, p\u00e5 f\u00f6rskolor, barnsjukhus och andra platser, \u00e4r barntandborstar ocks\u00e5 en oumb\u00e4rlig tillg\u00e5ng f\u00f6r munh\u00e4lsoundervisning och v\u00e5rd.<\/p>\n\n\n\n<h2 class=\"wp-block-heading\">Produktionsprocess f\u00f6r barntandborstar<\/h2>\n\n\n\n<p>Barntandborste kontrollerar strikt kvaliteten p\u00e5 varje l\u00e4nk i tillverkningsprocessen, fr\u00e5n formsprutning till borstimplantat, till slutlig polering och utseendetryck, med hj\u00e4lp av h\u00f6gprecisionsutrustning och milj\u00f6v\u00e4nliga r\u00e5varor f\u00f6r att s\u00e4kerst\u00e4lla produktens s\u00e4kerhet och h\u00e5llbarhet.&nbsp;<\/p>\n\n\n\n<p>Varje barntandborste genomg\u00e5r strikta inspektioner innan den l\u00e4mnar fabriken, inklusive tester av borstens best\u00e4ndighet, detektering av fr\u00e4mmande f\u00f6rem\u00e5l och materials\u00e4kerhetstester etc., f\u00f6r att s\u00e4kerst\u00e4lla att produkten uppfyller internationella s\u00e4kerhetsstandarder f\u00f6r barnprodukter.<\/p>\n\n\n\n<h2 class=\"wp-block-heading\">Anv\u00e4ndningsomr\u00e5den f\u00f6r barntandborstar<\/h2>\n\n\n\n<p>Barntandborsten har ett brett anv\u00e4ndningsomr\u00e5de. Den kan anv\u00e4ndas som en daglig munv\u00e5rdsprodukt f\u00f6r barn i hemmet, och \u00e4r \u00e4ven l\u00e4mplig f\u00f6r munh\u00e4lsoundervisning i barnfokuserade milj\u00f6er som f\u00f6rskolor.<\/p>\n\n\n\n<p>Vid dagligt bruk hemma, anv\u00e4nd barntandkr\u00e4m f\u00f6r att borsta t\u00e4nderna noggrant varje morgon och kv\u00e4ll f\u00f6r att bibeh\u00e5lla munh\u00e4lsan. Dessutom \u00e4r barntandborsten l\u00e4tt och enkel att f\u00f6rvara, och den \u00e4r \u00e4ven l\u00e4mplig f\u00f6r barn att b\u00e4ra med sig n\u00e4r de reser. P\u00e5 platser som f\u00f6rskolor kan den anv\u00e4ndas som ett demonstrationsverktyg f\u00f6r munh\u00e4lsoundervisning f\u00f6r att hj\u00e4lpa barn att b\u00e4ttre l\u00e4ra sig borsta t\u00e4nderna.<\/p>\n\n\n\n<h2 class=\"wp-block-heading\">Hur man anv\u00e4nder barnens tandborste<\/h2>\n\n\n\n<p>Innan du borstar t\u00e4nderna, v\u00e4lj en tandborste som passar ditt barns \u00e5lder. Bl\u00f6tl\u00e4gg barntandborsten i vatten, krama ur en \u00e4rtstor m\u00e4ngd barntandkr\u00e4m och applicera den p\u00e5 tandborsten. B\u00f6rja fr\u00e5n utsidan av t\u00e4nderna och borsta utsidan, insidan och den okklusala sidan av t\u00e4nderna i ordning. Efter borstning, sk\u00f6lj tandborsten med rent vatten och placera den p\u00e5 en ventilerad plats.<\/p>\n\n\n\n<p>Det rekommenderas att borsta t\u00e4nderna en g\u00e5ng p\u00e5 morgonen och kv\u00e4llen varje dag, med barntandkr\u00e4m, och borsta i minst 2 minuter varje g\u00e5ng f\u00f6r att reng\u00f6ra t\u00e4nderna helt. Sk\u00f6lj barntandborsten i god tid efter tandborstning och byt ut tandborsten varannan till var tredje m\u00e5nad.<\/p>","protected":false},"excerpt":{"rendered":"Kids toothbrush features The design of kids toothbrushes fully considers the oral structure and usage habits of children. It usually has a small brush head, soft bristles, a non-slip handle and a cartoon appearance, which is both practical and interesting. 1. Small brush head: The brush head of kids toothbrush is specially designed for children&#8217;s [&hellip;]","protected":false},"featured_media":3318,"menu_order":0,"template":"","meta":[],"product-tag":[],"products":[167],"class_list":["post-3317","product","type-product","status-publish","has-post-thumbnail","hentry","products-toothbrush"],"acf":[],"_links":{"self":[{"href":"https:\/\/www.ruiqigo.com\/sv\/wp-json\/wp\/v2\/product\/3317","targetHints":{"allow":["GET"]}}],"collection":[{"href":"https:\/\/www.ruiqigo.com\/sv\/wp-json\/wp\/v2\/product"}],"about":[{"href":"https:\/\/www.ruiqigo.com\/sv\/wp-json\/wp\/v2\/types\/product"}],"version-history":[{"count":0,"href":"https:\/\/www.ruiqigo.com\/sv\/wp-json\/wp\/v2\/product\/3317\/revisions"}],"wp:featuredmedia":[{"embeddable":true,"href":"https:\/\/www.ruiqigo.com\/sv\/wp-json\/wp\/v2\/media\/3318"}],"wp:attachment":[{"href":"https:\/\/www.ruiqigo.com\/sv\/wp-json\/wp\/v2\/media?parent=3317"}],"wp:term":[{"taxonomy":"product-tag","embeddable":true,"href":"https:\/\/www.ruiqigo.com\/sv\/wp-json\/wp\/v2\/product-tag?post=3317"},{"taxonomy":"products","embeddable":true,"href":"https:\/\/www.ruiqigo.com\/sv\/wp-json\/wp\/v2\/products?post=3317"}],"curies":[{"name":"wp","href":"https:\/\/api.w.org\/{rel}","templated":true}]}}