{"id":3330,"date":"2025-05-08T10:20:55","date_gmt":"2025-05-08T02:20:55","guid":{"rendered":"https:\/\/www.ruiqigo.com\/?post_type=product&#038;p=3330"},"modified":"2025-05-08T10:20:56","modified_gmt":"2025-05-08T02:20:56","slug":"adult-electric-toothbrush","status":"publish","type":"product","link":"https:\/\/www.ruiqigo.com\/sv\/product\/adult-electric-toothbrush","title":{"rendered":"Elektrisk tandborste f\u00f6r vuxna"},"content":{"rendered":"<h2 class=\"wp-block-heading\">Funktioner f\u00f6r elektrisk tandborste f\u00f6r vuxna<\/h2>\n\n\n\n<p>Den elektriska tandborsten f\u00f6r vuxna har m\u00e5nga praktiska funktioner som h\u00f6gfrekvent vibration, flera reng\u00f6ringsl\u00e4gen och en vattent\u00e4t design. Den f\u00f6rb\u00e4ttrar anv\u00e4ndarkomforten samtidigt som den bibeh\u00e5ller reng\u00f6ringskraften och uppfyller de olika anv\u00e4ndarnas behov.<\/p>\n\n\n\n<p>1. <strong>H\u00f6gfrekvent vibration<\/strong>Den elektriska tandborsten f\u00f6r vuxna anv\u00e4nder en vibrationsfrekvens p\u00e5 upp till 30 000 till 40 000 g\u00e5nger per minut och anv\u00e4nder ljudv\u00e5gor eller rotationsvibrationsteknik f\u00f6r att effektivt reng\u00f6ra tandplack.<\/p>\n\n\n\n<p>2. <strong>Flera reng\u00f6ringsl\u00e4gen: <\/strong>V\u00e5ra eltandborstar f\u00f6r vuxna har vanligtvis flera reng\u00f6ringsl\u00e4gen f\u00f6r t\u00e4nderna, inklusive reng\u00f6ring, k\u00e4nslighet, blekning, massage etc., som flexibelt kan v\u00e4xlas efter anv\u00e4ndarens aktuella tandbehov.<\/p>\n\n\n\n<p>3. <strong>Vattent\u00e4t design:<\/strong> Eltandborstar har vanligtvis en IPX7-vattent\u00e4t design och kan reng\u00f6ras helt.<\/p>\n\n\n\n<p>4. <strong>L\u00e5ng batteritid: <\/strong>Elektriska tandborstar f\u00f6r vuxna anv\u00e4nder en USB-laddningsdesign och kan anv\u00e4ndas i 7\u201330 dagar p\u00e5 en enda laddning, vilket \u00e4r mycket praktiskt n\u00e4r du reser.<\/p>\n\n\n\n<p>5. <strong>Utbytbart borsthuvud: <\/strong>Utrustad med ett avtagbart borsthuvud kan den bytas ut mycket snabbt n\u00e4r borsthuvudet \u00e4r gammalt eller en olycka intr\u00e4ffar, vilket sparar tid och pengar.<\/p>\n\n\n\n<h2 class=\"wp-block-heading\">F\u00f6rdelar med elektrisk tandborste f\u00f6r vuxna<\/h2>\n\n\n\n<p>J\u00e4mf\u00f6rt med traditionella tandborstar f\u00f6r vuxna har eltandborstar f\u00f6r vuxna betydande f\u00f6rdelar vad g\u00e4ller reng\u00f6ringseffektivitet och anv\u00e4ndarupplevelse, och \u00e4r s\u00e4rskilt l\u00e4mpliga f\u00f6r personer som \u00e4r noggranna med munh\u00e4lsan.<\/p>\n\n\n\n<p>1. <strong>H\u00f6gre reng\u00f6ringseffektivitet: <\/strong>J\u00e4mf\u00f6rt med traditionella manuella tandborstar kan eltandborstar f\u00f6r vuxna tr\u00e4nga djupt in i mellanrummen mellan t\u00e4nderna och tandk\u00f6ttets kant, effektivt ta bort plack och f\u00f6rb\u00e4ttra reng\u00f6ringseffekten.<\/p>\n\n\n\n<p>2. <strong>Skydda tandk\u00f6ttet: <\/strong>En eltandborste f\u00f6r vuxna kan minska tandk\u00f6ttsskador som kan orsakas vid tandborstning genom exakt vibrationsfrekvens och mjuka borststr\u00e5n.<\/p>\n\n\n\n<p>3. <strong>Minska den d\u00f6da fl\u00e4cken vid borstning: <\/strong>Den intelligenta vibrationsfrekvensen hj\u00e4lper borsthuvudet att t\u00e4cka varje tand helt vid borstning, vilket undviker otillr\u00e4cklig lokal reng\u00f6ring.<\/p>\n\n\n\n<p>4. <strong>Stark anv\u00e4ndarupplevelse: <\/strong>Utseendet p\u00e5 den vuxna eltandborsten \u00e4r mycket modernt, och induktionsladdning, l\u00e4gesomkoppling och andra designer kan effektivt f\u00f6rb\u00e4ttra anv\u00e4ndarupplevelsen.<\/p>\n\n\n\n<p>5. <strong>L\u00e4mplig f\u00f6r personer med orala problem: <\/strong>F\u00f6r personer med orala problem som k\u00e4nsligt tandk\u00f6tt och ortodonti kan anv\u00e4ndning av eltandborsten f\u00f6r vuxna ge en b\u00e4ttre reng\u00f6ringsupplevelse.<\/p>\n\n\n\n<h2 class=\"wp-block-heading\">M\u00e5lgrupp f\u00f6r vuxna elektriska tandborstar<\/h2>\n\n\n\n<p>En eltandborste f\u00f6r vuxna \u00e4r fr\u00e4mst l\u00e4mplig f\u00f6r vuxna \u00f6ver 18 \u00e5r, s\u00e4rskilt de med k\u00e4nsliga t\u00e4nder och de som anv\u00e4nder tandst\u00e4llning. Samtidigt \u00e4r den ocks\u00e5 l\u00e4mplig f\u00f6r personer som besv\u00e4ras av munproblem som d\u00e5lig andedr\u00e4kt, fl\u00e4ckar p\u00e5 t\u00e4nderna och plack, personer som anv\u00e4nder tandst\u00e4llning l\u00e4nge eller precis har avslutat ortodontisk behandling, och personer som har behov av effektiv reng\u00f6ring av munv\u00e5rden.<\/p>\n\n\n\n<h2 class=\"wp-block-heading\">Produktionsprocess f\u00f6r elektriska tandborstar f\u00f6r vuxna<\/h2>\n\n\n\n<p>V\u00e5r eltandborste f\u00f6r vuxna tillverkas huvudsakligen genom flera processer som formsprutning, precisionsmontering, vattent\u00e4t t\u00e4tning etc. Tandborstens kropp \u00e4r tillverkad genom h\u00f6gprecisionsformsprutning av ABS eller livsmedelsklassad plast, medan borsten fixeras genom varmsm\u00e4ltning eller metalls\u00e4ttning, och det yttre skalet \u00e4r f\u00f6rseglat och vattent\u00e4tt med ultraljudssvetsning eller spiralf\u00f6rsegling.<\/p>\n\n\n\n<p>Efter att tillverkningen \u00e4r klar kommer vi att utf\u00f6ra kontinuerliga vibrationstester, vattent\u00e4thetstester etc. p\u00e5 varje eltandborste f\u00f6r att s\u00e4kerst\u00e4lla produktens h\u00e5llbarhet och s\u00e4kerhet.<\/p>\n\n\n\n<h2 class=\"wp-block-heading\">Anv\u00e4ndningsomr\u00e5den f\u00f6r elektriska tandborstar f\u00f6r vuxna<\/h2>\n\n\n\n<p>Den elektriska tandborsten f\u00f6r vuxna \u00e4r b\u00e5de praktisk och vacker och har ett brett anv\u00e4ndningsomr\u00e5de.<\/p>\n\n\n\n<p>1. <strong>Daglig munv\u00e5rd hemma: <\/strong>Den elektriska tandborsten f\u00f6r vuxna kan ers\u00e4tta den manuella tandborsten som det huvudsakliga tandborstningsverktyget f\u00f6r att s\u00e4kerst\u00e4lla munhygien.<\/p>\n\n\n\n<p>2. <strong>Ett m\u00e5ste f\u00f6r aff\u00e4rsresor: <\/strong>Den elektriska tandborsten f\u00f6r vuxna \u00e4r l\u00e4tt att b\u00e4ra och har utm\u00e4rkt batteritid, vilket g\u00f6r den l\u00e4mplig f\u00f6r resen\u00e4rer och aff\u00e4rsm\u00e4nniskor p\u00e5 aff\u00e4rsresor.<\/p>\n\n\n\n<p>3. <strong>Ortodontisk patientv\u00e5rd: <\/strong>V\u00e5r eltandborste f\u00f6r vuxna kan hj\u00e4lpa ortodontiska patienter att reng\u00f6ra de d\u00f6da h\u00f6rnen p\u00e5 tandst\u00e4llningen, f\u00f6rhindra ansamling av plack och uppr\u00e4tth\u00e5lla munhygien och h\u00e4lsa.<\/p>\n\n\n\n<p>4. <strong>G\u00e5vor: <\/strong>Elektrisk tandborste f\u00f6r vuxna \u00e4r en bra presentprodukt, l\u00e4mplig f\u00f6r julklappar, f\u00f6retagspresenter och v\u00e4lf\u00e4rdsg\u00e5vor etc.<\/p>\n\n\n\n<h2 class=\"wp-block-heading\">Hur man anv\u00e4nder den elektriska tandborsten f\u00f6r vuxna<\/h2>\n\n\n\n<p>1. <strong>Montera borsthuvudet och applicera tandkr\u00e4m:<\/strong> S\u00e4tt in borsthuvudet i handtagsgr\u00e4nssnittet f\u00f6r att s\u00e4kerst\u00e4lla en ordentlig kontakt. Tryck sedan ut en l\u00e4mplig m\u00e4ngd tandkr\u00e4m p\u00e5 borststr\u00e5na.<\/p>\n\n\n\n<p>2. <strong>Starta v\u00e4xeln:<\/strong> V\u00e4lj ett borstningsl\u00e4ge som passar dig, till exempel reng\u00f6ring, k\u00e4nslig osv., och starta tandborstbrytaren.<\/p>\n\n\n\n<p>3. <strong>Partitionerad borstning: <\/strong>Reng\u00f6r olika omr\u00e5den p\u00e5 t\u00e4nderna i tur och ordning, cirka 30 sekunder f\u00f6r varje omr\u00e5de, och borsta t\u00e4nderna i minst 2 minuter totalt.<\/p>\n\n\n\n<p>4. <strong>Reng\u00f6r tandborsten efter tandborstning: <\/strong>Efter att du borstat t\u00e4nderna, sk\u00f6lj borsthuvudet och handtaget med rent vatten och placera dem p\u00e5 en ventilerad plats f\u00f6r att torka.<\/p>\n\n\n\n<p>Det rekommenderas att byta borsthuvud var tredje m\u00e5nad f\u00f6r att s\u00e4kerst\u00e4lla reng\u00f6ringseffekt och hygien. R\u00f6r dig f\u00f6rsiktigt n\u00e4r du borstar t\u00e4nderna och tryck inte h\u00e5rt.<\/p>","protected":false},"excerpt":{"rendered":"Adult electric toothbrush features The adult electric toothbrush has many practical features such as high-frequency vibration, multiple cleaning modes, and a waterproof design. It improves the comfort of use while maintaining the cleaning power and meets the oral needs of various users. 1. High-frequency vibration: The adult electric toothbrush uses a vibration frequency of up [&hellip;]","protected":false},"featured_media":3331,"menu_order":0,"template":"","meta":[],"product-tag":[],"products":[167],"class_list":["post-3330","product","type-product","status-publish","has-post-thumbnail","hentry","products-toothbrush"],"acf":[],"_links":{"self":[{"href":"https:\/\/www.ruiqigo.com\/sv\/wp-json\/wp\/v2\/product\/3330","targetHints":{"allow":["GET"]}}],"collection":[{"href":"https:\/\/www.ruiqigo.com\/sv\/wp-json\/wp\/v2\/product"}],"about":[{"href":"https:\/\/www.ruiqigo.com\/sv\/wp-json\/wp\/v2\/types\/product"}],"version-history":[{"count":0,"href":"https:\/\/www.ruiqigo.com\/sv\/wp-json\/wp\/v2\/product\/3330\/revisions"}],"wp:featuredmedia":[{"embeddable":true,"href":"https:\/\/www.ruiqigo.com\/sv\/wp-json\/wp\/v2\/media\/3331"}],"wp:attachment":[{"href":"https:\/\/www.ruiqigo.com\/sv\/wp-json\/wp\/v2\/media?parent=3330"}],"wp:term":[{"taxonomy":"product-tag","embeddable":true,"href":"https:\/\/www.ruiqigo.com\/sv\/wp-json\/wp\/v2\/product-tag?post=3330"},{"taxonomy":"products","embeddable":true,"href":"https:\/\/www.ruiqigo.com\/sv\/wp-json\/wp\/v2\/products?post=3330"}],"curies":[{"name":"wp","href":"https:\/\/api.w.org\/{rel}","templated":true}]}}